{"id":1292,"date":"2020-08-10T20:26:11","date_gmt":"2020-08-10T20:26:11","guid":{"rendered":"http:\/\/www.rgzelt.com\/?page_id=1292"},"modified":"2020-08-12T14:19:48","modified_gmt":"2020-08-12T14:19:48","slug":"politique-relative-a-lusage-du-tabac","status":"publish","type":"page","link":"https:\/\/www.rgzelt.com\/fr\/politique-relative-a-lusage-du-tabac\/","title":{"rendered":"Politique relative \u00e0 l&rsquo;usage du tabac"},"content":{"rendered":"\n<p>Que vous\nsoyez un fumeur occasionnel ou un gros fumeur, la prise de nicotine sous toutes\nces formes ou en toutes quantit\u00e9s doit \u00eatre arr\u00eat\u00e9e avant de consid\u00e9rer subir une\nop\u00e9ration chirurgicale mammaire. Ce qui s\u2019applique \u00e9galement \u00e0 l\u2019usage de la marijuana.\nPri\u00e8re de lire attentivement la politique ci-dessous puisqu\u2019elle contient des d\u00e9tails importants.<\/p>\n\n\n\n<h2 class=\"wp-block-heading\"><strong>LES\nRISQUES DU TABAGISME AVANT ET APR\u00c8S UNE CHIRURGIE PLASTIQUE<\/strong><\/h2>\n\n\n\n<p>Les fumeurs\nqui songent \u00e0 une chirurgie plastique doivent arr\u00eater de fumer en raison des\ncomplications pouvant d\u00e9couler de l\u2019op\u00e9ration.<\/p>\n\n\n\n<p>Il est\nimportant de noter que les probl\u00e8mes sont li\u00e9s \u00e0 la nicotine, donc la cigarette\net les autres options comme les cigares doivent \u00eatre \u00e9vit\u00e9es. Des produits et\narticles tels que les timbres de nicotine, le tabac \u00e0 m\u00e2cher, la gomme \u00e0 m\u00e2cher\n\u00e0 la nicotine, le tabac \u00e0 priser, la pipe, le vapotage, la <em>shisha<\/em> et le\ncannabis doivent tous \u00eatre \u00e9vit\u00e9s. Il faut demander aux proches et aux amis qui\nvous entourent de fumer \u00e0 l\u2019ext\u00e9rieur et les garder \u00e0 distance pendant qu\u2019ils\nfument. <\/p>\n\n\n\n<p>Nous\ncomprenons \u00e0 quel point il est difficile d\u2019arr\u00eater de fumer, nous demandons\ndonc aux patients potentiels d\u2019arr\u00eater 3 mois avant de venir nous rencontrer\nen consultation. Une fois la date de l\u2019op\u00e9ration fix\u00e9e, il faut s\u2019abstenir\nde fumer et de consommer de la nicotine pendant les 4 semaines qui suivent,\nbien qu\u2019il vaille mieux pour vous de trouver la force d\u2019arr\u00eater pour toujours.<\/p>\n\n\n\n<h2 class=\"wp-block-heading\"><strong>QU\u2019ARRIVERE-T-IL\nSI JE FUME ET QUE L\u2019ON M\u2019OP\u00c8RE\u2009?<\/strong><\/h2>\n\n\n\n<p>Vous devez\narr\u00eater de fumer avant et apr\u00e8s une op\u00e9ration, afin de r\u00e9duire les risques de\nmort des tissus. Les personnes continuant de fumer avant de subir une op\u00e9ration\nmammaire courent un risque de mort des tissus, ce qui peut causer une\nd\u00e9coloration des mamelons ou les rendre noirs avant d\u2019\u00eatre retir\u00e9s\nchirurgicalement. Ce type de r\u00e9sultat d\u00e9sastreux s\u2019appelle n\u00e9crose, ce que tous\nles fumeurs devraient vivement tenter d\u2019\u00e9viter lorsqu\u2019ils subissent une\nop\u00e9ration de chirurgie plastique.<\/p>\n\n\n\n<h2 class=\"wp-block-heading\"><strong>COMMENT\nLA NICOTINE CAUSE-T-ELLE LA N\u00c9CROSE DES TISSUS\u2009?<\/strong><\/h2>\n\n\n\n<p>Un flux\nsanguin ad\u00e9quat vers la r\u00e9gion du corps ayant \u00e9t\u00e9 op\u00e9r\u00e9e est essentiel pendant\nla convalescence suivant une op\u00e9ration. Cela aide \u00e0 assurer une convalescence\nplus rapide et les meilleurs r\u00e9sultats possible. La nicotine et le monoxyde de\ncarbone peuvent r\u00e9duire ou arr\u00eater compl\u00e8tement le flux sanguin vers la partie\ndu corps ayant \u00e9t\u00e9 op\u00e9r\u00e9e faisant souffrir les tissus qui peuvent\npotentiellement en mourir.&nbsp; <\/p>\n\n\n\n<h2 class=\"wp-block-heading\"><strong>LES\nAUTRES PROBL\u00c8MES CAUS\u00c9S PAR LA COMBINAISON DE LA NICOTINE \u00c0 LA CHIRURGIE\nPLASTIQUE&nbsp;: <\/strong><\/h2>\n\n\n\n<ul class=\"wp-block-list\"><li>Infections<\/li><li>Temps de gu\u00e9rison plus long<\/li><li>Mort des cellules graisseuses (n\u00e9crose adipeuse)\ncausant des bosses dures<\/li><li>Cicatrices bien plus visibles que d\u2019habitude<\/li><li>Caillots (pouvant causer la mort)<\/li><li>Douleur accrue<\/li><li>Dommages aux petits vaisseaux, pouvant \u00eatre permanents<\/li><li>Perte des implants mammaires<\/li><li>Augmentation de la probabilit\u00e9 des complications qui\nmettent la vie en danger (accident vasculaire c\u00e9r\u00e9bral, caillots, crise\ncardiaque et pneumonie)<\/li><\/ul>\n\n\n\n<h2 class=\"wp-block-heading\"><strong>LES RISQUES DE L\u2019USAGE DE LA\nMARIJUANA AVANT UNE CHIRURGIE PLASTIQUE<\/strong><\/h2>\n\n\n\n<p>La marijuana cause une gamme d\u2019effets sur le corps, ce qui peut affecter <strong>l<\/strong>a\nr\u00e9action du corps \u00e0 l\u2019anesth\u00e9sie. Puisque la marijuana et l\u2019anesth\u00e9sie\naffectent toutes les deux le syst\u00e8me nerveux central, les personnes qui\nutilisent fr\u00e9quemment la marijuana peuvent avoir besoin de quantit\u00e9s\ndiff\u00e9rentes de m\u00e9dicaments anesth\u00e9siants. <\/p>\n\n\n\n<p>De fa\u00e7on\ng\u00e9n\u00e9rale, les utilisateurs fr\u00e9quents de marijuana de marijuana ont besoin de\ndoses plus grandes de m\u00e9dicaments anesth\u00e9siants pour obtenir le m\u00eame degr\u00e9 de\ns\u00e9dation. La dose plus \u00e9lev\u00e9e d\u2019anesth\u00e9sie n\u00e9cessaire pour les utilisateurs\nfr\u00e9quents de marijuana peut mener \u00e0 des risques accrus de complications, comme\nune baisse de pression art\u00e9rielle et un r\u00e9veil retard\u00e9 de l\u2019anesth\u00e9sie.<\/p>\n\n\n\n<p>L\u2019usage\nfr\u00e9quent de marijuana peut causer d\u2019autres complications graves de\nl\u2019anesth\u00e9sie. La marijuana inhal\u00e9e peut affecter les poumons et augmenter\nl\u2019expectoration, la toux, la respiration sifflante, et les risques d\u2019infections\nrespiratoires. Ces probl\u00e8mes pulmonaires peuvent mener \u00e0 des probl\u00e8mes\nrespiratoires pendant l\u2019anesth\u00e9sie, comme une sensibilit\u00e9 accrue des voies\nrespiratoires \u00e0 l\u2019insertion ou au retrait de l\u2019appareil de bouche \u00e0 bouche\nindirect. L\u2019effet ressenti pourra \u00eatre comme une crise d\u2019asthme, avec la\nsensation d\u2019avoir une difficult\u00e9 \u00e0 respirer et une diminution de l\u2019oxyg\u00e8ne se\nrendant aux poumons. Les utilisateurs fr\u00e9quents de marijuana peuvent aussi\nressentir une douleur postop\u00e9ratoire accrue, pouvant causer un plus grand usage\nd\u2019opio\u00efde pendant et apr\u00e8s l\u2019op\u00e9ration, mettant \u00e0 risques de trouble d\u2019usage\nd\u2019opio\u00efdes les utilisateurs fr\u00e9quents de marijuana apr\u00e8s l\u2019op\u00e9ration.<\/p>\n\n\n\n<h2 class=\"wp-block-heading\"><strong>ARR\u00caTER\nDE FUMER AVANT L\u2019OP\u00c9RATION<\/strong><\/h2>\n\n\n\n<p>Il vaut\nmieux \u00eatre enti\u00e8rement honn\u00eate si vous \u00e9prouvez des difficult\u00e9s \u00e0 arr\u00eater de\nfumer avant votre op\u00e9ration. Nous comprenons \u00e0 quel point c\u2019est difficile, mais\nvotre sant\u00e9 et votre bien-\u00eatre sont de la plus grande importance, donc il vaut\nbien mieux retarder l\u2019op\u00e9ration que de garder le secret et de souffrir de\nr\u00e9sultats potentiellement catastrophiques. <\/p>\n","protected":false},"excerpt":{"rendered":"<p>Liposuction is a well-accepted procedure and a safe and reliable method of removing fat and sculpting the body.<\/p>\n","protected":false},"author":1,"featured_media":1294,"parent":0,"menu_order":2,"comment_status":"closed","ping_status":"closed","template":"","meta":{"_uag_custom_page_level_css":"","footnotes":""},"procedure":[11,15],"class_list":["post-1292","page","type-page","status-publish","has-post-thumbnail","hentry","procedure-body","procedure-corps"],"featured_image_urls_v2":{"full":["https:\/\/www.rgzelt.com\/wp-content\/uploads\/2020\/08\/smoking_girl.jpg",1600,1071,false],"thumbnail":["https:\/\/www.rgzelt.com\/wp-content\/uploads\/2020\/08\/smoking_girl-300x300.jpg",300,300,true],"medium":["https:\/\/www.rgzelt.com\/wp-content\/uploads\/2020\/08\/smoking_girl-300x201.jpg",300,201,true],"medium_large":["https:\/\/www.rgzelt.com\/wp-content\/uploads\/2020\/08\/smoking_girl-768x514.jpg",768,514,true],"large":["https:\/\/www.rgzelt.com\/wp-content\/uploads\/2020\/08\/smoking_girl-1024x685.jpg",1024,685,true],"1536x1536":["https:\/\/www.rgzelt.com\/wp-content\/uploads\/2020\/08\/smoking_girl.jpg",1536,1028,false],"2048x2048":["https:\/\/www.rgzelt.com\/wp-content\/uploads\/2020\/08\/smoking_girl.jpg",1600,1071,false]},"post_excerpt_stackable_v2":"<p>Liposuction is a well-accepted procedure and a safe and reliable method of removing fat and sculpting the body.<\/p>\n","category_list_v2":"","author_info_v2":{"name":"sitentry","url":"https:\/\/www.rgzelt.com\/fr\/author\/sitentry\/"},"comments_num_v2":"0 comments","yoast_head":"<!-- This site is optimized with the Yoast SEO plugin v27.5 - https:\/\/yoast.com\/product\/yoast-seo-wordpress\/ -->\n<title>Politique relative \u00e0 l&#039;usage du tabac<\/title>\n<meta name=\"description\" content=\"Les fumeurs qui songent \u00e0 une chirurgie plastique doivent arr\u00eater de fumer en raison des complications pouvant d\u00e9couler de l\u2019op\u00e9ration.\" \/>\n<meta name=\"robots\" content=\"index, follow, max-snippet:-1, max-image-preview:large, max-video-preview:-1\" \/>\n<link rel=\"canonical\" href=\"https:\/\/www.rgzelt.com\/smoking-policy\/\" \/>\n<meta property=\"og:locale\" content=\"fr_CA\" \/>\n<meta property=\"og:type\" content=\"article\" \/>\n<meta property=\"og:title\" content=\"Politique relative \u00e0 l&#039;usage du tabac\" \/>\n<meta property=\"og:description\" content=\"Les fumeurs qui songent \u00e0 une chirurgie plastique doivent arr\u00eater de fumer en raison des complications pouvant d\u00e9couler de l\u2019op\u00e9ration.\" \/>\n<meta property=\"og:url\" content=\"https:\/\/www.rgzelt.com\/smoking-policy\/\" \/>\n<meta property=\"og:site_name\" content=\"Plastic Surgeon Montreal - Breast - Body - Face - Surgery | Dr. R.G Zelt\" \/>\n<meta property=\"article:modified_time\" content=\"2020-08-12T14:19:48+00:00\" \/>\n<meta property=\"og:image\" content=\"http:\/\/www.rgzelt.com\/wp-content\/uploads\/2020\/08\/smoking_girl.jpg\" \/>\n\t<meta property=\"og:image:width\" content=\"1600\" \/>\n\t<meta property=\"og:image:height\" content=\"1071\" \/>\n\t<meta property=\"og:image:type\" content=\"image\/jpeg\" \/>\n<meta name=\"twitter:card\" content=\"summary_large_image\" \/>\n<meta name=\"twitter:label1\" content=\"Estimation du temps de lecture\" \/>\n\t<meta name=\"twitter:data1\" content=\"4 minutes\" \/>\n<script type=\"application\/ld+json\" class=\"yoast-schema-graph\">{\"@context\":\"https:\\\/\\\/schema.org\",\"@graph\":[{\"@type\":\"WebPage\",\"@id\":\"https:\\\/\\\/www.rgzelt.com\\\/smoking-policy\\\/\",\"url\":\"https:\\\/\\\/www.rgzelt.com\\\/smoking-policy\\\/\",\"name\":\"Politique relative \u00e0 l'usage du tabac\",\"isPartOf\":{\"@id\":\"https:\\\/\\\/www.rgzelt.com\\\/#website\"},\"primaryImageOfPage\":{\"@id\":\"https:\\\/\\\/www.rgzelt.com\\\/smoking-policy\\\/#primaryimage\"},\"image\":{\"@id\":\"https:\\\/\\\/www.rgzelt.com\\\/smoking-policy\\\/#primaryimage\"},\"thumbnailUrl\":\"https:\\\/\\\/www.rgzelt.com\\\/wp-content\\\/uploads\\\/2020\\\/08\\\/smoking_girl.jpg\",\"datePublished\":\"2020-08-10T20:26:11+00:00\",\"dateModified\":\"2020-08-12T14:19:48+00:00\",\"description\":\"Les fumeurs qui songent \u00e0 une chirurgie plastique doivent arr\u00eater de fumer en raison des complications pouvant d\u00e9couler de l\u2019op\u00e9ration.\",\"breadcrumb\":{\"@id\":\"https:\\\/\\\/www.rgzelt.com\\\/smoking-policy\\\/#breadcrumb\"},\"inLanguage\":\"fr-CA\",\"potentialAction\":[{\"@type\":\"ReadAction\",\"target\":[\"https:\\\/\\\/www.rgzelt.com\\\/smoking-policy\\\/\"]}]},{\"@type\":\"ImageObject\",\"inLanguage\":\"fr-CA\",\"@id\":\"https:\\\/\\\/www.rgzelt.com\\\/smoking-policy\\\/#primaryimage\",\"url\":\"https:\\\/\\\/www.rgzelt.com\\\/wp-content\\\/uploads\\\/2020\\\/08\\\/smoking_girl.jpg\",\"contentUrl\":\"https:\\\/\\\/www.rgzelt.com\\\/wp-content\\\/uploads\\\/2020\\\/08\\\/smoking_girl.jpg\",\"width\":1600,\"height\":1071},{\"@type\":\"BreadcrumbList\",\"@id\":\"https:\\\/\\\/www.rgzelt.com\\\/smoking-policy\\\/#breadcrumb\",\"itemListElement\":[{\"@type\":\"ListItem\",\"position\":1,\"name\":\"Home\",\"item\":\"https:\\\/\\\/www.rgzelt.com\\\/fr\\\/\"},{\"@type\":\"ListItem\",\"position\":2,\"name\":\"Politique relative \u00e0 l&#8217;usage du tabac\"}]},{\"@type\":\"WebSite\",\"@id\":\"https:\\\/\\\/www.rgzelt.com\\\/#website\",\"url\":\"https:\\\/\\\/www.rgzelt.com\\\/\",\"name\":\"Plastic Surgeon Montreal - Breast - Body - Face - Surgery | Dr. R.G Zelt\",\"description\":\"\",\"potentialAction\":[{\"@type\":\"SearchAction\",\"target\":{\"@type\":\"EntryPoint\",\"urlTemplate\":\"https:\\\/\\\/www.rgzelt.com\\\/?s={search_term_string}\"},\"query-input\":{\"@type\":\"PropertyValueSpecification\",\"valueRequired\":true,\"valueName\":\"search_term_string\"}}],\"inLanguage\":\"fr-CA\"}]}<\/script>\n<!-- \/ Yoast SEO plugin. -->","yoast_head_json":{"title":"Politique relative \u00e0 l'usage du tabac","description":"Les fumeurs qui songent \u00e0 une chirurgie plastique doivent arr\u00eater de fumer en raison des complications pouvant d\u00e9couler de l\u2019op\u00e9ration.","robots":{"index":"index","follow":"follow","max-snippet":"max-snippet:-1","max-image-preview":"max-image-preview:large","max-video-preview":"max-video-preview:-1"},"canonical":"https:\/\/www.rgzelt.com\/smoking-policy\/","og_locale":"fr_CA","og_type":"article","og_title":"Politique relative \u00e0 l'usage du tabac","og_description":"Les fumeurs qui songent \u00e0 une chirurgie plastique doivent arr\u00eater de fumer en raison des complications pouvant d\u00e9couler de l\u2019op\u00e9ration.","og_url":"https:\/\/www.rgzelt.com\/smoking-policy\/","og_site_name":"Plastic Surgeon Montreal - Breast - Body - Face - Surgery | Dr. R.G Zelt","article_modified_time":"2020-08-12T14:19:48+00:00","og_image":[{"width":1600,"height":1071,"url":"http:\/\/www.rgzelt.com\/wp-content\/uploads\/2020\/08\/smoking_girl.jpg","type":"image\/jpeg"}],"twitter_card":"summary_large_image","twitter_misc":{"Estimation du temps de lecture":"4 minutes"},"schema":{"@context":"https:\/\/schema.org","@graph":[{"@type":"WebPage","@id":"https:\/\/www.rgzelt.com\/smoking-policy\/","url":"https:\/\/www.rgzelt.com\/smoking-policy\/","name":"Politique relative \u00e0 l'usage du tabac","isPartOf":{"@id":"https:\/\/www.rgzelt.com\/#website"},"primaryImageOfPage":{"@id":"https:\/\/www.rgzelt.com\/smoking-policy\/#primaryimage"},"image":{"@id":"https:\/\/www.rgzelt.com\/smoking-policy\/#primaryimage"},"thumbnailUrl":"https:\/\/www.rgzelt.com\/wp-content\/uploads\/2020\/08\/smoking_girl.jpg","datePublished":"2020-08-10T20:26:11+00:00","dateModified":"2020-08-12T14:19:48+00:00","description":"Les fumeurs qui songent \u00e0 une chirurgie plastique doivent arr\u00eater de fumer en raison des complications pouvant d\u00e9couler de l\u2019op\u00e9ration.","breadcrumb":{"@id":"https:\/\/www.rgzelt.com\/smoking-policy\/#breadcrumb"},"inLanguage":"fr-CA","potentialAction":[{"@type":"ReadAction","target":["https:\/\/www.rgzelt.com\/smoking-policy\/"]}]},{"@type":"ImageObject","inLanguage":"fr-CA","@id":"https:\/\/www.rgzelt.com\/smoking-policy\/#primaryimage","url":"https:\/\/www.rgzelt.com\/wp-content\/uploads\/2020\/08\/smoking_girl.jpg","contentUrl":"https:\/\/www.rgzelt.com\/wp-content\/uploads\/2020\/08\/smoking_girl.jpg","width":1600,"height":1071},{"@type":"BreadcrumbList","@id":"https:\/\/www.rgzelt.com\/smoking-policy\/#breadcrumb","itemListElement":[{"@type":"ListItem","position":1,"name":"Home","item":"https:\/\/www.rgzelt.com\/fr\/"},{"@type":"ListItem","position":2,"name":"Politique relative \u00e0 l&#8217;usage du tabac"}]},{"@type":"WebSite","@id":"https:\/\/www.rgzelt.com\/#website","url":"https:\/\/www.rgzelt.com\/","name":"Plastic Surgeon Montreal - Breast - Body - Face - Surgery | Dr. R.G Zelt","description":"","potentialAction":[{"@type":"SearchAction","target":{"@type":"EntryPoint","urlTemplate":"https:\/\/www.rgzelt.com\/?s={search_term_string}"},"query-input":{"@type":"PropertyValueSpecification","valueRequired":true,"valueName":"search_term_string"}}],"inLanguage":"fr-CA"}]}},"uagb_featured_image_src":{"full":["https:\/\/www.rgzelt.com\/wp-content\/uploads\/2020\/08\/smoking_girl.jpg",1600,1071,false],"thumbnail":["https:\/\/www.rgzelt.com\/wp-content\/uploads\/2020\/08\/smoking_girl-300x300.jpg",300,300,true],"medium":["https:\/\/www.rgzelt.com\/wp-content\/uploads\/2020\/08\/smoking_girl-300x201.jpg",300,201,true],"medium_large":["https:\/\/www.rgzelt.com\/wp-content\/uploads\/2020\/08\/smoking_girl-768x514.jpg",768,514,true],"large":["https:\/\/www.rgzelt.com\/wp-content\/uploads\/2020\/08\/smoking_girl-1024x685.jpg",1024,685,true],"1536x1536":["https:\/\/www.rgzelt.com\/wp-content\/uploads\/2020\/08\/smoking_girl.jpg",1536,1028,false],"2048x2048":["https:\/\/www.rgzelt.com\/wp-content\/uploads\/2020\/08\/smoking_girl.jpg",1600,1071,false]},"uagb_author_info":{"display_name":"sitentry","author_link":"https:\/\/www.rgzelt.com\/fr\/author\/sitentry\/"},"uagb_comment_info":0,"uagb_excerpt":"Liposuction is a well-accepted procedure and a safe and reliable method of removing fat and sculpting the body.","_links":{"self":[{"href":"https:\/\/www.rgzelt.com\/fr\/wp-json\/wp\/v2\/pages\/1292","targetHints":{"allow":["GET"]}}],"collection":[{"href":"https:\/\/www.rgzelt.com\/fr\/wp-json\/wp\/v2\/pages"}],"about":[{"href":"https:\/\/www.rgzelt.com\/fr\/wp-json\/wp\/v2\/types\/page"}],"author":[{"embeddable":true,"href":"https:\/\/www.rgzelt.com\/fr\/wp-json\/wp\/v2\/users\/1"}],"replies":[{"embeddable":true,"href":"https:\/\/www.rgzelt.com\/fr\/wp-json\/wp\/v2\/comments?post=1292"}],"version-history":[{"count":2,"href":"https:\/\/www.rgzelt.com\/fr\/wp-json\/wp\/v2\/pages\/1292\/revisions"}],"predecessor-version":[{"id":1301,"href":"https:\/\/www.rgzelt.com\/fr\/wp-json\/wp\/v2\/pages\/1292\/revisions\/1301"}],"wp:featuredmedia":[{"embeddable":true,"href":"https:\/\/www.rgzelt.com\/fr\/wp-json\/wp\/v2\/media\/1294"}],"wp:attachment":[{"href":"https:\/\/www.rgzelt.com\/fr\/wp-json\/wp\/v2\/media?parent=1292"}],"wp:term":[{"taxonomy":"procedure","embeddable":true,"href":"https:\/\/www.rgzelt.com\/fr\/wp-json\/wp\/v2\/procedure?post=1292"}],"curies":[{"name":"wp","href":"https:\/\/api.w.org\/{rel}","templated":true}]}}