{"id":718,"date":"2019-08-05T18:42:24","date_gmt":"2019-08-05T18:42:24","guid":{"rendered":"http:\/\/104.152.168.27\/~bestsurgeon5\/vectra-3d-breast-imaging\/"},"modified":"2019-08-26T17:28:40","modified_gmt":"2019-08-26T17:28:40","slug":"vectra","status":"publish","type":"page","link":"https:\/\/www.rgzelt.com\/fr\/vectra\/","title":{"rendered":"Imagerie m\u00e9dicale 3d Vectra\u1d39\u1d30"},"content":{"rendered":"\n<div class=\"wp-block-image\"><figure class=\"alignright\"><img loading=\"lazy\" decoding=\"async\" width=\"414\" height=\"600\" src=\"http:\/\/www.rgzelt.com\/wp-content\/uploads\/2019\/08\/vectra6.jpg\" alt=\"\" class=\"wp-image-542\" srcset=\"https:\/\/www.rgzelt.com\/wp-content\/uploads\/2019\/08\/vectra6.jpg 414w, https:\/\/www.rgzelt.com\/wp-content\/uploads\/2019\/08\/vectra6-207x300.jpg 207w\" sizes=\"auto, (max-width: 414px) 100vw, 414px\" \/><\/figure><\/div>\n\n\n\n<p>Nos consultations d\u2019augmentation mammaire vont plus loin afin que vous obteniez les meilleurs soins et informations possibles. Nous sommes fiers de fournir \u00e0 nos patients les derni\u00e8res technologies de pointe. Dans le cadre de votre exp\u00e9rience d\u2019augmentation mammaire, vous pouvez visualiser les r\u00e9sultats potentiels de votre augmentation \u00e0 l\u2019aide de VECTRA 3D Breast Imaging.<\/p>\n\n\n\n<p>La technologie VECTRA 3D est un syst\u00e8me d\u2019imagerie de pointe qui capture des images 3D du sein pour vous permettre de pr\u00e9visualiser les r\u00e9sultats de votre augmentation mammaire lors d\u2019une consultation en cabinet. Le syst\u00e8me Vectra est le syst\u00e8me d\u2019imagerie photographique le plus r\u00e9cent et le plus avanc\u00e9 dont disposent aujourd\u2019hui les chirurgiens plasticiens. Ce syst\u00e8me r\u00e9volutionnaire, combin\u00e9 \u00e0 l\u2019expertise et \u00e0 la pr\u00e9cision du Dr Zelt, vous assurera une approche \u00e9quilibr\u00e9e de votre intervention qui vous donnera un r\u00e9sultat naturellement beau.<\/p>\n\n\n\n<h2 class=\"wp-block-heading\">Comment \u00e7a marche<\/h2>\n\n\n\n<p>Lors de votre consultation, le Dr. Zelt vous photographiera \u00e0 l\u2019aide de la cam\u00e9ra VECTRA 3D. Ensuite, le Dr Zelt cr\u00e9era des r\u00e9sultats simul\u00e9s pour produire des mod\u00e8les 3D qui peuvent \u00eatre visualis\u00e9s sous tous les angles, vous offrant ainsi la possibilit\u00e9 de voir les r\u00e9sultats avant et apr\u00e8s votre augmentation mammaire. Le simulateur vous permet d\u2019 \u00bb essayer \u00bb des implants de diff\u00e9rentes tailles pour mettre en valeur visuellement les am\u00e9liorations esth\u00e9tiques qui pourraient vous convenir. Chaque corps est unique ; votre augmentation mammaire le sera aussi.<\/p>\n\n\n\n<p>Veuillez contacter notre bureau pour r\u00e9server votre consultation VECTRA 3D avec Dr. Zelt d\u00e8s aujourd\u2019hui.<\/p>\n\n\n\n<h2 class=\"wp-block-heading\"><strong>Augmentation mammaire par imagerie vectra 3d du sein<\/strong><\/h2>\n\n\n\n<figure class=\"wp-block-image\"><img loading=\"lazy\" decoding=\"async\" width=\"1024\" height=\"576\" src=\"http:\/\/www.rgzelt.com\/wp-content\/uploads\/2019\/08\/vectra5-2-1024x576.jpg\" alt=\"\" class=\"wp-image-540\" srcset=\"https:\/\/www.rgzelt.com\/wp-content\/uploads\/2019\/08\/vectra5-2-1024x576.jpg 1024w, https:\/\/www.rgzelt.com\/wp-content\/uploads\/2019\/08\/vectra5-2-300x169.jpg 300w, https:\/\/www.rgzelt.com\/wp-content\/uploads\/2019\/08\/vectra5-2-768x432.jpg 768w, https:\/\/www.rgzelt.com\/wp-content\/uploads\/2019\/08\/vectra5-2.jpg 1160w\" sizes=\"auto, (max-width: 1024px) 100vw, 1024px\" \/><\/figure>\n\n\n\n<div class=\"wp-block-columns has-4-columns is-layout-flex wp-container-core-columns-is-layout-9d6595d7 wp-block-columns-is-layout-flex\">\n<div class=\"wp-block-column is-layout-flow wp-block-column-is-layout-flow\">\n<figure class=\"wp-block-image is-resized\"><img loading=\"lazy\" decoding=\"async\" src=\"http:\/\/www.rgzelt.com\/wp-content\/uploads\/2019\/08\/vectra1.jpg\" alt=\"\" class=\"wp-image-538\" width=\"290\" height=\"163\"\/><\/figure>\n<\/div>\n\n\n\n<div class=\"wp-block-column is-layout-flow wp-block-column-is-layout-flow\">\n<figure class=\"wp-block-image is-resized\"><img loading=\"lazy\" decoding=\"async\" src=\"http:\/\/www.rgzelt.com\/wp-content\/uploads\/2019\/08\/vectra2.jpg\" alt=\"\" class=\"wp-image-536\" width=\"290\" height=\"163\"\/><\/figure>\n<\/div>\n\n\n\n<div class=\"wp-block-column is-layout-flow wp-block-column-is-layout-flow\">\n<figure class=\"wp-block-image is-resized\"><img loading=\"lazy\" decoding=\"async\" src=\"http:\/\/www.rgzelt.com\/wp-content\/uploads\/2019\/08\/vectra3.jpg\" alt=\"\" class=\"wp-image-534\" width=\"290\" height=\"163\"\/><\/figure>\n<\/div>\n\n\n\n<div class=\"wp-block-column is-layout-flow wp-block-column-is-layout-flow\">\n<figure class=\"wp-block-image is-resized\"><img loading=\"lazy\" decoding=\"async\" src=\"http:\/\/www.rgzelt.com\/wp-content\/uploads\/2019\/08\/vectra7.gif\" alt=\"\" class=\"wp-image-532\" width=\"290\" height=\"163\"\/><\/figure>\n<\/div>\n<\/div>\n\n\n\n<h2 class=\"wp-block-heading\">Essayez Sculpt My Dream : Augmentation mammaire virtuelle en ligne<\/h2>\n\n\n\n<div class=\"wp-block-ugb-feature ugb-feature ugb--background-opacity-5 ugb-feature--design-plain ugb-feature--content-left ugb-feature--invert\" style=\"--image-size:400px\"><div class=\"ugb-content-wrapper\"><div class=\"ugb-feature__content\"><p class=\"ugb-feature__description\">Vous pouvez opter pour une augmentation virtuelle avec le syst\u00e8me d\u2019imagerie virtuelle The Sculpt My Dream. La d\u00e9monstration en ligne peut vous donner une id\u00e9e du fonctionnement du syst\u00e8me d\u2019augmentation mammaire virtuelle, mais elle est incomparable \u00e0 l\u2019exp\u00e9rience personnalis\u00e9e que vous offre une visite au bureau et aux images 3D de votre corps r\u00e9el utilis\u00e9es avec notre technologie Vectra 3D Sculptor !<\/p><div><a class=\"ugb-button ugb-button--align-left ugb-button--size-normal\" href=\"http:\/\/www.sculptmydream.com\/what-to-expect\" style=\"border-radius:4px\"><span class=\"ugb-button--inner\">Essayez une d\u00e9mo du Sculpteur 3D<\/span><\/a><\/div><\/div><div class=\"ugb-feature__image-side\"><img decoding=\"async\" class=\"ugb-feature__image ugb--shadow-0\" style=\"border-radius:0\" src=\"http:\/\/www.rgzelt.com\/wp-content\/uploads\/2019\/08\/vectra4.jpg\" alt=\"\"\/><\/div><\/div><\/div>\n","protected":false},"excerpt":{"rendered":"<p>Nos consultations d\u2019augmentation mammaire vont plus loin afin que vous obteniez les meilleurs soins et informations possibles. Nous sommes fiers de fournir \u00e0 nos patients les derni\u00e8res technologies de pointe. Dans le cadre de votre exp\u00e9rience d\u2019augmentation mammaire, vous pouvez visualiser les r\u00e9sultats potentiels de votre augmentation \u00e0 l\u2019aide de VECTRA 3D Breast Imaging. La [&hellip;]<\/p>\n","protected":false},"author":1,"featured_media":206,"parent":0,"menu_order":0,"comment_status":"closed","ping_status":"closed","template":"","meta":{"_uag_custom_page_level_css":"","footnotes":""},"procedure":[],"class_list":["post-718","page","type-page","status-publish","has-post-thumbnail","hentry"],"featured_image_urls_v2":{"full":["https:\/\/www.rgzelt.com\/wp-content\/uploads\/2019\/08\/features-1.jpg",1024,512,false],"thumbnail":["https:\/\/www.rgzelt.com\/wp-content\/uploads\/2019\/08\/features-1-150x150.jpg",150,150,true],"medium":["https:\/\/www.rgzelt.com\/wp-content\/uploads\/2019\/08\/features-1-300x150.jpg",300,150,true],"medium_large":["https:\/\/www.rgzelt.com\/wp-content\/uploads\/2019\/08\/features-1-768x384.jpg",768,384,true],"large":["https:\/\/www.rgzelt.com\/wp-content\/uploads\/2019\/08\/features-1-1024x512.jpg",1024,512,true],"1536x1536":["https:\/\/www.rgzelt.com\/wp-content\/uploads\/2019\/08\/features-1.jpg",1024,512,false],"2048x2048":["https:\/\/www.rgzelt.com\/wp-content\/uploads\/2019\/08\/features-1.jpg",1024,512,false]},"post_excerpt_stackable_v2":"<p>Nos consultations d\u2019augmentation mammaire vont plus loin afin que vous obteniez les meilleurs soins et informations possibles. Nous sommes fiers de fournir \u00e0 nos patients les derni\u00e8res technologies de pointe. Dans le cadre de votre exp\u00e9rience d\u2019augmentation mammaire, vous pouvez visualiser les r\u00e9sultats potentiels de votre augmentation \u00e0 l\u2019aide de VECTRA 3D Breast Imaging. La technologie VECTRA 3D est un syst\u00e8me d\u2019imagerie de pointe qui capture des images 3D du sein pour vous permettre de pr\u00e9visualiser les r\u00e9sultats de votre augmentation mammaire lors d\u2019une consultation en cabinet. Le syst\u00e8me Vectra est le syst\u00e8me d\u2019imagerie photographique le plus r\u00e9cent et le&hellip;<\/p>\n","category_list_v2":"","author_info_v2":{"name":"sitentry","url":"https:\/\/www.rgzelt.com\/fr\/author\/sitentry\/"},"comments_num_v2":"0 comments","yoast_head":"<!-- This site is optimized with the Yoast SEO plugin v27.6 - https:\/\/yoast.com\/product\/yoast-seo-wordpress\/ -->\n<title>Imagerie m\u00e9dicale 3d Vectra\u1d39\u1d30<\/title>\n<meta name=\"description\" content=\"Imagerie m\u00e9dicale 3d Vectra\u1d39\u1d30.\" \/>\n<meta name=\"robots\" content=\"index, follow, max-snippet:-1, max-image-preview:large, max-video-preview:-1\" \/>\n<link rel=\"canonical\" href=\"https:\/\/www.rgzelt.com\/vectra-3d-breast-imaging\/\" \/>\n<meta property=\"og:locale\" content=\"fr_CA\" \/>\n<meta property=\"og:type\" content=\"article\" \/>\n<meta property=\"og:title\" content=\"Imagerie m\u00e9dicale 3d Vectra\u1d39\u1d30\" \/>\n<meta property=\"og:description\" content=\"Imagerie m\u00e9dicale 3d Vectra\u1d39\u1d30.\" \/>\n<meta property=\"og:url\" content=\"https:\/\/www.rgzelt.com\/vectra-3d-breast-imaging\/\" \/>\n<meta property=\"og:site_name\" content=\"Plastic Surgeon Montreal - Breast - Body - Face - Surgery | Dr. R.G Zelt\" \/>\n<meta property=\"article:modified_time\" content=\"2019-08-26T17:28:40+00:00\" \/>\n<meta property=\"og:image\" content=\"https:\/\/www.rgzelt.com\/wp-content\/uploads\/2019\/08\/features-1.jpg\" \/>\n\t<meta property=\"og:image:width\" content=\"1024\" \/>\n\t<meta property=\"og:image:height\" content=\"512\" \/>\n\t<meta property=\"og:image:type\" content=\"image\/jpeg\" \/>\n<meta name=\"twitter:card\" content=\"summary_large_image\" \/>\n<meta name=\"twitter:label1\" content=\"Estimation du temps de lecture\" \/>\n\t<meta name=\"twitter:data1\" content=\"2 minutes\" \/>\n<script type=\"application\/ld+json\" class=\"yoast-schema-graph\">{\"@context\":\"https:\\\/\\\/schema.org\",\"@graph\":[{\"@type\":\"WebPage\",\"@id\":\"https:\\\/\\\/www.rgzelt.com\\\/vectra-3d-breast-imaging\\\/\",\"url\":\"https:\\\/\\\/www.rgzelt.com\\\/vectra-3d-breast-imaging\\\/\",\"name\":\"Imagerie m\u00e9dicale 3d Vectra\u1d39\u1d30\",\"isPartOf\":{\"@id\":\"https:\\\/\\\/www.rgzelt.com\\\/#website\"},\"primaryImageOfPage\":{\"@id\":\"https:\\\/\\\/www.rgzelt.com\\\/vectra-3d-breast-imaging\\\/#primaryimage\"},\"image\":{\"@id\":\"https:\\\/\\\/www.rgzelt.com\\\/vectra-3d-breast-imaging\\\/#primaryimage\"},\"thumbnailUrl\":\"https:\\\/\\\/www.rgzelt.com\\\/wp-content\\\/uploads\\\/2019\\\/08\\\/features-1.jpg\",\"datePublished\":\"2019-08-05T18:42:24+00:00\",\"dateModified\":\"2019-08-26T17:28:40+00:00\",\"description\":\"Imagerie m\u00e9dicale 3d Vectra\u1d39\u1d30.\",\"breadcrumb\":{\"@id\":\"https:\\\/\\\/www.rgzelt.com\\\/vectra-3d-breast-imaging\\\/#breadcrumb\"},\"inLanguage\":\"fr-CA\",\"potentialAction\":[{\"@type\":\"ReadAction\",\"target\":[\"https:\\\/\\\/www.rgzelt.com\\\/vectra-3d-breast-imaging\\\/\"]}]},{\"@type\":\"ImageObject\",\"inLanguage\":\"fr-CA\",\"@id\":\"https:\\\/\\\/www.rgzelt.com\\\/vectra-3d-breast-imaging\\\/#primaryimage\",\"url\":\"https:\\\/\\\/www.rgzelt.com\\\/wp-content\\\/uploads\\\/2019\\\/08\\\/features-1.jpg\",\"contentUrl\":\"https:\\\/\\\/www.rgzelt.com\\\/wp-content\\\/uploads\\\/2019\\\/08\\\/features-1.jpg\",\"width\":1024,\"height\":512},{\"@type\":\"BreadcrumbList\",\"@id\":\"https:\\\/\\\/www.rgzelt.com\\\/vectra-3d-breast-imaging\\\/#breadcrumb\",\"itemListElement\":[{\"@type\":\"ListItem\",\"position\":1,\"name\":\"Home\",\"item\":\"https:\\\/\\\/www.rgzelt.com\\\/fr\\\/\"},{\"@type\":\"ListItem\",\"position\":2,\"name\":\"Imagerie m\u00e9dicale 3d Vectra\u1d39\u1d30\"}]},{\"@type\":\"WebSite\",\"@id\":\"https:\\\/\\\/www.rgzelt.com\\\/#website\",\"url\":\"https:\\\/\\\/www.rgzelt.com\\\/\",\"name\":\"Plastic Surgeon Montreal - Breast - Body - Face - Surgery | Dr. R.G Zelt\",\"description\":\"\",\"potentialAction\":[{\"@type\":\"SearchAction\",\"target\":{\"@type\":\"EntryPoint\",\"urlTemplate\":\"https:\\\/\\\/www.rgzelt.com\\\/?s={search_term_string}\"},\"query-input\":{\"@type\":\"PropertyValueSpecification\",\"valueRequired\":true,\"valueName\":\"search_term_string\"}}],\"inLanguage\":\"fr-CA\"}]}<\/script>\n<!-- \/ Yoast SEO plugin. -->","yoast_head_json":{"title":"Imagerie m\u00e9dicale 3d Vectra\u1d39\u1d30","description":"Imagerie m\u00e9dicale 3d Vectra\u1d39\u1d30.","robots":{"index":"index","follow":"follow","max-snippet":"max-snippet:-1","max-image-preview":"max-image-preview:large","max-video-preview":"max-video-preview:-1"},"canonical":"https:\/\/www.rgzelt.com\/vectra-3d-breast-imaging\/","og_locale":"fr_CA","og_type":"article","og_title":"Imagerie m\u00e9dicale 3d Vectra\u1d39\u1d30","og_description":"Imagerie m\u00e9dicale 3d Vectra\u1d39\u1d30.","og_url":"https:\/\/www.rgzelt.com\/vectra-3d-breast-imaging\/","og_site_name":"Plastic Surgeon Montreal - Breast - Body - Face - Surgery | Dr. R.G Zelt","article_modified_time":"2019-08-26T17:28:40+00:00","og_image":[{"width":1024,"height":512,"url":"https:\/\/www.rgzelt.com\/wp-content\/uploads\/2019\/08\/features-1.jpg","type":"image\/jpeg"}],"twitter_card":"summary_large_image","twitter_misc":{"Estimation du temps de lecture":"2 minutes"},"schema":{"@context":"https:\/\/schema.org","@graph":[{"@type":"WebPage","@id":"https:\/\/www.rgzelt.com\/vectra-3d-breast-imaging\/","url":"https:\/\/www.rgzelt.com\/vectra-3d-breast-imaging\/","name":"Imagerie m\u00e9dicale 3d Vectra\u1d39\u1d30","isPartOf":{"@id":"https:\/\/www.rgzelt.com\/#website"},"primaryImageOfPage":{"@id":"https:\/\/www.rgzelt.com\/vectra-3d-breast-imaging\/#primaryimage"},"image":{"@id":"https:\/\/www.rgzelt.com\/vectra-3d-breast-imaging\/#primaryimage"},"thumbnailUrl":"https:\/\/www.rgzelt.com\/wp-content\/uploads\/2019\/08\/features-1.jpg","datePublished":"2019-08-05T18:42:24+00:00","dateModified":"2019-08-26T17:28:40+00:00","description":"Imagerie m\u00e9dicale 3d Vectra\u1d39\u1d30.","breadcrumb":{"@id":"https:\/\/www.rgzelt.com\/vectra-3d-breast-imaging\/#breadcrumb"},"inLanguage":"fr-CA","potentialAction":[{"@type":"ReadAction","target":["https:\/\/www.rgzelt.com\/vectra-3d-breast-imaging\/"]}]},{"@type":"ImageObject","inLanguage":"fr-CA","@id":"https:\/\/www.rgzelt.com\/vectra-3d-breast-imaging\/#primaryimage","url":"https:\/\/www.rgzelt.com\/wp-content\/uploads\/2019\/08\/features-1.jpg","contentUrl":"https:\/\/www.rgzelt.com\/wp-content\/uploads\/2019\/08\/features-1.jpg","width":1024,"height":512},{"@type":"BreadcrumbList","@id":"https:\/\/www.rgzelt.com\/vectra-3d-breast-imaging\/#breadcrumb","itemListElement":[{"@type":"ListItem","position":1,"name":"Home","item":"https:\/\/www.rgzelt.com\/fr\/"},{"@type":"ListItem","position":2,"name":"Imagerie m\u00e9dicale 3d Vectra\u1d39\u1d30"}]},{"@type":"WebSite","@id":"https:\/\/www.rgzelt.com\/#website","url":"https:\/\/www.rgzelt.com\/","name":"Plastic Surgeon Montreal - Breast - Body - Face - Surgery | Dr. R.G Zelt","description":"","potentialAction":[{"@type":"SearchAction","target":{"@type":"EntryPoint","urlTemplate":"https:\/\/www.rgzelt.com\/?s={search_term_string}"},"query-input":{"@type":"PropertyValueSpecification","valueRequired":true,"valueName":"search_term_string"}}],"inLanguage":"fr-CA"}]}},"uagb_featured_image_src":{"full":["https:\/\/www.rgzelt.com\/wp-content\/uploads\/2019\/08\/features-1.jpg",1024,512,false],"thumbnail":["https:\/\/www.rgzelt.com\/wp-content\/uploads\/2019\/08\/features-1-150x150.jpg",150,150,true],"medium":["https:\/\/www.rgzelt.com\/wp-content\/uploads\/2019\/08\/features-1-300x150.jpg",300,150,true],"medium_large":["https:\/\/www.rgzelt.com\/wp-content\/uploads\/2019\/08\/features-1-768x384.jpg",768,384,true],"large":["https:\/\/www.rgzelt.com\/wp-content\/uploads\/2019\/08\/features-1-1024x512.jpg",1024,512,true],"1536x1536":["https:\/\/www.rgzelt.com\/wp-content\/uploads\/2019\/08\/features-1.jpg",1024,512,false],"2048x2048":["https:\/\/www.rgzelt.com\/wp-content\/uploads\/2019\/08\/features-1.jpg",1024,512,false]},"uagb_author_info":{"display_name":"sitentry","author_link":"https:\/\/www.rgzelt.com\/fr\/author\/sitentry\/"},"uagb_comment_info":0,"uagb_excerpt":"Nos consultations d\u2019augmentation mammaire vont plus loin afin que vous obteniez les meilleurs soins et informations possibles. Nous sommes fiers de fournir \u00e0 nos patients les derni\u00e8res technologies de pointe. Dans le cadre de votre exp\u00e9rience d\u2019augmentation mammaire, vous pouvez visualiser les r\u00e9sultats potentiels de votre augmentation \u00e0 l\u2019aide de VECTRA 3D Breast Imaging. La&hellip;","_links":{"self":[{"href":"https:\/\/www.rgzelt.com\/fr\/wp-json\/wp\/v2\/pages\/718","targetHints":{"allow":["GET"]}}],"collection":[{"href":"https:\/\/www.rgzelt.com\/fr\/wp-json\/wp\/v2\/pages"}],"about":[{"href":"https:\/\/www.rgzelt.com\/fr\/wp-json\/wp\/v2\/types\/page"}],"author":[{"embeddable":true,"href":"https:\/\/www.rgzelt.com\/fr\/wp-json\/wp\/v2\/users\/1"}],"replies":[{"embeddable":true,"href":"https:\/\/www.rgzelt.com\/fr\/wp-json\/wp\/v2\/comments?post=718"}],"version-history":[{"count":0,"href":"https:\/\/www.rgzelt.com\/fr\/wp-json\/wp\/v2\/pages\/718\/revisions"}],"wp:featuredmedia":[{"embeddable":true,"href":"https:\/\/www.rgzelt.com\/fr\/wp-json\/wp\/v2\/media\/206"}],"wp:attachment":[{"href":"https:\/\/www.rgzelt.com\/fr\/wp-json\/wp\/v2\/media?parent=718"}],"wp:term":[{"taxonomy":"procedure","embeddable":true,"href":"https:\/\/www.rgzelt.com\/fr\/wp-json\/wp\/v2\/procedure?post=718"}],"curies":[{"name":"wp","href":"https:\/\/api.w.org\/{rel}","templated":true}]}}