{"id":719,"date":"2019-08-05T18:42:15","date_gmt":"2019-08-05T18:42:15","guid":{"rendered":"http:\/\/104.152.168.27\/~bestsurgeon5\/watch-3d-animations\/"},"modified":"2019-08-26T17:25:22","modified_gmt":"2019-08-26T17:25:22","slug":"videos-des-procedures-en-3d","status":"publish","type":"page","link":"https:\/\/www.rgzelt.com\/fr\/videos-des-procedures-en-3d\/","title":{"rendered":"Vid\u00e9os des proc\u00e9dures en 3D"},"content":{"rendered":"\n<p>Nous voulons vous offrir non seulement des soins extraordinaires mais nous consid\u00e9rons aussi l\u2019importance de vous aider \u00e0 mieux connaitre vos interventions. Nos animations 3D contiennent des visuels ainsi que des explications pour vous guider \u00e0 travers votre proc\u00e9dure chirurgicale ou non-chirurgicale.<\/p>\n\n\n\n<iframe loading=\"lazy\" src=\"https:\/\/player.understand.com\/drzelt\/en\" border=\"0\" frameborder=\"0\" scrolling=\"no\" width=\"100%\" height=\"557\" allowfullscreen=\"\"><\/iframe>\n","protected":false},"excerpt":{"rendered":"<p>Nous voulons vous offrir non seulement des soins extraordinaires mais nous consid\u00e9rons aussi l\u2019importance de vous aider \u00e0 mieux connaitre vos interventions. Nos animations 3D contiennent des visuels ainsi que des explications pour vous guider \u00e0 travers votre proc\u00e9dure chirurgicale ou non-chirurgicale.<\/p>\n","protected":false},"author":1,"featured_media":214,"parent":0,"menu_order":0,"comment_status":"closed","ping_status":"closed","template":"","meta":{"_uag_custom_page_level_css":"","footnotes":""},"procedure":[],"class_list":["post-719","page","type-page","status-publish","has-post-thumbnail","hentry"],"featured_image_urls_v2":{"full":["https:\/\/www.rgzelt.com\/wp-content\/uploads\/2019\/08\/features-3.jpg",800,560,false],"thumbnail":["https:\/\/www.rgzelt.com\/wp-content\/uploads\/2019\/08\/features-3-150x150.jpg",150,150,true],"medium":["https:\/\/www.rgzelt.com\/wp-content\/uploads\/2019\/08\/features-3-300x210.jpg",300,210,true],"medium_large":["https:\/\/www.rgzelt.com\/wp-content\/uploads\/2019\/08\/features-3-768x538.jpg",768,538,true],"large":["https:\/\/www.rgzelt.com\/wp-content\/uploads\/2019\/08\/features-3.jpg",800,560,false],"1536x1536":["https:\/\/www.rgzelt.com\/wp-content\/uploads\/2019\/08\/features-3.jpg",800,560,false],"2048x2048":["https:\/\/www.rgzelt.com\/wp-content\/uploads\/2019\/08\/features-3.jpg",800,560,false]},"post_excerpt_stackable_v2":"<p>Nous voulons vous offrir non seulement des soins extraordinaires mais nous consid\u00e9rons aussi l\u2019importance de vous aider \u00e0 mieux connaitre vos interventions. Nos animations 3D contiennent des visuels ainsi que des explications pour vous guider \u00e0 travers votre proc\u00e9dure chirurgicale ou non-chirurgicale.<\/p>\n","category_list_v2":"","author_info_v2":{"name":"sitentry","url":"https:\/\/www.rgzelt.com\/fr\/author\/sitentry\/"},"comments_num_v2":"0 comments","yoast_head":"<!-- This site is optimized with the Yoast SEO plugin v27.6 - https:\/\/yoast.com\/product\/yoast-seo-wordpress\/ -->\n<title>Vid\u00e9os des proc\u00e9dures en 3D<\/title>\n<meta name=\"description\" content=\"Vid\u00e9os des proc\u00e9dures en 3D.\" \/>\n<meta name=\"robots\" content=\"index, follow, max-snippet:-1, max-image-preview:large, max-video-preview:-1\" \/>\n<link rel=\"canonical\" href=\"https:\/\/www.rgzelt.com\/watch-3d-animations\/\" \/>\n<meta property=\"og:locale\" content=\"fr_CA\" \/>\n<meta property=\"og:type\" content=\"article\" \/>\n<meta property=\"og:title\" content=\"Vid\u00e9os des proc\u00e9dures en 3D\" \/>\n<meta property=\"og:description\" content=\"Vid\u00e9os des proc\u00e9dures en 3D.\" \/>\n<meta property=\"og:url\" content=\"https:\/\/www.rgzelt.com\/watch-3d-animations\/\" \/>\n<meta property=\"og:site_name\" content=\"Plastic Surgeon Montreal - Breast - Body - Face - Surgery | Dr. R.G Zelt\" \/>\n<meta property=\"article:modified_time\" content=\"2019-08-26T17:25:22+00:00\" \/>\n<meta property=\"og:image\" content=\"https:\/\/www.rgzelt.com\/wp-content\/uploads\/2019\/08\/features-3.jpg\" \/>\n\t<meta property=\"og:image:width\" content=\"800\" \/>\n\t<meta property=\"og:image:height\" content=\"560\" \/>\n\t<meta property=\"og:image:type\" content=\"image\/jpeg\" \/>\n<meta name=\"twitter:card\" content=\"summary_large_image\" \/>\n<script type=\"application\/ld+json\" class=\"yoast-schema-graph\">{\"@context\":\"https:\\\/\\\/schema.org\",\"@graph\":[{\"@type\":\"WebPage\",\"@id\":\"https:\\\/\\\/www.rgzelt.com\\\/watch-3d-animations\\\/\",\"url\":\"https:\\\/\\\/www.rgzelt.com\\\/watch-3d-animations\\\/\",\"name\":\"Vid\u00e9os des proc\u00e9dures en 3D\",\"isPartOf\":{\"@id\":\"https:\\\/\\\/www.rgzelt.com\\\/#website\"},\"primaryImageOfPage\":{\"@id\":\"https:\\\/\\\/www.rgzelt.com\\\/watch-3d-animations\\\/#primaryimage\"},\"image\":{\"@id\":\"https:\\\/\\\/www.rgzelt.com\\\/watch-3d-animations\\\/#primaryimage\"},\"thumbnailUrl\":\"https:\\\/\\\/www.rgzelt.com\\\/wp-content\\\/uploads\\\/2019\\\/08\\\/features-3.jpg\",\"datePublished\":\"2019-08-05T18:42:15+00:00\",\"dateModified\":\"2019-08-26T17:25:22+00:00\",\"description\":\"Vid\u00e9os des proc\u00e9dures en 3D.\",\"breadcrumb\":{\"@id\":\"https:\\\/\\\/www.rgzelt.com\\\/watch-3d-animations\\\/#breadcrumb\"},\"inLanguage\":\"fr-CA\",\"potentialAction\":[{\"@type\":\"ReadAction\",\"target\":[\"https:\\\/\\\/www.rgzelt.com\\\/watch-3d-animations\\\/\"]}]},{\"@type\":\"ImageObject\",\"inLanguage\":\"fr-CA\",\"@id\":\"https:\\\/\\\/www.rgzelt.com\\\/watch-3d-animations\\\/#primaryimage\",\"url\":\"https:\\\/\\\/www.rgzelt.com\\\/wp-content\\\/uploads\\\/2019\\\/08\\\/features-3.jpg\",\"contentUrl\":\"https:\\\/\\\/www.rgzelt.com\\\/wp-content\\\/uploads\\\/2019\\\/08\\\/features-3.jpg\",\"width\":800,\"height\":560},{\"@type\":\"BreadcrumbList\",\"@id\":\"https:\\\/\\\/www.rgzelt.com\\\/watch-3d-animations\\\/#breadcrumb\",\"itemListElement\":[{\"@type\":\"ListItem\",\"position\":1,\"name\":\"Home\",\"item\":\"https:\\\/\\\/www.rgzelt.com\\\/fr\\\/\"},{\"@type\":\"ListItem\",\"position\":2,\"name\":\"Vid\u00e9os des proc\u00e9dures en 3D\"}]},{\"@type\":\"WebSite\",\"@id\":\"https:\\\/\\\/www.rgzelt.com\\\/#website\",\"url\":\"https:\\\/\\\/www.rgzelt.com\\\/\",\"name\":\"Plastic Surgeon Montreal - Breast - Body - Face - Surgery | Dr. R.G Zelt\",\"description\":\"\",\"potentialAction\":[{\"@type\":\"SearchAction\",\"target\":{\"@type\":\"EntryPoint\",\"urlTemplate\":\"https:\\\/\\\/www.rgzelt.com\\\/?s={search_term_string}\"},\"query-input\":{\"@type\":\"PropertyValueSpecification\",\"valueRequired\":true,\"valueName\":\"search_term_string\"}}],\"inLanguage\":\"fr-CA\"}]}<\/script>\n<!-- \/ Yoast SEO plugin. -->","yoast_head_json":{"title":"Vid\u00e9os des proc\u00e9dures en 3D","description":"Vid\u00e9os des proc\u00e9dures en 3D.","robots":{"index":"index","follow":"follow","max-snippet":"max-snippet:-1","max-image-preview":"max-image-preview:large","max-video-preview":"max-video-preview:-1"},"canonical":"https:\/\/www.rgzelt.com\/watch-3d-animations\/","og_locale":"fr_CA","og_type":"article","og_title":"Vid\u00e9os des proc\u00e9dures en 3D","og_description":"Vid\u00e9os des proc\u00e9dures en 3D.","og_url":"https:\/\/www.rgzelt.com\/watch-3d-animations\/","og_site_name":"Plastic Surgeon Montreal - Breast - Body - Face - Surgery | Dr. R.G Zelt","article_modified_time":"2019-08-26T17:25:22+00:00","og_image":[{"width":800,"height":560,"url":"https:\/\/www.rgzelt.com\/wp-content\/uploads\/2019\/08\/features-3.jpg","type":"image\/jpeg"}],"twitter_card":"summary_large_image","schema":{"@context":"https:\/\/schema.org","@graph":[{"@type":"WebPage","@id":"https:\/\/www.rgzelt.com\/watch-3d-animations\/","url":"https:\/\/www.rgzelt.com\/watch-3d-animations\/","name":"Vid\u00e9os des proc\u00e9dures en 3D","isPartOf":{"@id":"https:\/\/www.rgzelt.com\/#website"},"primaryImageOfPage":{"@id":"https:\/\/www.rgzelt.com\/watch-3d-animations\/#primaryimage"},"image":{"@id":"https:\/\/www.rgzelt.com\/watch-3d-animations\/#primaryimage"},"thumbnailUrl":"https:\/\/www.rgzelt.com\/wp-content\/uploads\/2019\/08\/features-3.jpg","datePublished":"2019-08-05T18:42:15+00:00","dateModified":"2019-08-26T17:25:22+00:00","description":"Vid\u00e9os des proc\u00e9dures en 3D.","breadcrumb":{"@id":"https:\/\/www.rgzelt.com\/watch-3d-animations\/#breadcrumb"},"inLanguage":"fr-CA","potentialAction":[{"@type":"ReadAction","target":["https:\/\/www.rgzelt.com\/watch-3d-animations\/"]}]},{"@type":"ImageObject","inLanguage":"fr-CA","@id":"https:\/\/www.rgzelt.com\/watch-3d-animations\/#primaryimage","url":"https:\/\/www.rgzelt.com\/wp-content\/uploads\/2019\/08\/features-3.jpg","contentUrl":"https:\/\/www.rgzelt.com\/wp-content\/uploads\/2019\/08\/features-3.jpg","width":800,"height":560},{"@type":"BreadcrumbList","@id":"https:\/\/www.rgzelt.com\/watch-3d-animations\/#breadcrumb","itemListElement":[{"@type":"ListItem","position":1,"name":"Home","item":"https:\/\/www.rgzelt.com\/fr\/"},{"@type":"ListItem","position":2,"name":"Vid\u00e9os des proc\u00e9dures en 3D"}]},{"@type":"WebSite","@id":"https:\/\/www.rgzelt.com\/#website","url":"https:\/\/www.rgzelt.com\/","name":"Plastic Surgeon Montreal - Breast - Body - Face - Surgery | Dr. R.G Zelt","description":"","potentialAction":[{"@type":"SearchAction","target":{"@type":"EntryPoint","urlTemplate":"https:\/\/www.rgzelt.com\/?s={search_term_string}"},"query-input":{"@type":"PropertyValueSpecification","valueRequired":true,"valueName":"search_term_string"}}],"inLanguage":"fr-CA"}]}},"uagb_featured_image_src":{"full":["https:\/\/www.rgzelt.com\/wp-content\/uploads\/2019\/08\/features-3.jpg",800,560,false],"thumbnail":["https:\/\/www.rgzelt.com\/wp-content\/uploads\/2019\/08\/features-3-150x150.jpg",150,150,true],"medium":["https:\/\/www.rgzelt.com\/wp-content\/uploads\/2019\/08\/features-3-300x210.jpg",300,210,true],"medium_large":["https:\/\/www.rgzelt.com\/wp-content\/uploads\/2019\/08\/features-3-768x538.jpg",768,538,true],"large":["https:\/\/www.rgzelt.com\/wp-content\/uploads\/2019\/08\/features-3.jpg",800,560,false],"1536x1536":["https:\/\/www.rgzelt.com\/wp-content\/uploads\/2019\/08\/features-3.jpg",800,560,false],"2048x2048":["https:\/\/www.rgzelt.com\/wp-content\/uploads\/2019\/08\/features-3.jpg",800,560,false]},"uagb_author_info":{"display_name":"sitentry","author_link":"https:\/\/www.rgzelt.com\/fr\/author\/sitentry\/"},"uagb_comment_info":0,"uagb_excerpt":"Nous voulons vous offrir non seulement des soins extraordinaires mais nous consid\u00e9rons aussi l\u2019importance de vous aider \u00e0 mieux connaitre vos interventions. Nos animations 3D contiennent des visuels ainsi que des explications pour vous guider \u00e0 travers votre proc\u00e9dure chirurgicale ou non-chirurgicale.","_links":{"self":[{"href":"https:\/\/www.rgzelt.com\/fr\/wp-json\/wp\/v2\/pages\/719","targetHints":{"allow":["GET"]}}],"collection":[{"href":"https:\/\/www.rgzelt.com\/fr\/wp-json\/wp\/v2\/pages"}],"about":[{"href":"https:\/\/www.rgzelt.com\/fr\/wp-json\/wp\/v2\/types\/page"}],"author":[{"embeddable":true,"href":"https:\/\/www.rgzelt.com\/fr\/wp-json\/wp\/v2\/users\/1"}],"replies":[{"embeddable":true,"href":"https:\/\/www.rgzelt.com\/fr\/wp-json\/wp\/v2\/comments?post=719"}],"version-history":[{"count":0,"href":"https:\/\/www.rgzelt.com\/fr\/wp-json\/wp\/v2\/pages\/719\/revisions"}],"wp:featuredmedia":[{"embeddable":true,"href":"https:\/\/www.rgzelt.com\/fr\/wp-json\/wp\/v2\/media\/214"}],"wp:attachment":[{"href":"https:\/\/www.rgzelt.com\/fr\/wp-json\/wp\/v2\/media?parent=719"}],"wp:term":[{"taxonomy":"procedure","embeddable":true,"href":"https:\/\/www.rgzelt.com\/fr\/wp-json\/wp\/v2\/procedure?post=719"}],"curies":[{"name":"wp","href":"https:\/\/api.w.org\/{rel}","templated":true}]}}