{"id":720,"date":"2019-08-05T18:42:04","date_gmt":"2019-08-05T18:42:04","guid":{"rendered":"http:\/\/104.152.168.27\/~bestsurgeon5\/links\/"},"modified":"2022-01-25T22:28:11","modified_gmt":"2022-01-25T22:28:11","slug":"liens","status":"publish","type":"page","link":"https:\/\/www.rgzelt.com\/fr\/liens\/","title":{"rendered":"Liens Utiles"},"content":{"rendered":"\n<h2 class=\"wp-block-heading\">Liens vers la chirurgie plastique et la chirurgie cosm\u00e9tique<\/h2>\n\n\n\n<p>Fid\u00e8le \u00e0 nos engagements envers l\u2019information donn\u00e9e aux patients sur la chirurgie plastique et cosm\u00e9tique, les liens suivants vous permettront d\u2019en apprendre d\u2019avantage sur les proc\u00e9dures et les m\u00e9thodes pratiqu\u00e9es. Vous trouverez toutes ces informations regroup\u00e9es en cat\u00e9gories, il est toujours utile d\u2019en savoir le plus possible sur ces techniques afin d\u2019\u00eatre bien pr\u00e9par\u00e9 pour le jour de l\u2019op\u00e9ration.<\/p>\n\n\n\n<h3 class=\"wp-block-heading\"><strong>Associations<\/strong><\/h3>\n\n\n\n<p><a href=\"http:\/\/www.plasticsurgery.ca\/fr\" target=\"_blank\" rel=\"noreferrer noopener\"><strong>Soci\u00e9t\u00e9 canadienne des chirurgiens plasticiens<\/strong><\/a><br>Provenant des plus grandes \u00e9minences dans le domaine, un aper\u00e7u en profondeur \u00e0 l\u2019ensemble de cette discipline qui regroupe la chirurgie et les proc\u00e9dures plastiques et cosm\u00e9tiques.<\/p>\n\n\n\n<p><a href=\"http:\/\/www.csaps.ca\" target=\"_blank\" rel=\"noreferrer noopener\"><strong>Soci\u00e9t\u00e9 canadienne de chirurgie plastique et esth\u00e9tique<\/strong><\/a><br>Des informations et des articles pertinents sur la chirurgie plastique provenant d\u2019un des organismes les plus avanc\u00e9s dans le domaine.<\/p>\n\n\n\n<h3 class=\"wp-block-heading\"><strong>Information sur les implants mammaires<\/strong><\/h3>\n\n\n\n<p><a href=\"http:\/\/www.natrelle.ca\/fr\/home\/\" target=\"_blank\" rel=\"noreferrer noopener\"><strong>Implants mammaires NATRELLE\u00ae<\/strong><\/a>&nbsp;existent dans plus de 100 mod\u00e8les d\u2019implants diff\u00e9rents en solution saline et plus de 140 implants diff\u00e9rents contenants du gel de silicone. Ils constituent l\u2019essentiel des proth\u00e8ses existantes, avec plus de 3000 \u00e9tudes et r\u00e9visions publi\u00e9es par des pairs dans le domaine, incluant 30 \u00e9tudes \u00e9pid\u00e9miologiques publi\u00e9es afin d\u2019en d\u00e9montrer l\u2019aspect s\u00e9curitaire dans leur utilisation. L\u2019aspect s\u00e9curitaire des implants Allergan NATRELLE\u00ae est renforc\u00e9 par tous les tests pr\u00e9cliniques \u00e9tendus effectu\u00e9s par la compagnie depuis les 25 derni\u00e8res ann\u00e9es, soutenu par le recours aux implants au silicone dans le monde entier depuis les 25 derni\u00e8res ann\u00e9es, gr\u00e2ce \u00e0 la d\u00e9cennie d\u2019ann\u00e9es d\u2019\u00e9tudes cliniques publi\u00e9es aux \u00c9tats-Unis et qui concernent plus de 150 000 femmes portant soit des implants au gel soit salins, et qui ont \u00e9t\u00e9 suivies par plus de 214 000 personnes chaque ann\u00e9e. Vous trouverez des informations compl\u00e8tes sur la collection NATRELLE\u00ae en consultant&nbsp;<a href=\"http:\/\/www.natrelle.ca\/fr\/home\/\" target=\"_blank\" rel=\"noreferrer noopener\">natrelle.ca<\/a>.<\/p>\n\n\n\n<h3 class=\"wp-block-heading\"><strong>S\u00e9curit\u00e9 des implants mammaires<\/strong><\/h3>\n\n\n\n<p><a href=\"http:\/\/www.ascpeq.org\/Contenu_accueil.asp?CATEGORIE_CODE=302&amp;CONTENU_CODE=&amp;LG=1\"><strong>Association des Sp\u00e9cialistes en Chirurgie Plastique et Esth\u00e9tique du Qu\u00e9bec<\/strong><\/a><\/p>\n\n\n\n<p><strong><a href=\"https:\/\/www.plasticsurgery.org\/patient-safety\/breast-implant-safety\">American Society of Plastic Surgeons<\/a><\/strong><\/p>\n","protected":false},"excerpt":{"rendered":"<p>Liens vers la chirurgie plastique et la chirurgie cosm\u00e9tique Fid\u00e8le \u00e0 nos engagements envers l\u2019information donn\u00e9e aux patients sur la chirurgie plastique et cosm\u00e9tique, les liens suivants vous permettront d\u2019en apprendre d\u2019avantage sur les proc\u00e9dures et les m\u00e9thodes pratiqu\u00e9es. Vous trouverez toutes ces informations regroup\u00e9es en cat\u00e9gories, il est toujours utile d\u2019en savoir le plus [&hellip;]<\/p>\n","protected":false},"author":1,"featured_media":721,"parent":0,"menu_order":0,"comment_status":"closed","ping_status":"closed","template":"","meta":{"_uag_custom_page_level_css":"","footnotes":""},"procedure":[],"class_list":["post-720","page","type-page","status-publish","has-post-thumbnail","hentry"],"featured_image_urls_v2":{"full":["https:\/\/www.rgzelt.com\/wp-content\/uploads\/2019\/08\/banner-about-dr-zelt.jpg",1980,1317,false],"thumbnail":["https:\/\/www.rgzelt.com\/wp-content\/uploads\/2019\/08\/banner-about-dr-zelt-300x300.jpg",300,300,true],"medium":["https:\/\/www.rgzelt.com\/wp-content\/uploads\/2019\/08\/banner-about-dr-zelt-300x200.jpg",300,200,true],"medium_large":["https:\/\/www.rgzelt.com\/wp-content\/uploads\/2019\/08\/banner-about-dr-zelt-768x511.jpg",768,511,true],"large":["https:\/\/www.rgzelt.com\/wp-content\/uploads\/2019\/08\/banner-about-dr-zelt-1024x681.jpg",1024,681,true],"1536x1536":["https:\/\/www.rgzelt.com\/wp-content\/uploads\/2019\/08\/banner-about-dr-zelt.jpg",1536,1022,false],"2048x2048":["https:\/\/www.rgzelt.com\/wp-content\/uploads\/2019\/08\/banner-about-dr-zelt.jpg",1980,1317,false]},"post_excerpt_stackable_v2":"<p>Liens vers la chirurgie plastique et la chirurgie cosm\u00e9tique Fid\u00e8le \u00e0 nos engagements envers l\u2019information donn\u00e9e aux patients sur la chirurgie plastique et cosm\u00e9tique, les liens suivants vous permettront d\u2019en apprendre d\u2019avantage sur les proc\u00e9dures et les m\u00e9thodes pratiqu\u00e9es. Vous trouverez toutes ces informations regroup\u00e9es en cat\u00e9gories, il est toujours utile d\u2019en savoir le plus possible sur ces techniques afin d\u2019\u00eatre bien pr\u00e9par\u00e9 pour le jour de l\u2019op\u00e9ration. Associations Soci\u00e9t\u00e9 canadienne des chirurgiens plasticiensProvenant des plus grandes \u00e9minences dans le domaine, un aper\u00e7u en profondeur \u00e0 l\u2019ensemble de cette discipline qui regroupe la chirurgie et les proc\u00e9dures plastiques et cosm\u00e9tiques.&hellip;<\/p>\n","category_list_v2":"","author_info_v2":{"name":"sitentry","url":"https:\/\/www.rgzelt.com\/fr\/author\/sitentry\/"},"comments_num_v2":"0 comments","yoast_head":"<!-- This site is optimized with the Yoast SEO plugin v27.5 - https:\/\/yoast.com\/product\/yoast-seo-wordpress\/ -->\n<title>Liens Utiles<\/title>\n<meta name=\"description\" content=\"Liens utiles.\" \/>\n<meta name=\"robots\" content=\"index, follow, max-snippet:-1, max-image-preview:large, max-video-preview:-1\" \/>\n<link rel=\"canonical\" href=\"https:\/\/www.rgzelt.com\/links\/\" \/>\n<meta property=\"og:locale\" content=\"fr_CA\" \/>\n<meta property=\"og:type\" content=\"article\" \/>\n<meta property=\"og:title\" content=\"Liens Utiles\" \/>\n<meta property=\"og:description\" content=\"Liens utiles.\" \/>\n<meta property=\"og:url\" content=\"https:\/\/www.rgzelt.com\/links\/\" \/>\n<meta property=\"og:site_name\" content=\"Plastic Surgeon Montreal - Breast - Body - Face - Surgery | Dr. R.G Zelt\" \/>\n<meta property=\"article:modified_time\" content=\"2022-01-25T22:28:11+00:00\" \/>\n<meta property=\"og:image\" content=\"https:\/\/www.rgzelt.com\/wp-content\/uploads\/2019\/08\/banner-about-dr-zelt.jpg\" \/>\n\t<meta property=\"og:image:width\" content=\"1980\" \/>\n\t<meta property=\"og:image:height\" content=\"1317\" \/>\n\t<meta property=\"og:image:type\" content=\"image\/jpeg\" \/>\n<meta name=\"twitter:card\" content=\"summary_large_image\" \/>\n<meta name=\"twitter:label1\" content=\"Estimation du temps de lecture\" \/>\n\t<meta name=\"twitter:data1\" content=\"2 minutes\" \/>\n<script type=\"application\/ld+json\" class=\"yoast-schema-graph\">{\"@context\":\"https:\\\/\\\/schema.org\",\"@graph\":[{\"@type\":\"WebPage\",\"@id\":\"https:\\\/\\\/www.rgzelt.com\\\/links\\\/\",\"url\":\"https:\\\/\\\/www.rgzelt.com\\\/links\\\/\",\"name\":\"Liens Utiles\",\"isPartOf\":{\"@id\":\"https:\\\/\\\/www.rgzelt.com\\\/#website\"},\"primaryImageOfPage\":{\"@id\":\"https:\\\/\\\/www.rgzelt.com\\\/links\\\/#primaryimage\"},\"image\":{\"@id\":\"https:\\\/\\\/www.rgzelt.com\\\/links\\\/#primaryimage\"},\"thumbnailUrl\":\"https:\\\/\\\/www.rgzelt.com\\\/wp-content\\\/uploads\\\/2019\\\/08\\\/banner-about-dr-zelt.jpg\",\"datePublished\":\"2019-08-05T18:42:04+00:00\",\"dateModified\":\"2022-01-25T22:28:11+00:00\",\"description\":\"Liens utiles.\",\"breadcrumb\":{\"@id\":\"https:\\\/\\\/www.rgzelt.com\\\/links\\\/#breadcrumb\"},\"inLanguage\":\"fr-CA\",\"potentialAction\":[{\"@type\":\"ReadAction\",\"target\":[\"https:\\\/\\\/www.rgzelt.com\\\/links\\\/\"]}]},{\"@type\":\"ImageObject\",\"inLanguage\":\"fr-CA\",\"@id\":\"https:\\\/\\\/www.rgzelt.com\\\/links\\\/#primaryimage\",\"url\":\"https:\\\/\\\/www.rgzelt.com\\\/wp-content\\\/uploads\\\/2019\\\/08\\\/banner-about-dr-zelt.jpg\",\"contentUrl\":\"https:\\\/\\\/www.rgzelt.com\\\/wp-content\\\/uploads\\\/2019\\\/08\\\/banner-about-dr-zelt.jpg\",\"width\":1980,\"height\":1317},{\"@type\":\"BreadcrumbList\",\"@id\":\"https:\\\/\\\/www.rgzelt.com\\\/links\\\/#breadcrumb\",\"itemListElement\":[{\"@type\":\"ListItem\",\"position\":1,\"name\":\"Home\",\"item\":\"https:\\\/\\\/www.rgzelt.com\\\/fr\\\/\"},{\"@type\":\"ListItem\",\"position\":2,\"name\":\"Liens Utiles\"}]},{\"@type\":\"WebSite\",\"@id\":\"https:\\\/\\\/www.rgzelt.com\\\/#website\",\"url\":\"https:\\\/\\\/www.rgzelt.com\\\/\",\"name\":\"Plastic Surgeon Montreal - Breast - Body - Face - Surgery | Dr. R.G Zelt\",\"description\":\"\",\"potentialAction\":[{\"@type\":\"SearchAction\",\"target\":{\"@type\":\"EntryPoint\",\"urlTemplate\":\"https:\\\/\\\/www.rgzelt.com\\\/?s={search_term_string}\"},\"query-input\":{\"@type\":\"PropertyValueSpecification\",\"valueRequired\":true,\"valueName\":\"search_term_string\"}}],\"inLanguage\":\"fr-CA\"}]}<\/script>\n<!-- \/ Yoast SEO plugin. -->","yoast_head_json":{"title":"Liens Utiles","description":"Liens utiles.","robots":{"index":"index","follow":"follow","max-snippet":"max-snippet:-1","max-image-preview":"max-image-preview:large","max-video-preview":"max-video-preview:-1"},"canonical":"https:\/\/www.rgzelt.com\/links\/","og_locale":"fr_CA","og_type":"article","og_title":"Liens Utiles","og_description":"Liens utiles.","og_url":"https:\/\/www.rgzelt.com\/links\/","og_site_name":"Plastic Surgeon Montreal - Breast - Body - Face - Surgery | Dr. R.G Zelt","article_modified_time":"2022-01-25T22:28:11+00:00","og_image":[{"width":1980,"height":1317,"url":"https:\/\/www.rgzelt.com\/wp-content\/uploads\/2019\/08\/banner-about-dr-zelt.jpg","type":"image\/jpeg"}],"twitter_card":"summary_large_image","twitter_misc":{"Estimation du temps de lecture":"2 minutes"},"schema":{"@context":"https:\/\/schema.org","@graph":[{"@type":"WebPage","@id":"https:\/\/www.rgzelt.com\/links\/","url":"https:\/\/www.rgzelt.com\/links\/","name":"Liens Utiles","isPartOf":{"@id":"https:\/\/www.rgzelt.com\/#website"},"primaryImageOfPage":{"@id":"https:\/\/www.rgzelt.com\/links\/#primaryimage"},"image":{"@id":"https:\/\/www.rgzelt.com\/links\/#primaryimage"},"thumbnailUrl":"https:\/\/www.rgzelt.com\/wp-content\/uploads\/2019\/08\/banner-about-dr-zelt.jpg","datePublished":"2019-08-05T18:42:04+00:00","dateModified":"2022-01-25T22:28:11+00:00","description":"Liens utiles.","breadcrumb":{"@id":"https:\/\/www.rgzelt.com\/links\/#breadcrumb"},"inLanguage":"fr-CA","potentialAction":[{"@type":"ReadAction","target":["https:\/\/www.rgzelt.com\/links\/"]}]},{"@type":"ImageObject","inLanguage":"fr-CA","@id":"https:\/\/www.rgzelt.com\/links\/#primaryimage","url":"https:\/\/www.rgzelt.com\/wp-content\/uploads\/2019\/08\/banner-about-dr-zelt.jpg","contentUrl":"https:\/\/www.rgzelt.com\/wp-content\/uploads\/2019\/08\/banner-about-dr-zelt.jpg","width":1980,"height":1317},{"@type":"BreadcrumbList","@id":"https:\/\/www.rgzelt.com\/links\/#breadcrumb","itemListElement":[{"@type":"ListItem","position":1,"name":"Home","item":"https:\/\/www.rgzelt.com\/fr\/"},{"@type":"ListItem","position":2,"name":"Liens Utiles"}]},{"@type":"WebSite","@id":"https:\/\/www.rgzelt.com\/#website","url":"https:\/\/www.rgzelt.com\/","name":"Plastic Surgeon Montreal - Breast - Body - Face - Surgery | Dr. R.G Zelt","description":"","potentialAction":[{"@type":"SearchAction","target":{"@type":"EntryPoint","urlTemplate":"https:\/\/www.rgzelt.com\/?s={search_term_string}"},"query-input":{"@type":"PropertyValueSpecification","valueRequired":true,"valueName":"search_term_string"}}],"inLanguage":"fr-CA"}]}},"uagb_featured_image_src":{"full":["https:\/\/www.rgzelt.com\/wp-content\/uploads\/2019\/08\/banner-about-dr-zelt.jpg",1980,1317,false],"thumbnail":["https:\/\/www.rgzelt.com\/wp-content\/uploads\/2019\/08\/banner-about-dr-zelt-300x300.jpg",300,300,true],"medium":["https:\/\/www.rgzelt.com\/wp-content\/uploads\/2019\/08\/banner-about-dr-zelt-300x200.jpg",300,200,true],"medium_large":["https:\/\/www.rgzelt.com\/wp-content\/uploads\/2019\/08\/banner-about-dr-zelt-768x511.jpg",768,511,true],"large":["https:\/\/www.rgzelt.com\/wp-content\/uploads\/2019\/08\/banner-about-dr-zelt-1024x681.jpg",1024,681,true],"1536x1536":["https:\/\/www.rgzelt.com\/wp-content\/uploads\/2019\/08\/banner-about-dr-zelt.jpg",1536,1022,false],"2048x2048":["https:\/\/www.rgzelt.com\/wp-content\/uploads\/2019\/08\/banner-about-dr-zelt.jpg",1980,1317,false]},"uagb_author_info":{"display_name":"sitentry","author_link":"https:\/\/www.rgzelt.com\/fr\/author\/sitentry\/"},"uagb_comment_info":0,"uagb_excerpt":"Liens vers la chirurgie plastique et la chirurgie cosm\u00e9tique Fid\u00e8le \u00e0 nos engagements envers l\u2019information donn\u00e9e aux patients sur la chirurgie plastique et cosm\u00e9tique, les liens suivants vous permettront d\u2019en apprendre d\u2019avantage sur les proc\u00e9dures et les m\u00e9thodes pratiqu\u00e9es. Vous trouverez toutes ces informations regroup\u00e9es en cat\u00e9gories, il est toujours utile d\u2019en savoir le plus&hellip;","_links":{"self":[{"href":"https:\/\/www.rgzelt.com\/fr\/wp-json\/wp\/v2\/pages\/720","targetHints":{"allow":["GET"]}}],"collection":[{"href":"https:\/\/www.rgzelt.com\/fr\/wp-json\/wp\/v2\/pages"}],"about":[{"href":"https:\/\/www.rgzelt.com\/fr\/wp-json\/wp\/v2\/types\/page"}],"author":[{"embeddable":true,"href":"https:\/\/www.rgzelt.com\/fr\/wp-json\/wp\/v2\/users\/1"}],"replies":[{"embeddable":true,"href":"https:\/\/www.rgzelt.com\/fr\/wp-json\/wp\/v2\/comments?post=720"}],"version-history":[{"count":1,"href":"https:\/\/www.rgzelt.com\/fr\/wp-json\/wp\/v2\/pages\/720\/revisions"}],"predecessor-version":[{"id":2482,"href":"https:\/\/www.rgzelt.com\/fr\/wp-json\/wp\/v2\/pages\/720\/revisions\/2482"}],"wp:featuredmedia":[{"embeddable":true,"href":"https:\/\/www.rgzelt.com\/fr\/wp-json\/wp\/v2\/media\/721"}],"wp:attachment":[{"href":"https:\/\/www.rgzelt.com\/fr\/wp-json\/wp\/v2\/media?parent=720"}],"wp:term":[{"taxonomy":"procedure","embeddable":true,"href":"https:\/\/www.rgzelt.com\/fr\/wp-json\/wp\/v2\/procedure?post=720"}],"curies":[{"name":"wp","href":"https:\/\/api.w.org\/{rel}","templated":true}]}}