{"id":726,"date":"2019-08-05T18:41:06","date_gmt":"2019-08-05T18:41:06","guid":{"rendered":"http:\/\/104.152.168.27\/~bestsurgeon5\/financing\/"},"modified":"2026-02-20T21:54:35","modified_gmt":"2026-02-20T21:54:35","slug":"financement","status":"publish","type":"page","link":"https:\/\/www.rgzelt.com\/fr\/financement\/","title":{"rendered":"\u00c0 propos du financement"},"content":{"rendered":"\n<p>La chirurgie au priv\u00e9 est abordable! Des options de financement rapides et simples sont offertes. Nous faisons affaire exclusivement avec <a href=\"https:\/\/www.medicard.com\/\" target=\"_blank\" rel=\"noreferrer noopener\">Medicard<\/a>, la principale soci\u00e9t\u00e9 de financement au Canada, qui propose des programmes avec des paiements mensuels pratiques pour les patients souhaitant des interventions priv\u00e9es et esth\u00e9tiques.<\/p>\n\n\n\n<p>Medicard offre une fa\u00e7on simple et abordable de financer vos soins et vous permet d\u2019obtenir imm\u00e9diatement les services que vous d\u00e9sirez. Les programmes de financement de Medicard vous aident \u00e0 ne pas retarder votre traitement pour des raisons de co\u00fbt, en vous offrant diff\u00e9rentes modalit\u00e9s de financement avec des paiements mensuels pratiques. Nous payons votre m\u00e9decin ou votre fournisseur de services en totalit\u00e9 d\u00e8s maintenant, et vous nous remboursez ensuite par des versements mensuels abordables.<\/p>\n\n\n\n<h2 class=\"wp-block-heading\">Simple<\/h2>\n\n\n\n<p>Faire une demande de financement aupr\u00e8s de Medicard est aussi simple que de remplir une courte demande. Vous pouvez faire votre demande par t\u00e9l\u00e9phone, obtenir un formulaire au cabinet de votre chirurgien, ou encore faire <a href=\"https:\/\/www.medicard.com\/apply-now.php?lang=fr\" target=\"_blank\" rel=\"noreferrer noopener\">votre demande directement en ligne<\/a>.<\/p>\n\n\n<div class=\"wp-block-image\">\n<figure class=\"alignright\"><a href=\"https:\/\/www.medicard.com\/how-ifinance-medical-works.php\" target=\"_blank\" rel=\"noreferrer noopener\"><img loading=\"lazy\" decoding=\"async\" width=\"480\" height=\"141\" src=\"http:\/\/www.rgzelt.com\/wp-content\/uploads\/2019\/08\/medicard.png\" alt=\"\" class=\"wp-image-436\" srcset=\"https:\/\/www.rgzelt.com\/wp-content\/uploads\/2019\/08\/medicard.png 480w, https:\/\/www.rgzelt.com\/wp-content\/uploads\/2019\/08\/medicard-300x88.png 300w\" sizes=\"auto, (max-width: 480px) 100vw, 480px\" \/><\/a><\/figure>\n<\/div>\n\n\n<h2 class=\"wp-block-heading\">Rapide<\/h2>\n\n\n\n<p>Une fois votre demande re\u00e7ue, l\u2019approbation devrait \u00eatre confirm\u00e9e en quelques minutes.<\/p>\n\n\n\n<h2 class=\"wp-block-heading\">Pratique<\/h2>\n\n\n\n<p>Le personnel professionnel et exp\u00e9riment\u00e9 de Medicard s\u2019engage \u00e0 vous aider \u00e0 obtenir un financement pour votre chirurgie. Appelez-nous si vous avez des questions ou si nous pouvons vous assister au <a href=\"tel:18886899876\" type=\"tel\" id=\"tel:18886899876\">1-888-689-9876<\/a>.<\/p>\n\n\n\n<h2 class=\"wp-block-heading\">Avec Medicard, vous profitez des meilleurs avantages<\/h2>\n\n\n\n<ul class=\"wp-block-list\">\n<li>Taux d\u2019approbation \u00e9lev\u00e9<\/li>\n\n\n\n<li>Taux d\u2019int\u00e9r\u00eat concurrentiels<\/li>\n\n\n\n<li>Processus rapide et confidentiel<\/li>\n\n\n\n<li>Aucun acompte<\/li>\n\n\n\n<li>Faibles paiements mensuels<\/li>\n\n\n\n<li>Aucune p\u00e9nalit\u00e9 pour remboursement anticip\u00e9<\/li>\n\n\n\n<li>Aucune garantie requise<\/li>\n<\/ul>\n\n\n<div class=\"wp-block-image\">\n<figure class=\"alignright\"><a href=\"https:\/\/www.medicard.com\/apply-now.php\" target=\"_blank\" rel=\"noreferrer noopener\"><img loading=\"lazy\" decoding=\"async\" width=\"462\" height=\"87\" src=\"http:\/\/www.rgzelt.com\/wp-content\/uploads\/2019\/08\/medicard2.png\" alt=\"\" class=\"wp-image-439\" srcset=\"https:\/\/www.rgzelt.com\/wp-content\/uploads\/2019\/08\/medicard2.png 462w, https:\/\/www.rgzelt.com\/wp-content\/uploads\/2019\/08\/medicard2-300x56.png 300w\" sizes=\"auto, (max-width: 462px) 100vw, 462px\" \/><\/a><\/figure>\n<\/div>\n\n\n<p>Nous payons votre chirurgien en totalit\u00e9 d\u00e8s maintenant, et vous nous remboursez ensuite par des versements mensuels abordables.\u00a0<a href=\"https:\/\/www.medicard.com\/apply-now.php?lang=fr\" target=\"_blank\" rel=\"noreferrer noopener\">Faites votre demande d\u00e8s maintenant!<\/a><\/p>\n\n\n\n<p>Pour plus d\u2019information, visitez\u00a0<a href=\"http:\/\/www.medicard.com\/\" target=\"_blank\" rel=\"noreferrer noopener\">www.medicard.com<\/a>\u00a0ou appelez le <a href=\"tel:18886899876\">1-888-689-9876<\/a> d\u00e8s aujourd&rsquo;hui.<\/p>\n\n\n\n<p>Si vous avez des questions, veuillez\u00a0<a href=\"https:\/\/www.rgzelt.com\/fr\/contact\/\">contacter Dr. Zelt<\/a>\u00a0aujourd&rsquo;hui.<\/p>\n","protected":false},"excerpt":{"rendered":"<p>La chirurgie au priv\u00e9 est abordable! Des options de financement rapides et simples sont offertes. Nous faisons affaire exclusivement avec Medicard, la principale soci\u00e9t\u00e9 de financement au Canada, qui propose des programmes avec des paiements mensuels pratiques pour les patients souhaitant des interventions priv\u00e9es et esth\u00e9tiques. Medicard offre une fa\u00e7on simple et abordable de financer [&hellip;]<\/p>\n","protected":false},"author":1,"featured_media":435,"parent":0,"menu_order":0,"comment_status":"closed","ping_status":"closed","template":"","meta":{"_uag_custom_page_level_css":"","footnotes":""},"procedure":[],"class_list":["post-726","page","type-page","status-publish","has-post-thumbnail","hentry"],"featured_image_urls_v2":{"full":["https:\/\/www.rgzelt.com\/wp-content\/uploads\/2019\/08\/2029.jpg",1200,600,false],"thumbnail":["https:\/\/www.rgzelt.com\/wp-content\/uploads\/2019\/08\/2029-300x300.jpg",300,300,true],"medium":["https:\/\/www.rgzelt.com\/wp-content\/uploads\/2019\/08\/2029-300x150.jpg",300,150,true],"medium_large":["https:\/\/www.rgzelt.com\/wp-content\/uploads\/2019\/08\/2029-768x384.jpg",768,384,true],"large":["https:\/\/www.rgzelt.com\/wp-content\/uploads\/2019\/08\/2029-1024x512.jpg",1024,512,true],"1536x1536":["https:\/\/www.rgzelt.com\/wp-content\/uploads\/2019\/08\/2029.jpg",1200,600,false],"2048x2048":["https:\/\/www.rgzelt.com\/wp-content\/uploads\/2019\/08\/2029.jpg",1200,600,false]},"post_excerpt_stackable_v2":"<p>La chirurgie au priv\u00e9 est abordable! Des options de financement rapides et simples sont offertes. Nous faisons affaire exclusivement avec Medicard, la principale soci\u00e9t\u00e9 de financement au Canada, qui propose des programmes avec des paiements mensuels pratiques pour les patients souhaitant des interventions priv\u00e9es et esth\u00e9tiques. Medicard offre une fa\u00e7on simple et abordable de financer vos soins et vous permet d\u2019obtenir imm\u00e9diatement les services que vous d\u00e9sirez. Les programmes de financement de Medicard vous aident \u00e0 ne pas retarder votre traitement pour des raisons de co\u00fbt, en vous offrant diff\u00e9rentes modalit\u00e9s de financement avec des paiements mensuels pratiques. Nous payons&hellip;<\/p>\n","category_list_v2":"","author_info_v2":{"name":"sitentry","url":"https:\/\/www.rgzelt.com\/fr\/author\/sitentry\/"},"comments_num_v2":"0 comments","yoast_head":"<!-- This site is optimized with the Yoast SEO plugin v27.5 - https:\/\/yoast.com\/product\/yoast-seo-wordpress\/ -->\n<title>\u00c0 propos du financement.<\/title>\n<meta name=\"description\" content=\"\u00c0 propos du financement.\" \/>\n<meta name=\"robots\" content=\"index, follow, max-snippet:-1, max-image-preview:large, max-video-preview:-1\" \/>\n<link rel=\"canonical\" href=\"https:\/\/www.rgzelt.com\/fr\/financement\/\" \/>\n<meta property=\"og:locale\" content=\"fr_CA\" \/>\n<meta property=\"og:type\" content=\"article\" \/>\n<meta property=\"og:title\" content=\"\u00c0 propos du financement.\" \/>\n<meta property=\"og:description\" content=\"\u00c0 propos du financement.\" \/>\n<meta property=\"og:url\" content=\"https:\/\/www.rgzelt.com\/fr\/financement\/\" \/>\n<meta property=\"og:site_name\" content=\"Plastic Surgeon Montreal - Breast - Body - Face - Surgery | Dr. R.G Zelt\" \/>\n<meta property=\"article:modified_time\" content=\"2026-02-20T21:54:35+00:00\" \/>\n<meta property=\"og:image\" content=\"http:\/\/www.rgzelt.com\/wp-content\/uploads\/2019\/08\/2029.jpg\" \/>\n\t<meta property=\"og:image:width\" content=\"1200\" \/>\n\t<meta property=\"og:image:height\" content=\"600\" \/>\n\t<meta property=\"og:image:type\" content=\"image\/jpeg\" \/>\n<meta name=\"twitter:card\" content=\"summary_large_image\" \/>\n<meta name=\"twitter:label1\" content=\"Estimation du temps de lecture\" \/>\n\t<meta name=\"twitter:data1\" content=\"2 minutes\" \/>\n<script type=\"application\/ld+json\" class=\"yoast-schema-graph\">{\"@context\":\"https:\\\/\\\/schema.org\",\"@graph\":[{\"@type\":\"WebPage\",\"@id\":\"https:\\\/\\\/www.rgzelt.com\\\/fr\\\/financement\\\/\",\"url\":\"https:\\\/\\\/www.rgzelt.com\\\/fr\\\/financement\\\/\",\"name\":\"\u00c0 propos du financement.\",\"isPartOf\":{\"@id\":\"https:\\\/\\\/www.rgzelt.com\\\/#website\"},\"primaryImageOfPage\":{\"@id\":\"https:\\\/\\\/www.rgzelt.com\\\/fr\\\/financement\\\/#primaryimage\"},\"image\":{\"@id\":\"https:\\\/\\\/www.rgzelt.com\\\/fr\\\/financement\\\/#primaryimage\"},\"thumbnailUrl\":\"https:\\\/\\\/www.rgzelt.com\\\/wp-content\\\/uploads\\\/2019\\\/08\\\/2029.jpg\",\"datePublished\":\"2019-08-05T18:41:06+00:00\",\"dateModified\":\"2026-02-20T21:54:35+00:00\",\"description\":\"\u00c0 propos du financement.\",\"breadcrumb\":{\"@id\":\"https:\\\/\\\/www.rgzelt.com\\\/fr\\\/financement\\\/#breadcrumb\"},\"inLanguage\":\"fr-CA\",\"potentialAction\":[{\"@type\":\"ReadAction\",\"target\":[\"https:\\\/\\\/www.rgzelt.com\\\/fr\\\/financement\\\/\"]}]},{\"@type\":\"ImageObject\",\"inLanguage\":\"fr-CA\",\"@id\":\"https:\\\/\\\/www.rgzelt.com\\\/fr\\\/financement\\\/#primaryimage\",\"url\":\"https:\\\/\\\/www.rgzelt.com\\\/wp-content\\\/uploads\\\/2019\\\/08\\\/2029.jpg\",\"contentUrl\":\"https:\\\/\\\/www.rgzelt.com\\\/wp-content\\\/uploads\\\/2019\\\/08\\\/2029.jpg\",\"width\":1200,\"height\":600},{\"@type\":\"BreadcrumbList\",\"@id\":\"https:\\\/\\\/www.rgzelt.com\\\/fr\\\/financement\\\/#breadcrumb\",\"itemListElement\":[{\"@type\":\"ListItem\",\"position\":1,\"name\":\"Home\",\"item\":\"https:\\\/\\\/www.rgzelt.com\\\/fr\\\/\"},{\"@type\":\"ListItem\",\"position\":2,\"name\":\"\u00c0 propos du financement\"}]},{\"@type\":\"WebSite\",\"@id\":\"https:\\\/\\\/www.rgzelt.com\\\/#website\",\"url\":\"https:\\\/\\\/www.rgzelt.com\\\/\",\"name\":\"Plastic Surgeon Montreal - Breast - Body - Face - Surgery | Dr. R.G Zelt\",\"description\":\"\",\"potentialAction\":[{\"@type\":\"SearchAction\",\"target\":{\"@type\":\"EntryPoint\",\"urlTemplate\":\"https:\\\/\\\/www.rgzelt.com\\\/?s={search_term_string}\"},\"query-input\":{\"@type\":\"PropertyValueSpecification\",\"valueRequired\":true,\"valueName\":\"search_term_string\"}}],\"inLanguage\":\"fr-CA\"}]}<\/script>\n<!-- \/ Yoast SEO plugin. -->","yoast_head_json":{"title":"\u00c0 propos du financement.","description":"\u00c0 propos du financement.","robots":{"index":"index","follow":"follow","max-snippet":"max-snippet:-1","max-image-preview":"max-image-preview:large","max-video-preview":"max-video-preview:-1"},"canonical":"https:\/\/www.rgzelt.com\/fr\/financement\/","og_locale":"fr_CA","og_type":"article","og_title":"\u00c0 propos du financement.","og_description":"\u00c0 propos du financement.","og_url":"https:\/\/www.rgzelt.com\/fr\/financement\/","og_site_name":"Plastic Surgeon Montreal - Breast - Body - Face - Surgery | Dr. R.G Zelt","article_modified_time":"2026-02-20T21:54:35+00:00","og_image":[{"width":1200,"height":600,"url":"http:\/\/www.rgzelt.com\/wp-content\/uploads\/2019\/08\/2029.jpg","type":"image\/jpeg"}],"twitter_card":"summary_large_image","twitter_misc":{"Estimation du temps de lecture":"2 minutes"},"schema":{"@context":"https:\/\/schema.org","@graph":[{"@type":"WebPage","@id":"https:\/\/www.rgzelt.com\/fr\/financement\/","url":"https:\/\/www.rgzelt.com\/fr\/financement\/","name":"\u00c0 propos du financement.","isPartOf":{"@id":"https:\/\/www.rgzelt.com\/#website"},"primaryImageOfPage":{"@id":"https:\/\/www.rgzelt.com\/fr\/financement\/#primaryimage"},"image":{"@id":"https:\/\/www.rgzelt.com\/fr\/financement\/#primaryimage"},"thumbnailUrl":"https:\/\/www.rgzelt.com\/wp-content\/uploads\/2019\/08\/2029.jpg","datePublished":"2019-08-05T18:41:06+00:00","dateModified":"2026-02-20T21:54:35+00:00","description":"\u00c0 propos du financement.","breadcrumb":{"@id":"https:\/\/www.rgzelt.com\/fr\/financement\/#breadcrumb"},"inLanguage":"fr-CA","potentialAction":[{"@type":"ReadAction","target":["https:\/\/www.rgzelt.com\/fr\/financement\/"]}]},{"@type":"ImageObject","inLanguage":"fr-CA","@id":"https:\/\/www.rgzelt.com\/fr\/financement\/#primaryimage","url":"https:\/\/www.rgzelt.com\/wp-content\/uploads\/2019\/08\/2029.jpg","contentUrl":"https:\/\/www.rgzelt.com\/wp-content\/uploads\/2019\/08\/2029.jpg","width":1200,"height":600},{"@type":"BreadcrumbList","@id":"https:\/\/www.rgzelt.com\/fr\/financement\/#breadcrumb","itemListElement":[{"@type":"ListItem","position":1,"name":"Home","item":"https:\/\/www.rgzelt.com\/fr\/"},{"@type":"ListItem","position":2,"name":"\u00c0 propos du financement"}]},{"@type":"WebSite","@id":"https:\/\/www.rgzelt.com\/#website","url":"https:\/\/www.rgzelt.com\/","name":"Plastic Surgeon Montreal - Breast - Body - Face - Surgery | Dr. R.G Zelt","description":"","potentialAction":[{"@type":"SearchAction","target":{"@type":"EntryPoint","urlTemplate":"https:\/\/www.rgzelt.com\/?s={search_term_string}"},"query-input":{"@type":"PropertyValueSpecification","valueRequired":true,"valueName":"search_term_string"}}],"inLanguage":"fr-CA"}]}},"uagb_featured_image_src":{"full":["https:\/\/www.rgzelt.com\/wp-content\/uploads\/2019\/08\/2029.jpg",1200,600,false],"thumbnail":["https:\/\/www.rgzelt.com\/wp-content\/uploads\/2019\/08\/2029-300x300.jpg",300,300,true],"medium":["https:\/\/www.rgzelt.com\/wp-content\/uploads\/2019\/08\/2029-300x150.jpg",300,150,true],"medium_large":["https:\/\/www.rgzelt.com\/wp-content\/uploads\/2019\/08\/2029-768x384.jpg",768,384,true],"large":["https:\/\/www.rgzelt.com\/wp-content\/uploads\/2019\/08\/2029-1024x512.jpg",1024,512,true],"1536x1536":["https:\/\/www.rgzelt.com\/wp-content\/uploads\/2019\/08\/2029.jpg",1200,600,false],"2048x2048":["https:\/\/www.rgzelt.com\/wp-content\/uploads\/2019\/08\/2029.jpg",1200,600,false]},"uagb_author_info":{"display_name":"sitentry","author_link":"https:\/\/www.rgzelt.com\/fr\/author\/sitentry\/"},"uagb_comment_info":0,"uagb_excerpt":"La chirurgie au priv\u00e9 est abordable! Des options de financement rapides et simples sont offertes. Nous faisons affaire exclusivement avec Medicard, la principale soci\u00e9t\u00e9 de financement au Canada, qui propose des programmes avec des paiements mensuels pratiques pour les patients souhaitant des interventions priv\u00e9es et esth\u00e9tiques. Medicard offre une fa\u00e7on simple et abordable de financer&hellip;","_links":{"self":[{"href":"https:\/\/www.rgzelt.com\/fr\/wp-json\/wp\/v2\/pages\/726","targetHints":{"allow":["GET"]}}],"collection":[{"href":"https:\/\/www.rgzelt.com\/fr\/wp-json\/wp\/v2\/pages"}],"about":[{"href":"https:\/\/www.rgzelt.com\/fr\/wp-json\/wp\/v2\/types\/page"}],"author":[{"embeddable":true,"href":"https:\/\/www.rgzelt.com\/fr\/wp-json\/wp\/v2\/users\/1"}],"replies":[{"embeddable":true,"href":"https:\/\/www.rgzelt.com\/fr\/wp-json\/wp\/v2\/comments?post=726"}],"version-history":[{"count":6,"href":"https:\/\/www.rgzelt.com\/fr\/wp-json\/wp\/v2\/pages\/726\/revisions"}],"predecessor-version":[{"id":4907,"href":"https:\/\/www.rgzelt.com\/fr\/wp-json\/wp\/v2\/pages\/726\/revisions\/4907"}],"wp:featuredmedia":[{"embeddable":true,"href":"https:\/\/www.rgzelt.com\/fr\/wp-json\/wp\/v2\/media\/435"}],"wp:attachment":[{"href":"https:\/\/www.rgzelt.com\/fr\/wp-json\/wp\/v2\/media?parent=726"}],"wp:term":[{"taxonomy":"procedure","embeddable":true,"href":"https:\/\/www.rgzelt.com\/fr\/wp-json\/wp\/v2\/procedure?post=726"}],"curies":[{"name":"wp","href":"https:\/\/api.w.org\/{rel}","templated":true}]}}