{"id":727,"date":"2019-08-05T18:40:53","date_gmt":"2019-08-05T18:40:53","guid":{"rendered":"http:\/\/104.152.168.27\/~bestsurgeon5\/your-consultation\/"},"modified":"2024-11-15T00:11:22","modified_gmt":"2024-11-15T00:11:22","slug":"votre-consultation","status":"publish","type":"page","link":"https:\/\/www.rgzelt.com\/fr\/votre-consultation\/","title":{"rendered":"Votre consultation"},"content":{"rendered":"\n<p>Apr\u00e8s des ann\u00e9es o\u00f9 on la percevait comme \u00e9tant r\u00e9serv\u00e9e aux gens riches et c\u00e9l\u00e8bres, la chirurgie esth\u00e9tique est maintenant recherch\u00e9e par des hommes et des femmes de toutes les fourchettes de revenus. En plus de l\u2019augmentation des moyens financiers et d\u2019une gamme d\u2019options de paiement, le financement est maintenant offert.<\/p>\n\n\n\n<h2 class=\"wp-block-heading\">Votre consultation<\/h2>\n\n\n\n<p>Des honoraires de consultation de 200 $ seront demand\u00e9s pour la premi\u00e8re visite seulement, ils seront r\u00e9duits du devis si vous acceptez d\u2019aller de l\u2019avant avec l\u2019op\u00e9ration. La premi\u00e8re consultation dure normalement de 30 \u00e0 45 minutes. Il n\u2019y a pas d\u2019honoraires pour les visites suivantes li\u00e9es \u00e0 votre intervention ni pour les futures autres visites sans lien avec celle-ci.<\/p>\n\n\n\n<p>Pendant votre consultation, nous discuterons de vos objectifs et de vos attentes face \u00e0 l\u2019op\u00e9ration, nous r\u00e9viserons vos ant\u00e9c\u00e9dents m\u00e9dicaux et votre sant\u00e9 actuelle, et nous ferons une \u00e9valuation pour d\u00e9terminer si la ou les interventions peuvent convenir \u00e0 votre situation. C\u2019est un bon moment pour poser des questions pr\u00e9cises concernant les interventions, pour faire en sorte de bien vous pr\u00e9parer, mentalement et \u00e9motionnellement, \u00e0 l\u2019op\u00e9ration. Nous discuterons aussi des r\u00e9sultats que l\u2019on peut obtenir, avec l\u2019aide de la visualisation par ordinateur dans certains cas.<\/p>\n\n\n\n<p>Un d\u00e9pliant-guide contenant les d\u00e9tails de l\u2019op\u00e9ration qui vous int\u00e9resse vous sera remis pour vous permettre de le consulter \u00e0 la maison. Apr\u00e8s votre consultation, Natalie Gordon, notre gestionnaire de pratique, vous fournira un devis personnalis\u00e9 qui comprendra tous les frais et honoraires de votre prochaine op\u00e9ration.<\/p>\n\n\n\n<h2 class=\"wp-block-heading\">Paiement<\/h2>\n\n\n\n<p>Une gamme d\u2019options de paiement est aussi offerte, incluant l\u2019argent comptant, ch\u00e8que certifi\u00e9, mandat bancaire, carte de d\u00e9bit, VISA, MasterCard et American Express. Le financement est offert par le biais de Medicard pour les patients souhaitant financer leurs interventions.<\/p>\n","protected":false},"excerpt":{"rendered":"<p>Apr\u00e8s des ann\u00e9es o\u00f9 on la percevait comme \u00e9tant r\u00e9serv\u00e9e aux gens riches et c\u00e9l\u00e8bres, la chirurgie esth\u00e9tique est maintenant recherch\u00e9e par des hommes et des femmes de toutes les fourchettes de revenus. En plus de l\u2019augmentation des moyens financiers et d\u2019une gamme d\u2019options de paiement, le financement est maintenant offert. Votre consultation Des honoraires [&hellip;]<\/p>\n","protected":false},"author":1,"featured_media":432,"parent":0,"menu_order":0,"comment_status":"closed","ping_status":"closed","template":"","meta":{"_uag_custom_page_level_css":"","footnotes":""},"procedure":[],"class_list":["post-727","page","type-page","status-publish","has-post-thumbnail","hentry"],"featured_image_urls_v2":{"full":["https:\/\/www.rgzelt.com\/wp-content\/uploads\/2019\/08\/2026.jpg",1200,600,false],"thumbnail":["https:\/\/www.rgzelt.com\/wp-content\/uploads\/2019\/08\/2026-300x300.jpg",300,300,true],"medium":["https:\/\/www.rgzelt.com\/wp-content\/uploads\/2019\/08\/2026-300x150.jpg",300,150,true],"medium_large":["https:\/\/www.rgzelt.com\/wp-content\/uploads\/2019\/08\/2026-768x384.jpg",768,384,true],"large":["https:\/\/www.rgzelt.com\/wp-content\/uploads\/2019\/08\/2026-1024x512.jpg",1024,512,true],"1536x1536":["https:\/\/www.rgzelt.com\/wp-content\/uploads\/2019\/08\/2026.jpg",1200,600,false],"2048x2048":["https:\/\/www.rgzelt.com\/wp-content\/uploads\/2019\/08\/2026.jpg",1200,600,false]},"post_excerpt_stackable_v2":"<p>Apr\u00e8s des ann\u00e9es o\u00f9 on la percevait comme \u00e9tant r\u00e9serv\u00e9e aux gens riches et c\u00e9l\u00e8bres, la chirurgie esth\u00e9tique est maintenant recherch\u00e9e par des hommes et des femmes de toutes les fourchettes de revenus. En plus de l\u2019augmentation des moyens financiers et d\u2019une gamme d\u2019options de paiement, le financement est maintenant offert. Votre consultation Des honoraires de consultation de 200 $ seront demand\u00e9s pour la premi\u00e8re visite seulement, ils seront r\u00e9duits du devis si vous acceptez d\u2019aller de l\u2019avant avec l\u2019op\u00e9ration. La premi\u00e8re consultation dure normalement de 30 \u00e0 45 minutes. Il n\u2019y a pas d\u2019honoraires pour les visites suivantes li\u00e9es&hellip;<\/p>\n","category_list_v2":"","author_info_v2":{"name":"sitentry","url":"https:\/\/www.rgzelt.com\/fr\/author\/sitentry\/"},"comments_num_v2":"0 comments","yoast_head":"<!-- This site is optimized with the Yoast SEO plugin v27.5 - https:\/\/yoast.com\/product\/yoast-seo-wordpress\/ -->\n<title>Votre consultation<\/title>\n<meta name=\"description\" content=\"Votre consultation.\" \/>\n<meta name=\"robots\" content=\"index, follow, max-snippet:-1, max-image-preview:large, max-video-preview:-1\" \/>\n<link rel=\"canonical\" href=\"https:\/\/www.rgzelt.com\/your-consultation\/\" \/>\n<meta property=\"og:locale\" content=\"fr_CA\" \/>\n<meta property=\"og:type\" content=\"article\" \/>\n<meta property=\"og:title\" content=\"Votre consultation\" \/>\n<meta property=\"og:description\" content=\"Votre consultation.\" \/>\n<meta property=\"og:url\" content=\"https:\/\/www.rgzelt.com\/your-consultation\/\" \/>\n<meta property=\"og:site_name\" content=\"Plastic Surgeon Montreal - Breast - Body - Face - Surgery | Dr. R.G Zelt\" \/>\n<meta property=\"article:modified_time\" content=\"2024-11-15T00:11:22+00:00\" \/>\n<meta property=\"og:image\" content=\"https:\/\/www.rgzelt.com\/wp-content\/uploads\/2019\/08\/2026.jpg\" \/>\n\t<meta property=\"og:image:width\" content=\"1200\" \/>\n\t<meta property=\"og:image:height\" content=\"600\" \/>\n\t<meta property=\"og:image:type\" content=\"image\/jpeg\" \/>\n<meta name=\"twitter:card\" content=\"summary_large_image\" \/>\n<meta name=\"twitter:label1\" content=\"Estimation du temps de lecture\" \/>\n\t<meta name=\"twitter:data1\" content=\"2 minutes\" \/>\n<script type=\"application\/ld+json\" class=\"yoast-schema-graph\">{\"@context\":\"https:\\\/\\\/schema.org\",\"@graph\":[{\"@type\":\"WebPage\",\"@id\":\"https:\\\/\\\/www.rgzelt.com\\\/your-consultation\\\/\",\"url\":\"https:\\\/\\\/www.rgzelt.com\\\/your-consultation\\\/\",\"name\":\"Votre consultation\",\"isPartOf\":{\"@id\":\"https:\\\/\\\/www.rgzelt.com\\\/#website\"},\"primaryImageOfPage\":{\"@id\":\"https:\\\/\\\/www.rgzelt.com\\\/your-consultation\\\/#primaryimage\"},\"image\":{\"@id\":\"https:\\\/\\\/www.rgzelt.com\\\/your-consultation\\\/#primaryimage\"},\"thumbnailUrl\":\"https:\\\/\\\/www.rgzelt.com\\\/wp-content\\\/uploads\\\/2019\\\/08\\\/2026.jpg\",\"datePublished\":\"2019-08-05T18:40:53+00:00\",\"dateModified\":\"2024-11-15T00:11:22+00:00\",\"description\":\"Votre consultation.\",\"breadcrumb\":{\"@id\":\"https:\\\/\\\/www.rgzelt.com\\\/your-consultation\\\/#breadcrumb\"},\"inLanguage\":\"fr-CA\",\"potentialAction\":[{\"@type\":\"ReadAction\",\"target\":[\"https:\\\/\\\/www.rgzelt.com\\\/your-consultation\\\/\"]}]},{\"@type\":\"ImageObject\",\"inLanguage\":\"fr-CA\",\"@id\":\"https:\\\/\\\/www.rgzelt.com\\\/your-consultation\\\/#primaryimage\",\"url\":\"https:\\\/\\\/www.rgzelt.com\\\/wp-content\\\/uploads\\\/2019\\\/08\\\/2026.jpg\",\"contentUrl\":\"https:\\\/\\\/www.rgzelt.com\\\/wp-content\\\/uploads\\\/2019\\\/08\\\/2026.jpg\",\"width\":1200,\"height\":600},{\"@type\":\"BreadcrumbList\",\"@id\":\"https:\\\/\\\/www.rgzelt.com\\\/your-consultation\\\/#breadcrumb\",\"itemListElement\":[{\"@type\":\"ListItem\",\"position\":1,\"name\":\"Home\",\"item\":\"https:\\\/\\\/www.rgzelt.com\\\/fr\\\/\"},{\"@type\":\"ListItem\",\"position\":2,\"name\":\"Votre consultation\"}]},{\"@type\":\"WebSite\",\"@id\":\"https:\\\/\\\/www.rgzelt.com\\\/#website\",\"url\":\"https:\\\/\\\/www.rgzelt.com\\\/\",\"name\":\"Plastic Surgeon Montreal - Breast - Body - Face - Surgery | Dr. R.G Zelt\",\"description\":\"\",\"potentialAction\":[{\"@type\":\"SearchAction\",\"target\":{\"@type\":\"EntryPoint\",\"urlTemplate\":\"https:\\\/\\\/www.rgzelt.com\\\/?s={search_term_string}\"},\"query-input\":{\"@type\":\"PropertyValueSpecification\",\"valueRequired\":true,\"valueName\":\"search_term_string\"}}],\"inLanguage\":\"fr-CA\"}]}<\/script>\n<!-- \/ Yoast SEO plugin. -->","yoast_head_json":{"title":"Votre consultation","description":"Votre consultation.","robots":{"index":"index","follow":"follow","max-snippet":"max-snippet:-1","max-image-preview":"max-image-preview:large","max-video-preview":"max-video-preview:-1"},"canonical":"https:\/\/www.rgzelt.com\/your-consultation\/","og_locale":"fr_CA","og_type":"article","og_title":"Votre consultation","og_description":"Votre consultation.","og_url":"https:\/\/www.rgzelt.com\/your-consultation\/","og_site_name":"Plastic Surgeon Montreal - Breast - Body - Face - Surgery | Dr. R.G Zelt","article_modified_time":"2024-11-15T00:11:22+00:00","og_image":[{"width":1200,"height":600,"url":"https:\/\/www.rgzelt.com\/wp-content\/uploads\/2019\/08\/2026.jpg","type":"image\/jpeg"}],"twitter_card":"summary_large_image","twitter_misc":{"Estimation du temps de lecture":"2 minutes"},"schema":{"@context":"https:\/\/schema.org","@graph":[{"@type":"WebPage","@id":"https:\/\/www.rgzelt.com\/your-consultation\/","url":"https:\/\/www.rgzelt.com\/your-consultation\/","name":"Votre consultation","isPartOf":{"@id":"https:\/\/www.rgzelt.com\/#website"},"primaryImageOfPage":{"@id":"https:\/\/www.rgzelt.com\/your-consultation\/#primaryimage"},"image":{"@id":"https:\/\/www.rgzelt.com\/your-consultation\/#primaryimage"},"thumbnailUrl":"https:\/\/www.rgzelt.com\/wp-content\/uploads\/2019\/08\/2026.jpg","datePublished":"2019-08-05T18:40:53+00:00","dateModified":"2024-11-15T00:11:22+00:00","description":"Votre consultation.","breadcrumb":{"@id":"https:\/\/www.rgzelt.com\/your-consultation\/#breadcrumb"},"inLanguage":"fr-CA","potentialAction":[{"@type":"ReadAction","target":["https:\/\/www.rgzelt.com\/your-consultation\/"]}]},{"@type":"ImageObject","inLanguage":"fr-CA","@id":"https:\/\/www.rgzelt.com\/your-consultation\/#primaryimage","url":"https:\/\/www.rgzelt.com\/wp-content\/uploads\/2019\/08\/2026.jpg","contentUrl":"https:\/\/www.rgzelt.com\/wp-content\/uploads\/2019\/08\/2026.jpg","width":1200,"height":600},{"@type":"BreadcrumbList","@id":"https:\/\/www.rgzelt.com\/your-consultation\/#breadcrumb","itemListElement":[{"@type":"ListItem","position":1,"name":"Home","item":"https:\/\/www.rgzelt.com\/fr\/"},{"@type":"ListItem","position":2,"name":"Votre consultation"}]},{"@type":"WebSite","@id":"https:\/\/www.rgzelt.com\/#website","url":"https:\/\/www.rgzelt.com\/","name":"Plastic Surgeon Montreal - Breast - Body - Face - Surgery | Dr. R.G Zelt","description":"","potentialAction":[{"@type":"SearchAction","target":{"@type":"EntryPoint","urlTemplate":"https:\/\/www.rgzelt.com\/?s={search_term_string}"},"query-input":{"@type":"PropertyValueSpecification","valueRequired":true,"valueName":"search_term_string"}}],"inLanguage":"fr-CA"}]}},"uagb_featured_image_src":{"full":["https:\/\/www.rgzelt.com\/wp-content\/uploads\/2019\/08\/2026.jpg",1200,600,false],"thumbnail":["https:\/\/www.rgzelt.com\/wp-content\/uploads\/2019\/08\/2026-300x300.jpg",300,300,true],"medium":["https:\/\/www.rgzelt.com\/wp-content\/uploads\/2019\/08\/2026-300x150.jpg",300,150,true],"medium_large":["https:\/\/www.rgzelt.com\/wp-content\/uploads\/2019\/08\/2026-768x384.jpg",768,384,true],"large":["https:\/\/www.rgzelt.com\/wp-content\/uploads\/2019\/08\/2026-1024x512.jpg",1024,512,true],"1536x1536":["https:\/\/www.rgzelt.com\/wp-content\/uploads\/2019\/08\/2026.jpg",1200,600,false],"2048x2048":["https:\/\/www.rgzelt.com\/wp-content\/uploads\/2019\/08\/2026.jpg",1200,600,false]},"uagb_author_info":{"display_name":"sitentry","author_link":"https:\/\/www.rgzelt.com\/fr\/author\/sitentry\/"},"uagb_comment_info":0,"uagb_excerpt":"Apr\u00e8s des ann\u00e9es o\u00f9 on la percevait comme \u00e9tant r\u00e9serv\u00e9e aux gens riches et c\u00e9l\u00e8bres, la chirurgie esth\u00e9tique est maintenant recherch\u00e9e par des hommes et des femmes de toutes les fourchettes de revenus. En plus de l\u2019augmentation des moyens financiers et d\u2019une gamme d\u2019options de paiement, le financement est maintenant offert. Votre consultation Des honoraires&hellip;","_links":{"self":[{"href":"https:\/\/www.rgzelt.com\/fr\/wp-json\/wp\/v2\/pages\/727","targetHints":{"allow":["GET"]}}],"collection":[{"href":"https:\/\/www.rgzelt.com\/fr\/wp-json\/wp\/v2\/pages"}],"about":[{"href":"https:\/\/www.rgzelt.com\/fr\/wp-json\/wp\/v2\/types\/page"}],"author":[{"embeddable":true,"href":"https:\/\/www.rgzelt.com\/fr\/wp-json\/wp\/v2\/users\/1"}],"replies":[{"embeddable":true,"href":"https:\/\/www.rgzelt.com\/fr\/wp-json\/wp\/v2\/comments?post=727"}],"version-history":[{"count":1,"href":"https:\/\/www.rgzelt.com\/fr\/wp-json\/wp\/v2\/pages\/727\/revisions"}],"predecessor-version":[{"id":4009,"href":"https:\/\/www.rgzelt.com\/fr\/wp-json\/wp\/v2\/pages\/727\/revisions\/4009"}],"wp:featuredmedia":[{"embeddable":true,"href":"https:\/\/www.rgzelt.com\/fr\/wp-json\/wp\/v2\/media\/432"}],"wp:attachment":[{"href":"https:\/\/www.rgzelt.com\/fr\/wp-json\/wp\/v2\/media?parent=727"}],"wp:term":[{"taxonomy":"procedure","embeddable":true,"href":"https:\/\/www.rgzelt.com\/fr\/wp-json\/wp\/v2\/procedure?post=727"}],"curies":[{"name":"wp","href":"https:\/\/api.w.org\/{rel}","templated":true}]}}