{"id":728,"date":"2019-08-05T18:40:39","date_gmt":"2019-08-05T18:40:39","guid":{"rendered":"http:\/\/104.152.168.27\/~bestsurgeon5\/procedure-information\/"},"modified":"2024-11-15T00:32:49","modified_gmt":"2024-11-15T00:32:49","slug":"informations-sur-les-procedures","status":"publish","type":"page","link":"https:\/\/www.rgzelt.com\/fr\/informations-sur-les-procedures\/","title":{"rendered":"Informations sur les proc\u00e9dures"},"content":{"rendered":"\n<div class=\"wp-block-columns has-2-columns is-layout-flex wp-container-core-columns-is-layout-9d6595d7 wp-block-columns-is-layout-flex\">\n<div class=\"wp-block-column is-layout-flow wp-block-column-is-layout-flow\">\n<h3 class=\"wp-block-heading\">R\u00e9duction mammaire<\/h3>\n\n\n\n<p><strong>\u00c0 QUOI S\u2019ATTENDRE<\/strong><\/p>\n\n\n\n<div class=\"wp-block-ugb-button ugb-button-wrapper ugb-button--align-left\"><div><a class=\"ugb-button ugb-button--align-left ugb-button--size-medium ugb-button--has-icon\" href=\"http:\/\/www.rgzelt.com\/wp-content\/uploads\/2019\/08\/BBR-handout-2019-French-Website.pdf\" style=\"border-radius:4px\"><svg aria-hidden=\"true\" data-icon=\"file-pdf\" class=\"svg-inline--fa ugbfa-file-pdf fa-w-12 \" role=\"img\" xmlns=\"http:\/\/www.w3.org\/2000\/svg\" viewbox=\"0 0 384 512\" value=\"far-file-pdf\"><path fill=\"currentColor\" d=\"M369.9 97.9L286 14C277 5 264.8-.1 252.1-.1H48C21.5 0 0 21.5 0 48v416c0 26.5 21.5 48 48 48h288c26.5 0 48-21.5 48-48V131.9c0-12.7-5.1-25-14.1-34zM332.1 128H256V51.9l76.1 76.1zM48 464V48h160v104c0 13.3 10.7 24 24 24h104v288H48zm250.2-143.7c-12.2-12-47-8.7-64.4-6.5-17.2-10.5-28.7-25-36.8-46.3 3.9-16.1 10.1-40.6 5.4-56-4.2-26.2-37.8-23.6-42.6-5.9-4.4 16.1-.4 38.5 7 67.1-10 23.9-24.9 56-35.4 74.4-20 10.3-47 26.2-51 46.2-3.3 15.8 26 55.2 76.1-31.2 22.4-7.4 46.8-16.5 68.4-20.1 18.9 10.2 41 17 55.8 17 25.5 0 28-28.2 17.5-38.7zm-198.1 77.8c5.1-13.7 24.5-29.5 30.4-35-19 30.3-30.4 35.7-30.4 35zm81.6-190.6c7.4 0 6.7 32.1 1.8 40.8-4.4-13.9-4.3-40.8-1.8-40.8zm-24.4 136.6c9.7-16.9 18-37 24.7-54.7 8.3 15.1 18.9 27.2 30.1 35.5-20.8 4.3-38.9 13.1-54.8 19.2zm131.6-5s-5 6-37.3-7.8c35.1-2.6 40.9 5.4 37.3 7.8z\"><\/path><\/svg><span class=\"ugb-button--inner\">R\u00e9duction mammaire &#8211; Informations g\u00e9n\u00e9rales<\/span><\/a><\/div><\/div>\n\n\n\n<div class=\"wp-block-ugb-button ugb-button-wrapper ugb-button--align-left\"><div><a class=\"ugb-button ugb-button--align-left ugb-button--size-medium ugb-button--has-icon\" href=\"http:\/\/www.rgzelt.com\/wp-content\/uploads\/2019\/08\/BBR-postop-handouds-French-2019-Website.pdf\" style=\"border-radius:4px\"><svg aria-hidden=\"true\" data-icon=\"file-pdf\" class=\"svg-inline--fa ugbfa-file-pdf fa-w-12 \" role=\"img\" xmlns=\"http:\/\/www.w3.org\/2000\/svg\" viewbox=\"0 0 384 512\" value=\"far-file-pdf\"><path fill=\"currentColor\" d=\"M369.9 97.9L286 14C277 5 264.8-.1 252.1-.1H48C21.5 0 0 21.5 0 48v416c0 26.5 21.5 48 48 48h288c26.5 0 48-21.5 48-48V131.9c0-12.7-5.1-25-14.1-34zM332.1 128H256V51.9l76.1 76.1zM48 464V48h160v104c0 13.3 10.7 24 24 24h104v288H48zm250.2-143.7c-12.2-12-47-8.7-64.4-6.5-17.2-10.5-28.7-25-36.8-46.3 3.9-16.1 10.1-40.6 5.4-56-4.2-26.2-37.8-23.6-42.6-5.9-4.4 16.1-.4 38.5 7 67.1-10 23.9-24.9 56-35.4 74.4-20 10.3-47 26.2-51 46.2-3.3 15.8 26 55.2 76.1-31.2 22.4-7.4 46.8-16.5 68.4-20.1 18.9 10.2 41 17 55.8 17 25.5 0 28-28.2 17.5-38.7zm-198.1 77.8c5.1-13.7 24.5-29.5 30.4-35-19 30.3-30.4 35.7-30.4 35zm81.6-190.6c7.4 0 6.7 32.1 1.8 40.8-4.4-13.9-4.3-40.8-1.8-40.8zm-24.4 136.6c9.7-16.9 18-37 24.7-54.7 8.3 15.1 18.9 27.2 30.1 35.5-20.8 4.3-38.9 13.1-54.8 19.2zm131.6-5s-5 6-37.3-7.8c35.1-2.6 40.9 5.4 37.3 7.8z\"><\/path><\/svg><span class=\"ugb-button--inner\">R\u00e9duction mammaire &#8211; Instructions postop\u00e9ratoires<\/span><\/a><\/div><\/div>\n\n\n\n<div class=\"wp-block-ugb-button ugb-button-wrapper ugb-button--align-left\"><div><a class=\"ugb-button ugb-button--align-left ugb-button--size-medium ugb-button--has-icon\" href=\"http:\/\/www.rgzelt.com\/wp-content\/uploads\/2019\/08\/BBR-1-wk-postop-handouts-French-2019-Website.pdf\" style=\"border-radius:4px\"><svg aria-hidden=\"true\" data-icon=\"file-pdf\" class=\"svg-inline--fa ugbfa-file-pdf fa-w-12 \" role=\"img\" xmlns=\"http:\/\/www.w3.org\/2000\/svg\" viewbox=\"0 0 384 512\" value=\"far-file-pdf\"><path fill=\"currentColor\" d=\"M369.9 97.9L286 14C277 5 264.8-.1 252.1-.1H48C21.5 0 0 21.5 0 48v416c0 26.5 21.5 48 48 48h288c26.5 0 48-21.5 48-48V131.9c0-12.7-5.1-25-14.1-34zM332.1 128H256V51.9l76.1 76.1zM48 464V48h160v104c0 13.3 10.7 24 24 24h104v288H48zm250.2-143.7c-12.2-12-47-8.7-64.4-6.5-17.2-10.5-28.7-25-36.8-46.3 3.9-16.1 10.1-40.6 5.4-56-4.2-26.2-37.8-23.6-42.6-5.9-4.4 16.1-.4 38.5 7 67.1-10 23.9-24.9 56-35.4 74.4-20 10.3-47 26.2-51 46.2-3.3 15.8 26 55.2 76.1-31.2 22.4-7.4 46.8-16.5 68.4-20.1 18.9 10.2 41 17 55.8 17 25.5 0 28-28.2 17.5-38.7zm-198.1 77.8c5.1-13.7 24.5-29.5 30.4-35-19 30.3-30.4 35.7-30.4 35zm81.6-190.6c7.4 0 6.7 32.1 1.8 40.8-4.4-13.9-4.3-40.8-1.8-40.8zm-24.4 136.6c9.7-16.9 18-37 24.7-54.7 8.3 15.1 18.9 27.2 30.1 35.5-20.8 4.3-38.9 13.1-54.8 19.2zm131.6-5s-5 6-37.3-7.8c35.1-2.6 40.9 5.4 37.3 7.8z\"><\/path><\/svg><span class=\"ugb-button--inner\">R\u00e9duction mammaire &#8211; Apr\u00e8s votre r\u00e9duction mammaire<\/span><\/a><\/div><\/div>\n<\/div>\n\n\n\n<div class=\"wp-block-column is-layout-flow wp-block-column-is-layout-flow\">\n<h3 class=\"wp-block-heading\">Augmentation Mammaire<\/h3>\n\n\n\n<p><strong>\u00c0 QUOI S\u2019ATTENDRE<\/strong><\/p>\n\n\n\n<div class=\"wp-block-ugb-button ugb-button-wrapper ugb-button--align-left\"><div><a class=\"ugb-button ugb-button--align-left ugb-button--size-medium ugb-button--has-icon\" href=\"http:\/\/www.rgzelt.com\/wp-content\/uploads\/2024\/11\/BBA-handouts-French-2018.doc\" style=\"border-radius:4px\"><svg aria-hidden=\"true\" data-icon=\"file-pdf\" class=\"svg-inline--fa ugbfa-file-pdf fa-w-12 \" role=\"img\" xmlns=\"http:\/\/www.w3.org\/2000\/svg\" viewbox=\"0 0 384 512\" value=\"far-file-pdf\"><path fill=\"currentColor\" d=\"M369.9 97.9L286 14C277 5 264.8-.1 252.1-.1H48C21.5 0 0 21.5 0 48v416c0 26.5 21.5 48 48 48h288c26.5 0 48-21.5 48-48V131.9c0-12.7-5.1-25-14.1-34zM332.1 128H256V51.9l76.1 76.1zM48 464V48h160v104c0 13.3 10.7 24 24 24h104v288H48zm250.2-143.7c-12.2-12-47-8.7-64.4-6.5-17.2-10.5-28.7-25-36.8-46.3 3.9-16.1 10.1-40.6 5.4-56-4.2-26.2-37.8-23.6-42.6-5.9-4.4 16.1-.4 38.5 7 67.1-10 23.9-24.9 56-35.4 74.4-20 10.3-47 26.2-51 46.2-3.3 15.8 26 55.2 76.1-31.2 22.4-7.4 46.8-16.5 68.4-20.1 18.9 10.2 41 17 55.8 17 25.5 0 28-28.2 17.5-38.7zm-198.1 77.8c5.1-13.7 24.5-29.5 30.4-35-19 30.3-30.4 35.7-30.4 35zm81.6-190.6c7.4 0 6.7 32.1 1.8 40.8-4.4-13.9-4.3-40.8-1.8-40.8zm-24.4 136.6c9.7-16.9 18-37 24.7-54.7 8.3 15.1 18.9 27.2 30.1 35.5-20.8 4.3-38.9 13.1-54.8 19.2zm131.6-5s-5 6-37.3-7.8c35.1-2.6 40.9 5.4 37.3 7.8z\"><\/path><\/svg><span class=\"ugb-button--inner\">Augmentation mammaire &#8211; Informations g\u00e9n\u00e9rales<\/span><\/a><\/div><\/div>\n\n\n\n<p><\/p>\n<\/div>\n<\/div>\n\n\n\n<div class=\"wp-block-columns has-2-columns is-layout-flex wp-container-core-columns-is-layout-9d6595d7 wp-block-columns-is-layout-flex\">\n<div class=\"wp-block-column is-layout-flow wp-block-column-is-layout-flow\">\n<h3 class=\"wp-block-heading\">Redrpapage mammaire (Mastopexie)<\/h3>\n\n\n\n<p><strong>\u00c0 QUOI S\u2019ATTENDRE<\/strong><\/p>\n\n\n\n<div class=\"wp-block-ugb-button ugb-button-wrapper ugb-button--align-left\"><div><a class=\"ugb-button ugb-button--align-left ugb-button--size-medium ugb-button--has-icon\" href=\"http:\/\/www.rgzelt.com\/wp-content\/uploads\/2019\/08\/Mastopexy-handouts-French-2019-website.pdf\" style=\"border-radius:4px\"><svg aria-hidden=\"true\" data-icon=\"file-pdf\" class=\"svg-inline--fa ugbfa-file-pdf fa-w-12 \" role=\"img\" xmlns=\"http:\/\/www.w3.org\/2000\/svg\" viewbox=\"0 0 384 512\" value=\"far-file-pdf\"><path fill=\"currentColor\" d=\"M369.9 97.9L286 14C277 5 264.8-.1 252.1-.1H48C21.5 0 0 21.5 0 48v416c0 26.5 21.5 48 48 48h288c26.5 0 48-21.5 48-48V131.9c0-12.7-5.1-25-14.1-34zM332.1 128H256V51.9l76.1 76.1zM48 464V48h160v104c0 13.3 10.7 24 24 24h104v288H48zm250.2-143.7c-12.2-12-47-8.7-64.4-6.5-17.2-10.5-28.7-25-36.8-46.3 3.9-16.1 10.1-40.6 5.4-56-4.2-26.2-37.8-23.6-42.6-5.9-4.4 16.1-.4 38.5 7 67.1-10 23.9-24.9 56-35.4 74.4-20 10.3-47 26.2-51 46.2-3.3 15.8 26 55.2 76.1-31.2 22.4-7.4 46.8-16.5 68.4-20.1 18.9 10.2 41 17 55.8 17 25.5 0 28-28.2 17.5-38.7zm-198.1 77.8c5.1-13.7 24.5-29.5 30.4-35-19 30.3-30.4 35.7-30.4 35zm81.6-190.6c7.4 0 6.7 32.1 1.8 40.8-4.4-13.9-4.3-40.8-1.8-40.8zm-24.4 136.6c9.7-16.9 18-37 24.7-54.7 8.3 15.1 18.9 27.2 30.1 35.5-20.8 4.3-38.9 13.1-54.8 19.2zm131.6-5s-5 6-37.3-7.8c35.1-2.6 40.9 5.4 37.3 7.8z\"><\/path><\/svg><span class=\"ugb-button--inner\">Redrapage mammaire &#8211; Informations g\u00e9n\u00e9rales<\/span><\/a><\/div><\/div>\n<\/div>\n\n\n\n<div class=\"wp-block-column is-layout-flow wp-block-column-is-layout-flow\">\n<h3 class=\"wp-block-heading\">R\u00e9duction mammaire pour hommes (gyn\u00e9comastie)<\/h3>\n\n\n\n<p><strong>\u00c0 QUOI S\u2019ATTENDRE<\/strong><\/p>\n\n\n\n<div class=\"wp-block-ugb-button ugb-button-wrapper ugb-button--align-left\"><div><a class=\"ugb-button ugb-button--align-left ugb-button--size-medium ugb-button--has-icon\" href=\"http:\/\/www.rgzelt.com\/wp-content\/uploads\/2019\/08\/Gynecomastia-handout-French-2019-Website.pdf\" style=\"border-radius:4px\"><svg aria-hidden=\"true\" data-icon=\"file-pdf\" class=\"svg-inline--fa ugbfa-file-pdf fa-w-12 \" role=\"img\" xmlns=\"http:\/\/www.w3.org\/2000\/svg\" viewbox=\"0 0 384 512\" value=\"far-file-pdf\"><path fill=\"currentColor\" d=\"M369.9 97.9L286 14C277 5 264.8-.1 252.1-.1H48C21.5 0 0 21.5 0 48v416c0 26.5 21.5 48 48 48h288c26.5 0 48-21.5 48-48V131.9c0-12.7-5.1-25-14.1-34zM332.1 128H256V51.9l76.1 76.1zM48 464V48h160v104c0 13.3 10.7 24 24 24h104v288H48zm250.2-143.7c-12.2-12-47-8.7-64.4-6.5-17.2-10.5-28.7-25-36.8-46.3 3.9-16.1 10.1-40.6 5.4-56-4.2-26.2-37.8-23.6-42.6-5.9-4.4 16.1-.4 38.5 7 67.1-10 23.9-24.9 56-35.4 74.4-20 10.3-47 26.2-51 46.2-3.3 15.8 26 55.2 76.1-31.2 22.4-7.4 46.8-16.5 68.4-20.1 18.9 10.2 41 17 55.8 17 25.5 0 28-28.2 17.5-38.7zm-198.1 77.8c5.1-13.7 24.5-29.5 30.4-35-19 30.3-30.4 35.7-30.4 35zm81.6-190.6c7.4 0 6.7 32.1 1.8 40.8-4.4-13.9-4.3-40.8-1.8-40.8zm-24.4 136.6c9.7-16.9 18-37 24.7-54.7 8.3 15.1 18.9 27.2 30.1 35.5-20.8 4.3-38.9 13.1-54.8 19.2zm131.6-5s-5 6-37.3-7.8c35.1-2.6 40.9 5.4 37.3 7.8z\"><\/path><\/svg><span class=\"ugb-button--inner\">R\u00e9duction mammaire pour hommes &#8211; Informations g\u00e9n\u00e9rales<\/span><\/a><\/div><\/div>\n<\/div>\n<\/div>\n\n\n\n<div class=\"wp-block-columns has-2-columns is-layout-flex wp-container-core-columns-is-layout-9d6595d7 wp-block-columns-is-layout-flex\">\n<div class=\"wp-block-column is-layout-flow wp-block-column-is-layout-flow\">\n<h3 class=\"wp-block-heading\">Abdominoplastie<\/h3>\n\n\n\n<p><strong>\u00c0 QUOI S\u2019ATTENDRE<\/strong><\/p>\n\n\n\n<div class=\"wp-block-ugb-button ugb-button-wrapper ugb-button--align-left\"><div><a class=\"ugb-button ugb-button--align-left ugb-button--size-medium ugb-button--has-icon\" href=\"http:\/\/www.rgzelt.com\/wp-content\/uploads\/2019\/08\/Abdominoplasty-handouts-French-2019-Website.pdf\" style=\"border-radius:4px\"><svg aria-hidden=\"true\" data-icon=\"file-pdf\" class=\"svg-inline--fa ugbfa-file-pdf fa-w-12 \" role=\"img\" xmlns=\"http:\/\/www.w3.org\/2000\/svg\" viewbox=\"0 0 384 512\" value=\"far-file-pdf\"><path fill=\"currentColor\" d=\"M369.9 97.9L286 14C277 5 264.8-.1 252.1-.1H48C21.5 0 0 21.5 0 48v416c0 26.5 21.5 48 48 48h288c26.5 0 48-21.5 48-48V131.9c0-12.7-5.1-25-14.1-34zM332.1 128H256V51.9l76.1 76.1zM48 464V48h160v104c0 13.3 10.7 24 24 24h104v288H48zm250.2-143.7c-12.2-12-47-8.7-64.4-6.5-17.2-10.5-28.7-25-36.8-46.3 3.9-16.1 10.1-40.6 5.4-56-4.2-26.2-37.8-23.6-42.6-5.9-4.4 16.1-.4 38.5 7 67.1-10 23.9-24.9 56-35.4 74.4-20 10.3-47 26.2-51 46.2-3.3 15.8 26 55.2 76.1-31.2 22.4-7.4 46.8-16.5 68.4-20.1 18.9 10.2 41 17 55.8 17 25.5 0 28-28.2 17.5-38.7zm-198.1 77.8c5.1-13.7 24.5-29.5 30.4-35-19 30.3-30.4 35.7-30.4 35zm81.6-190.6c7.4 0 6.7 32.1 1.8 40.8-4.4-13.9-4.3-40.8-1.8-40.8zm-24.4 136.6c9.7-16.9 18-37 24.7-54.7 8.3 15.1 18.9 27.2 30.1 35.5-20.8 4.3-38.9 13.1-54.8 19.2zm131.6-5s-5 6-37.3-7.8c35.1-2.6 40.9 5.4 37.3 7.8z\"><\/path><\/svg><span class=\"ugb-button--inner\">Abdominoplastie &#8211; Informations g\u00e9n\u00e9rales<\/span><\/a><\/div><\/div>\n<\/div>\n\n\n\n<div class=\"wp-block-column is-layout-flow wp-block-column-is-layout-flow\">\n<h3 class=\"wp-block-heading\">Liposuccion<\/h3>\n\n\n\n<p><strong>\u00c0 QUOI S\u2019ATTENDRE<\/strong><\/p>\n\n\n\n<div class=\"wp-block-ugb-button ugb-button-wrapper ugb-button--align-left\"><div><a class=\"ugb-button ugb-button--align-left ugb-button--size-medium ugb-button--has-icon\" href=\"http:\/\/www.rgzelt.com\/wp-content\/uploads\/2019\/08\/Liposuction-handouts-French-2019-website.pdf\" style=\"border-radius:4px\"><svg aria-hidden=\"true\" data-icon=\"file-pdf\" class=\"svg-inline--fa ugbfa-file-pdf fa-w-12 \" role=\"img\" xmlns=\"http:\/\/www.w3.org\/2000\/svg\" viewbox=\"0 0 384 512\" value=\"far-file-pdf\"><path fill=\"currentColor\" d=\"M369.9 97.9L286 14C277 5 264.8-.1 252.1-.1H48C21.5 0 0 21.5 0 48v416c0 26.5 21.5 48 48 48h288c26.5 0 48-21.5 48-48V131.9c0-12.7-5.1-25-14.1-34zM332.1 128H256V51.9l76.1 76.1zM48 464V48h160v104c0 13.3 10.7 24 24 24h104v288H48zm250.2-143.7c-12.2-12-47-8.7-64.4-6.5-17.2-10.5-28.7-25-36.8-46.3 3.9-16.1 10.1-40.6 5.4-56-4.2-26.2-37.8-23.6-42.6-5.9-4.4 16.1-.4 38.5 7 67.1-10 23.9-24.9 56-35.4 74.4-20 10.3-47 26.2-51 46.2-3.3 15.8 26 55.2 76.1-31.2 22.4-7.4 46.8-16.5 68.4-20.1 18.9 10.2 41 17 55.8 17 25.5 0 28-28.2 17.5-38.7zm-198.1 77.8c5.1-13.7 24.5-29.5 30.4-35-19 30.3-30.4 35.7-30.4 35zm81.6-190.6c7.4 0 6.7 32.1 1.8 40.8-4.4-13.9-4.3-40.8-1.8-40.8zm-24.4 136.6c9.7-16.9 18-37 24.7-54.7 8.3 15.1 18.9 27.2 30.1 35.5-20.8 4.3-38.9 13.1-54.8 19.2zm131.6-5s-5 6-37.3-7.8c35.1-2.6 40.9 5.4 37.3 7.8z\"><\/path><\/svg><span class=\"ugb-button--inner\">Liposuccion &#8211; Informations g\u00e9n\u00e9rales<\/span><\/a><\/div><\/div>\n<\/div>\n<\/div>\n\n\n\n<p><\/p>\n","protected":false},"excerpt":{"rendered":"<p>R\u00e9duction mammaire \u00c0 QUOI S\u2019ATTENDRE R\u00e9duction mammaire &#8211; Informations g\u00e9n\u00e9rales R\u00e9duction mammaire &#8211; Instructions postop\u00e9ratoires R\u00e9duction mammaire &#8211; Apr\u00e8s votre r\u00e9duction mammaire Augmentation Mammaire \u00c0 QUOI S\u2019ATTENDRE Augmentation mammaire &#8211; Informations g\u00e9n\u00e9rales Redrpapage mammaire (Mastopexie) \u00c0 QUOI S\u2019ATTENDRE Redrapage mammaire &#8211; Informations g\u00e9n\u00e9rales R\u00e9duction mammaire pour hommes (gyn\u00e9comastie) \u00c0 QUOI S\u2019ATTENDRE R\u00e9duction mammaire pour hommes [&hellip;]<\/p>\n","protected":false},"author":1,"featured_media":721,"parent":0,"menu_order":0,"comment_status":"closed","ping_status":"closed","template":"","meta":{"_uag_custom_page_level_css":"","footnotes":""},"procedure":[],"class_list":["post-728","page","type-page","status-publish","has-post-thumbnail","hentry"],"featured_image_urls_v2":{"full":["https:\/\/www.rgzelt.com\/wp-content\/uploads\/2019\/08\/banner-about-dr-zelt.jpg",1980,1317,false],"thumbnail":["https:\/\/www.rgzelt.com\/wp-content\/uploads\/2019\/08\/banner-about-dr-zelt-300x300.jpg",300,300,true],"medium":["https:\/\/www.rgzelt.com\/wp-content\/uploads\/2019\/08\/banner-about-dr-zelt-300x200.jpg",300,200,true],"medium_large":["https:\/\/www.rgzelt.com\/wp-content\/uploads\/2019\/08\/banner-about-dr-zelt-768x511.jpg",768,511,true],"large":["https:\/\/www.rgzelt.com\/wp-content\/uploads\/2019\/08\/banner-about-dr-zelt-1024x681.jpg",1024,681,true],"1536x1536":["https:\/\/www.rgzelt.com\/wp-content\/uploads\/2019\/08\/banner-about-dr-zelt.jpg",1536,1022,false],"2048x2048":["https:\/\/www.rgzelt.com\/wp-content\/uploads\/2019\/08\/banner-about-dr-zelt.jpg",1980,1317,false]},"post_excerpt_stackable_v2":"<p>R\u00e9duction mammaire \u00c0 QUOI S\u2019ATTENDRE R\u00e9duction mammaire &#8211; Informations g\u00e9n\u00e9rales R\u00e9duction mammaire &#8211; Instructions postop\u00e9ratoires R\u00e9duction mammaire &#8211; Apr\u00e8s votre r\u00e9duction mammaire Augmentation Mammaire \u00c0 QUOI S\u2019ATTENDRE Augmentation mammaire &#8211; Informations g\u00e9n\u00e9rales Redrpapage mammaire (Mastopexie) \u00c0 QUOI S\u2019ATTENDRE Redrapage mammaire &#8211; Informations g\u00e9n\u00e9rales R\u00e9duction mammaire pour hommes (gyn\u00e9comastie) \u00c0 QUOI S\u2019ATTENDRE R\u00e9duction mammaire pour hommes &#8211; Informations g\u00e9n\u00e9rales Abdominoplastie \u00c0 QUOI S\u2019ATTENDRE Abdominoplastie &#8211; Informations g\u00e9n\u00e9rales Liposuccion \u00c0 QUOI S\u2019ATTENDRE Liposuccion &#8211; Informations g\u00e9n\u00e9rales<\/p>\n","category_list_v2":"","author_info_v2":{"name":"sitentry","url":"https:\/\/www.rgzelt.com\/fr\/author\/sitentry\/"},"comments_num_v2":"0 comments","yoast_head":"<!-- This site is optimized with the Yoast SEO plugin v27.5 - https:\/\/yoast.com\/product\/yoast-seo-wordpress\/ -->\n<title>Informations sur les proc\u00e9dures<\/title>\n<meta name=\"description\" content=\"Informations sur les proc\u00e9dures.\" \/>\n<meta name=\"robots\" content=\"index, follow, max-snippet:-1, max-image-preview:large, max-video-preview:-1\" \/>\n<link rel=\"canonical\" href=\"https:\/\/www.rgzelt.com\/procedure-information\/\" \/>\n<meta property=\"og:locale\" content=\"fr_CA\" \/>\n<meta property=\"og:type\" content=\"article\" \/>\n<meta property=\"og:title\" content=\"Informations sur les proc\u00e9dures\" \/>\n<meta property=\"og:description\" content=\"Informations sur les proc\u00e9dures.\" \/>\n<meta property=\"og:url\" content=\"https:\/\/www.rgzelt.com\/procedure-information\/\" \/>\n<meta property=\"og:site_name\" content=\"Plastic Surgeon Montreal - Breast - Body - Face - Surgery | Dr. R.G Zelt\" \/>\n<meta property=\"article:modified_time\" content=\"2024-11-15T00:32:49+00:00\" \/>\n<meta property=\"og:image\" content=\"https:\/\/www.rgzelt.com\/wp-content\/uploads\/2019\/08\/banner-about-dr-zelt.jpg\" \/>\n\t<meta property=\"og:image:width\" content=\"1980\" \/>\n\t<meta property=\"og:image:height\" content=\"1317\" \/>\n\t<meta property=\"og:image:type\" content=\"image\/jpeg\" \/>\n<meta name=\"twitter:card\" content=\"summary_large_image\" \/>\n<meta name=\"twitter:label1\" content=\"Estimation du temps de lecture\" \/>\n\t<meta name=\"twitter:data1\" content=\"1 minute\" \/>\n<script type=\"application\/ld+json\" class=\"yoast-schema-graph\">{\"@context\":\"https:\\\/\\\/schema.org\",\"@graph\":[{\"@type\":\"WebPage\",\"@id\":\"https:\\\/\\\/www.rgzelt.com\\\/procedure-information\\\/\",\"url\":\"https:\\\/\\\/www.rgzelt.com\\\/procedure-information\\\/\",\"name\":\"Informations sur les proc\u00e9dures\",\"isPartOf\":{\"@id\":\"https:\\\/\\\/www.rgzelt.com\\\/#website\"},\"primaryImageOfPage\":{\"@id\":\"https:\\\/\\\/www.rgzelt.com\\\/procedure-information\\\/#primaryimage\"},\"image\":{\"@id\":\"https:\\\/\\\/www.rgzelt.com\\\/procedure-information\\\/#primaryimage\"},\"thumbnailUrl\":\"https:\\\/\\\/www.rgzelt.com\\\/wp-content\\\/uploads\\\/2019\\\/08\\\/banner-about-dr-zelt.jpg\",\"datePublished\":\"2019-08-05T18:40:39+00:00\",\"dateModified\":\"2024-11-15T00:32:49+00:00\",\"description\":\"Informations sur les proc\u00e9dures.\",\"breadcrumb\":{\"@id\":\"https:\\\/\\\/www.rgzelt.com\\\/procedure-information\\\/#breadcrumb\"},\"inLanguage\":\"fr-CA\",\"potentialAction\":[{\"@type\":\"ReadAction\",\"target\":[\"https:\\\/\\\/www.rgzelt.com\\\/procedure-information\\\/\"]}]},{\"@type\":\"ImageObject\",\"inLanguage\":\"fr-CA\",\"@id\":\"https:\\\/\\\/www.rgzelt.com\\\/procedure-information\\\/#primaryimage\",\"url\":\"https:\\\/\\\/www.rgzelt.com\\\/wp-content\\\/uploads\\\/2019\\\/08\\\/banner-about-dr-zelt.jpg\",\"contentUrl\":\"https:\\\/\\\/www.rgzelt.com\\\/wp-content\\\/uploads\\\/2019\\\/08\\\/banner-about-dr-zelt.jpg\",\"width\":1980,\"height\":1317},{\"@type\":\"BreadcrumbList\",\"@id\":\"https:\\\/\\\/www.rgzelt.com\\\/procedure-information\\\/#breadcrumb\",\"itemListElement\":[{\"@type\":\"ListItem\",\"position\":1,\"name\":\"Home\",\"item\":\"https:\\\/\\\/www.rgzelt.com\\\/fr\\\/\"},{\"@type\":\"ListItem\",\"position\":2,\"name\":\"Informations sur les proc\u00e9dures\"}]},{\"@type\":\"WebSite\",\"@id\":\"https:\\\/\\\/www.rgzelt.com\\\/#website\",\"url\":\"https:\\\/\\\/www.rgzelt.com\\\/\",\"name\":\"Plastic Surgeon Montreal - Breast - Body - Face - Surgery | Dr. R.G Zelt\",\"description\":\"\",\"potentialAction\":[{\"@type\":\"SearchAction\",\"target\":{\"@type\":\"EntryPoint\",\"urlTemplate\":\"https:\\\/\\\/www.rgzelt.com\\\/?s={search_term_string}\"},\"query-input\":{\"@type\":\"PropertyValueSpecification\",\"valueRequired\":true,\"valueName\":\"search_term_string\"}}],\"inLanguage\":\"fr-CA\"}]}<\/script>\n<!-- \/ Yoast SEO plugin. -->","yoast_head_json":{"title":"Informations sur les proc\u00e9dures","description":"Informations sur les proc\u00e9dures.","robots":{"index":"index","follow":"follow","max-snippet":"max-snippet:-1","max-image-preview":"max-image-preview:large","max-video-preview":"max-video-preview:-1"},"canonical":"https:\/\/www.rgzelt.com\/procedure-information\/","og_locale":"fr_CA","og_type":"article","og_title":"Informations sur les proc\u00e9dures","og_description":"Informations sur les proc\u00e9dures.","og_url":"https:\/\/www.rgzelt.com\/procedure-information\/","og_site_name":"Plastic Surgeon Montreal - Breast - Body - Face - Surgery | Dr. R.G Zelt","article_modified_time":"2024-11-15T00:32:49+00:00","og_image":[{"width":1980,"height":1317,"url":"https:\/\/www.rgzelt.com\/wp-content\/uploads\/2019\/08\/banner-about-dr-zelt.jpg","type":"image\/jpeg"}],"twitter_card":"summary_large_image","twitter_misc":{"Estimation du temps de lecture":"1 minute"},"schema":{"@context":"https:\/\/schema.org","@graph":[{"@type":"WebPage","@id":"https:\/\/www.rgzelt.com\/procedure-information\/","url":"https:\/\/www.rgzelt.com\/procedure-information\/","name":"Informations sur les proc\u00e9dures","isPartOf":{"@id":"https:\/\/www.rgzelt.com\/#website"},"primaryImageOfPage":{"@id":"https:\/\/www.rgzelt.com\/procedure-information\/#primaryimage"},"image":{"@id":"https:\/\/www.rgzelt.com\/procedure-information\/#primaryimage"},"thumbnailUrl":"https:\/\/www.rgzelt.com\/wp-content\/uploads\/2019\/08\/banner-about-dr-zelt.jpg","datePublished":"2019-08-05T18:40:39+00:00","dateModified":"2024-11-15T00:32:49+00:00","description":"Informations sur les proc\u00e9dures.","breadcrumb":{"@id":"https:\/\/www.rgzelt.com\/procedure-information\/#breadcrumb"},"inLanguage":"fr-CA","potentialAction":[{"@type":"ReadAction","target":["https:\/\/www.rgzelt.com\/procedure-information\/"]}]},{"@type":"ImageObject","inLanguage":"fr-CA","@id":"https:\/\/www.rgzelt.com\/procedure-information\/#primaryimage","url":"https:\/\/www.rgzelt.com\/wp-content\/uploads\/2019\/08\/banner-about-dr-zelt.jpg","contentUrl":"https:\/\/www.rgzelt.com\/wp-content\/uploads\/2019\/08\/banner-about-dr-zelt.jpg","width":1980,"height":1317},{"@type":"BreadcrumbList","@id":"https:\/\/www.rgzelt.com\/procedure-information\/#breadcrumb","itemListElement":[{"@type":"ListItem","position":1,"name":"Home","item":"https:\/\/www.rgzelt.com\/fr\/"},{"@type":"ListItem","position":2,"name":"Informations sur les proc\u00e9dures"}]},{"@type":"WebSite","@id":"https:\/\/www.rgzelt.com\/#website","url":"https:\/\/www.rgzelt.com\/","name":"Plastic Surgeon Montreal - Breast - Body - Face - Surgery | Dr. R.G Zelt","description":"","potentialAction":[{"@type":"SearchAction","target":{"@type":"EntryPoint","urlTemplate":"https:\/\/www.rgzelt.com\/?s={search_term_string}"},"query-input":{"@type":"PropertyValueSpecification","valueRequired":true,"valueName":"search_term_string"}}],"inLanguage":"fr-CA"}]}},"uagb_featured_image_src":{"full":["https:\/\/www.rgzelt.com\/wp-content\/uploads\/2019\/08\/banner-about-dr-zelt.jpg",1980,1317,false],"thumbnail":["https:\/\/www.rgzelt.com\/wp-content\/uploads\/2019\/08\/banner-about-dr-zelt-300x300.jpg",300,300,true],"medium":["https:\/\/www.rgzelt.com\/wp-content\/uploads\/2019\/08\/banner-about-dr-zelt-300x200.jpg",300,200,true],"medium_large":["https:\/\/www.rgzelt.com\/wp-content\/uploads\/2019\/08\/banner-about-dr-zelt-768x511.jpg",768,511,true],"large":["https:\/\/www.rgzelt.com\/wp-content\/uploads\/2019\/08\/banner-about-dr-zelt-1024x681.jpg",1024,681,true],"1536x1536":["https:\/\/www.rgzelt.com\/wp-content\/uploads\/2019\/08\/banner-about-dr-zelt.jpg",1536,1022,false],"2048x2048":["https:\/\/www.rgzelt.com\/wp-content\/uploads\/2019\/08\/banner-about-dr-zelt.jpg",1980,1317,false]},"uagb_author_info":{"display_name":"sitentry","author_link":"https:\/\/www.rgzelt.com\/fr\/author\/sitentry\/"},"uagb_comment_info":0,"uagb_excerpt":"R\u00e9duction mammaire \u00c0 QUOI S\u2019ATTENDRE R\u00e9duction mammaire &#8211; Informations g\u00e9n\u00e9rales R\u00e9duction mammaire &#8211; Instructions postop\u00e9ratoires R\u00e9duction mammaire &#8211; Apr\u00e8s votre r\u00e9duction mammaire Augmentation Mammaire \u00c0 QUOI S\u2019ATTENDRE Augmentation mammaire &#8211; Informations g\u00e9n\u00e9rales Redrpapage mammaire (Mastopexie) \u00c0 QUOI S\u2019ATTENDRE Redrapage mammaire &#8211; Informations g\u00e9n\u00e9rales R\u00e9duction mammaire pour hommes (gyn\u00e9comastie) \u00c0 QUOI S\u2019ATTENDRE R\u00e9duction mammaire pour hommes&hellip;","_links":{"self":[{"href":"https:\/\/www.rgzelt.com\/fr\/wp-json\/wp\/v2\/pages\/728","targetHints":{"allow":["GET"]}}],"collection":[{"href":"https:\/\/www.rgzelt.com\/fr\/wp-json\/wp\/v2\/pages"}],"about":[{"href":"https:\/\/www.rgzelt.com\/fr\/wp-json\/wp\/v2\/types\/page"}],"author":[{"embeddable":true,"href":"https:\/\/www.rgzelt.com\/fr\/wp-json\/wp\/v2\/users\/1"}],"replies":[{"embeddable":true,"href":"https:\/\/www.rgzelt.com\/fr\/wp-json\/wp\/v2\/comments?post=728"}],"version-history":[{"count":1,"href":"https:\/\/www.rgzelt.com\/fr\/wp-json\/wp\/v2\/pages\/728\/revisions"}],"predecessor-version":[{"id":4015,"href":"https:\/\/www.rgzelt.com\/fr\/wp-json\/wp\/v2\/pages\/728\/revisions\/4015"}],"wp:featuredmedia":[{"embeddable":true,"href":"https:\/\/www.rgzelt.com\/fr\/wp-json\/wp\/v2\/media\/721"}],"wp:attachment":[{"href":"https:\/\/www.rgzelt.com\/fr\/wp-json\/wp\/v2\/media?parent=728"}],"wp:term":[{"taxonomy":"procedure","embeddable":true,"href":"https:\/\/www.rgzelt.com\/fr\/wp-json\/wp\/v2\/procedure?post=728"}],"curies":[{"name":"wp","href":"https:\/\/api.w.org\/{rel}","templated":true}]}}