{"id":732,"date":"2019-08-05T18:40:00","date_gmt":"2019-08-05T18:40:00","guid":{"rendered":"http:\/\/104.152.168.27\/~bestsurgeon5\/male-botox\/"},"modified":"2019-09-13T01:54:54","modified_gmt":"2019-09-13T01:54:54","slug":"hommes-botox","status":"publish","type":"page","link":"https:\/\/www.rgzelt.com\/fr\/hommes-botox\/","title":{"rendered":"Botox pour hommes"},"content":{"rendered":"\n<p>Voulez-vous renverser les signes du vieillissement\u2009? Para\u00eetre plus jeune\u2009? Voir dispara\u00eetre cette apparence fatigu\u00e9e\u2009? Botox Cosm\u00e9tiqueMD, est l\u2019injection anti-\u00e2ge la plus populaire, la plus s\u00e9curitaire et la plus pr\u00e9visible pour pr\u00e9venir, adoucir et parfois effacer les rides caus\u00e9es par la contraction des muscles sous-jacents de l\u2019expression faciale. Ce qui permet d\u2019am\u00e9liorer votre apparence unique sans sacrifier les expressions naturelles de votre visage.<\/p>\n\n\n\n<h2 class=\"wp-block-heading\"><strong>Comment ce type de m\u00e9dicament fonctionne-t-il\u2009?<\/strong><\/h2>\n\n\n\n<p>BotoxMD est un m\u00e9dicament qui est un neuromodulateur. Lorsque de petites quantit\u00e9s sont inject\u00e9es pr\u00e9cis\u00e9ment dans les muscles des r\u00e9gions pr\u00e9occupantes, le muscle est temporairement relax\u00e9 ou paralys\u00e9. Les rides sus-jacentes sont r\u00e9duites et, dans certains cas, elles disparaissent compl\u00e8tement. Le r\u00e9sultat est une apparence plus jeune et rafra\u00eechie\u2009! Les neuromodulateurs semblent faire reculer le temps comme par magie. S\u2019ils sont utilis\u00e9s r\u00e9guli\u00e8rement, ils peuvent aussi aider \u00e0 pr\u00e9venir la formation ou l\u2019approfondissement des rides.<\/p>\n\n\n\n<p>Les r\u00e9sultats commencent \u00e0 para\u00eetre au cours des 24 premi\u00e8res heures. Votre apparence rafra\u00eechie peut durer jusqu\u2019\u00e0 quatre mois.<\/p>\n\n\n\n<h2 class=\"wp-block-heading\"><strong>Dans quelles r\u00e9gions BotoxMD est-il plus efficace\u2009?<\/strong><\/h2>\n\n\n\n<p>Les r\u00e9gions les plus courantes, autant chez les femmes que chez les hommes, lorsque trait\u00e9es avec un neuromodulateur comme BotoxMD comprennent:<\/p>\n\n\n\n<ol class=\"wp-block-list\"><li>Les rides du front<\/li><li>Les rides du froncement entre les sourcils<\/li><li>Les pattes-d\u2019oie au coin des yeux<\/li><\/ol>\n\n\n\n<h2 class=\"wp-block-heading\"><strong>Votre visage affichera-t-il encore des \u00e9motions et des expressions\u2009?<\/strong><\/h2>\n\n\n\n<p>On utilise BotoxMD pour am\u00e9liorer vos expressions faciales normales et restaurer une apparence plus jeune. Il n\u2019est pas utilis\u00e9 pour changer votre apparence, mais simplement pour faire reculer le temps de quelques ann\u00e9es. Vous pourrez toujours froncer, sourire et montrer vos expressions normales.<\/p>\n\n\n\n<h2 class=\"wp-block-heading\"><strong>Quand verra-t-on les r\u00e9sultats et combien de temps durent-ils?<\/strong><\/h2>\n\n\n\n<p>Les r\u00e9sultats commencent au cours des 24 heures suivant le traitement et vos rides s\u2019estomperont lentement jusqu\u2019\u00e0 une semaine. Les bienfaits peuvent durer jusqu\u2019\u00e0 4 mois.<\/p>\n\n\n\n<h2 class=\"wp-block-heading\"><strong>\u00c0 quoi puis-je m\u2019attendre pendant le traitement?<\/strong><\/h2>\n\n\n\n<p>Recevoir BotoxMD est simple et rapide. Pendant votre visite \u00e0 la clinique, nous aborderons vos pr\u00e9occupations avec soin pour nous assurer de r\u00e9pondre \u00e0 vos objectifs. Les traitements durent moins que 30 minutes. Une tr\u00e8s petite quantit\u00e9 de BotoxMD est inject\u00e9e dans les muscles des r\u00e9gions trait\u00e9es avec des aiguilles tr\u00e8s fines. L\u2019intervention est faite avec peu ou pas d\u2019inconfort. Il y a quelquefois une rougeur l\u00e9g\u00e8re dans les r\u00e9gions inject\u00e9es, mais elle dispara\u00eet tr\u00e8s rapidement. Le traitement ne laisse aucune trace la plupart du temps\u2009! Un rendez-vous de suivi est fix\u00e9 2 semaines apr\u00e8s le traitement pour \u00e9valuer vos r\u00e9sultats et pour s\u2019assurer que vous \u00eates satisfait.<\/p>\n\n\n\n<h2 class=\"wp-block-heading\"><strong>Que se passe-t-il lorsque le m\u00e9dicament perd son efficacit\u00e9?<\/strong><\/h2>\n\n\n\n<p>Les muscles qui \u00e9taient relax\u00e9s gr\u00e2ce au m\u00e9dicament commencent graduellement \u00e0 retourner \u00e0 la normale. Le processus est lent et invisible pour les autres. Bien que les effets puissent durer jusqu\u2019\u00e0 quatre mois, chaque patient est unique. Pour de meilleurs r\u00e9sultats, les patients reviennent recevoir un traitement tous les quatre mois. Le moment exact variera et sera d\u00e9termin\u00e9 pendant vos visites \u00e0 la clinique.<\/p>\n\n\n\n<h2 class=\"wp-block-heading\"><strong>Qu\u2019en est-il des effets secondaires de BotoxMD\u2009?<\/strong><\/h2>\n\n\n\n<p>De fa\u00e7on g\u00e9n\u00e9rale, l\u2019administration de BotoxMD est s\u00e9curitaire et fiable. Pendant la consultation en clinique, Dr Zelt ou Katherine O\u2019Neil, notre sp\u00e9cialiste en injection esth\u00e9tique, discutera avec vous des complications et des risques associ\u00e9s. Heureusement, la plupart sont tr\u00e8s rares et la grande majorit\u00e9 des hommes et des femmes connaissent un traitement sans histoire.<\/p>\n\n\n\n<p>Si vous souhaitez en apprendre plus sur Botox Cosm\u00e9tiqueMD, n\u2019h\u00e9sitez pas \u00e0\u00a0<a href=\"http:\/\/www.rgzelt.com\/fr\/contact\/\">nous contacter<\/a>\u00a0pour fixer un rendez-vous gratuit de consultation.<\/p>\n","protected":false},"excerpt":{"rendered":"<p>Botox Cosmetic\u00ae is the most popular, safest and predictable anti-aging injection to prevent, soften and sometimes erase wrinkles.<\/p>\n","protected":false},"author":1,"featured_media":377,"parent":0,"menu_order":8,"comment_status":"closed","ping_status":"closed","template":"","meta":{"_uag_custom_page_level_css":"","footnotes":""},"procedure":[17],"class_list":["post-732","page","type-page","status-publish","has-post-thumbnail","hentry","procedure-hommes"],"featured_image_urls_v2":{"full":["https:\/\/www.rgzelt.com\/wp-content\/uploads\/2019\/08\/2373.jpg",1200,600,false],"thumbnail":["https:\/\/www.rgzelt.com\/wp-content\/uploads\/2019\/08\/2373-300x300.jpg",300,300,true],"medium":["https:\/\/www.rgzelt.com\/wp-content\/uploads\/2019\/08\/2373-300x150.jpg",300,150,true],"medium_large":["https:\/\/www.rgzelt.com\/wp-content\/uploads\/2019\/08\/2373-768x384.jpg",768,384,true],"large":["https:\/\/www.rgzelt.com\/wp-content\/uploads\/2019\/08\/2373-1024x512.jpg",1024,512,true],"1536x1536":["https:\/\/www.rgzelt.com\/wp-content\/uploads\/2019\/08\/2373.jpg",1200,600,false],"2048x2048":["https:\/\/www.rgzelt.com\/wp-content\/uploads\/2019\/08\/2373.jpg",1200,600,false]},"post_excerpt_stackable_v2":"<p>Botox Cosmetic\u00ae is the most popular, safest and predictable anti-aging injection to prevent, soften and sometimes erase wrinkles.<\/p>\n","category_list_v2":"","author_info_v2":{"name":"sitentry","url":"https:\/\/www.rgzelt.com\/fr\/author\/sitentry\/"},"comments_num_v2":"0 comments","yoast_head":"<!-- This site is optimized with the Yoast SEO plugin v27.5 - https:\/\/yoast.com\/product\/yoast-seo-wordpress\/ -->\n<title>Botox pour hommes<\/title>\n<meta name=\"description\" content=\"Botox pour hommes \u00e0 Montr\u00e9al.\" \/>\n<meta name=\"robots\" content=\"index, follow, max-snippet:-1, max-image-preview:large, max-video-preview:-1\" \/>\n<link rel=\"canonical\" href=\"https:\/\/www.rgzelt.com\/male-botox\/\" \/>\n<meta property=\"og:locale\" content=\"fr_CA\" \/>\n<meta property=\"og:type\" content=\"article\" \/>\n<meta property=\"og:title\" content=\"Botox pour hommes\" \/>\n<meta property=\"og:description\" content=\"Botox pour hommes \u00e0 Montr\u00e9al.\" \/>\n<meta property=\"og:url\" content=\"https:\/\/www.rgzelt.com\/male-botox\/\" \/>\n<meta property=\"og:site_name\" content=\"Plastic Surgeon Montreal - Breast - Body - Face - Surgery | Dr. R.G Zelt\" \/>\n<meta property=\"article:modified_time\" content=\"2019-09-13T01:54:54+00:00\" \/>\n<meta property=\"og:image\" content=\"https:\/\/www.rgzelt.com\/wp-content\/uploads\/2019\/08\/2373.jpg\" \/>\n\t<meta property=\"og:image:width\" content=\"1200\" \/>\n\t<meta property=\"og:image:height\" content=\"600\" \/>\n\t<meta property=\"og:image:type\" content=\"image\/jpeg\" \/>\n<meta name=\"twitter:card\" content=\"summary_large_image\" \/>\n<meta name=\"twitter:label1\" content=\"Estimation du temps de lecture\" \/>\n\t<meta name=\"twitter:data1\" content=\"3 minutes\" \/>\n<script type=\"application\/ld+json\" class=\"yoast-schema-graph\">{\"@context\":\"https:\\\/\\\/schema.org\",\"@graph\":[{\"@type\":\"WebPage\",\"@id\":\"https:\\\/\\\/www.rgzelt.com\\\/male-botox\\\/\",\"url\":\"https:\\\/\\\/www.rgzelt.com\\\/male-botox\\\/\",\"name\":\"Botox pour hommes\",\"isPartOf\":{\"@id\":\"https:\\\/\\\/www.rgzelt.com\\\/#website\"},\"primaryImageOfPage\":{\"@id\":\"https:\\\/\\\/www.rgzelt.com\\\/male-botox\\\/#primaryimage\"},\"image\":{\"@id\":\"https:\\\/\\\/www.rgzelt.com\\\/male-botox\\\/#primaryimage\"},\"thumbnailUrl\":\"https:\\\/\\\/www.rgzelt.com\\\/wp-content\\\/uploads\\\/2019\\\/08\\\/2373.jpg\",\"datePublished\":\"2019-08-05T18:40:00+00:00\",\"dateModified\":\"2019-09-13T01:54:54+00:00\",\"description\":\"Botox pour hommes \u00e0 Montr\u00e9al.\",\"breadcrumb\":{\"@id\":\"https:\\\/\\\/www.rgzelt.com\\\/male-botox\\\/#breadcrumb\"},\"inLanguage\":\"fr-CA\",\"potentialAction\":[{\"@type\":\"ReadAction\",\"target\":[\"https:\\\/\\\/www.rgzelt.com\\\/male-botox\\\/\"]}]},{\"@type\":\"ImageObject\",\"inLanguage\":\"fr-CA\",\"@id\":\"https:\\\/\\\/www.rgzelt.com\\\/male-botox\\\/#primaryimage\",\"url\":\"https:\\\/\\\/www.rgzelt.com\\\/wp-content\\\/uploads\\\/2019\\\/08\\\/2373.jpg\",\"contentUrl\":\"https:\\\/\\\/www.rgzelt.com\\\/wp-content\\\/uploads\\\/2019\\\/08\\\/2373.jpg\",\"width\":1200,\"height\":600},{\"@type\":\"BreadcrumbList\",\"@id\":\"https:\\\/\\\/www.rgzelt.com\\\/male-botox\\\/#breadcrumb\",\"itemListElement\":[{\"@type\":\"ListItem\",\"position\":1,\"name\":\"Home\",\"item\":\"https:\\\/\\\/www.rgzelt.com\\\/fr\\\/\"},{\"@type\":\"ListItem\",\"position\":2,\"name\":\"Botox pour hommes\"}]},{\"@type\":\"WebSite\",\"@id\":\"https:\\\/\\\/www.rgzelt.com\\\/#website\",\"url\":\"https:\\\/\\\/www.rgzelt.com\\\/\",\"name\":\"Plastic Surgeon Montreal - Breast - Body - Face - Surgery | Dr. R.G Zelt\",\"description\":\"\",\"potentialAction\":[{\"@type\":\"SearchAction\",\"target\":{\"@type\":\"EntryPoint\",\"urlTemplate\":\"https:\\\/\\\/www.rgzelt.com\\\/?s={search_term_string}\"},\"query-input\":{\"@type\":\"PropertyValueSpecification\",\"valueRequired\":true,\"valueName\":\"search_term_string\"}}],\"inLanguage\":\"fr-CA\"}]}<\/script>\n<!-- \/ Yoast SEO plugin. -->","yoast_head_json":{"title":"Botox pour hommes","description":"Botox pour hommes \u00e0 Montr\u00e9al.","robots":{"index":"index","follow":"follow","max-snippet":"max-snippet:-1","max-image-preview":"max-image-preview:large","max-video-preview":"max-video-preview:-1"},"canonical":"https:\/\/www.rgzelt.com\/male-botox\/","og_locale":"fr_CA","og_type":"article","og_title":"Botox pour hommes","og_description":"Botox pour hommes \u00e0 Montr\u00e9al.","og_url":"https:\/\/www.rgzelt.com\/male-botox\/","og_site_name":"Plastic Surgeon Montreal - Breast - Body - Face - Surgery | Dr. R.G Zelt","article_modified_time":"2019-09-13T01:54:54+00:00","og_image":[{"width":1200,"height":600,"url":"https:\/\/www.rgzelt.com\/wp-content\/uploads\/2019\/08\/2373.jpg","type":"image\/jpeg"}],"twitter_card":"summary_large_image","twitter_misc":{"Estimation du temps de lecture":"3 minutes"},"schema":{"@context":"https:\/\/schema.org","@graph":[{"@type":"WebPage","@id":"https:\/\/www.rgzelt.com\/male-botox\/","url":"https:\/\/www.rgzelt.com\/male-botox\/","name":"Botox pour hommes","isPartOf":{"@id":"https:\/\/www.rgzelt.com\/#website"},"primaryImageOfPage":{"@id":"https:\/\/www.rgzelt.com\/male-botox\/#primaryimage"},"image":{"@id":"https:\/\/www.rgzelt.com\/male-botox\/#primaryimage"},"thumbnailUrl":"https:\/\/www.rgzelt.com\/wp-content\/uploads\/2019\/08\/2373.jpg","datePublished":"2019-08-05T18:40:00+00:00","dateModified":"2019-09-13T01:54:54+00:00","description":"Botox pour hommes \u00e0 Montr\u00e9al.","breadcrumb":{"@id":"https:\/\/www.rgzelt.com\/male-botox\/#breadcrumb"},"inLanguage":"fr-CA","potentialAction":[{"@type":"ReadAction","target":["https:\/\/www.rgzelt.com\/male-botox\/"]}]},{"@type":"ImageObject","inLanguage":"fr-CA","@id":"https:\/\/www.rgzelt.com\/male-botox\/#primaryimage","url":"https:\/\/www.rgzelt.com\/wp-content\/uploads\/2019\/08\/2373.jpg","contentUrl":"https:\/\/www.rgzelt.com\/wp-content\/uploads\/2019\/08\/2373.jpg","width":1200,"height":600},{"@type":"BreadcrumbList","@id":"https:\/\/www.rgzelt.com\/male-botox\/#breadcrumb","itemListElement":[{"@type":"ListItem","position":1,"name":"Home","item":"https:\/\/www.rgzelt.com\/fr\/"},{"@type":"ListItem","position":2,"name":"Botox pour hommes"}]},{"@type":"WebSite","@id":"https:\/\/www.rgzelt.com\/#website","url":"https:\/\/www.rgzelt.com\/","name":"Plastic Surgeon Montreal - Breast - Body - Face - Surgery | Dr. R.G Zelt","description":"","potentialAction":[{"@type":"SearchAction","target":{"@type":"EntryPoint","urlTemplate":"https:\/\/www.rgzelt.com\/?s={search_term_string}"},"query-input":{"@type":"PropertyValueSpecification","valueRequired":true,"valueName":"search_term_string"}}],"inLanguage":"fr-CA"}]}},"uagb_featured_image_src":{"full":["https:\/\/www.rgzelt.com\/wp-content\/uploads\/2019\/08\/2373.jpg",1200,600,false],"thumbnail":["https:\/\/www.rgzelt.com\/wp-content\/uploads\/2019\/08\/2373-300x300.jpg",300,300,true],"medium":["https:\/\/www.rgzelt.com\/wp-content\/uploads\/2019\/08\/2373-300x150.jpg",300,150,true],"medium_large":["https:\/\/www.rgzelt.com\/wp-content\/uploads\/2019\/08\/2373-768x384.jpg",768,384,true],"large":["https:\/\/www.rgzelt.com\/wp-content\/uploads\/2019\/08\/2373-1024x512.jpg",1024,512,true],"1536x1536":["https:\/\/www.rgzelt.com\/wp-content\/uploads\/2019\/08\/2373.jpg",1200,600,false],"2048x2048":["https:\/\/www.rgzelt.com\/wp-content\/uploads\/2019\/08\/2373.jpg",1200,600,false]},"uagb_author_info":{"display_name":"sitentry","author_link":"https:\/\/www.rgzelt.com\/fr\/author\/sitentry\/"},"uagb_comment_info":0,"uagb_excerpt":"Botox Cosmetic\u00ae is the most popular, safest and predictable anti-aging injection to prevent, soften and sometimes erase wrinkles.","_links":{"self":[{"href":"https:\/\/www.rgzelt.com\/fr\/wp-json\/wp\/v2\/pages\/732","targetHints":{"allow":["GET"]}}],"collection":[{"href":"https:\/\/www.rgzelt.com\/fr\/wp-json\/wp\/v2\/pages"}],"about":[{"href":"https:\/\/www.rgzelt.com\/fr\/wp-json\/wp\/v2\/types\/page"}],"author":[{"embeddable":true,"href":"https:\/\/www.rgzelt.com\/fr\/wp-json\/wp\/v2\/users\/1"}],"replies":[{"embeddable":true,"href":"https:\/\/www.rgzelt.com\/fr\/wp-json\/wp\/v2\/comments?post=732"}],"version-history":[{"count":0,"href":"https:\/\/www.rgzelt.com\/fr\/wp-json\/wp\/v2\/pages\/732\/revisions"}],"wp:featuredmedia":[{"embeddable":true,"href":"https:\/\/www.rgzelt.com\/fr\/wp-json\/wp\/v2\/media\/377"}],"wp:attachment":[{"href":"https:\/\/www.rgzelt.com\/fr\/wp-json\/wp\/v2\/media?parent=732"}],"wp:term":[{"taxonomy":"procedure","embeddable":true,"href":"https:\/\/www.rgzelt.com\/fr\/wp-json\/wp\/v2\/procedure?post=732"}],"curies":[{"name":"wp","href":"https:\/\/api.w.org\/{rel}","templated":true}]}}