{"id":735,"date":"2019-08-05T18:39:21","date_gmt":"2019-08-05T18:39:21","guid":{"rendered":"http:\/\/104.152.168.27\/~bestsurgeon5\/male-arm-lift-brachioplasty\/"},"modified":"2019-08-26T16:58:31","modified_gmt":"2019-08-26T16:58:31","slug":"hommes-redrapage-des-bras-brachioplastie","status":"publish","type":"page","link":"https:\/\/www.rgzelt.com\/fr\/hommes-redrapage-des-bras-brachioplastie\/","title":{"rendered":"Redrapage des bras (Brachioplastie)"},"content":{"rendered":"\n<p>Les patients recherchent de l\u2019aide pour leurs bras pour plusieurs raisons&nbsp;: ils sont trop gros, les tissus mous et la peau sont trop l\u00e2ches o\u00f9 celle-ci est rid\u00e9e.&nbsp; Ce probl\u00e8me ne semble pas si s\u00e9rieux lorsque les bras reposent sur le c\u00f4t\u00e9 du corps, mais il devient rapidement apparent lorsqu\u2019ils sont lev\u00e9s ou pendant des activit\u00e9s sportives. Les chemisiers \u00e0 manches courtes sont souvent abandonn\u00e9s au profit de v\u00eatement dot\u00e9 de manches moins r\u00e9v\u00e9latrices.<\/p>\n\n\n\n<p>Ce probl\u00e8me se voit plus souvent apr\u00e8s une perte de poids massive, mais il peut aussi \u00eatre un ph\u00e9nom\u00e8ne naturel li\u00e9 \u00e0 l\u2019\u00e2ge. La prise en charge de cet \u00e9tat d\u00e9pendra de la quantit\u00e9 de peau et de gras. Les cas mineurs sont mieux trait\u00e9s par une liposuccion, tandis que les patients avec des quantit\u00e9s importantes d\u2019exc\u00e8s de peau auront besoin d\u2019une lipectomie locale (extraction de l\u2019exc\u00e8s de peau et de gras). Ces interventions sont r\u00e9alis\u00e9es dans un \u00e9tablissement chirurgical local sans hospitalisation. L\u2019op\u00e9ration dure g\u00e9n\u00e9ralement de 1&nbsp;h \u00e0 1&nbsp;h&nbsp;30 et les patients partent de l\u2019\u00e9tablissement chirurgical priv\u00e9 avec seulement un bandage l\u00e9ger sur chaque bras. Une convalescence rapide et sans histoire apr\u00e8s un redrapage des bras permet \u00e0 la plupart des patients de reprendre le travail quelques jours de l\u2019op\u00e9ration.<\/p>\n\n\n\n<h2 class=\"wp-block-heading\"><strong>Que peut m\u2019apporter un redrapage des bras?<\/strong><\/h2>\n\n\n\n<p>Chaque femme ou chaque homme consid\u00e9rant subir cette intervention a ses raisons personnelles. La plus fr\u00e9quente est de simplement se sentir mieux dans leur peau et de retrouver \u00e0 nouveau un sens de satisfaction personnelle. En raison du vieillissement normal ou d\u2019une perte de poids, la peau et le gras des bras commencent \u00e0 pendre. Les patients se plaignent que cette peau flasque est devenue une source de g\u00eane lorsqu\u2019ils portent des chemisiers ou des hauts \u00e0 manches courtes. L\u2019exc\u00e8s de tissus est souvent ressenti comme \u00e9tant lourd et inconfortable. Un redrapage des bras ne pourra que soulager les patients de ces sensations tout en am\u00e9liorant la forme et le contour de la r\u00e9gion du bras.<\/p>\n\n\n\n<h2 class=\"wp-block-heading\"><strong>Comment fait-on un redrapage des bras\u2009?<\/strong><\/h2>\n\n\n\n<p>Cette intervention varie selon la quantit\u00e9 d\u2019exc\u00e8s de peau et de gras de la r\u00e9gion du bras. Les patients avec une peau jeune, mais avec un exc\u00e8s de gras, tireront un meilleur avantage d\u2019une liposuccion. Ce qui est fait par de tr\u00e8s petites incisions souvent cach\u00e9es dans les plis du corps. Un exc\u00e8s de peau doit \u00eatre retir\u00e9 par le biais d\u2019une op\u00e9ration laissant une cicatrice tout au long dans la face int\u00e9rieure du bras. Les deux techniques sont utilis\u00e9es dans certains cas.<\/p>\n\n\n\n<h2 class=\"wp-block-heading\"><strong>O\u00f9 sera situ\u00e9e la cicatrice\u2009?<\/strong><\/h2>\n\n\n\n<p>La cicatrice d\u2019un redrapage des bras, si requis, est du c\u00f4t\u00e9 interne du bras, s\u2019\u00e9tirant de la zone de l\u2019aisselle \u00e0 des distances vari\u00e9es le long du bras. Il n\u2019y a pas de cicatrice sur la partie externe et plus visible du bras. Ces cicatrices sont g\u00e9n\u00e9ralement bien cach\u00e9es lorsque les bras sont contre la poitrine, mais elles deviennent plus apparentes en portant des hauts \u00e0 manches courtes et en levant les bras. En raison de la n\u00e9cessit\u00e9 de cr\u00e9er une cicatrice apparente, le retrait de peau excessive est souvent r\u00e9serv\u00e9 aux patients avec des quantit\u00e9s importantes de tissus.<\/p>\n\n\n\n<h2 class=\"wp-block-heading\"><strong>O\u00f9 sera faite l\u2019op\u00e9ration?<\/strong><\/h2>\n\n\n\n<p>La plupart des interventions de redrapage des bras sont faites dans l\u2019un des deux \u00e9tablissements chirurgicaux priv\u00e9s agr\u00e9\u00e9s sans hospitalisation.<\/p>\n\n\n\n<h2 class=\"wp-block-heading\"><strong>Combien de temps prend l\u2019op\u00e9ration?<\/strong><\/h2>\n\n\n\n<p>Elle prend dans la plupart des cas de 1 h \u00e0 1 h 30.<\/p>\n\n\n\n<h2 class=\"wp-block-heading\"><strong>Quel type d\u2019anesth\u00e9sie sera requis?<\/strong><\/h2>\n\n\n\n<p>Une anesth\u00e9sie g\u00e9n\u00e9rale l\u00e9g\u00e8re est la m\u00e9thode d\u2019anesth\u00e9sie pr\u00e9f\u00e9r\u00e9e.<\/p>\n\n\n\n<h2 class=\"wp-block-heading\"><strong>Quels seront les effets postop\u00e9ratoires sur mes bras?<\/strong><\/h2>\n\n\n\n<p>Une sensation de tension sera ressentie dans les bras apr\u00e8s l\u2019op\u00e9ration, ce qui est normal. Lorsque les patients sont plus actifs au cours des jours suivant l\u2019op\u00e9ration, cette tension commence \u00e0 se rel\u00e2cher.<\/p>\n\n\n\n<h2 class=\"wp-block-heading\"><strong>Quelle sera l\u2019apparence de mes bras\u2009apr\u00e8s l\u2019op\u00e9ration?<\/strong><\/h2>\n\n\n\n<p>Une fois gu\u00e9ris, les bras auront une apparence plus jeune. L\u2019exc\u00e8s de tissus flasques est retir\u00e9 laissant un contour plus aminci aux bras.<\/p>\n\n\n\n<h2 class=\"wp-block-heading\"><strong>Quand puis-je reprendre mes activit\u00e9s normales\u2009?<\/strong><\/h2>\n\n\n\n<p>La plupart des patients peuvent reprendre une l\u00e9g\u00e8re activit\u00e9 et le travail de 2 \u00e0 3 jours apr\u00e8s l\u2019op\u00e9ration. Un retour aux activit\u00e9s physiques normales, y compris les sports, est permis apr\u00e8s 4 semaines.<\/p>\n\n\n\n<h2 class=\"wp-block-heading\"><strong>Est-ce que d\u2019autres interventions peuvent \u00eatre faites en m\u00eame temps\u2009?<\/strong><\/h2>\n\n\n\n<p>Oui, les patients combinent fr\u00e9quemment un redrapage des bras \u00e0 d\u2019autres interventions esth\u00e9tiques comme une op\u00e9ration chirurgicale mammaire, une abdominoplastie, une liposuccion ou un redrapage des cuisses.<\/p>\n\n\n\n<h2 class=\"wp-block-heading\"><strong>Le redrapage des bras comporte-t-il des risques?<\/strong><\/h2>\n\n\n\n<p>De fa\u00e7on g\u00e9n\u00e9rale, le redrapage des bras est tr\u00e8s s\u00e9curitaire et fiable. Pendant la consultation en clinique, Dr Zelt discutera avec vous des complications et des risques associ\u00e9s. Heureusement, la plupart sont tr\u00e8s rares et la grande majorit\u00e9 des patients connaissent une op\u00e9ration et une p\u00e9riode de gu\u00e9rison sans histoire.<\/p>\n\n\n\n<p>Pour toutes questions concernant le redrapage des bras, pri\u00e8re de\u00a0<a href=\"http:\/\/www.rgzelt.com\/fr\/contact\/\">communiquer avec nous<\/a>\u00a0et nous fixerons un rendez-vous de consultation.<\/p>\n","protected":false},"excerpt":{"rendered":"<p>Patients seek help with their arms for several reasons: they are too bulky, the skin and soft tissues are too loose or the skin is wrinkled.<\/p>\n","protected":false},"author":1,"featured_media":371,"parent":0,"menu_order":5,"comment_status":"closed","ping_status":"closed","template":"","meta":{"_uag_custom_page_level_css":"","footnotes":""},"procedure":[17],"class_list":["post-735","page","type-page","status-publish","has-post-thumbnail","hentry","procedure-hommes"],"featured_image_urls_v2":{"full":["https:\/\/www.rgzelt.com\/wp-content\/uploads\/2019\/08\/2364.jpg",1200,600,false],"thumbnail":["https:\/\/www.rgzelt.com\/wp-content\/uploads\/2019\/08\/2364-300x300.jpg",300,300,true],"medium":["https:\/\/www.rgzelt.com\/wp-content\/uploads\/2019\/08\/2364-300x150.jpg",300,150,true],"medium_large":["https:\/\/www.rgzelt.com\/wp-content\/uploads\/2019\/08\/2364-768x384.jpg",768,384,true],"large":["https:\/\/www.rgzelt.com\/wp-content\/uploads\/2019\/08\/2364-1024x512.jpg",1024,512,true],"1536x1536":["https:\/\/www.rgzelt.com\/wp-content\/uploads\/2019\/08\/2364.jpg",1200,600,false],"2048x2048":["https:\/\/www.rgzelt.com\/wp-content\/uploads\/2019\/08\/2364.jpg",1200,600,false]},"post_excerpt_stackable_v2":"<p>Patients seek help with their arms for several reasons: they are too bulky, the skin and soft tissues are too loose or the skin is wrinkled.<\/p>\n","category_list_v2":"","author_info_v2":{"name":"sitentry","url":"https:\/\/www.rgzelt.com\/fr\/author\/sitentry\/"},"comments_num_v2":"0 comments","yoast_head":"<!-- This site is optimized with the Yoast SEO plugin v27.6 - https:\/\/yoast.com\/product\/yoast-seo-wordpress\/ -->\n<title>Remodelage des bras Homme Brachioplastie<\/title>\n<meta name=\"description\" content=\"Remodelage des bras Montr\u00e9al Brachioplastie avec Dr. Ronald G. Zelt.\" \/>\n<meta name=\"robots\" content=\"index, follow, max-snippet:-1, max-image-preview:large, max-video-preview:-1\" \/>\n<link rel=\"canonical\" href=\"https:\/\/www.rgzelt.com\/male-arm-lift-brachioplasty\/\" \/>\n<meta property=\"og:locale\" content=\"fr_CA\" \/>\n<meta property=\"og:type\" content=\"article\" \/>\n<meta property=\"og:title\" content=\"Remodelage des bras Homme Brachioplastie\" \/>\n<meta property=\"og:description\" content=\"Remodelage des bras Montr\u00e9al Brachioplastie avec Dr. Ronald G. Zelt.\" \/>\n<meta property=\"og:url\" content=\"https:\/\/www.rgzelt.com\/male-arm-lift-brachioplasty\/\" \/>\n<meta property=\"og:site_name\" content=\"Plastic Surgeon Montreal - Breast - Body - Face - Surgery | Dr. R.G Zelt\" \/>\n<meta property=\"article:modified_time\" content=\"2019-08-26T16:58:31+00:00\" \/>\n<meta property=\"og:image\" content=\"https:\/\/www.rgzelt.com\/wp-content\/uploads\/2019\/08\/2364.jpg\" \/>\n\t<meta property=\"og:image:width\" content=\"1200\" \/>\n\t<meta property=\"og:image:height\" content=\"600\" \/>\n\t<meta property=\"og:image:type\" content=\"image\/jpeg\" \/>\n<meta name=\"twitter:card\" content=\"summary_large_image\" \/>\n<meta name=\"twitter:label1\" content=\"Estimation du temps de lecture\" \/>\n\t<meta name=\"twitter:data1\" content=\"5 minutes\" \/>\n<script type=\"application\/ld+json\" class=\"yoast-schema-graph\">{\"@context\":\"https:\\\/\\\/schema.org\",\"@graph\":[{\"@type\":\"WebPage\",\"@id\":\"https:\\\/\\\/www.rgzelt.com\\\/male-arm-lift-brachioplasty\\\/\",\"url\":\"https:\\\/\\\/www.rgzelt.com\\\/male-arm-lift-brachioplasty\\\/\",\"name\":\"Remodelage des bras Homme Brachioplastie\",\"isPartOf\":{\"@id\":\"https:\\\/\\\/www.rgzelt.com\\\/#website\"},\"primaryImageOfPage\":{\"@id\":\"https:\\\/\\\/www.rgzelt.com\\\/male-arm-lift-brachioplasty\\\/#primaryimage\"},\"image\":{\"@id\":\"https:\\\/\\\/www.rgzelt.com\\\/male-arm-lift-brachioplasty\\\/#primaryimage\"},\"thumbnailUrl\":\"https:\\\/\\\/www.rgzelt.com\\\/wp-content\\\/uploads\\\/2019\\\/08\\\/2364.jpg\",\"datePublished\":\"2019-08-05T18:39:21+00:00\",\"dateModified\":\"2019-08-26T16:58:31+00:00\",\"description\":\"Remodelage des bras Montr\u00e9al Brachioplastie avec Dr. Ronald G. Zelt.\",\"breadcrumb\":{\"@id\":\"https:\\\/\\\/www.rgzelt.com\\\/male-arm-lift-brachioplasty\\\/#breadcrumb\"},\"inLanguage\":\"fr-CA\",\"potentialAction\":[{\"@type\":\"ReadAction\",\"target\":[\"https:\\\/\\\/www.rgzelt.com\\\/male-arm-lift-brachioplasty\\\/\"]}]},{\"@type\":\"ImageObject\",\"inLanguage\":\"fr-CA\",\"@id\":\"https:\\\/\\\/www.rgzelt.com\\\/male-arm-lift-brachioplasty\\\/#primaryimage\",\"url\":\"https:\\\/\\\/www.rgzelt.com\\\/wp-content\\\/uploads\\\/2019\\\/08\\\/2364.jpg\",\"contentUrl\":\"https:\\\/\\\/www.rgzelt.com\\\/wp-content\\\/uploads\\\/2019\\\/08\\\/2364.jpg\",\"width\":1200,\"height\":600},{\"@type\":\"BreadcrumbList\",\"@id\":\"https:\\\/\\\/www.rgzelt.com\\\/male-arm-lift-brachioplasty\\\/#breadcrumb\",\"itemListElement\":[{\"@type\":\"ListItem\",\"position\":1,\"name\":\"Home\",\"item\":\"https:\\\/\\\/www.rgzelt.com\\\/fr\\\/\"},{\"@type\":\"ListItem\",\"position\":2,\"name\":\"Redrapage des bras (Brachioplastie)\"}]},{\"@type\":\"WebSite\",\"@id\":\"https:\\\/\\\/www.rgzelt.com\\\/#website\",\"url\":\"https:\\\/\\\/www.rgzelt.com\\\/\",\"name\":\"Plastic Surgeon Montreal - Breast - Body - Face - Surgery | Dr. R.G Zelt\",\"description\":\"\",\"potentialAction\":[{\"@type\":\"SearchAction\",\"target\":{\"@type\":\"EntryPoint\",\"urlTemplate\":\"https:\\\/\\\/www.rgzelt.com\\\/?s={search_term_string}\"},\"query-input\":{\"@type\":\"PropertyValueSpecification\",\"valueRequired\":true,\"valueName\":\"search_term_string\"}}],\"inLanguage\":\"fr-CA\"}]}<\/script>\n<!-- \/ Yoast SEO plugin. -->","yoast_head_json":{"title":"Remodelage des bras Homme Brachioplastie","description":"Remodelage des bras Montr\u00e9al Brachioplastie avec Dr. Ronald G. Zelt.","robots":{"index":"index","follow":"follow","max-snippet":"max-snippet:-1","max-image-preview":"max-image-preview:large","max-video-preview":"max-video-preview:-1"},"canonical":"https:\/\/www.rgzelt.com\/male-arm-lift-brachioplasty\/","og_locale":"fr_CA","og_type":"article","og_title":"Remodelage des bras Homme Brachioplastie","og_description":"Remodelage des bras Montr\u00e9al Brachioplastie avec Dr. Ronald G. Zelt.","og_url":"https:\/\/www.rgzelt.com\/male-arm-lift-brachioplasty\/","og_site_name":"Plastic Surgeon Montreal - Breast - Body - Face - Surgery | Dr. R.G Zelt","article_modified_time":"2019-08-26T16:58:31+00:00","og_image":[{"width":1200,"height":600,"url":"https:\/\/www.rgzelt.com\/wp-content\/uploads\/2019\/08\/2364.jpg","type":"image\/jpeg"}],"twitter_card":"summary_large_image","twitter_misc":{"Estimation du temps de lecture":"5 minutes"},"schema":{"@context":"https:\/\/schema.org","@graph":[{"@type":"WebPage","@id":"https:\/\/www.rgzelt.com\/male-arm-lift-brachioplasty\/","url":"https:\/\/www.rgzelt.com\/male-arm-lift-brachioplasty\/","name":"Remodelage des bras Homme Brachioplastie","isPartOf":{"@id":"https:\/\/www.rgzelt.com\/#website"},"primaryImageOfPage":{"@id":"https:\/\/www.rgzelt.com\/male-arm-lift-brachioplasty\/#primaryimage"},"image":{"@id":"https:\/\/www.rgzelt.com\/male-arm-lift-brachioplasty\/#primaryimage"},"thumbnailUrl":"https:\/\/www.rgzelt.com\/wp-content\/uploads\/2019\/08\/2364.jpg","datePublished":"2019-08-05T18:39:21+00:00","dateModified":"2019-08-26T16:58:31+00:00","description":"Remodelage des bras Montr\u00e9al Brachioplastie avec Dr. Ronald G. Zelt.","breadcrumb":{"@id":"https:\/\/www.rgzelt.com\/male-arm-lift-brachioplasty\/#breadcrumb"},"inLanguage":"fr-CA","potentialAction":[{"@type":"ReadAction","target":["https:\/\/www.rgzelt.com\/male-arm-lift-brachioplasty\/"]}]},{"@type":"ImageObject","inLanguage":"fr-CA","@id":"https:\/\/www.rgzelt.com\/male-arm-lift-brachioplasty\/#primaryimage","url":"https:\/\/www.rgzelt.com\/wp-content\/uploads\/2019\/08\/2364.jpg","contentUrl":"https:\/\/www.rgzelt.com\/wp-content\/uploads\/2019\/08\/2364.jpg","width":1200,"height":600},{"@type":"BreadcrumbList","@id":"https:\/\/www.rgzelt.com\/male-arm-lift-brachioplasty\/#breadcrumb","itemListElement":[{"@type":"ListItem","position":1,"name":"Home","item":"https:\/\/www.rgzelt.com\/fr\/"},{"@type":"ListItem","position":2,"name":"Redrapage des bras (Brachioplastie)"}]},{"@type":"WebSite","@id":"https:\/\/www.rgzelt.com\/#website","url":"https:\/\/www.rgzelt.com\/","name":"Plastic Surgeon Montreal - Breast - Body - Face - Surgery | Dr. R.G Zelt","description":"","potentialAction":[{"@type":"SearchAction","target":{"@type":"EntryPoint","urlTemplate":"https:\/\/www.rgzelt.com\/?s={search_term_string}"},"query-input":{"@type":"PropertyValueSpecification","valueRequired":true,"valueName":"search_term_string"}}],"inLanguage":"fr-CA"}]}},"uagb_featured_image_src":{"full":["https:\/\/www.rgzelt.com\/wp-content\/uploads\/2019\/08\/2364.jpg",1200,600,false],"thumbnail":["https:\/\/www.rgzelt.com\/wp-content\/uploads\/2019\/08\/2364-300x300.jpg",300,300,true],"medium":["https:\/\/www.rgzelt.com\/wp-content\/uploads\/2019\/08\/2364-300x150.jpg",300,150,true],"medium_large":["https:\/\/www.rgzelt.com\/wp-content\/uploads\/2019\/08\/2364-768x384.jpg",768,384,true],"large":["https:\/\/www.rgzelt.com\/wp-content\/uploads\/2019\/08\/2364-1024x512.jpg",1024,512,true],"1536x1536":["https:\/\/www.rgzelt.com\/wp-content\/uploads\/2019\/08\/2364.jpg",1200,600,false],"2048x2048":["https:\/\/www.rgzelt.com\/wp-content\/uploads\/2019\/08\/2364.jpg",1200,600,false]},"uagb_author_info":{"display_name":"sitentry","author_link":"https:\/\/www.rgzelt.com\/fr\/author\/sitentry\/"},"uagb_comment_info":0,"uagb_excerpt":"Patients seek help with their arms for several reasons: they are too bulky, the skin and soft tissues are too loose or the skin is wrinkled.","_links":{"self":[{"href":"https:\/\/www.rgzelt.com\/fr\/wp-json\/wp\/v2\/pages\/735","targetHints":{"allow":["GET"]}}],"collection":[{"href":"https:\/\/www.rgzelt.com\/fr\/wp-json\/wp\/v2\/pages"}],"about":[{"href":"https:\/\/www.rgzelt.com\/fr\/wp-json\/wp\/v2\/types\/page"}],"author":[{"embeddable":true,"href":"https:\/\/www.rgzelt.com\/fr\/wp-json\/wp\/v2\/users\/1"}],"replies":[{"embeddable":true,"href":"https:\/\/www.rgzelt.com\/fr\/wp-json\/wp\/v2\/comments?post=735"}],"version-history":[{"count":0,"href":"https:\/\/www.rgzelt.com\/fr\/wp-json\/wp\/v2\/pages\/735\/revisions"}],"wp:featuredmedia":[{"embeddable":true,"href":"https:\/\/www.rgzelt.com\/fr\/wp-json\/wp\/v2\/media\/371"}],"wp:attachment":[{"href":"https:\/\/www.rgzelt.com\/fr\/wp-json\/wp\/v2\/media?parent=735"}],"wp:term":[{"taxonomy":"procedure","embeddable":true,"href":"https:\/\/www.rgzelt.com\/fr\/wp-json\/wp\/v2\/procedure?post=735"}],"curies":[{"name":"wp","href":"https:\/\/api.w.org\/{rel}","templated":true}]}}