{"id":737,"date":"2019-08-05T18:38:59","date_gmt":"2019-08-05T18:38:59","guid":{"rendered":"http:\/\/104.152.168.27\/~bestsurgeon5\/male-tummy-tuck-abdominoplasty\/"},"modified":"2019-08-26T16:55:34","modified_gmt":"2019-08-26T16:55:34","slug":"hommes-abdominoplastie","status":"publish","type":"page","link":"https:\/\/www.rgzelt.com\/fr\/hommes-abdominoplastie\/","title":{"rendered":"Abdominoplastie"},"content":{"rendered":"\n<p>L\u2019abdominoplastie est une op\u00e9ration effectu\u00e9e sur l\u2019abdomen pour retirer l\u2019exc\u00e8s de peau et de gras, raffermir les muscles et \u00e9liminer ou am\u00e9liorer l\u2019apparence des cicatrices sur le bas du ventre.&nbsp; Bien que certains patients n\u2019aient besoin que d\u2019une liposuccion, d\u2019autres doivent subir une op\u00e9ration pour obtenir un ventre plat et une apparence plus jeune. L\u2019abdominoplastie est r\u00e9alis\u00e9e sous anesth\u00e9sie g\u00e9n\u00e9rale et la plupart des patients reprennent leurs activit\u00e9s normales en 4 \u00e0 6 semaines.<\/p>\n\n\n\n<h2 class=\"wp-block-heading\"><strong>Que peut m\u2019apporter une abdominoplastie\u2009?<\/strong><\/h2>\n\n\n\n<p>Chaque personne, que ce soit une femme ou un homme, qui consid\u00e8re subir cette intervention a ses raisons personnelles. La plus fr\u00e9quente est de simplement se sentir mieux dans leur peau et de retrouver \u00e0 nouveau un sens de satisfaction personnelle. Chez les femmes, c\u2019est en raison des grossesses que la peau et les muscles abdominaux deviennent l\u00e2ches et flasques. Une perte et un gain importants de poids chez les hommes et les femmes laissent souvent un exc\u00e8s de peau et des muscles \u00e9tir\u00e9s et minces. Il arrive fr\u00e9quemment que le surplus de peau et de gras du bas du ventre ne soit pas am\u00e9lior\u00e9, m\u00eame avec le programme d\u2019exercice le plus vigoureux. Apr\u00e8s une abdominoplastie, les patients remarquent imm\u00e9diatement une apparence rajeunie en portant des pantalons et d\u2019autres v\u00eatements. Fini les bourrelets qui d\u00e9bordent en regardant dans le miroir\u2009!<\/p>\n\n\n\n<h2 class=\"wp-block-heading\"><strong>Existe-t-il diff\u00e9rentes sortes d\u2019abdominoplastie\u2009?<\/strong><\/h2>\n\n\n\n<p>Le choix de l\u2019op\u00e9ration est fait seulement apr\u00e8s une consultation minutieuse et en prenant le temps de comprendre les pr\u00e9occupations et les besoins pr\u00e9cis de chaque patient. De fa\u00e7on g\u00e9n\u00e9rale, l\u2019une des op\u00e9rations suivantes est choisie pour atteindre le r\u00e9sultat souhait\u00e9, seule ou en combinaison.<\/p>\n\n\n\n<ul class=\"wp-block-list\"><li>Liposuccion<\/li><li>Mini-abdominoplastie (am\u00e9lioration du bas du ventre seulement)<\/li><li>Abdominoplastie compl\u00e8te sans d\u00e9placer le nombril<\/li><li>Abdominoplastie compl\u00e8te en d\u00e9pla\u00e7ant le nombril vers un nouvel emplacement<\/li><li>Abdominoplastie apr\u00e8s une importante perte de poids (p. ex., apr\u00e8s un pontage gastrique ou une chirurgie bariatrique restrictive), souvent combin\u00e9e \u00e0 une lipectomie de la portion lat\u00e9rale de la cuisse (flanc) et du bas du dos. On la d\u00e9signe souvent comme la \u00ab\u2009lipectomie de la ceinture\u2009\u00bb.<\/li><\/ul>\n\n\n\n<div class=\"wp-block-image\"><figure class=\"alignright\"><img loading=\"lazy\" decoding=\"async\" width=\"600\" height=\"902\" src=\"http:\/\/www.rgzelt.com\/wp-content\/uploads\/2019\/08\/tummytuck.jpg\" alt=\"\" class=\"wp-image-693\" srcset=\"https:\/\/www.rgzelt.com\/wp-content\/uploads\/2019\/08\/tummytuck.jpg 600w, https:\/\/www.rgzelt.com\/wp-content\/uploads\/2019\/08\/tummytuck-200x300.jpg 200w\" sizes=\"auto, (max-width: 600px) 100vw, 600px\" \/><\/figure><\/div>\n\n\n\n<h2 class=\"wp-block-heading\"><strong>Comment fait-on une abdominoplastie\u2009?<\/strong><\/h2>\n\n\n\n<p>L\u2019intervention d\u2019abdominoplastie est personnalis\u00e9e selon les besoins de chaque patient. Il s\u2019agit d\u2019une op\u00e9ration par laquelle on enl\u00e8ve l\u2019exc\u00e8s de peau et de gras de la r\u00e9gion du bas du ventre. Pendant l\u2019intervention, les muscles abdominaux sont g\u00e9n\u00e9ralement aussi tendus.<\/p>\n\n\n\n<h2 class=\"wp-block-heading\"><strong>O\u00f9 sera situ\u00e9e la cicatrice\u2009?<\/strong><\/h2>\n\n\n\n<p>La cicatrice de l\u2019abdominoplastie est situ\u00e9e dans le bas du ventre et g\u00e9n\u00e9ralement orient\u00e9e horizontalement. Elle s\u2019estompera avec le temps et ne cause habituellement aucune complication. La longueur de la cicatrice variera selon la quantit\u00e9 de tissus retir\u00e9s, mais elle est g\u00e9n\u00e9ralement bien cach\u00e9e sous un pantalon, un sous-v\u00eatement ou un costume de bain. Il y aura aussi une petite cicatrice autour du nombril s\u2019il a \u00e9t\u00e9 repositionn\u00e9 pendant l\u2019op\u00e9ration. Le type et la position des incisions sont personnalis\u00e9s pour r\u00e9pondre aux besoins et aux objectifs de chaque patient. Cela sera soigneusement r\u00e9vis\u00e9 et montr\u00e9 avec vous avant l\u2019op\u00e9ration.<\/p>\n\n\n\n<h2 class=\"wp-block-heading\"><strong>O\u00f9 sera faite l\u2019op\u00e9ration\u2009?<\/strong><\/h2>\n\n\n\n<p>Les interventions d\u2019abdominoplastie sont faites dans l\u2019un des deux \u00e9tablissements chirurgicaux priv\u00e9s agr\u00e9\u00e9s. Bien que certains patients puissent retourner \u00e0 la maison le jour de l\u2019op\u00e9ration, d\u2019autres auront besoin de s\u00e9journer pendant une nuit \u00e0 la clinique. Cette d\u00e9cision sera prise par Dr Zelt pendant votre consultation pr\u00e9op\u00e9ratoire.<\/p>\n\n\n\n<h2 class=\"wp-block-heading\"><strong>Combien de temps prend l\u2019op\u00e9ration?<\/strong><\/h2>\n\n\n\n<p>Elle dure, dans la plupart des cas, de 1 h 30 \u00e0 3 h.<\/p>\n\n\n\n<h2 class=\"wp-block-heading\"><strong>Quel type d\u2019anesth\u00e9sie sera requis?<\/strong><\/h2>\n\n\n\n<p>L\u2019anesth\u00e9sie g\u00e9n\u00e9rale est la m\u00e9thode d\u2019anesth\u00e9sie pr\u00e9f\u00e9r\u00e9e.<\/p>\n\n\n\n<h2 class=\"wp-block-heading\"><strong>Quels seront les effets postop\u00e9ratoires sur mon ventre?<\/strong><\/h2>\n\n\n\n<p>Une sensation de tension sera ressentie dans le bas du ventre apr\u00e8s l\u2019op\u00e9ration, ce qui est normal. Lorsque les patients sont plus actifs au cours des jours suivant l\u2019op\u00e9ration, cette tension commence \u00e0 se rel\u00e2cher pour \u00e9ventuellement dispara\u00eetre.<\/p>\n\n\n\n<h2 class=\"wp-block-heading\"><strong>\u00c0 quoi mon ventre ressemblera-t-il apr\u00e8s l\u2019op\u00e9ration?<\/strong><\/h2>\n\n\n\n<p>Une fois gu\u00e9ri, le bas de l\u2019abdomen adoptera une apparence plus jeune. Les bourrelets du bas du ventre et l\u2019exc\u00e8s de gras sont retir\u00e9s, laissant un ventre plat et d\u2019apparence naturelle.<\/p>\n\n\n\n<h2 class=\"wp-block-heading\"><strong>Quand puis-je reprendre mes activit\u00e9s normales?<\/strong><\/h2>\n\n\n\n<p>La plupart des patients peuvent reprendre une l\u00e9g\u00e8re activit\u00e9 et le travail de 3 \u00e0 4 semaines apr\u00e8s l\u2019op\u00e9ration. Un retour aux activit\u00e9s physiques normales, y compris les sports, est permis apr\u00e8s 4 \u00e0 6 semaines.<\/p>\n\n\n\n<h2 class=\"wp-block-heading\"><strong>Est-ce que d\u2019autres interventions peuvent \u00eatre faites en m\u00eame temps?<\/strong><\/h2>\n\n\n\n<p>Oui, les patients combinent fr\u00e9quemment l\u2019abdominoplastie \u00e0 l\u2019am\u00e9lioration des seins, au redrapage mammaire ou \u00e0 la liposuccion.<\/p>\n\n\n\n<h2 class=\"wp-block-heading\"><strong>L\u2019abdominoplastie comporte-t-elle des risques?<\/strong><\/h2>\n\n\n\n<p>De fa\u00e7on g\u00e9n\u00e9rale, ce type d\u2019intervention est tr\u00e8s s\u00e9curitaire et fiable. Pendant la consultation en clinique, Dr Zelt discutera avec vous des complications et des risques associ\u00e9s. Heureusement, la plupart sont tr\u00e8s rares et la grande majorit\u00e9 des patients connaissent une op\u00e9ration et une p\u00e9riode de gu\u00e9rison sans histoire.<\/p>\n\n\n\n<p>Pri\u00e8re de\u00a0<a href=\"http:\/\/www.rgzelt.com\/fr\/contact\/\">contacter notre pratique<\/a>\u00a0en tout temps pour de plus amples questions concernant l\u2019abdominoplastie.<\/p>\n","protected":false},"excerpt":{"rendered":"<p>Abdominoplasty or tummy tuck is a surgical procedure on the abdomen for removing excess skin and fat and tightening the muscles.<\/p>\n","protected":false},"author":1,"featured_media":367,"parent":0,"menu_order":3,"comment_status":"closed","ping_status":"closed","template":"","meta":{"_uag_custom_page_level_css":"","footnotes":""},"procedure":[17],"class_list":["post-737","page","type-page","status-publish","has-post-thumbnail","hentry","procedure-hommes"],"featured_image_urls_v2":{"full":["https:\/\/www.rgzelt.com\/wp-content\/uploads\/2019\/08\/2355-1.jpg",1200,600,false],"thumbnail":["https:\/\/www.rgzelt.com\/wp-content\/uploads\/2019\/08\/2355-1-300x300.jpg",300,300,true],"medium":["https:\/\/www.rgzelt.com\/wp-content\/uploads\/2019\/08\/2355-1-300x150.jpg",300,150,true],"medium_large":["https:\/\/www.rgzelt.com\/wp-content\/uploads\/2019\/08\/2355-1-768x384.jpg",768,384,true],"large":["https:\/\/www.rgzelt.com\/wp-content\/uploads\/2019\/08\/2355-1-1024x512.jpg",1024,512,true],"1536x1536":["https:\/\/www.rgzelt.com\/wp-content\/uploads\/2019\/08\/2355-1.jpg",1200,600,false],"2048x2048":["https:\/\/www.rgzelt.com\/wp-content\/uploads\/2019\/08\/2355-1.jpg",1200,600,false]},"post_excerpt_stackable_v2":"<p>Abdominoplasty or tummy tuck is a surgical procedure on the abdomen for removing excess skin and fat and tightening the muscles.<\/p>\n","category_list_v2":"","author_info_v2":{"name":"sitentry","url":"https:\/\/www.rgzelt.com\/fr\/author\/sitentry\/"},"comments_num_v2":"0 comments","yoast_head":"<!-- This site is optimized with the Yoast SEO plugin v27.5 - https:\/\/yoast.com\/product\/yoast-seo-wordpress\/ -->\n<title>Abdominoplastie Homme<\/title>\n<meta name=\"description\" content=\"Sp\u00e9cialiste en chirurgie plastique et esth\u00e9tique Dr Zelt pratique l&#039;abdominoplastie \u00e0 Montr\u00e9al.\" \/>\n<meta name=\"robots\" content=\"index, follow, max-snippet:-1, max-image-preview:large, max-video-preview:-1\" \/>\n<link rel=\"canonical\" href=\"https:\/\/www.rgzelt.com\/male-tummy-tuck-abdominoplasty\/\" \/>\n<meta property=\"og:locale\" content=\"fr_CA\" \/>\n<meta property=\"og:type\" content=\"article\" \/>\n<meta property=\"og:title\" content=\"Abdominoplastie Homme\" \/>\n<meta property=\"og:description\" content=\"Sp\u00e9cialiste en chirurgie plastique et esth\u00e9tique Dr Zelt pratique l&#039;abdominoplastie \u00e0 Montr\u00e9al.\" \/>\n<meta property=\"og:url\" content=\"https:\/\/www.rgzelt.com\/male-tummy-tuck-abdominoplasty\/\" \/>\n<meta property=\"og:site_name\" content=\"Plastic Surgeon Montreal - Breast - Body - Face - Surgery | Dr. R.G Zelt\" \/>\n<meta property=\"article:modified_time\" content=\"2019-08-26T16:55:34+00:00\" \/>\n<meta property=\"og:image\" content=\"https:\/\/www.rgzelt.com\/wp-content\/uploads\/2019\/08\/2355-1.jpg\" \/>\n\t<meta property=\"og:image:width\" content=\"1200\" \/>\n\t<meta property=\"og:image:height\" content=\"600\" \/>\n\t<meta property=\"og:image:type\" content=\"image\/jpeg\" \/>\n<meta name=\"twitter:card\" content=\"summary_large_image\" \/>\n<meta name=\"twitter:label1\" content=\"Estimation du temps de lecture\" \/>\n\t<meta name=\"twitter:data1\" content=\"5 minutes\" \/>\n<script type=\"application\/ld+json\" class=\"yoast-schema-graph\">{\"@context\":\"https:\\\/\\\/schema.org\",\"@graph\":[{\"@type\":\"WebPage\",\"@id\":\"https:\\\/\\\/www.rgzelt.com\\\/male-tummy-tuck-abdominoplasty\\\/\",\"url\":\"https:\\\/\\\/www.rgzelt.com\\\/male-tummy-tuck-abdominoplasty\\\/\",\"name\":\"Abdominoplastie Homme\",\"isPartOf\":{\"@id\":\"https:\\\/\\\/www.rgzelt.com\\\/#website\"},\"primaryImageOfPage\":{\"@id\":\"https:\\\/\\\/www.rgzelt.com\\\/male-tummy-tuck-abdominoplasty\\\/#primaryimage\"},\"image\":{\"@id\":\"https:\\\/\\\/www.rgzelt.com\\\/male-tummy-tuck-abdominoplasty\\\/#primaryimage\"},\"thumbnailUrl\":\"https:\\\/\\\/www.rgzelt.com\\\/wp-content\\\/uploads\\\/2019\\\/08\\\/2355-1.jpg\",\"datePublished\":\"2019-08-05T18:38:59+00:00\",\"dateModified\":\"2019-08-26T16:55:34+00:00\",\"description\":\"Sp\u00e9cialiste en chirurgie plastique et esth\u00e9tique Dr Zelt pratique l'abdominoplastie \u00e0 Montr\u00e9al.\",\"breadcrumb\":{\"@id\":\"https:\\\/\\\/www.rgzelt.com\\\/male-tummy-tuck-abdominoplasty\\\/#breadcrumb\"},\"inLanguage\":\"fr-CA\",\"potentialAction\":[{\"@type\":\"ReadAction\",\"target\":[\"https:\\\/\\\/www.rgzelt.com\\\/male-tummy-tuck-abdominoplasty\\\/\"]}]},{\"@type\":\"ImageObject\",\"inLanguage\":\"fr-CA\",\"@id\":\"https:\\\/\\\/www.rgzelt.com\\\/male-tummy-tuck-abdominoplasty\\\/#primaryimage\",\"url\":\"https:\\\/\\\/www.rgzelt.com\\\/wp-content\\\/uploads\\\/2019\\\/08\\\/2355-1.jpg\",\"contentUrl\":\"https:\\\/\\\/www.rgzelt.com\\\/wp-content\\\/uploads\\\/2019\\\/08\\\/2355-1.jpg\",\"width\":1200,\"height\":600},{\"@type\":\"BreadcrumbList\",\"@id\":\"https:\\\/\\\/www.rgzelt.com\\\/male-tummy-tuck-abdominoplasty\\\/#breadcrumb\",\"itemListElement\":[{\"@type\":\"ListItem\",\"position\":1,\"name\":\"Home\",\"item\":\"https:\\\/\\\/www.rgzelt.com\\\/fr\\\/\"},{\"@type\":\"ListItem\",\"position\":2,\"name\":\"Abdominoplastie\"}]},{\"@type\":\"WebSite\",\"@id\":\"https:\\\/\\\/www.rgzelt.com\\\/#website\",\"url\":\"https:\\\/\\\/www.rgzelt.com\\\/\",\"name\":\"Plastic Surgeon Montreal - Breast - Body - Face - Surgery | Dr. R.G Zelt\",\"description\":\"\",\"potentialAction\":[{\"@type\":\"SearchAction\",\"target\":{\"@type\":\"EntryPoint\",\"urlTemplate\":\"https:\\\/\\\/www.rgzelt.com\\\/?s={search_term_string}\"},\"query-input\":{\"@type\":\"PropertyValueSpecification\",\"valueRequired\":true,\"valueName\":\"search_term_string\"}}],\"inLanguage\":\"fr-CA\"}]}<\/script>\n<!-- \/ Yoast SEO plugin. -->","yoast_head_json":{"title":"Abdominoplastie Homme","description":"Sp\u00e9cialiste en chirurgie plastique et esth\u00e9tique Dr Zelt pratique l'abdominoplastie \u00e0 Montr\u00e9al.","robots":{"index":"index","follow":"follow","max-snippet":"max-snippet:-1","max-image-preview":"max-image-preview:large","max-video-preview":"max-video-preview:-1"},"canonical":"https:\/\/www.rgzelt.com\/male-tummy-tuck-abdominoplasty\/","og_locale":"fr_CA","og_type":"article","og_title":"Abdominoplastie Homme","og_description":"Sp\u00e9cialiste en chirurgie plastique et esth\u00e9tique Dr Zelt pratique l'abdominoplastie \u00e0 Montr\u00e9al.","og_url":"https:\/\/www.rgzelt.com\/male-tummy-tuck-abdominoplasty\/","og_site_name":"Plastic Surgeon Montreal - Breast - Body - Face - Surgery | Dr. R.G Zelt","article_modified_time":"2019-08-26T16:55:34+00:00","og_image":[{"width":1200,"height":600,"url":"https:\/\/www.rgzelt.com\/wp-content\/uploads\/2019\/08\/2355-1.jpg","type":"image\/jpeg"}],"twitter_card":"summary_large_image","twitter_misc":{"Estimation du temps de lecture":"5 minutes"},"schema":{"@context":"https:\/\/schema.org","@graph":[{"@type":"WebPage","@id":"https:\/\/www.rgzelt.com\/male-tummy-tuck-abdominoplasty\/","url":"https:\/\/www.rgzelt.com\/male-tummy-tuck-abdominoplasty\/","name":"Abdominoplastie Homme","isPartOf":{"@id":"https:\/\/www.rgzelt.com\/#website"},"primaryImageOfPage":{"@id":"https:\/\/www.rgzelt.com\/male-tummy-tuck-abdominoplasty\/#primaryimage"},"image":{"@id":"https:\/\/www.rgzelt.com\/male-tummy-tuck-abdominoplasty\/#primaryimage"},"thumbnailUrl":"https:\/\/www.rgzelt.com\/wp-content\/uploads\/2019\/08\/2355-1.jpg","datePublished":"2019-08-05T18:38:59+00:00","dateModified":"2019-08-26T16:55:34+00:00","description":"Sp\u00e9cialiste en chirurgie plastique et esth\u00e9tique Dr Zelt pratique l'abdominoplastie \u00e0 Montr\u00e9al.","breadcrumb":{"@id":"https:\/\/www.rgzelt.com\/male-tummy-tuck-abdominoplasty\/#breadcrumb"},"inLanguage":"fr-CA","potentialAction":[{"@type":"ReadAction","target":["https:\/\/www.rgzelt.com\/male-tummy-tuck-abdominoplasty\/"]}]},{"@type":"ImageObject","inLanguage":"fr-CA","@id":"https:\/\/www.rgzelt.com\/male-tummy-tuck-abdominoplasty\/#primaryimage","url":"https:\/\/www.rgzelt.com\/wp-content\/uploads\/2019\/08\/2355-1.jpg","contentUrl":"https:\/\/www.rgzelt.com\/wp-content\/uploads\/2019\/08\/2355-1.jpg","width":1200,"height":600},{"@type":"BreadcrumbList","@id":"https:\/\/www.rgzelt.com\/male-tummy-tuck-abdominoplasty\/#breadcrumb","itemListElement":[{"@type":"ListItem","position":1,"name":"Home","item":"https:\/\/www.rgzelt.com\/fr\/"},{"@type":"ListItem","position":2,"name":"Abdominoplastie"}]},{"@type":"WebSite","@id":"https:\/\/www.rgzelt.com\/#website","url":"https:\/\/www.rgzelt.com\/","name":"Plastic Surgeon Montreal - Breast - Body - Face - Surgery | Dr. R.G Zelt","description":"","potentialAction":[{"@type":"SearchAction","target":{"@type":"EntryPoint","urlTemplate":"https:\/\/www.rgzelt.com\/?s={search_term_string}"},"query-input":{"@type":"PropertyValueSpecification","valueRequired":true,"valueName":"search_term_string"}}],"inLanguage":"fr-CA"}]}},"uagb_featured_image_src":{"full":["https:\/\/www.rgzelt.com\/wp-content\/uploads\/2019\/08\/2355-1.jpg",1200,600,false],"thumbnail":["https:\/\/www.rgzelt.com\/wp-content\/uploads\/2019\/08\/2355-1-300x300.jpg",300,300,true],"medium":["https:\/\/www.rgzelt.com\/wp-content\/uploads\/2019\/08\/2355-1-300x150.jpg",300,150,true],"medium_large":["https:\/\/www.rgzelt.com\/wp-content\/uploads\/2019\/08\/2355-1-768x384.jpg",768,384,true],"large":["https:\/\/www.rgzelt.com\/wp-content\/uploads\/2019\/08\/2355-1-1024x512.jpg",1024,512,true],"1536x1536":["https:\/\/www.rgzelt.com\/wp-content\/uploads\/2019\/08\/2355-1.jpg",1200,600,false],"2048x2048":["https:\/\/www.rgzelt.com\/wp-content\/uploads\/2019\/08\/2355-1.jpg",1200,600,false]},"uagb_author_info":{"display_name":"sitentry","author_link":"https:\/\/www.rgzelt.com\/fr\/author\/sitentry\/"},"uagb_comment_info":0,"uagb_excerpt":"Abdominoplasty or tummy tuck is a surgical procedure on the abdomen for removing excess skin and fat and tightening the muscles.","_links":{"self":[{"href":"https:\/\/www.rgzelt.com\/fr\/wp-json\/wp\/v2\/pages\/737","targetHints":{"allow":["GET"]}}],"collection":[{"href":"https:\/\/www.rgzelt.com\/fr\/wp-json\/wp\/v2\/pages"}],"about":[{"href":"https:\/\/www.rgzelt.com\/fr\/wp-json\/wp\/v2\/types\/page"}],"author":[{"embeddable":true,"href":"https:\/\/www.rgzelt.com\/fr\/wp-json\/wp\/v2\/users\/1"}],"replies":[{"embeddable":true,"href":"https:\/\/www.rgzelt.com\/fr\/wp-json\/wp\/v2\/comments?post=737"}],"version-history":[{"count":0,"href":"https:\/\/www.rgzelt.com\/fr\/wp-json\/wp\/v2\/pages\/737\/revisions"}],"wp:featuredmedia":[{"embeddable":true,"href":"https:\/\/www.rgzelt.com\/fr\/wp-json\/wp\/v2\/media\/367"}],"wp:attachment":[{"href":"https:\/\/www.rgzelt.com\/fr\/wp-json\/wp\/v2\/media?parent=737"}],"wp:term":[{"taxonomy":"procedure","embeddable":true,"href":"https:\/\/www.rgzelt.com\/fr\/wp-json\/wp\/v2\/procedure?post=737"}],"curies":[{"name":"wp","href":"https:\/\/api.w.org\/{rel}","templated":true}]}}