{"id":740,"date":"2019-08-05T18:38:24","date_gmt":"2019-08-05T18:38:24","guid":{"rendered":"http:\/\/104.152.168.27\/~bestsurgeon5\/microneedling-with-platelet-rich-plasma-prp\/"},"modified":"2019-08-26T16:45:46","modified_gmt":"2019-08-26T16:45:46","slug":"injections-de-plasma-avec-microaiguille","status":"publish","type":"page","link":"https:\/\/www.rgzelt.com\/fr\/injections-de-plasma-avec-microaiguille\/","title":{"rendered":"Injections de plasma avec microaiguille"},"content":{"rendered":"\n<h2 class=\"wp-block-heading\"><strong>Qu\u2019est-ce qu\u2019un traitement de plasma riche en plaquettes (PRP)\u2009?<\/strong><\/h2>\n\n\n\n<p>Un traitement de plasma riche en plaquettes est une technique r\u00e9volutionnaire de rajeunissement du visage qui utilise les propri\u00e9t\u00e9s de gu\u00e9rison naturelles du propre sang du patient pour r\u00e9parer et rajeunir la peau. Son explosion en popularit\u00e9 est r\u00e9cente, des c\u00e9l\u00e9brit\u00e9s louangeant les remarquables effets anti-\u00e2ge de ce traitement simple et naturel. Le PRP offre une option non chirurgicale viable \u00e0 une op\u00e9ration de redrapage du visage et du cou, permettant efficacement de redonner un effet pulpeux au visage en exploitant les pouvoirs naturels de gu\u00e9rison du corps. L\u2019intervention implique de prendre un \u00e9chantillon du sang du patient, d\u2019en extraire les plaquettes riches en facteurs de croissance et de les r\u00e9injecter dans la peau pour stimuler la production de nouveaux tissus sains.<\/p>\n\n\n\n<h2 class=\"wp-block-heading\"><strong>Qu\u2019est-ce que eDermastamp?<\/strong><\/h2>\n\n\n\n<p>L\u2019efficacit\u00e9 d\u2019un traitement de PRP est grandement am\u00e9lior\u00e9e par l\u2019utilisation d\u2019un eDermatamp, un dispositif \u00e0 aiguilles que l\u2019on utilise pour p\u00e9n\u00e9trer la peau avec de fines aiguilles. Bien que la plupart des traitements de rajeunissement du visage procurant de pareils r\u00e9sultats notables demandent&nbsp;g\u00e9n\u00e9ralement une p\u00e9riode d\u2019inactivit\u00e9 pour permettre \u00e0 la peau de se r\u00e9tablir, cela n\u2019est plus n\u00e9cessaire gr\u00e2ce \u00e0 la technologie eDermastamp.<\/p>\n\n\n\n<h2 class=\"wp-block-heading\"><strong>Comment cela fonctionne-t-il\u2009?<\/strong><\/h2>\n\n\n\n<p>Le eDermastamp agit en utilisant une profondeur superficielle d\u2019aiguille pour stimuler et r\u00e9parer la peau avec un trauma minime. Le eDermastamp est unique en raison de sa capacit\u00e9 \u00e0 \u00eatre personnalis\u00e9 pour cr\u00e9er les meilleurs r\u00e9sultats selon les exigences individuelles de chaque patient. Les aiguilles sont enti\u00e8rement ajustables, commen\u00e7ant \u00e0 0,3 mm avec la capacit\u00e9 d\u2019augmenter par incr\u00e9ment de 0,1 mm jusqu\u2019\u00e0 une profondeur maximale de 1,5 mm. Ce qui signifie que eDermastamp poss\u00e8de une p\u00e9n\u00e9tration bien plus pr\u00e9cise qui r\u00e9duit le trauma et maximise l\u2019efficacit\u00e9.<\/p>\n\n\n\n<p>Les aiguilles sont ins\u00e9r\u00e9es \u00e0 une profondeur ad\u00e9quate pour stimuler le derme, mais pas assez profond\u00e9ment pour laisser des marques de puncture sur la peau. La stimulation du derme cr\u00e9e l\u2019angiogen\u00e8se, qui est une augmentation du r\u00e9seau sanguin \u00e0 travers le visage, procurant une peau pulpeuse et radieuse.<\/p>\n\n\n\n<h2 class=\"wp-block-heading\"><strong>Comment le PRP et eDermastamp agissent-ils ensemble?<\/strong><\/h2>\n\n\n\n<p>Cette intervention seule stimule la production de collag\u00e8ne et ses bienfaits anti-\u00e2ge sont consid\u00e9rables, mais son efficacit\u00e9 est renforc\u00e9e en combinant ce traitement \u00e0 celui du PRP. Le syst\u00e8me eDermastamp perce simultan\u00e9ment la peau tout en lui transmettant une solution puissante de PRP, procurant un bienfait maximal.<\/p>\n\n\n\n<h2 class=\"wp-block-heading\"><strong>Que traite cette intervention?<\/strong><\/h2>\n\n\n\n<p>Ce traitement combin\u00e9 remarquablement puissant peut effectivement am\u00e9liorer une gamme de probl\u00e8mes cutan\u00e9s, y compris :<\/p>\n\n\n\n<p>Les dommages caus\u00e9s par le soleil<br>Le vieillissement pr\u00e9matur\u00e9<br>Les ridules et les rides<br>Le teint et la texture in\u00e9gaux de la peau<br>La peau affaiss\u00e9e<br>Les cicatrices d\u2019acn\u00e9<br>Les pores \u00e9largis<br>Les cicatrices<br>L\u2019hyperpigmentation<\/p>\n\n\n\n<h2 class=\"wp-block-heading\"><strong>Qu\u2019implique un traitement de eDermastamp\u2009?<\/strong><\/h2>\n\n\n\n<p>La dur\u00e9e du traitement de eDermastamp d\u00e9pend de la taille de la r\u00e9gion que vous voulez traiter. Pour la plupart des personnes, elle tourne autour d\u2019une heure et demie.<\/p>\n\n\n\n<p>Avant le traitement, nous engourdissons la r\u00e9gion \u00e0 traiter \u00e0 l\u2019aide d\u2019une cr\u00e8me anesth\u00e9sique pour r\u00e9duire la douleur associ\u00e9e \u00e0 l\u2019intervention.<\/p>\n\n\n\n<p>La t\u00eate de la machine comprend 6 aiguilles tr\u00e8s fines qui s\u2019\u00e9tendent et se contractent \u00e0 un taux de 50 \u00e0 150 piq\u00fbres par seconde. La t\u00eate est d\u00e9plac\u00e9e soigneusement sur la peau sur les r\u00e9gions que l\u2019on souhaite traiter.<\/p>\n\n\n\n<h2 class=\"wp-block-heading\"><strong>Est-ce que edermastamp convient \u00e0 ma peau\u2009?<\/strong><\/h2>\n\n\n\n<p>eDermastamp convient \u00e0 tous les types de peau, et ne causera pas d\u2019hyperpigmentation, ce qui peut \u00eatre le cas avec d\u2019autres traitements.<\/p>\n\n\n\n<h2 class=\"wp-block-heading\"><strong>Est-ce que eDermastamp est douloureux\u2009?<\/strong><\/h2>\n\n\n\n<p>Nous utilisons un agent engourdissant topique avant le traitement pour permettre de r\u00e9duire consid\u00e9rablement tout inconfort ressenti.<\/p>\n\n\n\n<h2 class=\"wp-block-heading\"><strong>Combien de traitements sont n\u00e9cessaires\u2009?<\/strong><\/h2>\n\n\n\n<p>Vous remarquerez probablement les bienfaits d\u2019une seule s\u00e9ance de microaiguilles eDermastamp\u2009; cependant, une s\u00e9rie de 3 s\u00e9ances est fr\u00e9quente pour la plupart des gens afin d\u2019obtenir les meilleurs r\u00e9sultats. Un intervalle de 2 mois doit s\u2019\u00e9couler entre les s\u00e9ances de traitement.<\/p>\n\n\n\n<h2 class=\"wp-block-heading\"><strong>Quand verrai-je les r\u00e9sultats de mon traitement\u2009?<\/strong><\/h2>\n\n\n\n<p>Vous commencerez \u00e0 remarquer les r\u00e9sultats de votre traitement apr\u00e8s 4 \u00e0 6 semaines. Votre peau continuera de s\u2019am\u00e9liorer pendant 6 \u00e0 12 semaines apr\u00e8s le traitement eDermastamp.<\/p>\n\n\n\n<h2 class=\"wp-block-heading\"><strong>Existe-t-il des effets secondaires \u00e0 eDermastamp\u2009?<\/strong><\/h2>\n\n\n\n<p>Un l\u00e9ger saignement peut se produire pendant le traitement. Par la suite, vous serez peut-\u00eatre rouge avec une sensation de chaleur. Votre peau sera peut-\u00eatre tendue pendant une heure ou deux, mais elle reviendra normale dans une p\u00e9riode de 24 \u00e0 72 heures.<\/p>\n\n\n\n<h2 class=\"wp-block-heading\"><strong>Combien de temps dure le traitement eDermastamp?<\/strong><\/h2>\n\n\n\n<p>Apr\u00e8s votre s\u00e9rie de traitements eDermastamp, une s\u00e9ance annuelle est requise pour le maintien.<\/p>\n\n\n\n<p>Communiquez avec nous en composant le 514 933-3449 si vous avez envie de faire l\u2019exp\u00e9rience des bienfaits remarquables de eDermastamp et du traitement de PRP.<\/p>\n\n\n\n<p>Site Web \u2013&nbsp;<a href=\"https:\/\/fr.dermaspark.com\/portfolio\/dermaroller-micro-needling\/\">https:\/\/fr.dermaspark.com\/portfolio\/dermaroller-micro-needling\/<\/a><\/p>\n\n\n\n<p>Si vous souhaitez fixer un rendez-vous gratuit de consultation ou si vous avez des questions sur les injections de plasma avec miscroaiguille, n\u2019h\u00e9sitez pas \u00e0\u00a0<a href=\"http:\/\/www.rgzelt.com\/fr\/contact\/\">communiquer avec nous<\/a>.<\/p>\n\n\n\n<figure class=\"wp-block-embed-youtube wp-block-embed is-type-video is-provider-youtube wp-embed-aspect-16-9 wp-has-aspect-ratio\"><div class=\"wp-block-embed__wrapper\">\n<iframe loading=\"lazy\" title=\"dermaspark edermastamp treatment\" width=\"500\" height=\"281\" src=\"https:\/\/www.youtube.com\/embed\/iw027BGOpmU?feature=oembed\" frameborder=\"0\" allow=\"accelerometer; autoplay; clipboard-write; encrypted-media; gyroscope; picture-in-picture; web-share\" referrerpolicy=\"strict-origin-when-cross-origin\" allowfullscreen><\/iframe>\n<\/div><\/figure>\n","protected":false},"excerpt":{"rendered":"<p>PRP Therapy is a revolutionary facial rejuvenation technique using the healing properties of the patient\u2019s blood to repair the skin.<\/p>\n","protected":false},"author":1,"featured_media":359,"parent":0,"menu_order":4,"comment_status":"closed","ping_status":"closed","template":"","meta":{"_uag_custom_page_level_css":"","footnotes":""},"procedure":[16],"class_list":["post-740","page","type-page","status-publish","has-post-thumbnail","hentry","procedure-visage"],"featured_image_urls_v2":{"full":["https:\/\/www.rgzelt.com\/wp-content\/uploads\/2019\/08\/2319-1.jpg",1200,600,false],"thumbnail":["https:\/\/www.rgzelt.com\/wp-content\/uploads\/2019\/08\/2319-1-300x300.jpg",300,300,true],"medium":["https:\/\/www.rgzelt.com\/wp-content\/uploads\/2019\/08\/2319-1-300x150.jpg",300,150,true],"medium_large":["https:\/\/www.rgzelt.com\/wp-content\/uploads\/2019\/08\/2319-1-768x384.jpg",768,384,true],"large":["https:\/\/www.rgzelt.com\/wp-content\/uploads\/2019\/08\/2319-1-1024x512.jpg",1024,512,true],"1536x1536":["https:\/\/www.rgzelt.com\/wp-content\/uploads\/2019\/08\/2319-1.jpg",1200,600,false],"2048x2048":["https:\/\/www.rgzelt.com\/wp-content\/uploads\/2019\/08\/2319-1.jpg",1200,600,false]},"post_excerpt_stackable_v2":"<p>PRP Therapy is a revolutionary facial rejuvenation technique using the healing properties of the patient\u2019s blood to repair the skin.<\/p>\n","category_list_v2":"","author_info_v2":{"name":"sitentry","url":"https:\/\/www.rgzelt.com\/fr\/author\/sitentry\/"},"comments_num_v2":"0 comments","yoast_head":"<!-- This site is optimized with the Yoast SEO plugin v27.5 - https:\/\/yoast.com\/product\/yoast-seo-wordpress\/ -->\n<title>Injections de plasma avec microaiguille Montr\u00e9al<\/title>\n<meta name=\"description\" content=\"Injections de plasma avec microaiguille Montr\u00e9al.\" \/>\n<meta name=\"robots\" content=\"index, follow, max-snippet:-1, max-image-preview:large, max-video-preview:-1\" \/>\n<link rel=\"canonical\" href=\"https:\/\/www.rgzelt.com\/microneedling-with-platelet-rich-plasma-prp\/\" \/>\n<meta property=\"og:locale\" content=\"fr_CA\" \/>\n<meta property=\"og:type\" content=\"article\" \/>\n<meta property=\"og:title\" content=\"Injections de plasma avec microaiguille Montr\u00e9al\" \/>\n<meta property=\"og:description\" content=\"Injections de plasma avec microaiguille Montr\u00e9al.\" \/>\n<meta property=\"og:url\" content=\"https:\/\/www.rgzelt.com\/microneedling-with-platelet-rich-plasma-prp\/\" \/>\n<meta property=\"og:site_name\" content=\"Plastic Surgeon Montreal - Breast - Body - Face - Surgery | Dr. R.G Zelt\" \/>\n<meta property=\"article:modified_time\" content=\"2019-08-26T16:45:46+00:00\" \/>\n<meta property=\"og:image\" content=\"https:\/\/www.rgzelt.com\/wp-content\/uploads\/2019\/08\/2319-1.jpg\" \/>\n\t<meta property=\"og:image:width\" content=\"1200\" \/>\n\t<meta property=\"og:image:height\" content=\"600\" \/>\n\t<meta property=\"og:image:type\" content=\"image\/jpeg\" \/>\n<meta name=\"twitter:card\" content=\"summary_large_image\" \/>\n<meta name=\"twitter:label1\" content=\"Estimation du temps de lecture\" \/>\n\t<meta name=\"twitter:data1\" content=\"4 minutes\" \/>\n<script type=\"application\/ld+json\" class=\"yoast-schema-graph\">{\"@context\":\"https:\\\/\\\/schema.org\",\"@graph\":[{\"@type\":\"WebPage\",\"@id\":\"https:\\\/\\\/www.rgzelt.com\\\/microneedling-with-platelet-rich-plasma-prp\\\/\",\"url\":\"https:\\\/\\\/www.rgzelt.com\\\/microneedling-with-platelet-rich-plasma-prp\\\/\",\"name\":\"Injections de plasma avec microaiguille Montr\u00e9al\",\"isPartOf\":{\"@id\":\"https:\\\/\\\/www.rgzelt.com\\\/#website\"},\"primaryImageOfPage\":{\"@id\":\"https:\\\/\\\/www.rgzelt.com\\\/microneedling-with-platelet-rich-plasma-prp\\\/#primaryimage\"},\"image\":{\"@id\":\"https:\\\/\\\/www.rgzelt.com\\\/microneedling-with-platelet-rich-plasma-prp\\\/#primaryimage\"},\"thumbnailUrl\":\"https:\\\/\\\/www.rgzelt.com\\\/wp-content\\\/uploads\\\/2019\\\/08\\\/2319-1.jpg\",\"datePublished\":\"2019-08-05T18:38:24+00:00\",\"dateModified\":\"2019-08-26T16:45:46+00:00\",\"description\":\"Injections de plasma avec microaiguille Montr\u00e9al.\",\"breadcrumb\":{\"@id\":\"https:\\\/\\\/www.rgzelt.com\\\/microneedling-with-platelet-rich-plasma-prp\\\/#breadcrumb\"},\"inLanguage\":\"fr-CA\",\"potentialAction\":[{\"@type\":\"ReadAction\",\"target\":[\"https:\\\/\\\/www.rgzelt.com\\\/microneedling-with-platelet-rich-plasma-prp\\\/\"]}]},{\"@type\":\"ImageObject\",\"inLanguage\":\"fr-CA\",\"@id\":\"https:\\\/\\\/www.rgzelt.com\\\/microneedling-with-platelet-rich-plasma-prp\\\/#primaryimage\",\"url\":\"https:\\\/\\\/www.rgzelt.com\\\/wp-content\\\/uploads\\\/2019\\\/08\\\/2319-1.jpg\",\"contentUrl\":\"https:\\\/\\\/www.rgzelt.com\\\/wp-content\\\/uploads\\\/2019\\\/08\\\/2319-1.jpg\",\"width\":1200,\"height\":600},{\"@type\":\"BreadcrumbList\",\"@id\":\"https:\\\/\\\/www.rgzelt.com\\\/microneedling-with-platelet-rich-plasma-prp\\\/#breadcrumb\",\"itemListElement\":[{\"@type\":\"ListItem\",\"position\":1,\"name\":\"Home\",\"item\":\"https:\\\/\\\/www.rgzelt.com\\\/fr\\\/\"},{\"@type\":\"ListItem\",\"position\":2,\"name\":\"Injections de plasma avec microaiguille\"}]},{\"@type\":\"WebSite\",\"@id\":\"https:\\\/\\\/www.rgzelt.com\\\/#website\",\"url\":\"https:\\\/\\\/www.rgzelt.com\\\/\",\"name\":\"Plastic Surgeon Montreal - Breast - Body - Face - Surgery | Dr. R.G Zelt\",\"description\":\"\",\"potentialAction\":[{\"@type\":\"SearchAction\",\"target\":{\"@type\":\"EntryPoint\",\"urlTemplate\":\"https:\\\/\\\/www.rgzelt.com\\\/?s={search_term_string}\"},\"query-input\":{\"@type\":\"PropertyValueSpecification\",\"valueRequired\":true,\"valueName\":\"search_term_string\"}}],\"inLanguage\":\"fr-CA\"}]}<\/script>\n<!-- \/ Yoast SEO plugin. -->","yoast_head_json":{"title":"Injections de plasma avec microaiguille Montr\u00e9al","description":"Injections de plasma avec microaiguille Montr\u00e9al.","robots":{"index":"index","follow":"follow","max-snippet":"max-snippet:-1","max-image-preview":"max-image-preview:large","max-video-preview":"max-video-preview:-1"},"canonical":"https:\/\/www.rgzelt.com\/microneedling-with-platelet-rich-plasma-prp\/","og_locale":"fr_CA","og_type":"article","og_title":"Injections de plasma avec microaiguille Montr\u00e9al","og_description":"Injections de plasma avec microaiguille Montr\u00e9al.","og_url":"https:\/\/www.rgzelt.com\/microneedling-with-platelet-rich-plasma-prp\/","og_site_name":"Plastic Surgeon Montreal - Breast - Body - Face - Surgery | Dr. R.G Zelt","article_modified_time":"2019-08-26T16:45:46+00:00","og_image":[{"width":1200,"height":600,"url":"https:\/\/www.rgzelt.com\/wp-content\/uploads\/2019\/08\/2319-1.jpg","type":"image\/jpeg"}],"twitter_card":"summary_large_image","twitter_misc":{"Estimation du temps de lecture":"4 minutes"},"schema":{"@context":"https:\/\/schema.org","@graph":[{"@type":"WebPage","@id":"https:\/\/www.rgzelt.com\/microneedling-with-platelet-rich-plasma-prp\/","url":"https:\/\/www.rgzelt.com\/microneedling-with-platelet-rich-plasma-prp\/","name":"Injections de plasma avec microaiguille Montr\u00e9al","isPartOf":{"@id":"https:\/\/www.rgzelt.com\/#website"},"primaryImageOfPage":{"@id":"https:\/\/www.rgzelt.com\/microneedling-with-platelet-rich-plasma-prp\/#primaryimage"},"image":{"@id":"https:\/\/www.rgzelt.com\/microneedling-with-platelet-rich-plasma-prp\/#primaryimage"},"thumbnailUrl":"https:\/\/www.rgzelt.com\/wp-content\/uploads\/2019\/08\/2319-1.jpg","datePublished":"2019-08-05T18:38:24+00:00","dateModified":"2019-08-26T16:45:46+00:00","description":"Injections de plasma avec microaiguille Montr\u00e9al.","breadcrumb":{"@id":"https:\/\/www.rgzelt.com\/microneedling-with-platelet-rich-plasma-prp\/#breadcrumb"},"inLanguage":"fr-CA","potentialAction":[{"@type":"ReadAction","target":["https:\/\/www.rgzelt.com\/microneedling-with-platelet-rich-plasma-prp\/"]}]},{"@type":"ImageObject","inLanguage":"fr-CA","@id":"https:\/\/www.rgzelt.com\/microneedling-with-platelet-rich-plasma-prp\/#primaryimage","url":"https:\/\/www.rgzelt.com\/wp-content\/uploads\/2019\/08\/2319-1.jpg","contentUrl":"https:\/\/www.rgzelt.com\/wp-content\/uploads\/2019\/08\/2319-1.jpg","width":1200,"height":600},{"@type":"BreadcrumbList","@id":"https:\/\/www.rgzelt.com\/microneedling-with-platelet-rich-plasma-prp\/#breadcrumb","itemListElement":[{"@type":"ListItem","position":1,"name":"Home","item":"https:\/\/www.rgzelt.com\/fr\/"},{"@type":"ListItem","position":2,"name":"Injections de plasma avec microaiguille"}]},{"@type":"WebSite","@id":"https:\/\/www.rgzelt.com\/#website","url":"https:\/\/www.rgzelt.com\/","name":"Plastic Surgeon Montreal - Breast - Body - Face - Surgery | Dr. R.G Zelt","description":"","potentialAction":[{"@type":"SearchAction","target":{"@type":"EntryPoint","urlTemplate":"https:\/\/www.rgzelt.com\/?s={search_term_string}"},"query-input":{"@type":"PropertyValueSpecification","valueRequired":true,"valueName":"search_term_string"}}],"inLanguage":"fr-CA"}]}},"uagb_featured_image_src":{"full":["https:\/\/www.rgzelt.com\/wp-content\/uploads\/2019\/08\/2319-1.jpg",1200,600,false],"thumbnail":["https:\/\/www.rgzelt.com\/wp-content\/uploads\/2019\/08\/2319-1-300x300.jpg",300,300,true],"medium":["https:\/\/www.rgzelt.com\/wp-content\/uploads\/2019\/08\/2319-1-300x150.jpg",300,150,true],"medium_large":["https:\/\/www.rgzelt.com\/wp-content\/uploads\/2019\/08\/2319-1-768x384.jpg",768,384,true],"large":["https:\/\/www.rgzelt.com\/wp-content\/uploads\/2019\/08\/2319-1-1024x512.jpg",1024,512,true],"1536x1536":["https:\/\/www.rgzelt.com\/wp-content\/uploads\/2019\/08\/2319-1.jpg",1200,600,false],"2048x2048":["https:\/\/www.rgzelt.com\/wp-content\/uploads\/2019\/08\/2319-1.jpg",1200,600,false]},"uagb_author_info":{"display_name":"sitentry","author_link":"https:\/\/www.rgzelt.com\/fr\/author\/sitentry\/"},"uagb_comment_info":0,"uagb_excerpt":"PRP Therapy is a revolutionary facial rejuvenation technique using the healing properties of the patient\u2019s blood to repair the skin.","_links":{"self":[{"href":"https:\/\/www.rgzelt.com\/fr\/wp-json\/wp\/v2\/pages\/740","targetHints":{"allow":["GET"]}}],"collection":[{"href":"https:\/\/www.rgzelt.com\/fr\/wp-json\/wp\/v2\/pages"}],"about":[{"href":"https:\/\/www.rgzelt.com\/fr\/wp-json\/wp\/v2\/types\/page"}],"author":[{"embeddable":true,"href":"https:\/\/www.rgzelt.com\/fr\/wp-json\/wp\/v2\/users\/1"}],"replies":[{"embeddable":true,"href":"https:\/\/www.rgzelt.com\/fr\/wp-json\/wp\/v2\/comments?post=740"}],"version-history":[{"count":0,"href":"https:\/\/www.rgzelt.com\/fr\/wp-json\/wp\/v2\/pages\/740\/revisions"}],"wp:featuredmedia":[{"embeddable":true,"href":"https:\/\/www.rgzelt.com\/fr\/wp-json\/wp\/v2\/media\/359"}],"wp:attachment":[{"href":"https:\/\/www.rgzelt.com\/fr\/wp-json\/wp\/v2\/media?parent=740"}],"wp:term":[{"taxonomy":"procedure","embeddable":true,"href":"https:\/\/www.rgzelt.com\/fr\/wp-json\/wp\/v2\/procedure?post=740"}],"curies":[{"name":"wp","href":"https:\/\/api.w.org\/{rel}","templated":true}]}}