{"id":742,"date":"2019-08-05T18:37:56","date_gmt":"2019-08-05T18:37:56","guid":{"rendered":"http:\/\/104.152.168.27\/~bestsurgeon5\/facial-fillers\/"},"modified":"2022-01-25T22:40:49","modified_gmt":"2022-01-25T22:40:49","slug":"agents-de-comblement-du-visage","status":"publish","type":"page","link":"https:\/\/www.rgzelt.com\/fr\/agents-de-comblement-du-visage\/","title":{"rendered":"Agents de comblement du visage"},"content":{"rendered":"\n<p>Tandis que les neuromodulateurs affectent les muscles sous-jacents, les agents de comblement dermique sont des produits inject\u00e9s sous ou dans la peau pour remplacer le volume perdu ou remplir les rides et les ridules associ\u00e9es au vieillissement. Ces produits ressemblant \u00e0 des gels sont aussi inject\u00e9s en utilisant de tr\u00e8s fines aiguilles ou une canule, et ils sont extr\u00eamement s\u00e9curitaires et polyvalents.<\/p>\n\n\n\n<p>En vieillissant, notre estime de soi et notre exp\u00e9rience peuvent grandir, mais la jeunesse de notre peau s\u2019estompe. Notre apparence n\u2019est plus en harmonie avec ce que l\u2019on ressent \u00e0 l\u2019int\u00e9rieur. Ces changements de la peau sont associ\u00e9s \u00e0 la perte d\u2019un sucre se produisant naturellement, appel\u00e9 acide hyaluronique. La perte d\u2019acide hyaluronique entra\u00eene celles du volume et de l\u2019\u00e9lasticit\u00e9 de la peau, causant la formation des rides et un changement de l\u2019\u00e9quilibre naturel des visages.<\/p>\n\n\n\n<p>Ces changements peuvent \u00eatre renvers\u00e9s, autant chez les femmes que chez les hommes, gr\u00e2ce aux agents de comblement dermique comme JUV\u00c9DERMMD. Ceux-ci sont constitu\u00e9s d\u2019acide hyaluronique et les utiliser permet de lisser les rides et de restaurer le volume des tissus mous. Les traitements renversent instantan\u00e9ment les signes du vieillissement et redonnent une apparence saine de jeunesse au visage.<\/p>\n\n\n\n<h2 class=\"wp-block-heading\"><strong>Quelles r\u00e9gions du visage sont trait\u00e9es avec des agents de comblement dermique?<\/strong><\/h2>\n\n\n\n<p>Ils sont utilis\u00e9s pour am\u00e9liorer diff\u00e9rentes r\u00e9gions du visage autant chez les femmes que les hommes:<\/p>\n\n\n\n<ol class=\"wp-block-list\"><li>Pour ajouter du volume aux joues et au menton pour restaurer la perte de volume et am\u00e9liorer ces parties pour une apparence plus jeune<\/li><li>Pour favoriser le rajeunissement et l\u2019am\u00e9lioration des l\u00e8vres afin de leur redonner doucement du volume et une forme<\/li><li>Pour la r\u00e9duction des rides du sourire et le remodelage du visage dans le but d\u2019adoucir et de restaurer en douceur une forme d\u2019apparence naturelle aux rides du sourire<\/li><\/ol>\n\n\n\n<h2 class=\"wp-block-heading\"><strong>Votre visage affichera-t-il encore des \u00e9motions et des expressions?<\/strong><\/h2>\n\n\n\n<p>Les agents de comblement dermique sont utilis\u00e9s pour restaurer une apparence plus jeune. Ils ne sont pas utilis\u00e9s pour changer votre apparence, mais simplement pour faire reculer le temps de quelques ann\u00e9es. Contrairement \u00e0 Botox et \u00e0 Dysport, les agents de comblement dermique n\u2019ont pas d\u2019effet sur les muscles de votre visage ni sur vos expressions faciales. Vous pourrez toujours froncer, sourire et montrer vos expressions normales.<\/p>\n\n\n\n<figure class=\"wp-block-image\"><img loading=\"lazy\" decoding=\"async\" width=\"1024\" height=\"512\" src=\"http:\/\/www.rgzelt.com\/wp-content\/uploads\/2019\/08\/fillers-1024x512.jpg\" alt=\"\" class=\"wp-image-666\" srcset=\"https:\/\/www.rgzelt.com\/wp-content\/uploads\/2019\/08\/fillers-1024x512.jpg 1024w, https:\/\/www.rgzelt.com\/wp-content\/uploads\/2019\/08\/fillers-300x150.jpg 300w, https:\/\/www.rgzelt.com\/wp-content\/uploads\/2019\/08\/fillers-768x384.jpg 768w, https:\/\/www.rgzelt.com\/wp-content\/uploads\/2019\/08\/fillers.jpg 1200w\" sizes=\"auto, (max-width: 1024px) 100vw, 1024px\" \/><\/figure>\n\n\n\n<h2 class=\"wp-block-heading\"><strong>Quand verra-t-on les r\u00e9sultats et combien de temps durent-ils\u2009?<\/strong><\/h2>\n\n\n\n<p>Les patients voient les r\u00e9sultats imm\u00e9diatement apr\u00e8s un seul traitement. Les bienfaits peuvent durer de 1 \u00e0 2 ans selon le produit utilis\u00e9 et la r\u00e9gion trait\u00e9e.<\/p>\n\n\n\n<h2 class=\"wp-block-heading\"><strong>\u00c0 quoi puis-je m\u2019attendre pendant le traitement\u2009?<\/strong><\/h2>\n\n\n\n<p>Recevoir un traitement d\u2019un agent de comblement dermique est simple et rapide. Pendant votre visite \u00e0 la clinique, nous aborderons vos pr\u00e9occupations avec soin pour nous assurer de r\u00e9pondre \u00e0 vos objectifs. Les traitements durent de 15 \u00e0 30 minutes selon le nombre de r\u00e9gions \u00e0 traiter. Une quantit\u00e9 pr\u00e9cise de l\u2019agent de comblement dermique est inject\u00e9e dans les tissus mous pour restaurer le volume. Ce qui est fait en utilisant de tr\u00e8s fines aiguilles ou des canules. L\u2019intervention est faite avec peu ou pas d\u2019inconfort puisque la plupart des agents de comblement dermique sont combin\u00e9s \u00e0 la lidoca\u00efne qui r\u00e9duit la douleur. Il y a quelquefois une rougeur l\u00e9g\u00e8re dans les r\u00e9gions inject\u00e9es, mais elle dispara\u00eet rapidement. Le traitement ne laisse aucune trace la plupart du temps\u2009! Un rendez-vous de suivi est fix\u00e9 2 semaines apr\u00e8s le traitement pour \u00e9valuer vos r\u00e9sultats et pour s\u2019assurer que vous \u00eates satisfait.<\/p>\n\n\n\n<h2 class=\"wp-block-heading\"><strong>Que se passe-t-il lorsque le m\u00e9dicament perd son efficacit\u00e9?<\/strong><\/h2>\n\n\n\n<p>Les agents de comblement dermique procurent des r\u00e9sultats imm\u00e9diats et sont durables. Un an ou deux apr\u00e8s le traitement, le volume gagn\u00e9 gr\u00e2ce \u00e0 l\u2019injection commence \u00e0 s\u2019estomper. Les patients reviennent pour des traitements tous les ans ou tous les deux ans selon les r\u00e9gions trait\u00e9es et le produit utilis\u00e9.<\/p>\n\n\n\n<h2 class=\"wp-block-heading\"><strong>Qu\u2019en est-il des effets secondaires des agents de comblement dermique?<\/strong><\/h2>\n\n\n\n<p>De fa\u00e7on g\u00e9n\u00e9rale, les agents de comblement dermique sont tr\u00e8s fiables et s\u00e9curitaires pour les femmes et les hommes. Pendant la consultation en clinique, Dr Zelt ou Katherine O\u2019Neil, notre sp\u00e9cialiste en injection esth\u00e9tique, discutera avec vous des complications et des risques associ\u00e9s. Heureusement, la plupart sont tr\u00e8s rares et la grande majorit\u00e9 des patients connaissent une p\u00e9riode de traitement sans histoire.<\/p>\n\n\n\n<figure class=\"wp-block-image\"><img decoding=\"async\" src=\"http:\/\/www.rgzelt.com\/wp-content\/uploads\/2019\/08\/juvederm.jpg\" alt=\"\" class=\"wp-image-2672\"\/><\/figure>\n\n\n\n<p>Site web \u2013&nbsp;<a href=\"https:\/\/www.juvederm.ca\/\">https:\/\/www.juvederm.ca\/<\/a><\/p>\n\n\n\n<h2 class=\"wp-block-heading\"><strong>Les stimulants<\/strong><\/h2>\n\n\n\n<figure class=\"wp-block-image\"><img loading=\"lazy\" decoding=\"async\" width=\"209\" height=\"85\" src=\"http:\/\/www.rgzelt.com\/wp-content\/uploads\/2019\/08\/sculptra.png\" alt=\"\" class=\"wp-image-668\"\/><\/figure>\n\n\n\n<div class=\"wp-block-ugb-feature ugb-feature ugb--background-opacity-5 ugb-feature--design-plain ugb-feature--content-left ugb-feature--invert\" style=\"--image-size:400px\"><div class=\"ugb-content-wrapper\"><div class=\"ugb-feature__content\"><p class=\"ugb-feature__description\">Avec le temps, la peau perd son apparence jeune, ferme et pleine. Le collag\u00e8ne est une prot\u00e9ine de la peau qui procure du volume et nous permet de para\u00eetre jeunes. En vieillissant, le corps produit moins de collag\u00e8ne et la peau perd son \u00e9lasticit\u00e9 et son volume. Cette diminution graduelle du collag\u00e8ne cause l\u2019apparence des rides, des ridules et des plis.<br><br>SculptraMD Esth\u00e9tique est un agent de comblement dermique injectable fait d\u2019acide L-polylactique qui stimule le corps naturellement pour produire son propre collag\u00e8ne. SculptraMD Esth\u00e9tique agit en augmentant progressivement le volume des r\u00e9gions creuses pour corriger les d\u00e9pressions cutan\u00e9es, comme les plis, rides, sillons, cicatrices, et le vieillissement de la peau. Les effets du traitement sont visibles graduellement avec le temps, et beaucoup de nos patients recevront une s\u00e9rie d\u2019injections au cours de quelques mois pour obtenir des r\u00e9sultats optimaux. Les \u00e9tudes cliniques ont d\u00e9montr\u00e9 que les r\u00e9sultats de SculptraMD Esth\u00e9tique peuvent durer jusqu\u2019\u00e0 deux ans, ce qui est consid\u00e9rablement plus long que les autres types d\u2019agents de comblement dermique offerts de nos jours.<\/p><\/div><div class=\"ugb-feature__image-side\"><img decoding=\"async\" class=\"ugb-feature__image ugb--shadow-0\" style=\"border-radius:0\" src=\"http:\/\/www.rgzelt.com\/wp-content\/uploads\/2019\/08\/sculptra2.jpg\" alt=\"\"\/><\/div><\/div><\/div>\n\n\n\n<figure class=\"wp-block-video\"><video height=\"1080\" style=\"aspect-ratio: 1920 \/ 1080;\" width=\"1920\" controls muted src=\"http:\/\/www.rgzelt.com\/wp-content\/uploads\/2019\/08\/sculptra_campaign_us_final_HD_EN.mp4\"><\/video><\/figure>\n\n\n\n<h2 class=\"wp-block-heading\"><strong>\u00c0&nbsp;quoi s\u2019attendre\u2009?<\/strong><\/h2>\n\n\n\n<h3 class=\"wp-block-heading\">Des r\u00e9sultats progressifs<\/h3>\n\n\n\n<p>L\u2019on peut s\u2019attendre \u00e0 des r\u00e9sultats progressifs de l\u2019ensemble de l\u2019apparence des r\u00e9gions trait\u00e9es.<br>Katherine Fitz-O\u2019Neil, infirmi\u00e8re CANS, travaillera en collaboration avec vous pour d\u00e9terminer le nombre de traitements requis pour obtenir l\u2019apparence que vous voulez.<\/p>\n\n\n\n<h3 class=\"wp-block-heading\">Des r\u00e9sultats visibles et durables<\/h3>\n\n\n\n<p>Il a \u00e9t\u00e9 prouv\u00e9 que les r\u00e9sultats durent plus de 2 ans.<\/p>\n\n\n\n<h3 class=\"wp-block-heading\">Remplace le collag\u00e8ne, restaure le volume<\/h3>\n\n\n\n<p>Sculptra travaille en profondeur dans la peau pour remplacer progressivement le collag\u00e8ne perdu.<br>Gr\u00e2ce \u00e0 la production de collag\u00e8ne, le volume est restaur\u00e9 et les rides et les plis sont corrig\u00e9s graduellement.<br>Le r\u00e9sultat est une nouvelle apparence de jeunesse qui est subtile, naturelle et qui peut durer plus de 2 ans.<\/p>\n\n\n\n<p>Si vous souhaitez en apprendre plus sur les nombreux types d\u2019injections esth\u00e9tiques qui vous sont offertes, n\u2019h\u00e9sitez pas \u00e0&nbsp;<a href=\"http:\/\/www.rgzelt.com\/fr\/contact\/\">nous contacter<\/a>&nbsp;pour fixer un rendez-vous gratuit de consultation.<\/p>\n","protected":false},"excerpt":{"rendered":"<p>Dermal fillers are products injected under or into the skin that replace lost volume or fill lines and wrinkles associated with aging.<\/p>\n","protected":false},"author":1,"featured_media":357,"parent":0,"menu_order":3,"comment_status":"closed","ping_status":"closed","template":"","meta":{"_uag_custom_page_level_css":"","footnotes":""},"procedure":[16],"class_list":["post-742","page","type-page","status-publish","has-post-thumbnail","hentry","procedure-visage"],"featured_image_urls_v2":{"full":["https:\/\/www.rgzelt.com\/wp-content\/uploads\/2019\/08\/2311-1.jpg",1200,600,false],"thumbnail":["https:\/\/www.rgzelt.com\/wp-content\/uploads\/2019\/08\/2311-1-300x300.jpg",300,300,true],"medium":["https:\/\/www.rgzelt.com\/wp-content\/uploads\/2019\/08\/2311-1-300x150.jpg",300,150,true],"medium_large":["https:\/\/www.rgzelt.com\/wp-content\/uploads\/2019\/08\/2311-1-768x384.jpg",768,384,true],"large":["https:\/\/www.rgzelt.com\/wp-content\/uploads\/2019\/08\/2311-1-1024x512.jpg",1024,512,true],"1536x1536":["https:\/\/www.rgzelt.com\/wp-content\/uploads\/2019\/08\/2311-1.jpg",1200,600,false],"2048x2048":["https:\/\/www.rgzelt.com\/wp-content\/uploads\/2019\/08\/2311-1.jpg",1200,600,false]},"post_excerpt_stackable_v2":"<p>Dermal fillers are products injected under or into the skin that replace lost volume or fill lines and wrinkles associated with aging.<\/p>\n","category_list_v2":"","author_info_v2":{"name":"sitentry","url":"https:\/\/www.rgzelt.com\/fr\/author\/sitentry\/"},"comments_num_v2":"0 comments","yoast_head":"<!-- This site is optimized with the Yoast SEO plugin v27.5 - https:\/\/yoast.com\/product\/yoast-seo-wordpress\/ -->\n<title>Agents de comblement du visage<\/title>\n<meta name=\"description\" content=\"Agents de comblement du visage.\" \/>\n<meta name=\"robots\" content=\"index, follow, max-snippet:-1, max-image-preview:large, max-video-preview:-1\" \/>\n<link rel=\"canonical\" href=\"https:\/\/www.rgzelt.com\/facial-fillers\/\" \/>\n<meta property=\"og:locale\" content=\"fr_CA\" \/>\n<meta property=\"og:type\" content=\"article\" \/>\n<meta property=\"og:title\" content=\"Agents de comblement du visage\" \/>\n<meta property=\"og:description\" content=\"Agents de comblement du visage.\" \/>\n<meta property=\"og:url\" content=\"https:\/\/www.rgzelt.com\/facial-fillers\/\" \/>\n<meta property=\"og:site_name\" content=\"Plastic Surgeon Montreal - Breast - Body - Face - Surgery | Dr. R.G Zelt\" \/>\n<meta property=\"article:modified_time\" content=\"2022-01-25T22:40:49+00:00\" \/>\n<meta property=\"og:image\" content=\"https:\/\/www.rgzelt.com\/wp-content\/uploads\/2019\/08\/2311-1.jpg\" \/>\n\t<meta property=\"og:image:width\" content=\"1200\" \/>\n\t<meta property=\"og:image:height\" content=\"600\" \/>\n\t<meta property=\"og:image:type\" content=\"image\/jpeg\" \/>\n<meta name=\"twitter:card\" content=\"summary_large_image\" \/>\n<meta name=\"twitter:label1\" content=\"Estimation du temps de lecture\" \/>\n\t<meta name=\"twitter:data1\" content=\"6 minutes\" \/>\n<script type=\"application\/ld+json\" class=\"yoast-schema-graph\">{\"@context\":\"https:\\\/\\\/schema.org\",\"@graph\":[{\"@type\":\"WebPage\",\"@id\":\"https:\\\/\\\/www.rgzelt.com\\\/facial-fillers\\\/\",\"url\":\"https:\\\/\\\/www.rgzelt.com\\\/facial-fillers\\\/\",\"name\":\"Agents de comblement du visage\",\"isPartOf\":{\"@id\":\"https:\\\/\\\/www.rgzelt.com\\\/#website\"},\"primaryImageOfPage\":{\"@id\":\"https:\\\/\\\/www.rgzelt.com\\\/facial-fillers\\\/#primaryimage\"},\"image\":{\"@id\":\"https:\\\/\\\/www.rgzelt.com\\\/facial-fillers\\\/#primaryimage\"},\"thumbnailUrl\":\"https:\\\/\\\/www.rgzelt.com\\\/wp-content\\\/uploads\\\/2019\\\/08\\\/2311-1.jpg\",\"datePublished\":\"2019-08-05T18:37:56+00:00\",\"dateModified\":\"2022-01-25T22:40:49+00:00\",\"description\":\"Agents de comblement du visage.\",\"breadcrumb\":{\"@id\":\"https:\\\/\\\/www.rgzelt.com\\\/facial-fillers\\\/#breadcrumb\"},\"inLanguage\":\"fr-CA\",\"potentialAction\":[{\"@type\":\"ReadAction\",\"target\":[\"https:\\\/\\\/www.rgzelt.com\\\/facial-fillers\\\/\"]}]},{\"@type\":\"ImageObject\",\"inLanguage\":\"fr-CA\",\"@id\":\"https:\\\/\\\/www.rgzelt.com\\\/facial-fillers\\\/#primaryimage\",\"url\":\"https:\\\/\\\/www.rgzelt.com\\\/wp-content\\\/uploads\\\/2019\\\/08\\\/2311-1.jpg\",\"contentUrl\":\"https:\\\/\\\/www.rgzelt.com\\\/wp-content\\\/uploads\\\/2019\\\/08\\\/2311-1.jpg\",\"width\":1200,\"height\":600},{\"@type\":\"BreadcrumbList\",\"@id\":\"https:\\\/\\\/www.rgzelt.com\\\/facial-fillers\\\/#breadcrumb\",\"itemListElement\":[{\"@type\":\"ListItem\",\"position\":1,\"name\":\"Home\",\"item\":\"https:\\\/\\\/www.rgzelt.com\\\/fr\\\/\"},{\"@type\":\"ListItem\",\"position\":2,\"name\":\"Agents de comblement du visage\"}]},{\"@type\":\"WebSite\",\"@id\":\"https:\\\/\\\/www.rgzelt.com\\\/#website\",\"url\":\"https:\\\/\\\/www.rgzelt.com\\\/\",\"name\":\"Plastic Surgeon Montreal - Breast - Body - Face - Surgery | Dr. R.G Zelt\",\"description\":\"\",\"potentialAction\":[{\"@type\":\"SearchAction\",\"target\":{\"@type\":\"EntryPoint\",\"urlTemplate\":\"https:\\\/\\\/www.rgzelt.com\\\/?s={search_term_string}\"},\"query-input\":{\"@type\":\"PropertyValueSpecification\",\"valueRequired\":true,\"valueName\":\"search_term_string\"}}],\"inLanguage\":\"fr-CA\"}]}<\/script>\n<!-- \/ Yoast SEO plugin. -->","yoast_head_json":{"title":"Agents de comblement du visage","description":"Agents de comblement du visage.","robots":{"index":"index","follow":"follow","max-snippet":"max-snippet:-1","max-image-preview":"max-image-preview:large","max-video-preview":"max-video-preview:-1"},"canonical":"https:\/\/www.rgzelt.com\/facial-fillers\/","og_locale":"fr_CA","og_type":"article","og_title":"Agents de comblement du visage","og_description":"Agents de comblement du visage.","og_url":"https:\/\/www.rgzelt.com\/facial-fillers\/","og_site_name":"Plastic Surgeon Montreal - Breast - Body - Face - Surgery | Dr. R.G Zelt","article_modified_time":"2022-01-25T22:40:49+00:00","og_image":[{"width":1200,"height":600,"url":"https:\/\/www.rgzelt.com\/wp-content\/uploads\/2019\/08\/2311-1.jpg","type":"image\/jpeg"}],"twitter_card":"summary_large_image","twitter_misc":{"Estimation du temps de lecture":"6 minutes"},"schema":{"@context":"https:\/\/schema.org","@graph":[{"@type":"WebPage","@id":"https:\/\/www.rgzelt.com\/facial-fillers\/","url":"https:\/\/www.rgzelt.com\/facial-fillers\/","name":"Agents de comblement du visage","isPartOf":{"@id":"https:\/\/www.rgzelt.com\/#website"},"primaryImageOfPage":{"@id":"https:\/\/www.rgzelt.com\/facial-fillers\/#primaryimage"},"image":{"@id":"https:\/\/www.rgzelt.com\/facial-fillers\/#primaryimage"},"thumbnailUrl":"https:\/\/www.rgzelt.com\/wp-content\/uploads\/2019\/08\/2311-1.jpg","datePublished":"2019-08-05T18:37:56+00:00","dateModified":"2022-01-25T22:40:49+00:00","description":"Agents de comblement du visage.","breadcrumb":{"@id":"https:\/\/www.rgzelt.com\/facial-fillers\/#breadcrumb"},"inLanguage":"fr-CA","potentialAction":[{"@type":"ReadAction","target":["https:\/\/www.rgzelt.com\/facial-fillers\/"]}]},{"@type":"ImageObject","inLanguage":"fr-CA","@id":"https:\/\/www.rgzelt.com\/facial-fillers\/#primaryimage","url":"https:\/\/www.rgzelt.com\/wp-content\/uploads\/2019\/08\/2311-1.jpg","contentUrl":"https:\/\/www.rgzelt.com\/wp-content\/uploads\/2019\/08\/2311-1.jpg","width":1200,"height":600},{"@type":"BreadcrumbList","@id":"https:\/\/www.rgzelt.com\/facial-fillers\/#breadcrumb","itemListElement":[{"@type":"ListItem","position":1,"name":"Home","item":"https:\/\/www.rgzelt.com\/fr\/"},{"@type":"ListItem","position":2,"name":"Agents de comblement du visage"}]},{"@type":"WebSite","@id":"https:\/\/www.rgzelt.com\/#website","url":"https:\/\/www.rgzelt.com\/","name":"Plastic Surgeon Montreal - Breast - Body - Face - Surgery | Dr. R.G Zelt","description":"","potentialAction":[{"@type":"SearchAction","target":{"@type":"EntryPoint","urlTemplate":"https:\/\/www.rgzelt.com\/?s={search_term_string}"},"query-input":{"@type":"PropertyValueSpecification","valueRequired":true,"valueName":"search_term_string"}}],"inLanguage":"fr-CA"}]}},"uagb_featured_image_src":{"full":["https:\/\/www.rgzelt.com\/wp-content\/uploads\/2019\/08\/2311-1.jpg",1200,600,false],"thumbnail":["https:\/\/www.rgzelt.com\/wp-content\/uploads\/2019\/08\/2311-1-300x300.jpg",300,300,true],"medium":["https:\/\/www.rgzelt.com\/wp-content\/uploads\/2019\/08\/2311-1-300x150.jpg",300,150,true],"medium_large":["https:\/\/www.rgzelt.com\/wp-content\/uploads\/2019\/08\/2311-1-768x384.jpg",768,384,true],"large":["https:\/\/www.rgzelt.com\/wp-content\/uploads\/2019\/08\/2311-1-1024x512.jpg",1024,512,true],"1536x1536":["https:\/\/www.rgzelt.com\/wp-content\/uploads\/2019\/08\/2311-1.jpg",1200,600,false],"2048x2048":["https:\/\/www.rgzelt.com\/wp-content\/uploads\/2019\/08\/2311-1.jpg",1200,600,false]},"uagb_author_info":{"display_name":"sitentry","author_link":"https:\/\/www.rgzelt.com\/fr\/author\/sitentry\/"},"uagb_comment_info":0,"uagb_excerpt":"Dermal fillers are products injected under or into the skin that replace lost volume or fill lines and wrinkles associated with aging.","_links":{"self":[{"href":"https:\/\/www.rgzelt.com\/fr\/wp-json\/wp\/v2\/pages\/742","targetHints":{"allow":["GET"]}}],"collection":[{"href":"https:\/\/www.rgzelt.com\/fr\/wp-json\/wp\/v2\/pages"}],"about":[{"href":"https:\/\/www.rgzelt.com\/fr\/wp-json\/wp\/v2\/types\/page"}],"author":[{"embeddable":true,"href":"https:\/\/www.rgzelt.com\/fr\/wp-json\/wp\/v2\/users\/1"}],"replies":[{"embeddable":true,"href":"https:\/\/www.rgzelt.com\/fr\/wp-json\/wp\/v2\/comments?post=742"}],"version-history":[{"count":2,"href":"https:\/\/www.rgzelt.com\/fr\/wp-json\/wp\/v2\/pages\/742\/revisions"}],"predecessor-version":[{"id":2485,"href":"https:\/\/www.rgzelt.com\/fr\/wp-json\/wp\/v2\/pages\/742\/revisions\/2485"}],"wp:featuredmedia":[{"embeddable":true,"href":"https:\/\/www.rgzelt.com\/fr\/wp-json\/wp\/v2\/media\/357"}],"wp:attachment":[{"href":"https:\/\/www.rgzelt.com\/fr\/wp-json\/wp\/v2\/media?parent=742"}],"wp:term":[{"taxonomy":"procedure","embeddable":true,"href":"https:\/\/www.rgzelt.com\/fr\/wp-json\/wp\/v2\/procedure?post=742"}],"curies":[{"name":"wp","href":"https:\/\/api.w.org\/{rel}","templated":true}]}}