{"id":744,"date":"2019-08-05T18:37:35","date_gmt":"2019-08-05T18:37:35","guid":{"rendered":"http:\/\/104.152.168.27\/~bestsurgeon5\/eyelid-surgery-blepharoplasty\/"},"modified":"2022-01-25T23:44:05","modified_gmt":"2022-01-25T23:44:05","slug":"chirurgie-des-paupieres-blepharoplastie","status":"publish","type":"page","link":"https:\/\/www.rgzelt.com\/fr\/chirurgie-des-paupieres-blepharoplastie\/","title":{"rendered":"Chirurgie des paupi\u00e8res (Bl\u00e9pharoplastie)"},"content":{"rendered":"\n<p>Nous voulons tous que nos yeux paraissent jeunes, \u00e9veill\u00e9s, brillants et alertes. Cependant, avec l\u2019\u00e2ge, c\u2019est souvent la premi\u00e8re des parties du visage qui para\u00eet fatigu\u00e9e ou bouffie. Une op\u00e9ration des paupi\u00e8res sup\u00e9rieures et inf\u00e9rieures (bl\u00e9pharoplastie) retire l\u2019exc\u00e8s de peau et de gras, laissant une apparence plus repos\u00e9e et plus jeune. Elle se fait sur les paupi\u00e8res sup\u00e9rieures, inf\u00e9rieures et sur les deux. Il s\u2019agit d\u2019une intervention courante, autant chez les femmes que les hommes, qui rajeunit la r\u00e9gion autour des yeux.<\/p>\n\n\n\n<h2 class=\"wp-block-heading\"><strong>Les paupi\u00e8res sup\u00e9rieures<\/strong><\/h2>\n\n\n\n<p>L\u2019op\u00e9ration des paupi\u00e8res sup\u00e9rieures implique le retrait d\u2019un exc\u00e8s de peau et de gras, laissant une incision presque invisible cach\u00e9e dans le creux de la paupi\u00e8re. Seulement de petites bandes sont utilis\u00e9es pour couvrir les incisions apr\u00e8s l\u2019op\u00e9ration. La gu\u00e9rison est rapide avec peu de douleur ou aucune.<\/p>\n\n\n\n<h2 class=\"wp-block-heading\"><strong>Les paupi\u00e8res inf\u00e9rieures<\/strong><\/h2>\n\n\n\n<p>Une op\u00e9ration des paupi\u00e8res inf\u00e9rieures permet de retirer l\u2019apparence de rel\u00e2chement et de gonflement se formant avec l\u2019\u00e2ge. Le retrait du surplus de gras est habituellement r\u00e9alis\u00e9 sous une l\u00e9g\u00e8re anesth\u00e9sie g\u00e9n\u00e9rale au moyen d\u2019incisions cach\u00e9es \u00e0 l\u2019int\u00e9rieur de la paupi\u00e8re inf\u00e9rieure. L\u2019exc\u00e8s de peau ou les ridules, s\u2019il y en a, sont retir\u00e9s apr\u00e8s l\u2019op\u00e9ration gr\u00e2ce \u00e0 la restauration au laser (\u00ab\u2009resurfacing\u2009\u00bb). La douleur d\u00e9coulant de l\u2019op\u00e9ration est moindre ou absente et la gu\u00e9rison est rapide et g\u00e9n\u00e9ralement sans complications.<\/p>\n\n\n\n<h2 class=\"wp-block-heading\"><strong>Ce qu\u2019une op\u00e9ration des paupi\u00e8res fait pour vous<\/strong><\/h2>\n\n\n\n<p>Les personnes tirant avantage d\u2019une op\u00e9ration des paupi\u00e8res pr\u00e9sentent g\u00e9n\u00e9ralement un ou plusieurs des points suivants:<\/p>\n\n\n\n<ol class=\"wp-block-list\"><li>Une peau flasque ou affaiss\u00e9e qui donne aux yeux une apparence fatigu\u00e9e ou qui bloque une vision normale<\/li><li>Un exc\u00e8s de gras qui appara\u00eet comme des poches ou des bouffissures des paupi\u00e8res sup\u00e9rieures ou inf\u00e9rieures<\/li><li>Des paupi\u00e8res inf\u00e9rieures affaiss\u00e9es ou des ridules excessives<\/li><\/ol>\n\n\n\n<h2 class=\"wp-block-heading\"><strong>Qui est un bon candidat pour une op\u00e9ration des paupi\u00e8res?<\/strong><\/h2>\n\n\n\n<p>Des personnes en sant\u00e9 sans aucun autre \u00e9tat li\u00e9 aux yeux sont d\u2019excellents candidats pour le rajeunissement des paupi\u00e8res.<\/p>\n\n\n\n<h2 class=\"wp-block-heading\"><strong>Qu\u2019implique la planification d\u2019une op\u00e9ration des paupi\u00e8res?<\/strong><\/h2>\n\n\n\n<p>L\u2019\u00e9valuation d\u2019une op\u00e9ration des paupi\u00e8res commence par une \u00e9coute attentive des pr\u00e9occupations et des d\u00e9sirs de chaque patient. La satisfaction li\u00e9e \u00e0 cette intervention d\u00e9pend du fait d\u2019offrir aux patients ce qu\u2019ils veulent. Un plan op\u00e9ratoire est con\u00e7u pour r\u00e9pondre aux objectifs individuels du patient apr\u00e8s une r\u00e9vision m\u00e9ticuleuse de ses ant\u00e9c\u00e9dents et une \u00e9valuation soigneuse de ses paupi\u00e8res sup\u00e9rieures et inf\u00e9rieures.<\/p>\n\n\n\n<p>L\u2019op\u00e9ration des seules paupi\u00e8res sup\u00e9rieures est faite sous anesth\u00e9sie locale avec ou sans s\u00e9dation, tandis qu\u2019il vaut mieux r\u00e9aliser une op\u00e9ration des paupi\u00e8res inf\u00e9rieures sous une l\u00e9g\u00e8re anesth\u00e9sie g\u00e9n\u00e9rale. Les incisions sur la paupi\u00e8re sup\u00e9rieure sont ferm\u00e9es \u00e0 l\u2019aide de fines sutures faciles \u00e0 retirer \u00e0 nos bureaux quelques jours apr\u00e8s l\u2019op\u00e9ration. Les incisions sur la paupi\u00e8re inf\u00e9rieure sont cach\u00e9es \u00e0 l\u2019int\u00e9rieur et sont ferm\u00e9es \u00e0 l\u2019aide de sutures r\u00e9sorbables. Seules de petites bandes sont utilis\u00e9es pour couvrir les incisions apr\u00e8s l\u2019op\u00e9ration. L\u2019op\u00e9ration des paupi\u00e8res est bien tol\u00e9r\u00e9e, il en d\u00e9coule une douleur postop\u00e9ratoire moindre ou m\u00eame absente sans besoin d\u2019hospitalisation.<\/p>\n\n\n\n<figure class=\"wp-block-image\"><img loading=\"lazy\" decoding=\"async\" width=\"1024\" height=\"512\" src=\"http:\/\/www.rgzelt.com\/wp-content\/uploads\/2019\/08\/19-1024x512.jpg\" alt=\"\" class=\"wp-image-662\" srcset=\"https:\/\/www.rgzelt.com\/wp-content\/uploads\/2019\/08\/19-1024x512.jpg 1024w, https:\/\/www.rgzelt.com\/wp-content\/uploads\/2019\/08\/19-300x150.jpg 300w, https:\/\/www.rgzelt.com\/wp-content\/uploads\/2019\/08\/19-768x384.jpg 768w, https:\/\/www.rgzelt.com\/wp-content\/uploads\/2019\/08\/19.jpg 1200w\" sizes=\"auto, (max-width: 1024px) 100vw, 1024px\" \/><\/figure>\n\n\n\n<h2 class=\"wp-block-heading\"><strong>La gu\u00e9rison apr\u00e8s une op\u00e9ration des paupi\u00e8res<\/strong><\/h2>\n\n\n\n<p>Apr\u00e8s une op\u00e9ration des paupi\u00e8res, les patients retournent \u00e0 la maison se reposer. De la glace est appliqu\u00e9e sur les paupi\u00e8res pendant 24 heures et des gouttes ophtalmiques sont utilis\u00e9es pour les garder lubrifi\u00e9es pendant les premiers jours apr\u00e8s l\u2019op\u00e9ration. Des consignes postop\u00e9ratoires sont donn\u00e9es et des antidouleurs sont fournis.<\/p>\n\n\n\n<h2 class=\"wp-block-heading\"><strong>Quels seront les effets postop\u00e9ratoires sur mes paupi\u00e8res\u2009?<\/strong><\/h2>\n\n\n\n<p>L\u2019op\u00e9ration provoquera un \u0153d\u00e8me l\u00e9ger des paupi\u00e8res, mais l\u2019application de glace la premi\u00e8re journ\u00e9e permet de garder cet effet au minimum. La douleur est g\u00e9n\u00e9ralement minime et facilement ma\u00eetris\u00e9e avec des m\u00e9dicaments. Les ecchymoses, lorsqu\u2019elles se forment, disparaissent rapidement.<\/p>\n\n\n\n<h2 class=\"wp-block-heading\"><strong>Quand puis-je reprendre mes activit\u00e9s normales\u2009?<\/strong><\/h2>\n\n\n\n<p>La plupart des patients reprennent une l\u00e9g\u00e8re activit\u00e9 et le travail de 3 \u00e0 7 jours apr\u00e8s l\u2019op\u00e9ration. Un retour progressif aux activit\u00e9s physiques normales, y compris les sports, est permis apr\u00e8s 3 \u00e0 4 semaines.<\/p>\n\n\n\n<h2 class=\"wp-block-heading\"><strong>Est-ce que d\u2019autres interventions peuvent \u00eatre faites en m\u00eame temps\u2009?<\/strong><\/h2>\n\n\n\n<p>Oui, les patients choisissent fr\u00e9quemment de combiner une op\u00e9ration des paupi\u00e8res \u00e0 une grande vari\u00e9t\u00e9 d\u2019autres interventions.<\/p>\n\n\n\n<h2 class=\"wp-block-heading\"><strong>Existe-t-il des risques avec une op\u00e9ration des paupi\u00e8res?<\/strong><\/h2>\n\n\n\n<p>De fa\u00e7on g\u00e9n\u00e9rale, ce type d\u2019intervention est tr\u00e8s s\u00e9curitaire et fiable. Pendant la consultation en clinique, Dr Zelt discutera avec vous des complications et des risques associ\u00e9s. Heureusement, la plupart sont tr\u00e8s rares et la grande majorit\u00e9 des patients connaissent une op\u00e9ration et une p\u00e9riode de gu\u00e9rison sans histoire.<\/p>\n\n\n\n<p>Si vous souhaitez fixer un rendez-vous de consultation ou si vous avez des questions d\u2019ordre g\u00e9n\u00e9ral, n\u2019h\u00e9sitez pas \u00e0&nbsp;<a href=\"http:\/\/www.rgzelt.com\/fr\/contact\/\">communiquer avec nous<\/a>.<\/p>\n","protected":false},"excerpt":{"rendered":"<p>Surgery of the upper and lower eyelids removes excess skin and fat leaving a more rested and youthful appearance.<\/p>\n","protected":false},"author":1,"featured_media":353,"parent":0,"menu_order":1,"comment_status":"closed","ping_status":"closed","template":"","meta":{"_uag_custom_page_level_css":"","footnotes":""},"procedure":[16],"class_list":["post-744","page","type-page","status-publish","has-post-thumbnail","hentry","procedure-visage"],"featured_image_urls_v2":{"full":["https:\/\/www.rgzelt.com\/wp-content\/uploads\/2019\/08\/2284.jpg",1200,600,false],"thumbnail":["https:\/\/www.rgzelt.com\/wp-content\/uploads\/2019\/08\/2284-300x300.jpg",300,300,true],"medium":["https:\/\/www.rgzelt.com\/wp-content\/uploads\/2019\/08\/2284-300x150.jpg",300,150,true],"medium_large":["https:\/\/www.rgzelt.com\/wp-content\/uploads\/2019\/08\/2284-768x384.jpg",768,384,true],"large":["https:\/\/www.rgzelt.com\/wp-content\/uploads\/2019\/08\/2284-1024x512.jpg",1024,512,true],"1536x1536":["https:\/\/www.rgzelt.com\/wp-content\/uploads\/2019\/08\/2284.jpg",1200,600,false],"2048x2048":["https:\/\/www.rgzelt.com\/wp-content\/uploads\/2019\/08\/2284.jpg",1200,600,false]},"post_excerpt_stackable_v2":"<p>Surgery of the upper and lower eyelids removes excess skin and fat leaving a more rested and youthful appearance.<\/p>\n","category_list_v2":"","author_info_v2":{"name":"sitentry","url":"https:\/\/www.rgzelt.com\/fr\/author\/sitentry\/"},"comments_num_v2":"0 comments","yoast_head":"<!-- This site is optimized with the Yoast SEO plugin v27.6 - https:\/\/yoast.com\/product\/yoast-seo-wordpress\/ -->\n<title>Chirurgie Des Paupi\u00e8res Bl\u00e9pharoplastie Montr\u00e9al<\/title>\n<meta name=\"description\" content=\"Chirurgie des paupi\u00e8res bl\u00e9pharoplastie Montr\u00e9al.\" \/>\n<meta name=\"robots\" content=\"index, follow, max-snippet:-1, max-image-preview:large, max-video-preview:-1\" \/>\n<link rel=\"canonical\" href=\"https:\/\/www.rgzelt.com\/eyelid-surgery-blepharoplasty\/\" \/>\n<meta property=\"og:locale\" content=\"fr_CA\" \/>\n<meta property=\"og:type\" content=\"article\" \/>\n<meta property=\"og:title\" content=\"Chirurgie Des Paupi\u00e8res Bl\u00e9pharoplastie Montr\u00e9al\" \/>\n<meta property=\"og:description\" content=\"Chirurgie des paupi\u00e8res bl\u00e9pharoplastie Montr\u00e9al.\" \/>\n<meta property=\"og:url\" content=\"https:\/\/www.rgzelt.com\/eyelid-surgery-blepharoplasty\/\" \/>\n<meta property=\"og:site_name\" content=\"Plastic Surgeon Montreal - Breast - Body - Face - Surgery | Dr. R.G Zelt\" \/>\n<meta property=\"article:modified_time\" content=\"2022-01-25T23:44:05+00:00\" \/>\n<meta property=\"og:image\" content=\"https:\/\/www.rgzelt.com\/wp-content\/uploads\/2019\/08\/2284.jpg\" \/>\n\t<meta property=\"og:image:width\" content=\"1200\" \/>\n\t<meta property=\"og:image:height\" content=\"600\" \/>\n\t<meta property=\"og:image:type\" content=\"image\/jpeg\" \/>\n<meta name=\"twitter:card\" content=\"summary_large_image\" \/>\n<meta name=\"twitter:label1\" content=\"Estimation du temps de lecture\" \/>\n\t<meta name=\"twitter:data1\" content=\"4 minutes\" \/>\n<script type=\"application\/ld+json\" class=\"yoast-schema-graph\">{\"@context\":\"https:\\\/\\\/schema.org\",\"@graph\":[{\"@type\":\"WebPage\",\"@id\":\"https:\\\/\\\/www.rgzelt.com\\\/eyelid-surgery-blepharoplasty\\\/\",\"url\":\"https:\\\/\\\/www.rgzelt.com\\\/eyelid-surgery-blepharoplasty\\\/\",\"name\":\"Chirurgie Des Paupi\u00e8res Bl\u00e9pharoplastie Montr\u00e9al\",\"isPartOf\":{\"@id\":\"https:\\\/\\\/www.rgzelt.com\\\/#website\"},\"primaryImageOfPage\":{\"@id\":\"https:\\\/\\\/www.rgzelt.com\\\/eyelid-surgery-blepharoplasty\\\/#primaryimage\"},\"image\":{\"@id\":\"https:\\\/\\\/www.rgzelt.com\\\/eyelid-surgery-blepharoplasty\\\/#primaryimage\"},\"thumbnailUrl\":\"https:\\\/\\\/www.rgzelt.com\\\/wp-content\\\/uploads\\\/2019\\\/08\\\/2284.jpg\",\"datePublished\":\"2019-08-05T18:37:35+00:00\",\"dateModified\":\"2022-01-25T23:44:05+00:00\",\"description\":\"Chirurgie des paupi\u00e8res bl\u00e9pharoplastie Montr\u00e9al.\",\"breadcrumb\":{\"@id\":\"https:\\\/\\\/www.rgzelt.com\\\/eyelid-surgery-blepharoplasty\\\/#breadcrumb\"},\"inLanguage\":\"fr-CA\",\"potentialAction\":[{\"@type\":\"ReadAction\",\"target\":[\"https:\\\/\\\/www.rgzelt.com\\\/eyelid-surgery-blepharoplasty\\\/\"]}]},{\"@type\":\"ImageObject\",\"inLanguage\":\"fr-CA\",\"@id\":\"https:\\\/\\\/www.rgzelt.com\\\/eyelid-surgery-blepharoplasty\\\/#primaryimage\",\"url\":\"https:\\\/\\\/www.rgzelt.com\\\/wp-content\\\/uploads\\\/2019\\\/08\\\/2284.jpg\",\"contentUrl\":\"https:\\\/\\\/www.rgzelt.com\\\/wp-content\\\/uploads\\\/2019\\\/08\\\/2284.jpg\",\"width\":1200,\"height\":600},{\"@type\":\"BreadcrumbList\",\"@id\":\"https:\\\/\\\/www.rgzelt.com\\\/eyelid-surgery-blepharoplasty\\\/#breadcrumb\",\"itemListElement\":[{\"@type\":\"ListItem\",\"position\":1,\"name\":\"Home\",\"item\":\"https:\\\/\\\/www.rgzelt.com\\\/fr\\\/\"},{\"@type\":\"ListItem\",\"position\":2,\"name\":\"Chirurgie des paupi\u00e8res (Bl\u00e9pharoplastie)\"}]},{\"@type\":\"WebSite\",\"@id\":\"https:\\\/\\\/www.rgzelt.com\\\/#website\",\"url\":\"https:\\\/\\\/www.rgzelt.com\\\/\",\"name\":\"Plastic Surgeon Montreal - Breast - Body - Face - Surgery | Dr. R.G Zelt\",\"description\":\"\",\"potentialAction\":[{\"@type\":\"SearchAction\",\"target\":{\"@type\":\"EntryPoint\",\"urlTemplate\":\"https:\\\/\\\/www.rgzelt.com\\\/?s={search_term_string}\"},\"query-input\":{\"@type\":\"PropertyValueSpecification\",\"valueRequired\":true,\"valueName\":\"search_term_string\"}}],\"inLanguage\":\"fr-CA\"}]}<\/script>\n<!-- \/ Yoast SEO plugin. -->","yoast_head_json":{"title":"Chirurgie Des Paupi\u00e8res Bl\u00e9pharoplastie Montr\u00e9al","description":"Chirurgie des paupi\u00e8res bl\u00e9pharoplastie Montr\u00e9al.","robots":{"index":"index","follow":"follow","max-snippet":"max-snippet:-1","max-image-preview":"max-image-preview:large","max-video-preview":"max-video-preview:-1"},"canonical":"https:\/\/www.rgzelt.com\/eyelid-surgery-blepharoplasty\/","og_locale":"fr_CA","og_type":"article","og_title":"Chirurgie Des Paupi\u00e8res Bl\u00e9pharoplastie Montr\u00e9al","og_description":"Chirurgie des paupi\u00e8res bl\u00e9pharoplastie Montr\u00e9al.","og_url":"https:\/\/www.rgzelt.com\/eyelid-surgery-blepharoplasty\/","og_site_name":"Plastic Surgeon Montreal - Breast - Body - Face - Surgery | Dr. R.G Zelt","article_modified_time":"2022-01-25T23:44:05+00:00","og_image":[{"width":1200,"height":600,"url":"https:\/\/www.rgzelt.com\/wp-content\/uploads\/2019\/08\/2284.jpg","type":"image\/jpeg"}],"twitter_card":"summary_large_image","twitter_misc":{"Estimation du temps de lecture":"4 minutes"},"schema":{"@context":"https:\/\/schema.org","@graph":[{"@type":"WebPage","@id":"https:\/\/www.rgzelt.com\/eyelid-surgery-blepharoplasty\/","url":"https:\/\/www.rgzelt.com\/eyelid-surgery-blepharoplasty\/","name":"Chirurgie Des Paupi\u00e8res Bl\u00e9pharoplastie Montr\u00e9al","isPartOf":{"@id":"https:\/\/www.rgzelt.com\/#website"},"primaryImageOfPage":{"@id":"https:\/\/www.rgzelt.com\/eyelid-surgery-blepharoplasty\/#primaryimage"},"image":{"@id":"https:\/\/www.rgzelt.com\/eyelid-surgery-blepharoplasty\/#primaryimage"},"thumbnailUrl":"https:\/\/www.rgzelt.com\/wp-content\/uploads\/2019\/08\/2284.jpg","datePublished":"2019-08-05T18:37:35+00:00","dateModified":"2022-01-25T23:44:05+00:00","description":"Chirurgie des paupi\u00e8res bl\u00e9pharoplastie Montr\u00e9al.","breadcrumb":{"@id":"https:\/\/www.rgzelt.com\/eyelid-surgery-blepharoplasty\/#breadcrumb"},"inLanguage":"fr-CA","potentialAction":[{"@type":"ReadAction","target":["https:\/\/www.rgzelt.com\/eyelid-surgery-blepharoplasty\/"]}]},{"@type":"ImageObject","inLanguage":"fr-CA","@id":"https:\/\/www.rgzelt.com\/eyelid-surgery-blepharoplasty\/#primaryimage","url":"https:\/\/www.rgzelt.com\/wp-content\/uploads\/2019\/08\/2284.jpg","contentUrl":"https:\/\/www.rgzelt.com\/wp-content\/uploads\/2019\/08\/2284.jpg","width":1200,"height":600},{"@type":"BreadcrumbList","@id":"https:\/\/www.rgzelt.com\/eyelid-surgery-blepharoplasty\/#breadcrumb","itemListElement":[{"@type":"ListItem","position":1,"name":"Home","item":"https:\/\/www.rgzelt.com\/fr\/"},{"@type":"ListItem","position":2,"name":"Chirurgie des paupi\u00e8res (Bl\u00e9pharoplastie)"}]},{"@type":"WebSite","@id":"https:\/\/www.rgzelt.com\/#website","url":"https:\/\/www.rgzelt.com\/","name":"Plastic Surgeon Montreal - Breast - Body - Face - Surgery | Dr. R.G Zelt","description":"","potentialAction":[{"@type":"SearchAction","target":{"@type":"EntryPoint","urlTemplate":"https:\/\/www.rgzelt.com\/?s={search_term_string}"},"query-input":{"@type":"PropertyValueSpecification","valueRequired":true,"valueName":"search_term_string"}}],"inLanguage":"fr-CA"}]}},"uagb_featured_image_src":{"full":["https:\/\/www.rgzelt.com\/wp-content\/uploads\/2019\/08\/2284.jpg",1200,600,false],"thumbnail":["https:\/\/www.rgzelt.com\/wp-content\/uploads\/2019\/08\/2284-300x300.jpg",300,300,true],"medium":["https:\/\/www.rgzelt.com\/wp-content\/uploads\/2019\/08\/2284-300x150.jpg",300,150,true],"medium_large":["https:\/\/www.rgzelt.com\/wp-content\/uploads\/2019\/08\/2284-768x384.jpg",768,384,true],"large":["https:\/\/www.rgzelt.com\/wp-content\/uploads\/2019\/08\/2284-1024x512.jpg",1024,512,true],"1536x1536":["https:\/\/www.rgzelt.com\/wp-content\/uploads\/2019\/08\/2284.jpg",1200,600,false],"2048x2048":["https:\/\/www.rgzelt.com\/wp-content\/uploads\/2019\/08\/2284.jpg",1200,600,false]},"uagb_author_info":{"display_name":"sitentry","author_link":"https:\/\/www.rgzelt.com\/fr\/author\/sitentry\/"},"uagb_comment_info":0,"uagb_excerpt":"Surgery of the upper and lower eyelids removes excess skin and fat leaving a more rested and youthful appearance.","_links":{"self":[{"href":"https:\/\/www.rgzelt.com\/fr\/wp-json\/wp\/v2\/pages\/744","targetHints":{"allow":["GET"]}}],"collection":[{"href":"https:\/\/www.rgzelt.com\/fr\/wp-json\/wp\/v2\/pages"}],"about":[{"href":"https:\/\/www.rgzelt.com\/fr\/wp-json\/wp\/v2\/types\/page"}],"author":[{"embeddable":true,"href":"https:\/\/www.rgzelt.com\/fr\/wp-json\/wp\/v2\/users\/1"}],"replies":[{"embeddable":true,"href":"https:\/\/www.rgzelt.com\/fr\/wp-json\/wp\/v2\/comments?post=744"}],"version-history":[{"count":1,"href":"https:\/\/www.rgzelt.com\/fr\/wp-json\/wp\/v2\/pages\/744\/revisions"}],"predecessor-version":[{"id":2498,"href":"https:\/\/www.rgzelt.com\/fr\/wp-json\/wp\/v2\/pages\/744\/revisions\/2498"}],"wp:featuredmedia":[{"embeddable":true,"href":"https:\/\/www.rgzelt.com\/fr\/wp-json\/wp\/v2\/media\/353"}],"wp:attachment":[{"href":"https:\/\/www.rgzelt.com\/fr\/wp-json\/wp\/v2\/media?parent=744"}],"wp:term":[{"taxonomy":"procedure","embeddable":true,"href":"https:\/\/www.rgzelt.com\/fr\/wp-json\/wp\/v2\/procedure?post=744"}],"curies":[{"name":"wp","href":"https:\/\/api.w.org\/{rel}","templated":true}]}}