{"id":746,"date":"2019-08-05T18:37:06","date_gmt":"2019-08-05T18:37:06","guid":{"rendered":"http:\/\/104.152.168.27\/~bestsurgeon5\/mommy-makeover\/"},"modified":"2019-08-26T16:33:01","modified_gmt":"2019-08-26T16:33:01","slug":"metamorphose-postgrossesse","status":"publish","type":"page","link":"https:\/\/www.rgzelt.com\/fr\/metamorphose-postgrossesse\/","title":{"rendered":"M\u00e9tamorphose postgrossesse"},"content":{"rendered":"\n<p>M\u00e9tamorphose postgrossesse\u2009? Un bon nombre d\u2019entre vous ont probablement entendu ce terme d\u2019amies ou en surfant sur Internet. Mais qu\u2019est-ce que \u00e7a veut dire et est-ce que \u00e7a peut vous convenir\u2009? Voyons voir.<\/p>\n\n\n\n<p>La m\u00e9tamorphose postgrossesse ou \u00ab\u2009mommy makeover\u2009\u00bb est une expression tape-\u00e0-l\u2019\u0153il pour attirer l\u2019attention des femmes de la mi-trentaine ou \u00e0 la mi-quarantaine \u00e0 la recherche d\u2019une solution pour leur remonter le moral ou pour mieux se sentir dans leur peau et pour leur permettre de d\u00e9fier les changements de leurs corps qu\u2019elles constatent apr\u00e8s une grossesse. Bien que certaines femmes passent \u00e0 travers une grossesse sans voir la moindre diff\u00e9rence dans leur corps, la grande majorit\u00e9 constate des changements ind\u00e9sirables dans leurs seins et leurs ventres, les conduisant \u00e0 la recherche de solutions.<\/p>\n\n\n\n<p>Apr\u00e8s l\u2019allaitement, les seins peuvent pendre ou perdre un volume important, laissant une apparence de \u00ab\u2009sac vide\u2009\u00bb. La forme et la projection d\u2019avant la grossesse sont perdues et les mamelons pointent vers le bas.<\/p>\n\n\n\n<figure class=\"wp-block-image\"><img loading=\"lazy\" decoding=\"async\" width=\"1024\" height=\"512\" src=\"http:\/\/www.rgzelt.com\/wp-content\/uploads\/2019\/08\/17-1024x512.jpg\" alt=\"\" class=\"wp-image-659\" srcset=\"https:\/\/www.rgzelt.com\/wp-content\/uploads\/2019\/08\/17-1024x512.jpg 1024w, https:\/\/www.rgzelt.com\/wp-content\/uploads\/2019\/08\/17-300x150.jpg 300w, https:\/\/www.rgzelt.com\/wp-content\/uploads\/2019\/08\/17-768x384.jpg 768w, https:\/\/www.rgzelt.com\/wp-content\/uploads\/2019\/08\/17.jpg 1200w\" sizes=\"auto, (max-width: 1024px) 100vw, 1024px\" \/><\/figure>\n\n\n\n<p>Le ventre est aussi une zone que la grossesse affecte grandement. Le ventre plat d\u2019une femme peut \u00eatre remplac\u00e9 par des vergetures et un exc\u00e8s de peau pendant souvent \u00e0 l\u2019ext\u00e9rieur des pantalons et des ceintures. Porter des v\u00eatements serr\u00e9s ou un maillot de bain peut devenir plus difficile, ce qui peut complexer certaines femmes.<\/p>\n\n\n\n<p>Ces changements sont normaux et naturels. Cependant, ce qui diff\u00e8re du pass\u00e9 est le nombre d\u2019interventions s\u00e9curitaires et fiables offertes pour corriger ces points de pr\u00e9occupation. Vous n\u2019avez plus maintenant \u00e0 seulement \u00ab\u2009faire avec\u2009\u00bb et \u00e0 vivre le reste de votre vie en souhaitant que quelque chose puisse \u00eatre fait pour vous aider \u00e0 vous sentir bien dans votre peau.<\/p>\n\n\n\n<p>Une m\u00e9tamorphose postgrossesse est personnalis\u00e9e selon les besoins de chaque femme. Elle peut impliquer de fa\u00e7on s\u00e9par\u00e9e, ou en combinaison, un redrapage mammaire, une augmentation mammaire, une abdominoplastie ou un redrapage des cuisses. Des renseignements concernant chacune de ces interventions se trouvent sur notre site Web.<\/p>\n\n\n\n<p>Si vous sentez que nous pouvons vous offrir les moyens d\u2019atteindre vos buts, pri\u00e8re de\u00a0<a href=\"http:\/\/www.rgzelt.com\/fr\/contact\/\">communiquer avec nous<\/a>\u00a0pour fixer un rendez-vous de consultation.<\/p>\n","protected":false},"excerpt":{"rendered":"<p>While some women pass through pregnancy without physical difference, the vast majority see unwanted changes in their breasts and abdomen.<\/p>\n","protected":false},"author":1,"featured_media":349,"parent":0,"menu_order":5,"comment_status":"closed","ping_status":"closed","template":"","meta":{"_uag_custom_page_level_css":"","footnotes":""},"procedure":[15],"class_list":["post-746","page","type-page","status-publish","has-post-thumbnail","hentry","procedure-corps"],"featured_image_urls_v2":{"full":["https:\/\/www.rgzelt.com\/wp-content\/uploads\/2019\/08\/2248.jpg",1200,600,false],"thumbnail":["https:\/\/www.rgzelt.com\/wp-content\/uploads\/2019\/08\/2248-300x300.jpg",300,300,true],"medium":["https:\/\/www.rgzelt.com\/wp-content\/uploads\/2019\/08\/2248-300x150.jpg",300,150,true],"medium_large":["https:\/\/www.rgzelt.com\/wp-content\/uploads\/2019\/08\/2248-768x384.jpg",768,384,true],"large":["https:\/\/www.rgzelt.com\/wp-content\/uploads\/2019\/08\/2248-1024x512.jpg",1024,512,true],"1536x1536":["https:\/\/www.rgzelt.com\/wp-content\/uploads\/2019\/08\/2248.jpg",1200,600,false],"2048x2048":["https:\/\/www.rgzelt.com\/wp-content\/uploads\/2019\/08\/2248.jpg",1200,600,false]},"post_excerpt_stackable_v2":"<p>While some women pass through pregnancy without physical difference, the vast majority see unwanted changes in their breasts and abdomen.<\/p>\n","category_list_v2":"","author_info_v2":{"name":"sitentry","url":"https:\/\/www.rgzelt.com\/fr\/author\/sitentry\/"},"comments_num_v2":"0 comments","yoast_head":"<!-- This site is optimized with the Yoast SEO plugin v27.5 - https:\/\/yoast.com\/product\/yoast-seo-wordpress\/ -->\n<title>M\u00e9tamorphose Postgrossesse Montr\u00e9al<\/title>\n<meta name=\"description\" content=\"Sp\u00e9cialiste en chirurgie plastique et esth\u00e9tique Dr Zelt offre des traitements chirurgie abdominale apr\u00e8s grossesse \u00e0 Montr\u00e9al.\" \/>\n<meta name=\"robots\" content=\"index, follow, max-snippet:-1, max-image-preview:large, max-video-preview:-1\" \/>\n<link rel=\"canonical\" href=\"https:\/\/www.rgzelt.com\/mommy-makeover\/\" \/>\n<meta property=\"og:locale\" content=\"fr_CA\" \/>\n<meta property=\"og:type\" content=\"article\" \/>\n<meta property=\"og:title\" content=\"M\u00e9tamorphose Postgrossesse Montr\u00e9al\" \/>\n<meta property=\"og:description\" content=\"Sp\u00e9cialiste en chirurgie plastique et esth\u00e9tique Dr Zelt offre des traitements chirurgie abdominale apr\u00e8s grossesse \u00e0 Montr\u00e9al.\" \/>\n<meta property=\"og:url\" content=\"https:\/\/www.rgzelt.com\/mommy-makeover\/\" \/>\n<meta property=\"og:site_name\" content=\"Plastic Surgeon Montreal - Breast - Body - Face - Surgery | Dr. R.G Zelt\" \/>\n<meta property=\"article:modified_time\" content=\"2019-08-26T16:33:01+00:00\" \/>\n<meta property=\"og:image\" content=\"https:\/\/www.rgzelt.com\/wp-content\/uploads\/2019\/08\/2248.jpg\" \/>\n\t<meta property=\"og:image:width\" content=\"1200\" \/>\n\t<meta property=\"og:image:height\" content=\"600\" \/>\n\t<meta property=\"og:image:type\" content=\"image\/jpeg\" \/>\n<meta name=\"twitter:card\" content=\"summary_large_image\" \/>\n<meta name=\"twitter:label1\" content=\"Estimation du temps de lecture\" \/>\n\t<meta name=\"twitter:data1\" content=\"2 minutes\" \/>\n<script type=\"application\/ld+json\" class=\"yoast-schema-graph\">{\"@context\":\"https:\\\/\\\/schema.org\",\"@graph\":[{\"@type\":\"WebPage\",\"@id\":\"https:\\\/\\\/www.rgzelt.com\\\/mommy-makeover\\\/\",\"url\":\"https:\\\/\\\/www.rgzelt.com\\\/mommy-makeover\\\/\",\"name\":\"M\u00e9tamorphose Postgrossesse Montr\u00e9al\",\"isPartOf\":{\"@id\":\"https:\\\/\\\/www.rgzelt.com\\\/#website\"},\"primaryImageOfPage\":{\"@id\":\"https:\\\/\\\/www.rgzelt.com\\\/mommy-makeover\\\/#primaryimage\"},\"image\":{\"@id\":\"https:\\\/\\\/www.rgzelt.com\\\/mommy-makeover\\\/#primaryimage\"},\"thumbnailUrl\":\"https:\\\/\\\/www.rgzelt.com\\\/wp-content\\\/uploads\\\/2019\\\/08\\\/2248.jpg\",\"datePublished\":\"2019-08-05T18:37:06+00:00\",\"dateModified\":\"2019-08-26T16:33:01+00:00\",\"description\":\"Sp\u00e9cialiste en chirurgie plastique et esth\u00e9tique Dr Zelt offre des traitements chirurgie abdominale apr\u00e8s grossesse \u00e0 Montr\u00e9al.\",\"breadcrumb\":{\"@id\":\"https:\\\/\\\/www.rgzelt.com\\\/mommy-makeover\\\/#breadcrumb\"},\"inLanguage\":\"fr-CA\",\"potentialAction\":[{\"@type\":\"ReadAction\",\"target\":[\"https:\\\/\\\/www.rgzelt.com\\\/mommy-makeover\\\/\"]}]},{\"@type\":\"ImageObject\",\"inLanguage\":\"fr-CA\",\"@id\":\"https:\\\/\\\/www.rgzelt.com\\\/mommy-makeover\\\/#primaryimage\",\"url\":\"https:\\\/\\\/www.rgzelt.com\\\/wp-content\\\/uploads\\\/2019\\\/08\\\/2248.jpg\",\"contentUrl\":\"https:\\\/\\\/www.rgzelt.com\\\/wp-content\\\/uploads\\\/2019\\\/08\\\/2248.jpg\",\"width\":1200,\"height\":600},{\"@type\":\"BreadcrumbList\",\"@id\":\"https:\\\/\\\/www.rgzelt.com\\\/mommy-makeover\\\/#breadcrumb\",\"itemListElement\":[{\"@type\":\"ListItem\",\"position\":1,\"name\":\"Home\",\"item\":\"https:\\\/\\\/www.rgzelt.com\\\/fr\\\/\"},{\"@type\":\"ListItem\",\"position\":2,\"name\":\"M\u00e9tamorphose postgrossesse\"}]},{\"@type\":\"WebSite\",\"@id\":\"https:\\\/\\\/www.rgzelt.com\\\/#website\",\"url\":\"https:\\\/\\\/www.rgzelt.com\\\/\",\"name\":\"Plastic Surgeon Montreal - Breast - Body - Face - Surgery | Dr. R.G Zelt\",\"description\":\"\",\"potentialAction\":[{\"@type\":\"SearchAction\",\"target\":{\"@type\":\"EntryPoint\",\"urlTemplate\":\"https:\\\/\\\/www.rgzelt.com\\\/?s={search_term_string}\"},\"query-input\":{\"@type\":\"PropertyValueSpecification\",\"valueRequired\":true,\"valueName\":\"search_term_string\"}}],\"inLanguage\":\"fr-CA\"}]}<\/script>\n<!-- \/ Yoast SEO plugin. -->","yoast_head_json":{"title":"M\u00e9tamorphose Postgrossesse Montr\u00e9al","description":"Sp\u00e9cialiste en chirurgie plastique et esth\u00e9tique Dr Zelt offre des traitements chirurgie abdominale apr\u00e8s grossesse \u00e0 Montr\u00e9al.","robots":{"index":"index","follow":"follow","max-snippet":"max-snippet:-1","max-image-preview":"max-image-preview:large","max-video-preview":"max-video-preview:-1"},"canonical":"https:\/\/www.rgzelt.com\/mommy-makeover\/","og_locale":"fr_CA","og_type":"article","og_title":"M\u00e9tamorphose Postgrossesse Montr\u00e9al","og_description":"Sp\u00e9cialiste en chirurgie plastique et esth\u00e9tique Dr Zelt offre des traitements chirurgie abdominale apr\u00e8s grossesse \u00e0 Montr\u00e9al.","og_url":"https:\/\/www.rgzelt.com\/mommy-makeover\/","og_site_name":"Plastic Surgeon Montreal - Breast - Body - Face - Surgery | Dr. R.G Zelt","article_modified_time":"2019-08-26T16:33:01+00:00","og_image":[{"width":1200,"height":600,"url":"https:\/\/www.rgzelt.com\/wp-content\/uploads\/2019\/08\/2248.jpg","type":"image\/jpeg"}],"twitter_card":"summary_large_image","twitter_misc":{"Estimation du temps de lecture":"2 minutes"},"schema":{"@context":"https:\/\/schema.org","@graph":[{"@type":"WebPage","@id":"https:\/\/www.rgzelt.com\/mommy-makeover\/","url":"https:\/\/www.rgzelt.com\/mommy-makeover\/","name":"M\u00e9tamorphose Postgrossesse Montr\u00e9al","isPartOf":{"@id":"https:\/\/www.rgzelt.com\/#website"},"primaryImageOfPage":{"@id":"https:\/\/www.rgzelt.com\/mommy-makeover\/#primaryimage"},"image":{"@id":"https:\/\/www.rgzelt.com\/mommy-makeover\/#primaryimage"},"thumbnailUrl":"https:\/\/www.rgzelt.com\/wp-content\/uploads\/2019\/08\/2248.jpg","datePublished":"2019-08-05T18:37:06+00:00","dateModified":"2019-08-26T16:33:01+00:00","description":"Sp\u00e9cialiste en chirurgie plastique et esth\u00e9tique Dr Zelt offre des traitements chirurgie abdominale apr\u00e8s grossesse \u00e0 Montr\u00e9al.","breadcrumb":{"@id":"https:\/\/www.rgzelt.com\/mommy-makeover\/#breadcrumb"},"inLanguage":"fr-CA","potentialAction":[{"@type":"ReadAction","target":["https:\/\/www.rgzelt.com\/mommy-makeover\/"]}]},{"@type":"ImageObject","inLanguage":"fr-CA","@id":"https:\/\/www.rgzelt.com\/mommy-makeover\/#primaryimage","url":"https:\/\/www.rgzelt.com\/wp-content\/uploads\/2019\/08\/2248.jpg","contentUrl":"https:\/\/www.rgzelt.com\/wp-content\/uploads\/2019\/08\/2248.jpg","width":1200,"height":600},{"@type":"BreadcrumbList","@id":"https:\/\/www.rgzelt.com\/mommy-makeover\/#breadcrumb","itemListElement":[{"@type":"ListItem","position":1,"name":"Home","item":"https:\/\/www.rgzelt.com\/fr\/"},{"@type":"ListItem","position":2,"name":"M\u00e9tamorphose postgrossesse"}]},{"@type":"WebSite","@id":"https:\/\/www.rgzelt.com\/#website","url":"https:\/\/www.rgzelt.com\/","name":"Plastic Surgeon Montreal - Breast - Body - Face - Surgery | Dr. R.G Zelt","description":"","potentialAction":[{"@type":"SearchAction","target":{"@type":"EntryPoint","urlTemplate":"https:\/\/www.rgzelt.com\/?s={search_term_string}"},"query-input":{"@type":"PropertyValueSpecification","valueRequired":true,"valueName":"search_term_string"}}],"inLanguage":"fr-CA"}]}},"uagb_featured_image_src":{"full":["https:\/\/www.rgzelt.com\/wp-content\/uploads\/2019\/08\/2248.jpg",1200,600,false],"thumbnail":["https:\/\/www.rgzelt.com\/wp-content\/uploads\/2019\/08\/2248-300x300.jpg",300,300,true],"medium":["https:\/\/www.rgzelt.com\/wp-content\/uploads\/2019\/08\/2248-300x150.jpg",300,150,true],"medium_large":["https:\/\/www.rgzelt.com\/wp-content\/uploads\/2019\/08\/2248-768x384.jpg",768,384,true],"large":["https:\/\/www.rgzelt.com\/wp-content\/uploads\/2019\/08\/2248-1024x512.jpg",1024,512,true],"1536x1536":["https:\/\/www.rgzelt.com\/wp-content\/uploads\/2019\/08\/2248.jpg",1200,600,false],"2048x2048":["https:\/\/www.rgzelt.com\/wp-content\/uploads\/2019\/08\/2248.jpg",1200,600,false]},"uagb_author_info":{"display_name":"sitentry","author_link":"https:\/\/www.rgzelt.com\/fr\/author\/sitentry\/"},"uagb_comment_info":0,"uagb_excerpt":"While some women pass through pregnancy without physical difference, the vast majority see unwanted changes in their breasts and abdomen.","_links":{"self":[{"href":"https:\/\/www.rgzelt.com\/fr\/wp-json\/wp\/v2\/pages\/746","targetHints":{"allow":["GET"]}}],"collection":[{"href":"https:\/\/www.rgzelt.com\/fr\/wp-json\/wp\/v2\/pages"}],"about":[{"href":"https:\/\/www.rgzelt.com\/fr\/wp-json\/wp\/v2\/types\/page"}],"author":[{"embeddable":true,"href":"https:\/\/www.rgzelt.com\/fr\/wp-json\/wp\/v2\/users\/1"}],"replies":[{"embeddable":true,"href":"https:\/\/www.rgzelt.com\/fr\/wp-json\/wp\/v2\/comments?post=746"}],"version-history":[{"count":0,"href":"https:\/\/www.rgzelt.com\/fr\/wp-json\/wp\/v2\/pages\/746\/revisions"}],"wp:featuredmedia":[{"embeddable":true,"href":"https:\/\/www.rgzelt.com\/fr\/wp-json\/wp\/v2\/media\/349"}],"wp:attachment":[{"href":"https:\/\/www.rgzelt.com\/fr\/wp-json\/wp\/v2\/media?parent=746"}],"wp:term":[{"taxonomy":"procedure","embeddable":true,"href":"https:\/\/www.rgzelt.com\/fr\/wp-json\/wp\/v2\/procedure?post=746"}],"curies":[{"name":"wp","href":"https:\/\/api.w.org\/{rel}","templated":true}]}}