{"id":747,"date":"2019-08-05T18:36:47","date_gmt":"2019-08-05T18:36:47","guid":{"rendered":"http:\/\/104.152.168.27\/~bestsurgeon5\/thigh-lift\/"},"modified":"2019-08-26T16:31:46","modified_gmt":"2019-08-26T16:31:46","slug":"redrapage-des-cuisses","status":"publish","type":"page","link":"https:\/\/www.rgzelt.com\/fr\/redrapage-des-cuisses\/","title":{"rendered":"Redrapage des cuisses"},"content":{"rendered":"\n<p>Les redrapages des cuisses, des hanches et des fesses sont des op\u00e9rations permettant de raffermir la peau de l\u2019ext\u00e9rieur des cuisses, des fesses et des hanches. Des zones de gras et de peau sont retir\u00e9es par l\u2019op\u00e9ration, partant des r\u00e9gions sup\u00e9rieures des fesses et des flancs.&nbsp; La peau et les tissus mous restants sont reconstruits pour obtenir un effet lisse et de raffermissement.&nbsp; Cette op\u00e9ration est con\u00e7ue pour aider les patients \u00e0 perdre la peau l\u00e2che et flasque qui peut se produire en raison d\u2019une perte de poids massive ou suivant une chirurgie bariatrique restrictive ou un pontage gastrique, \u00e0 cause du vieillissement naturel ou en raison de l\u2019h\u00e9r\u00e9dit\u00e9. On r\u00e9pond soigneusement aux pr\u00e9occupations du patient et un examen physique et des ant\u00e9c\u00e9dents m\u00e9dicaux sont r\u00e9alis\u00e9s. Cette op\u00e9ration dure g\u00e9n\u00e9ralement de 1&nbsp;h&nbsp;30 \u00e0 3&nbsp;h et elle est r\u00e9alis\u00e9e sous une anesth\u00e9sie g\u00e9n\u00e9rale l\u00e9g\u00e8re. L\u2019op\u00e9ration est tr\u00e8s personnalis\u00e9e et comprend souvent une liposuccion pour obtenir les r\u00e9sultats souhait\u00e9s. La position et la longueur des cicatrices varient pour atteindre les d\u00e9sirs pr\u00e9cis de chaque patient.&nbsp; Un v\u00eatement de compression est port\u00e9 apr\u00e8s l\u2019op\u00e9ration pendant 4 \u00e0 6 semaines. La douleur est de nature l\u00e9g\u00e8re \u00e0 mod\u00e9r\u00e9e, elle est g\u00e9n\u00e9ralement bien ma\u00eetris\u00e9e \u00e0 l\u2019aide d\u2019un m\u00e9dicament oral.&nbsp; On demande habituellement aux patients de se reposer pendant 3 \u00e0 4 semaines avant de reprendre des activit\u00e9s normales.<\/p>\n\n\n\n<h2 class=\"wp-block-heading\"><strong>Que peut m\u2019apporter un redrapage des cuisses ou des fesses?<\/strong><\/h2>\n\n\n\n<p>Le r\u00e9sultat souhait\u00e9 de ces interventions est de raffermir la peau et les tissus mous des r\u00e9gions des cuisses, des hanches et des fesses, cr\u00e9ant une apparence plus jeune ou pour simplement d\u00e9barrasser le patient d\u2019un exc\u00e8s ind\u00e9sriable de peau et de gras.<\/p>\n\n\n\n<h2 class=\"wp-block-heading\"><strong>Comment fait-on ces interventions?<\/strong><\/h2>\n\n\n\n<p>Elles varient selon la quantit\u00e9 d\u2019exc\u00e8s de peau et de gras des r\u00e9gions concern\u00e9es. G\u00e9n\u00e9ralement, les patients avec une peau jeune, mais avec un exc\u00e8s de gras, tireront un meilleur avantage d\u2019une liposuccion. Ce qui est fait par de tr\u00e8s petites incisions souvent cach\u00e9es dans les plis du corps. S\u2019il y a un exc\u00e8s de peau, il doit \u00eatre retir\u00e9 par le biais d\u2019une op\u00e9ration laissant une cicatrice, laquelle variera \u00e9galement selon la r\u00e9gion et la complexit\u00e9 de l\u2019intervention. En toutes circonstances, on mettra tout en \u0153uvre pour garder les cicatrices \u00e0 un minimum et pour les cacher le long de plis et de creux naturels.<\/p>\n\n\n\n<h2 class=\"wp-block-heading\"><strong>O\u00f9 sera faite l\u2019op\u00e9ration\u2009?<\/strong><\/h2>\n\n\n\n<p>La plupart des interventions de redrapage de cuisses et de fesses sont faites dans l\u2019un des deux \u00e9tablissements chirurgicaux priv\u00e9s agr\u00e9\u00e9s, sans besoin d\u2019hospitalisation. \u00c0 l\u2019occasion, cette op\u00e9ration est faite dans une salle d\u2019op\u00e9ration \u00e0 l\u2019h\u00f4pital et peut demander un s\u00e9jour d\u2019une nuit.<\/p>\n\n\n\n<h2 class=\"wp-block-heading\"><strong>Combien de temps prend l\u2019op\u00e9ration?<\/strong><\/h2>\n\n\n\n<p>Elle prend dans la plupart des cas de 1 h 30 \u00e0 3 h.<\/p>\n\n\n\n<h2 class=\"wp-block-heading\"><strong>Quel type d\u2019anesth\u00e9sie sera requis?<\/strong><\/h2>\n\n\n\n<p>Une anesth\u00e9sie g\u00e9n\u00e9rale l\u00e9g\u00e8re est la m\u00e9thode d\u2019anesth\u00e9sie pr\u00e9f\u00e9r\u00e9e.<\/p>\n\n\n\n<h2 class=\"wp-block-heading\"><strong>Quels seront les effets postop\u00e9ratoires sur mes cuisses et mes fesses?<\/strong><\/h2>\n\n\n\n<p>Une sensation de tension sera ressentie dans les deux r\u00e9gions apr\u00e8s l\u2019op\u00e9ration, ce qui est normal. Lorsque les patients sont plus actifs au cours des jours suivant l\u2019op\u00e9ration, cette tension commence \u00e0 se rel\u00e2cher.<\/p>\n\n\n\n<h2 class=\"wp-block-heading\"><strong>Quelle sera l\u2019apparence de mes cuisses et de mes fesses apr\u00e8s l\u2019op\u00e9ration?<\/strong><\/h2>\n\n\n\n<p>Une fois gu\u00e9ries, elles adopteront une apparence plus jeune. L\u2019exc\u00e8s de tissus flasques est retir\u00e9 laissant aux r\u00e9gions trait\u00e9es un contour plus normal.<\/p>\n\n\n\n<h2 class=\"wp-block-heading\"><strong>Quand puis-je reprendre mes activit\u00e9s normales?<\/strong><\/h2>\n\n\n\n<p>La plupart des patients reprennent une l\u00e9g\u00e8re activit\u00e9 et le travail de 7 \u00e0 10 jours apr\u00e8s l\u2019op\u00e9ration. Un retour progressif aux activit\u00e9s physiques normales, y compris les sports, est permis apr\u00e8s 4 \u00e0 6 semaines.<\/p>\n\n\n\n<h2 class=\"wp-block-heading\"><strong>Est-ce que d\u2019autres interventions peuvent \u00eatre faites en m\u00eame temps\u2009?<\/strong><\/h2>\n\n\n\n<p>Oui, les patients combinent fr\u00e9quemment un redrapage des cuisses ou des fesses \u00e0 d\u2019autres interventions esth\u00e9tiques comme une op\u00e9ration chirurgicale mammaire, une abdominoplastie, ou une liposuccion.<\/p>\n\n\n\n<h2 class=\"wp-block-heading\"><strong>Le redrapage des cuisses ou des fesses comporte-t-il des risques\u2009?<\/strong><\/h2>\n\n\n\n<p>De fa\u00e7on g\u00e9n\u00e9rale, ce sont des interventions tr\u00e8s s\u00e9curitaires et fiables. Pendant la consultation en clinique, Dr Zelt discutera avec vous des complications et des risques associ\u00e9s. Heureusement, la plupart sont tr\u00e8s rares et la grande majorit\u00e9 des patients connaissent une op\u00e9ration et une p\u00e9riode de gu\u00e9rison sans histoire.<\/p>\n\n\n\n<p>Si vous souhaitez fixer un rendez-vous de consultation ou si vous avez des questions d\u2019ordre g\u00e9n\u00e9ral, n\u2019h\u00e9sitez pas \u00e0\u00a0<a href=\"http:\/\/www.rgzelt.com\/fr\/contact\/\">communiquer avec nous<\/a>.<\/p>\n","protected":false},"excerpt":{"rendered":"<p>This thigh, hip and buttock lifting operation removes areas of skin and fat from the upper buttock and flank areas.<\/p>\n","protected":false},"author":1,"featured_media":347,"parent":0,"menu_order":4,"comment_status":"closed","ping_status":"closed","template":"","meta":{"_uag_custom_page_level_css":"","footnotes":""},"procedure":[15],"class_list":["post-747","page","type-page","status-publish","has-post-thumbnail","hentry","procedure-corps"],"featured_image_urls_v2":{"full":["https:\/\/www.rgzelt.com\/wp-content\/uploads\/2019\/08\/2244-1.jpg",1200,600,false],"thumbnail":["https:\/\/www.rgzelt.com\/wp-content\/uploads\/2019\/08\/2244-1-300x300.jpg",300,300,true],"medium":["https:\/\/www.rgzelt.com\/wp-content\/uploads\/2019\/08\/2244-1-300x150.jpg",300,150,true],"medium_large":["https:\/\/www.rgzelt.com\/wp-content\/uploads\/2019\/08\/2244-1-768x384.jpg",768,384,true],"large":["https:\/\/www.rgzelt.com\/wp-content\/uploads\/2019\/08\/2244-1-1024x512.jpg",1024,512,true],"1536x1536":["https:\/\/www.rgzelt.com\/wp-content\/uploads\/2019\/08\/2244-1.jpg",1200,600,false],"2048x2048":["https:\/\/www.rgzelt.com\/wp-content\/uploads\/2019\/08\/2244-1.jpg",1200,600,false]},"post_excerpt_stackable_v2":"<p>This thigh, hip and buttock lifting operation removes areas of skin and fat from the upper buttock and flank areas.<\/p>\n","category_list_v2":"","author_info_v2":{"name":"sitentry","url":"https:\/\/www.rgzelt.com\/fr\/author\/sitentry\/"},"comments_num_v2":"0 comments","yoast_head":"<!-- This site is optimized with the Yoast SEO plugin v27.6 - https:\/\/yoast.com\/product\/yoast-seo-wordpress\/ -->\n<title>Remodelage des Cuisses et des Fesses Montr\u00e9al<\/title>\n<meta name=\"description\" content=\"Remodelage des cuisses et des fesses \u00e0 Montr\u00e9al par chirurgien Dr Zelt.\" \/>\n<meta name=\"robots\" content=\"index, follow, max-snippet:-1, max-image-preview:large, max-video-preview:-1\" \/>\n<link rel=\"canonical\" href=\"https:\/\/www.rgzelt.com\/thigh-lift\/\" \/>\n<meta property=\"og:locale\" content=\"fr_CA\" \/>\n<meta property=\"og:type\" content=\"article\" \/>\n<meta property=\"og:title\" content=\"Remodelage des Cuisses et des Fesses Montr\u00e9al\" \/>\n<meta property=\"og:description\" content=\"Remodelage des cuisses et des fesses \u00e0 Montr\u00e9al par chirurgien Dr Zelt.\" \/>\n<meta property=\"og:url\" content=\"https:\/\/www.rgzelt.com\/thigh-lift\/\" \/>\n<meta property=\"og:site_name\" content=\"Plastic Surgeon Montreal - Breast - Body - Face - Surgery | Dr. R.G Zelt\" \/>\n<meta property=\"article:modified_time\" content=\"2019-08-26T16:31:46+00:00\" \/>\n<meta property=\"og:image\" content=\"https:\/\/www.rgzelt.com\/wp-content\/uploads\/2019\/08\/2244-1.jpg\" \/>\n\t<meta property=\"og:image:width\" content=\"1200\" \/>\n\t<meta property=\"og:image:height\" content=\"600\" \/>\n\t<meta property=\"og:image:type\" content=\"image\/jpeg\" \/>\n<meta name=\"twitter:card\" content=\"summary_large_image\" \/>\n<meta name=\"twitter:label1\" content=\"Estimation du temps de lecture\" \/>\n\t<meta name=\"twitter:data1\" content=\"4 minutes\" \/>\n<script type=\"application\/ld+json\" class=\"yoast-schema-graph\">{\"@context\":\"https:\\\/\\\/schema.org\",\"@graph\":[{\"@type\":\"WebPage\",\"@id\":\"https:\\\/\\\/www.rgzelt.com\\\/thigh-lift\\\/\",\"url\":\"https:\\\/\\\/www.rgzelt.com\\\/thigh-lift\\\/\",\"name\":\"Remodelage des Cuisses et des Fesses Montr\u00e9al\",\"isPartOf\":{\"@id\":\"https:\\\/\\\/www.rgzelt.com\\\/#website\"},\"primaryImageOfPage\":{\"@id\":\"https:\\\/\\\/www.rgzelt.com\\\/thigh-lift\\\/#primaryimage\"},\"image\":{\"@id\":\"https:\\\/\\\/www.rgzelt.com\\\/thigh-lift\\\/#primaryimage\"},\"thumbnailUrl\":\"https:\\\/\\\/www.rgzelt.com\\\/wp-content\\\/uploads\\\/2019\\\/08\\\/2244-1.jpg\",\"datePublished\":\"2019-08-05T18:36:47+00:00\",\"dateModified\":\"2019-08-26T16:31:46+00:00\",\"description\":\"Remodelage des cuisses et des fesses \u00e0 Montr\u00e9al par chirurgien Dr Zelt.\",\"breadcrumb\":{\"@id\":\"https:\\\/\\\/www.rgzelt.com\\\/thigh-lift\\\/#breadcrumb\"},\"inLanguage\":\"fr-CA\",\"potentialAction\":[{\"@type\":\"ReadAction\",\"target\":[\"https:\\\/\\\/www.rgzelt.com\\\/thigh-lift\\\/\"]}]},{\"@type\":\"ImageObject\",\"inLanguage\":\"fr-CA\",\"@id\":\"https:\\\/\\\/www.rgzelt.com\\\/thigh-lift\\\/#primaryimage\",\"url\":\"https:\\\/\\\/www.rgzelt.com\\\/wp-content\\\/uploads\\\/2019\\\/08\\\/2244-1.jpg\",\"contentUrl\":\"https:\\\/\\\/www.rgzelt.com\\\/wp-content\\\/uploads\\\/2019\\\/08\\\/2244-1.jpg\",\"width\":1200,\"height\":600},{\"@type\":\"BreadcrumbList\",\"@id\":\"https:\\\/\\\/www.rgzelt.com\\\/thigh-lift\\\/#breadcrumb\",\"itemListElement\":[{\"@type\":\"ListItem\",\"position\":1,\"name\":\"Home\",\"item\":\"https:\\\/\\\/www.rgzelt.com\\\/fr\\\/\"},{\"@type\":\"ListItem\",\"position\":2,\"name\":\"Redrapage des cuisses\"}]},{\"@type\":\"WebSite\",\"@id\":\"https:\\\/\\\/www.rgzelt.com\\\/#website\",\"url\":\"https:\\\/\\\/www.rgzelt.com\\\/\",\"name\":\"Plastic Surgeon Montreal - Breast - Body - Face - Surgery | Dr. R.G Zelt\",\"description\":\"\",\"potentialAction\":[{\"@type\":\"SearchAction\",\"target\":{\"@type\":\"EntryPoint\",\"urlTemplate\":\"https:\\\/\\\/www.rgzelt.com\\\/?s={search_term_string}\"},\"query-input\":{\"@type\":\"PropertyValueSpecification\",\"valueRequired\":true,\"valueName\":\"search_term_string\"}}],\"inLanguage\":\"fr-CA\"}]}<\/script>\n<!-- \/ Yoast SEO plugin. -->","yoast_head_json":{"title":"Remodelage des Cuisses et des Fesses Montr\u00e9al","description":"Remodelage des cuisses et des fesses \u00e0 Montr\u00e9al par chirurgien Dr Zelt.","robots":{"index":"index","follow":"follow","max-snippet":"max-snippet:-1","max-image-preview":"max-image-preview:large","max-video-preview":"max-video-preview:-1"},"canonical":"https:\/\/www.rgzelt.com\/thigh-lift\/","og_locale":"fr_CA","og_type":"article","og_title":"Remodelage des Cuisses et des Fesses Montr\u00e9al","og_description":"Remodelage des cuisses et des fesses \u00e0 Montr\u00e9al par chirurgien Dr Zelt.","og_url":"https:\/\/www.rgzelt.com\/thigh-lift\/","og_site_name":"Plastic Surgeon Montreal - Breast - Body - Face - Surgery | Dr. R.G Zelt","article_modified_time":"2019-08-26T16:31:46+00:00","og_image":[{"width":1200,"height":600,"url":"https:\/\/www.rgzelt.com\/wp-content\/uploads\/2019\/08\/2244-1.jpg","type":"image\/jpeg"}],"twitter_card":"summary_large_image","twitter_misc":{"Estimation du temps de lecture":"4 minutes"},"schema":{"@context":"https:\/\/schema.org","@graph":[{"@type":"WebPage","@id":"https:\/\/www.rgzelt.com\/thigh-lift\/","url":"https:\/\/www.rgzelt.com\/thigh-lift\/","name":"Remodelage des Cuisses et des Fesses Montr\u00e9al","isPartOf":{"@id":"https:\/\/www.rgzelt.com\/#website"},"primaryImageOfPage":{"@id":"https:\/\/www.rgzelt.com\/thigh-lift\/#primaryimage"},"image":{"@id":"https:\/\/www.rgzelt.com\/thigh-lift\/#primaryimage"},"thumbnailUrl":"https:\/\/www.rgzelt.com\/wp-content\/uploads\/2019\/08\/2244-1.jpg","datePublished":"2019-08-05T18:36:47+00:00","dateModified":"2019-08-26T16:31:46+00:00","description":"Remodelage des cuisses et des fesses \u00e0 Montr\u00e9al par chirurgien Dr Zelt.","breadcrumb":{"@id":"https:\/\/www.rgzelt.com\/thigh-lift\/#breadcrumb"},"inLanguage":"fr-CA","potentialAction":[{"@type":"ReadAction","target":["https:\/\/www.rgzelt.com\/thigh-lift\/"]}]},{"@type":"ImageObject","inLanguage":"fr-CA","@id":"https:\/\/www.rgzelt.com\/thigh-lift\/#primaryimage","url":"https:\/\/www.rgzelt.com\/wp-content\/uploads\/2019\/08\/2244-1.jpg","contentUrl":"https:\/\/www.rgzelt.com\/wp-content\/uploads\/2019\/08\/2244-1.jpg","width":1200,"height":600},{"@type":"BreadcrumbList","@id":"https:\/\/www.rgzelt.com\/thigh-lift\/#breadcrumb","itemListElement":[{"@type":"ListItem","position":1,"name":"Home","item":"https:\/\/www.rgzelt.com\/fr\/"},{"@type":"ListItem","position":2,"name":"Redrapage des cuisses"}]},{"@type":"WebSite","@id":"https:\/\/www.rgzelt.com\/#website","url":"https:\/\/www.rgzelt.com\/","name":"Plastic Surgeon Montreal - Breast - Body - Face - Surgery | Dr. R.G Zelt","description":"","potentialAction":[{"@type":"SearchAction","target":{"@type":"EntryPoint","urlTemplate":"https:\/\/www.rgzelt.com\/?s={search_term_string}"},"query-input":{"@type":"PropertyValueSpecification","valueRequired":true,"valueName":"search_term_string"}}],"inLanguage":"fr-CA"}]}},"uagb_featured_image_src":{"full":["https:\/\/www.rgzelt.com\/wp-content\/uploads\/2019\/08\/2244-1.jpg",1200,600,false],"thumbnail":["https:\/\/www.rgzelt.com\/wp-content\/uploads\/2019\/08\/2244-1-300x300.jpg",300,300,true],"medium":["https:\/\/www.rgzelt.com\/wp-content\/uploads\/2019\/08\/2244-1-300x150.jpg",300,150,true],"medium_large":["https:\/\/www.rgzelt.com\/wp-content\/uploads\/2019\/08\/2244-1-768x384.jpg",768,384,true],"large":["https:\/\/www.rgzelt.com\/wp-content\/uploads\/2019\/08\/2244-1-1024x512.jpg",1024,512,true],"1536x1536":["https:\/\/www.rgzelt.com\/wp-content\/uploads\/2019\/08\/2244-1.jpg",1200,600,false],"2048x2048":["https:\/\/www.rgzelt.com\/wp-content\/uploads\/2019\/08\/2244-1.jpg",1200,600,false]},"uagb_author_info":{"display_name":"sitentry","author_link":"https:\/\/www.rgzelt.com\/fr\/author\/sitentry\/"},"uagb_comment_info":0,"uagb_excerpt":"This thigh, hip and buttock lifting operation removes areas of skin and fat from the upper buttock and flank areas.","_links":{"self":[{"href":"https:\/\/www.rgzelt.com\/fr\/wp-json\/wp\/v2\/pages\/747","targetHints":{"allow":["GET"]}}],"collection":[{"href":"https:\/\/www.rgzelt.com\/fr\/wp-json\/wp\/v2\/pages"}],"about":[{"href":"https:\/\/www.rgzelt.com\/fr\/wp-json\/wp\/v2\/types\/page"}],"author":[{"embeddable":true,"href":"https:\/\/www.rgzelt.com\/fr\/wp-json\/wp\/v2\/users\/1"}],"replies":[{"embeddable":true,"href":"https:\/\/www.rgzelt.com\/fr\/wp-json\/wp\/v2\/comments?post=747"}],"version-history":[{"count":0,"href":"https:\/\/www.rgzelt.com\/fr\/wp-json\/wp\/v2\/pages\/747\/revisions"}],"wp:featuredmedia":[{"embeddable":true,"href":"https:\/\/www.rgzelt.com\/fr\/wp-json\/wp\/v2\/media\/347"}],"wp:attachment":[{"href":"https:\/\/www.rgzelt.com\/fr\/wp-json\/wp\/v2\/media?parent=747"}],"wp:term":[{"taxonomy":"procedure","embeddable":true,"href":"https:\/\/www.rgzelt.com\/fr\/wp-json\/wp\/v2\/procedure?post=747"}],"curies":[{"name":"wp","href":"https:\/\/api.w.org\/{rel}","templated":true}]}}