{"id":749,"date":"2019-08-05T18:36:21","date_gmt":"2019-08-05T18:36:21","guid":{"rendered":"http:\/\/104.152.168.27\/~bestsurgeon5\/liposuction\/"},"modified":"2022-01-25T22:17:32","modified_gmt":"2022-01-25T22:17:32","slug":"liposuccion","status":"publish","type":"page","link":"https:\/\/www.rgzelt.com\/fr\/liposuccion\/","title":{"rendered":"Liposuccion"},"content":{"rendered":"\n<p>La liposuccion est maintenant une intervention chirurgicale bien accept\u00e9e avec des indications clairement d\u00e9finies, faisant d\u2019elle une des op\u00e9rations esth\u00e9tiques les plus fr\u00e9quentes r\u00e9alis\u00e9es autant chez les femmes que chez les hommes. La plupart des patients se pr\u00e9sentent pour une liposuccion afin d\u2019amincir le ventre, les flancs, les hanches, les cuisses et la r\u00e9gion interne des genoux. Bien que la plupart sont des femmes, de plus en plus d\u2019hommes demandent une liposuccion pour r\u00e9duire un amas non d\u00e9sir\u00e9 de gras sur le ventre et les flancs. La liposuccion est une m\u00e9thode s\u00e9curitaire et fiable qui permet de retirer le gras et de sculpter le corps. Avec un arr\u00eat des activit\u00e9s minime, la liposuccion peut offrir les r\u00e9sultats esth\u00e9tiques que la plupart des patients souhaitent.<\/p>\n\n\n\n<p>Apr\u00e8s avoir soigneusement \u00e9cout\u00e9 les pr\u00e9occupations du patient, et suivant un examen physique et des ant\u00e9c\u00e9dents d\u00e9taill\u00e9s, les r\u00e9gions qui feront l\u2019objet d\u2019une liposuccion seront discut\u00e9es. Le jour de l\u2019op\u00e9ration, ces r\u00e9gions sont marqu\u00e9es pendant que le patient est debout pour s\u2019assurer que toutes ses zones pr\u00e9occupantes sont clairement comprises et marqu\u00e9es avant l\u2019intervention. La liposuccion est faite sans hospitalisation dans la clinique priv\u00e9e sous une anesth\u00e9sie locale avec s\u00e9dation ou avec une l\u00e9g\u00e8re anesth\u00e9sie g\u00e9n\u00e9rale.<\/p>\n\n\n\n<p>La liposuccion est r\u00e9alis\u00e9e par le biais de tr\u00e8s petites incisions (de 2 \u00e0 4 mm) cach\u00e9es sous les plis ou les creux dans la plupart des cas. En utilisant une pompe aspiratrice et diff\u00e9rents types de canules \u00e0 succion, le gras de chaque zone est doucement retir\u00e9 pour obtenir la silhouette souhait\u00e9e. Les incisions sont ferm\u00e9es \u00e0 l\u2019aide de sutures r\u00e9sorbables enfouies sous la peau et le patient porte un v\u00eatement de compression pendant 4 semaines apr\u00e8s l\u2019op\u00e9ration. La liposuccion est g\u00e9n\u00e9ralement bien tol\u00e9r\u00e9e et les patients se l\u00e8vent pour marcher le m\u00eame jour. La douleur est habituellement minime et facilement ma\u00eetris\u00e9e \u00e0 l\u2019aide d\u2019un m\u00e9dicament oral.<\/p>\n\n\n\n<h2 class=\"wp-block-heading\"><strong>Quelles sont les zones les plus fr\u00e9quentes de la liposuccion?<\/strong><\/h2>\n\n\n\n<p>Cette op\u00e9ration est mieux indiqu\u00e9e pour retirer les amas non voulus de gras profonds qui s\u2019accumulent dans des zones bien d\u00e9finies autant chez les hommes que les femmes. Ce qui comprend le ventre (au-dessus et sous le nombril), les flancs, les hanches et l\u2019int\u00e9rieur des genoux. D\u2019autres r\u00e9gions r\u00e9pondent bien \u00e0 la liposuccion, y compris le cou, les bras, les fesses et les cuisses.<\/p>\n\n\n\n<h2 class=\"wp-block-heading\"><strong>Est-ce que la liposuccion peut m\u2019aider \u00e0 perdre du poids?<\/strong><\/h2>\n\n\n\n<p>Non, elle ne joue aucun r\u00f4le dans la perte de poids.<\/p>\n\n\n\n<h2 class=\"wp-block-heading\"><strong>Comment la liposuccion est-elle faite?<\/strong><\/h2>\n\n\n\n<p>Les zones d\u2019intervention sont personnalis\u00e9es selon les besoins de chaque patient. Avant l\u2019op\u00e9ration, Dr Zelt identifiera et marquera soigneusement les zones qui vous pr\u00e9occupent. Une fois sous anesth\u00e9sie, de tr\u00e8s petites incisions, g\u00e9n\u00e9ralement de 2 \u00e0 4 mm de longueur, sont utilis\u00e9es pour retirer le gras non d\u00e9sir\u00e9. Des tiges et des canules sp\u00e9cialis\u00e9es attach\u00e9es \u00e0 un dispositif d\u2019aspiration sont ins\u00e9r\u00e9es dans ces petites incisions. En utilisant une technique minutieuse, le gras des zones marqu\u00e9es avant l\u2019op\u00e9ration est syst\u00e9matiquement retir\u00e9.<\/p>\n\n\n\n<h2 class=\"wp-block-heading\"><strong>O\u00f9 sont situ\u00e9es les cicatrices?<\/strong><\/h2>\n\n\n\n<p>Les cicatrices de la liposuccion sont tr\u00e8s courtes et peu \u00e9videntes une fois gu\u00e9ries. Bien qu\u2019elles puissent \u00eatre plac\u00e9es \u00e0 peu pr\u00e8s n\u2019importe o\u00f9 pour assurer une bonne extraction du gras, la plupart sont \u00ab\u2009cach\u00e9es\u2009\u00bb dans les creux ou les plis corporels.<\/p>\n\n\n\n<figure class=\"wp-block-image\"><img loading=\"lazy\" decoding=\"async\" width=\"1024\" height=\"512\" src=\"http:\/\/www.rgzelt.com\/wp-content\/uploads\/2019\/08\/lipo-1024x512.jpg\" alt=\"\" class=\"wp-image-654\" srcset=\"https:\/\/www.rgzelt.com\/wp-content\/uploads\/2019\/08\/lipo-1024x512.jpg 1024w, https:\/\/www.rgzelt.com\/wp-content\/uploads\/2019\/08\/lipo-300x150.jpg 300w, https:\/\/www.rgzelt.com\/wp-content\/uploads\/2019\/08\/lipo-768x384.jpg 768w, https:\/\/www.rgzelt.com\/wp-content\/uploads\/2019\/08\/lipo.jpg 1200w\" sizes=\"auto, (max-width: 1024px) 100vw, 1024px\" \/><\/figure>\n\n\n\n<h2 class=\"wp-block-heading\"><strong>O\u00f9 sera faite l\u2019op\u00e9ration?<\/strong><\/h2>\n\n\n\n<p>La plupart des interventions de liposuccion sont faites dans l\u2019un des deux \u00e9tablissements chirurgicaux priv\u00e9s agr\u00e9\u00e9s.<\/p>\n\n\n\n<h2 class=\"wp-block-heading\"><strong>Combien de temps prend l\u2019op\u00e9ration?<\/strong><\/h2>\n\n\n\n<p>Dans la plupart des cas, cette intervention prend 1 heure ou 3 heures selon le nombre de r\u00e9gions trait\u00e9es.<\/p>\n\n\n\n<h2 class=\"wp-block-heading\"><strong>Quel type d\u2019anesth\u00e9sie sera requis?<\/strong><\/h2>\n\n\n\n<p>Une anesth\u00e9sie g\u00e9n\u00e9rale tr\u00e8s l\u00e9g\u00e8re est la m\u00e9thode d\u2019anesth\u00e9sie pr\u00e9f\u00e9r\u00e9e. De plus petites interventions peuvent \u00eatre faites sous anesth\u00e9sie locale avec ou sans s\u00e9dation intraveineuse.<\/p>\n\n\n\n<h2 class=\"wp-block-heading\"><strong>\u00c0 quoi ma peau ressemblera-t-elle apr\u00e8s l\u2019op\u00e9ration?<\/strong><\/h2>\n\n\n\n<p>G\u00e9n\u00e9ralement, elle para\u00eetra relativement normale. Bien qu\u2019un peu d\u2019\u0153d\u00e8me et, qu\u2019\u00e0 l\u2019occasion, des ecchymoses soient visibles, le tout est habituellement l\u00e9ger. Des v\u00eatements de compression sont port\u00e9s pour procurer une l\u00e9g\u00e8re pression sur les zones de la liposuccion. Ce qui aide \u00e0 obtenir une gu\u00e9rison uniforme. La liposuccion n\u2019am\u00e9liore pas la texture de la peau apr\u00e8s l\u2019op\u00e9ration; les zones de cellulite, par exemple, conserveront la m\u00eame apparence apr\u00e8s l\u2019intervention.<\/p>\n\n\n\n<h2 class=\"wp-block-heading\"><strong>Quand puis-je reprendre mes activit\u00e9s normales?<\/strong><\/h2>\n\n\n\n<p>La plupart des patients peuvent reprendre une l\u00e9g\u00e8re activit\u00e9 et le travail de 2 \u00e0 3 jours apr\u00e8s l\u2019op\u00e9ration. Un retour aux activit\u00e9s physiques normales, y compris les sports, est permis apr\u00e8s 3 \u00e0 4 semaines.<\/p>\n\n\n\n<h2 class=\"wp-block-heading\"><strong>Est-ce que d\u2019autres interventions peuvent \u00eatre faites en m\u00eame temps?<\/strong><\/h2>\n\n\n\n<p>Oui, les patients combinent fr\u00e9quemment un vaste \u00e9ventail d\u2019autres interventions esth\u00e9tiques, y compris une op\u00e9ration chirurgicale mammaire et une abdominoplastie.<\/p>\n\n\n\n<h2 class=\"wp-block-heading\"><strong>Est-ce que la liposuccion comporte des risques?<\/strong><\/h2>\n\n\n\n<p>De fa\u00e7on g\u00e9n\u00e9rale, ce type d\u2019intervention est tr\u00e8s s\u00e9curitaire et fiable. Pendant la consultation en clinique, Dr Zelt discutera avec vous des complications et des risques associ\u00e9s. Heureusement, la plupart sont tr\u00e8s rares et la grande majorit\u00e9 des patients connaissent une op\u00e9ration et une p\u00e9riode de gu\u00e9rison sans histoire.<\/p>\n\n\n\n<p>Pour toutes questions, pri\u00e8re de&nbsp;<a href=\"http:\/\/www.rgzelt.com\/fr\/contact\">communiquer avec nous<\/a>, c\u2019est avec plaisir que nous vous fixerons un rendez-vous de consultation.<\/p>\n","protected":false},"excerpt":{"rendered":"<p>Liposuction is a well-accepted procedure and a safe and reliable method of removing fat and sculpting the body.<\/p>\n","protected":false},"author":1,"featured_media":343,"parent":0,"menu_order":2,"comment_status":"closed","ping_status":"closed","template":"","meta":{"_uag_custom_page_level_css":"","footnotes":""},"procedure":[15],"class_list":["post-749","page","type-page","status-publish","has-post-thumbnail","hentry","procedure-corps"],"featured_image_urls_v2":{"full":["https:\/\/www.rgzelt.com\/wp-content\/uploads\/2019\/08\/2235.jpg",1200,600,false],"thumbnail":["https:\/\/www.rgzelt.com\/wp-content\/uploads\/2019\/08\/2235-300x300.jpg",300,300,true],"medium":["https:\/\/www.rgzelt.com\/wp-content\/uploads\/2019\/08\/2235-300x150.jpg",300,150,true],"medium_large":["https:\/\/www.rgzelt.com\/wp-content\/uploads\/2019\/08\/2235-768x384.jpg",768,384,true],"large":["https:\/\/www.rgzelt.com\/wp-content\/uploads\/2019\/08\/2235-1024x512.jpg",1024,512,true],"1536x1536":["https:\/\/www.rgzelt.com\/wp-content\/uploads\/2019\/08\/2235.jpg",1200,600,false],"2048x2048":["https:\/\/www.rgzelt.com\/wp-content\/uploads\/2019\/08\/2235.jpg",1200,600,false]},"post_excerpt_stackable_v2":"<p>Liposuction is a well-accepted procedure and a safe and reliable method of removing fat and sculpting the body.<\/p>\n","category_list_v2":"","author_info_v2":{"name":"sitentry","url":"https:\/\/www.rgzelt.com\/fr\/author\/sitentry\/"},"comments_num_v2":"0 comments","yoast_head":"<!-- This site is optimized with the Yoast SEO plugin v27.5 - https:\/\/yoast.com\/product\/yoast-seo-wordpress\/ -->\n<title>Liposuccion Montr\u00e9al<\/title>\n<meta name=\"description\" content=\"Liposuccion Montr\u00e9al.\" \/>\n<meta name=\"robots\" content=\"index, follow, max-snippet:-1, max-image-preview:large, max-video-preview:-1\" \/>\n<link rel=\"canonical\" href=\"https:\/\/www.rgzelt.com\/liposuction\/\" \/>\n<meta property=\"og:locale\" content=\"fr_CA\" \/>\n<meta property=\"og:type\" content=\"article\" \/>\n<meta property=\"og:title\" content=\"Liposuccion Montr\u00e9al\" \/>\n<meta property=\"og:description\" content=\"Liposuccion Montr\u00e9al.\" \/>\n<meta property=\"og:url\" content=\"https:\/\/www.rgzelt.com\/liposuction\/\" \/>\n<meta property=\"og:site_name\" content=\"Plastic Surgeon Montreal - Breast - Body - Face - Surgery | Dr. R.G Zelt\" \/>\n<meta property=\"article:modified_time\" content=\"2022-01-25T22:17:32+00:00\" \/>\n<meta property=\"og:image\" content=\"https:\/\/www.rgzelt.com\/wp-content\/uploads\/2019\/08\/2235.jpg\" \/>\n\t<meta property=\"og:image:width\" content=\"1200\" \/>\n\t<meta property=\"og:image:height\" content=\"600\" \/>\n\t<meta property=\"og:image:type\" content=\"image\/jpeg\" \/>\n<meta name=\"twitter:card\" content=\"summary_large_image\" \/>\n<meta name=\"twitter:label1\" content=\"Estimation du temps de lecture\" \/>\n\t<meta name=\"twitter:data1\" content=\"4 minutes\" \/>\n<script type=\"application\/ld+json\" class=\"yoast-schema-graph\">{\"@context\":\"https:\\\/\\\/schema.org\",\"@graph\":[{\"@type\":\"WebPage\",\"@id\":\"https:\\\/\\\/www.rgzelt.com\\\/liposuction\\\/\",\"url\":\"https:\\\/\\\/www.rgzelt.com\\\/liposuction\\\/\",\"name\":\"Liposuccion Montr\u00e9al\",\"isPartOf\":{\"@id\":\"https:\\\/\\\/www.rgzelt.com\\\/#website\"},\"primaryImageOfPage\":{\"@id\":\"https:\\\/\\\/www.rgzelt.com\\\/liposuction\\\/#primaryimage\"},\"image\":{\"@id\":\"https:\\\/\\\/www.rgzelt.com\\\/liposuction\\\/#primaryimage\"},\"thumbnailUrl\":\"https:\\\/\\\/www.rgzelt.com\\\/wp-content\\\/uploads\\\/2019\\\/08\\\/2235.jpg\",\"datePublished\":\"2019-08-05T18:36:21+00:00\",\"dateModified\":\"2022-01-25T22:17:32+00:00\",\"description\":\"Liposuccion Montr\u00e9al.\",\"breadcrumb\":{\"@id\":\"https:\\\/\\\/www.rgzelt.com\\\/liposuction\\\/#breadcrumb\"},\"inLanguage\":\"fr-CA\",\"potentialAction\":[{\"@type\":\"ReadAction\",\"target\":[\"https:\\\/\\\/www.rgzelt.com\\\/liposuction\\\/\"]}]},{\"@type\":\"ImageObject\",\"inLanguage\":\"fr-CA\",\"@id\":\"https:\\\/\\\/www.rgzelt.com\\\/liposuction\\\/#primaryimage\",\"url\":\"https:\\\/\\\/www.rgzelt.com\\\/wp-content\\\/uploads\\\/2019\\\/08\\\/2235.jpg\",\"contentUrl\":\"https:\\\/\\\/www.rgzelt.com\\\/wp-content\\\/uploads\\\/2019\\\/08\\\/2235.jpg\",\"width\":1200,\"height\":600},{\"@type\":\"BreadcrumbList\",\"@id\":\"https:\\\/\\\/www.rgzelt.com\\\/liposuction\\\/#breadcrumb\",\"itemListElement\":[{\"@type\":\"ListItem\",\"position\":1,\"name\":\"Home\",\"item\":\"https:\\\/\\\/www.rgzelt.com\\\/fr\\\/\"},{\"@type\":\"ListItem\",\"position\":2,\"name\":\"Liposuccion\"}]},{\"@type\":\"WebSite\",\"@id\":\"https:\\\/\\\/www.rgzelt.com\\\/#website\",\"url\":\"https:\\\/\\\/www.rgzelt.com\\\/\",\"name\":\"Plastic Surgeon Montreal - Breast - Body - Face - Surgery | Dr. R.G Zelt\",\"description\":\"\",\"potentialAction\":[{\"@type\":\"SearchAction\",\"target\":{\"@type\":\"EntryPoint\",\"urlTemplate\":\"https:\\\/\\\/www.rgzelt.com\\\/?s={search_term_string}\"},\"query-input\":{\"@type\":\"PropertyValueSpecification\",\"valueRequired\":true,\"valueName\":\"search_term_string\"}}],\"inLanguage\":\"fr-CA\"}]}<\/script>\n<!-- \/ Yoast SEO plugin. -->","yoast_head_json":{"title":"Liposuccion Montr\u00e9al","description":"Liposuccion Montr\u00e9al.","robots":{"index":"index","follow":"follow","max-snippet":"max-snippet:-1","max-image-preview":"max-image-preview:large","max-video-preview":"max-video-preview:-1"},"canonical":"https:\/\/www.rgzelt.com\/liposuction\/","og_locale":"fr_CA","og_type":"article","og_title":"Liposuccion Montr\u00e9al","og_description":"Liposuccion Montr\u00e9al.","og_url":"https:\/\/www.rgzelt.com\/liposuction\/","og_site_name":"Plastic Surgeon Montreal - Breast - Body - Face - Surgery | Dr. R.G Zelt","article_modified_time":"2022-01-25T22:17:32+00:00","og_image":[{"width":1200,"height":600,"url":"https:\/\/www.rgzelt.com\/wp-content\/uploads\/2019\/08\/2235.jpg","type":"image\/jpeg"}],"twitter_card":"summary_large_image","twitter_misc":{"Estimation du temps de lecture":"4 minutes"},"schema":{"@context":"https:\/\/schema.org","@graph":[{"@type":"WebPage","@id":"https:\/\/www.rgzelt.com\/liposuction\/","url":"https:\/\/www.rgzelt.com\/liposuction\/","name":"Liposuccion Montr\u00e9al","isPartOf":{"@id":"https:\/\/www.rgzelt.com\/#website"},"primaryImageOfPage":{"@id":"https:\/\/www.rgzelt.com\/liposuction\/#primaryimage"},"image":{"@id":"https:\/\/www.rgzelt.com\/liposuction\/#primaryimage"},"thumbnailUrl":"https:\/\/www.rgzelt.com\/wp-content\/uploads\/2019\/08\/2235.jpg","datePublished":"2019-08-05T18:36:21+00:00","dateModified":"2022-01-25T22:17:32+00:00","description":"Liposuccion Montr\u00e9al.","breadcrumb":{"@id":"https:\/\/www.rgzelt.com\/liposuction\/#breadcrumb"},"inLanguage":"fr-CA","potentialAction":[{"@type":"ReadAction","target":["https:\/\/www.rgzelt.com\/liposuction\/"]}]},{"@type":"ImageObject","inLanguage":"fr-CA","@id":"https:\/\/www.rgzelt.com\/liposuction\/#primaryimage","url":"https:\/\/www.rgzelt.com\/wp-content\/uploads\/2019\/08\/2235.jpg","contentUrl":"https:\/\/www.rgzelt.com\/wp-content\/uploads\/2019\/08\/2235.jpg","width":1200,"height":600},{"@type":"BreadcrumbList","@id":"https:\/\/www.rgzelt.com\/liposuction\/#breadcrumb","itemListElement":[{"@type":"ListItem","position":1,"name":"Home","item":"https:\/\/www.rgzelt.com\/fr\/"},{"@type":"ListItem","position":2,"name":"Liposuccion"}]},{"@type":"WebSite","@id":"https:\/\/www.rgzelt.com\/#website","url":"https:\/\/www.rgzelt.com\/","name":"Plastic Surgeon Montreal - Breast - Body - Face - Surgery | Dr. R.G Zelt","description":"","potentialAction":[{"@type":"SearchAction","target":{"@type":"EntryPoint","urlTemplate":"https:\/\/www.rgzelt.com\/?s={search_term_string}"},"query-input":{"@type":"PropertyValueSpecification","valueRequired":true,"valueName":"search_term_string"}}],"inLanguage":"fr-CA"}]}},"uagb_featured_image_src":{"full":["https:\/\/www.rgzelt.com\/wp-content\/uploads\/2019\/08\/2235.jpg",1200,600,false],"thumbnail":["https:\/\/www.rgzelt.com\/wp-content\/uploads\/2019\/08\/2235-300x300.jpg",300,300,true],"medium":["https:\/\/www.rgzelt.com\/wp-content\/uploads\/2019\/08\/2235-300x150.jpg",300,150,true],"medium_large":["https:\/\/www.rgzelt.com\/wp-content\/uploads\/2019\/08\/2235-768x384.jpg",768,384,true],"large":["https:\/\/www.rgzelt.com\/wp-content\/uploads\/2019\/08\/2235-1024x512.jpg",1024,512,true],"1536x1536":["https:\/\/www.rgzelt.com\/wp-content\/uploads\/2019\/08\/2235.jpg",1200,600,false],"2048x2048":["https:\/\/www.rgzelt.com\/wp-content\/uploads\/2019\/08\/2235.jpg",1200,600,false]},"uagb_author_info":{"display_name":"sitentry","author_link":"https:\/\/www.rgzelt.com\/fr\/author\/sitentry\/"},"uagb_comment_info":0,"uagb_excerpt":"Liposuction is a well-accepted procedure and a safe and reliable method of removing fat and sculpting the body.","_links":{"self":[{"href":"https:\/\/www.rgzelt.com\/fr\/wp-json\/wp\/v2\/pages\/749","targetHints":{"allow":["GET"]}}],"collection":[{"href":"https:\/\/www.rgzelt.com\/fr\/wp-json\/wp\/v2\/pages"}],"about":[{"href":"https:\/\/www.rgzelt.com\/fr\/wp-json\/wp\/v2\/types\/page"}],"author":[{"embeddable":true,"href":"https:\/\/www.rgzelt.com\/fr\/wp-json\/wp\/v2\/users\/1"}],"replies":[{"embeddable":true,"href":"https:\/\/www.rgzelt.com\/fr\/wp-json\/wp\/v2\/comments?post=749"}],"version-history":[{"count":1,"href":"https:\/\/www.rgzelt.com\/fr\/wp-json\/wp\/v2\/pages\/749\/revisions"}],"predecessor-version":[{"id":2477,"href":"https:\/\/www.rgzelt.com\/fr\/wp-json\/wp\/v2\/pages\/749\/revisions\/2477"}],"wp:featuredmedia":[{"embeddable":true,"href":"https:\/\/www.rgzelt.com\/fr\/wp-json\/wp\/v2\/media\/343"}],"wp:attachment":[{"href":"https:\/\/www.rgzelt.com\/fr\/wp-json\/wp\/v2\/media?parent=749"}],"wp:term":[{"taxonomy":"procedure","embeddable":true,"href":"https:\/\/www.rgzelt.com\/fr\/wp-json\/wp\/v2\/procedure?post=749"}],"curies":[{"name":"wp","href":"https:\/\/api.w.org\/{rel}","templated":true}]}}