{"id":754,"date":"2019-08-05T18:35:15","date_gmt":"2019-08-05T18:35:15","guid":{"rendered":"http:\/\/104.152.168.27\/~bestsurgeon5\/male-breast-reduction-gynecomastia\/"},"modified":"2019-08-26T16:07:40","modified_gmt":"2019-08-26T16:07:40","slug":"reduction-mammaire-pour-hommes-gynecomastie","status":"publish","type":"page","link":"https:\/\/www.rgzelt.com\/fr\/reduction-mammaire-pour-hommes-gynecomastie\/","title":{"rendered":"R\u00e9duction mammaire pour hommes (Gyn\u00e9comastie)"},"content":{"rendered":"\n<p>Certains hommes d\u00e9veloppent assez de tissus mammaires pour donner l\u2019impression d\u2019avoir des seins \u00ab\u2009comme ceux des femmes\u2009\u00bb tandis que d\u2019autres d\u00e9testent l\u2019aspect gonfl\u00e9 de leurs mamelons. &nbsp;Cet \u00e9tat est nomm\u00e9 gyn\u00e9comastie et cause souvent des sentiments de g\u00eane dans les environnements sociaux o\u00f9 c\u2019est la norme de se rendre torse nu. La plupart des cas sont physiologiques (une partie normale du d\u00e9veloppement) et sont caus\u00e9s par des changements hormonaux normaux survenant pendant la pubert\u00e9 et t\u00f4t \u00e0 l\u2019\u00e2ge adulte. Le plus souvent, cette augmentation des tissus mammaires se r\u00e9sorbe avec le temps. Chez d\u2019autres, elle persiste et ce sont ces patients qui viennent \u00e0 notre pratique pour y trouver une am\u00e9lioration. Nous offrons aussi nos services \u00e0 une population nombreuse et grandissante de culturistes qui sont \u00e0 la recherche de soins priv\u00e9s et personnalis\u00e9s pour permettre d\u2019atteindre leurs objectifs esth\u00e9tiques.<\/p>\n\n\n\n<p>La gyn\u00e9comastie peut \u00eatre corrig\u00e9e dans la plupart des cas gr\u00e2ce \u00e0 une op\u00e9ration sans hospitalisation sous anesth\u00e9sie locale avec une s\u00e9dation intraveineuse ou sous une l\u00e9g\u00e8re anesth\u00e9sie g\u00e9n\u00e9rale. L\u2019exc\u00e8s de tissus mammaires est retir\u00e9, laissant une cicatrice minime difficile \u00e0 voir. La dur\u00e9e de l\u2019op\u00e9ration varie de 30 \u00e0 60 minutes pour les cas mineurs sous anesth\u00e9sie locale jusqu\u2019\u00e0 1&nbsp;h \u00e0 1&nbsp;h&nbsp;30 pour les cas sous anesth\u00e9sie g\u00e9n\u00e9rale. Les patients partent de l\u2019\u00e9tablissement chirurgical priv\u00e9 avec un bandage l\u00e9ger sur chaque sein et g\u00e9n\u00e9ralement, un v\u00eatement de compression est requis pendant un mois apr\u00e8s l\u2019op\u00e9ration. Une convalescence rapide et sans histoire apr\u00e8s la gyn\u00e9comastie permet \u00e0 la plupart des patients de reprendre le travail en quelques jours apr\u00e8s l\u2019op\u00e9ration.<\/p>\n\n\n\n<h2 class=\"wp-block-heading\"><strong>Que peut m\u2019apporter la correction de ma gyn\u00e9comastie\u2009?<\/strong><\/h2>\n\n\n\n<p>Chaque homme qui consid\u00e8re le retrait de l\u2019exc\u00e8s de tissus mammaires a ses raisons personnelles. La plus fr\u00e9quente est de simplement se sentir moins g\u00ean\u00e9 au centre de conditionnement physique ou \u00e0 la plage lorsqu\u2019un torse nu est indiqu\u00e9.<\/p>\n\n\n\n<h2 class=\"wp-block-heading\"><strong>Comment retire-t-on l\u2019exc\u00e8s de tissus mammaires?<\/strong><\/h2>\n\n\n\n<p>La quantit\u00e9 de tissus \u00e0 retirer est diff\u00e9rente d\u2019un patient \u00e0 l\u2019autre. On d\u00e9cidera des techniques \u00e0 utiliser apr\u00e8s une \u00e9coute attentive des d\u00e9sirs du patient et un examen physique d\u00e9taill\u00e9. Les cas mineurs peuvent \u00eatre pris en charge par excision de petites quantit\u00e9s de tissus sous la r\u00e9gion du mamelon. Dans les cas plus mod\u00e9r\u00e9s, la liposuccion est utilis\u00e9e pour retirer la majorit\u00e9 des tissus mammaires et une petite incision chirurgicale est faite \u00e0 la limite de l\u2019ar\u00e9ole pour permettre de retirer les tissus restants. Dans les cas plus graves de gyn\u00e9comastie, les seins des patients ont assez de tissus pour ressembler \u00e0 ceux d\u2019une femme, une r\u00e9duction mammaire sera r\u00e9alis\u00e9e avec des incisions autour de l\u2019ar\u00e9ole et sous le sein. Les incisions sont toutes ferm\u00e9es \u00e0 l\u2019aide de sutures qui sont enfouies qui se r\u00e9sorbent d\u2019elles-m\u00eames et sont invisibles pour le patient. Les patients partent pour la maison avec un l\u00e9ger pansement et un v\u00eatement de compression en place seulement que Dr Zelt retirera lors de la premi\u00e8re visite postop\u00e9ratoire quelques jours plus tard.<\/p>\n\n\n\n<figure class=\"wp-block-image\"><img loading=\"lazy\" decoding=\"async\" width=\"1024\" height=\"512\" src=\"http:\/\/www.rgzelt.com\/wp-content\/uploads\/2019\/08\/malegyn-1024x512.jpg\" alt=\"\" class=\"wp-image-646\" srcset=\"https:\/\/www.rgzelt.com\/wp-content\/uploads\/2019\/08\/malegyn-1024x512.jpg 1024w, https:\/\/www.rgzelt.com\/wp-content\/uploads\/2019\/08\/malegyn-300x150.jpg 300w, https:\/\/www.rgzelt.com\/wp-content\/uploads\/2019\/08\/malegyn-768x384.jpg 768w, https:\/\/www.rgzelt.com\/wp-content\/uploads\/2019\/08\/malegyn.jpg 1200w\" sizes=\"auto, (max-width: 1024px) 100vw, 1024px\" \/><\/figure>\n\n\n\n<h2 class=\"wp-block-heading\"><strong>O\u00f9 sera faite l\u2019op\u00e9ration\u2009?<\/strong><\/h2>\n\n\n\n<p>Les interventions de gyn\u00e9comastie sont faites dans l\u2019un des deux \u00e9tablissements chirurgicaux priv\u00e9s agr\u00e9\u00e9s locaux sans hospitalisation.<\/p>\n\n\n\n<h2 class=\"wp-block-heading\"><strong>Combien de temps prend l\u2019op\u00e9ration?<\/strong><\/h2>\n\n\n\n<p>Dans la plupart des cas, cette intervention dure de 30 \u00e0 60 minutes pour les cas mineurs faits sous anesth\u00e9sie locale et de 1 h \u00e0 1 h 30 pour les cas plus mod\u00e9r\u00e9s op\u00e9r\u00e9s sous une l\u00e9g\u00e8re anesth\u00e9sie g\u00e9n\u00e9rale.<\/p>\n\n\n\n<h2 class=\"wp-block-heading\"><strong>Quand puis-je reprendre mes activit\u00e9s normales\u2009?<\/strong><\/h2>\n\n\n\n<p>La plupart des patients peuvent reprendre une l\u00e9g\u00e8re activit\u00e9 et travailler quelques jours apr\u00e8s l\u2019op\u00e9ration. Un retour aux activit\u00e9s physiques normales, y compris les sports, est permis apr\u00e8s 4 semaines.<\/p>\n\n\n\n<h2 class=\"wp-block-heading\"><strong>Existe-t-il des risques \u00e0 l\u2019intervention de gyn\u00e9comastie?<\/strong><\/h2>\n\n\n\n<p>G\u00e9n\u00e9ralement, les interventions faites pour corriger la gyn\u00e9comastie sont tr\u00e8s fiables et s\u00e9curitaires. Pendant la consultation en clinique, Dr Zelt discutera avec vous des complications et des risques associ\u00e9s. Heureusement, la plupart sont tr\u00e8s rares et la grande majorit\u00e9 des patients connaissent une op\u00e9ration et une p\u00e9riode de gu\u00e9rison sans histoire.<\/p>\n\n\n\n<p>Pour toutes questions concernant la gyn\u00e9comastie, pri\u00e8re de\u00a0<a href=\"http:\/\/www.rgzelt.com\/fr\/contact\/\">communiquer avec nous<\/a>.<\/p>\n","protected":false},"excerpt":{"rendered":"<p>Gynecomastia often leads to feelings of embarrassment in social environments where going without a shirt is the norm.<\/p>\n","protected":false},"author":1,"featured_media":331,"parent":0,"menu_order":1,"comment_status":"closed","ping_status":"closed","template":"","meta":{"_uag_custom_page_level_css":"","footnotes":""},"procedure":[17,14],"class_list":["post-754","page","type-page","status-publish","has-post-thumbnail","hentry","procedure-hommes","procedure-seins"],"featured_image_urls_v2":{"full":["https:\/\/www.rgzelt.com\/wp-content\/uploads\/2019\/08\/2209-1.jpg",1200,600,false],"thumbnail":["https:\/\/www.rgzelt.com\/wp-content\/uploads\/2019\/08\/2209-1-300x300.jpg",300,300,true],"medium":["https:\/\/www.rgzelt.com\/wp-content\/uploads\/2019\/08\/2209-1-300x150.jpg",300,150,true],"medium_large":["https:\/\/www.rgzelt.com\/wp-content\/uploads\/2019\/08\/2209-1-768x384.jpg",768,384,true],"large":["https:\/\/www.rgzelt.com\/wp-content\/uploads\/2019\/08\/2209-1-1024x512.jpg",1024,512,true],"1536x1536":["https:\/\/www.rgzelt.com\/wp-content\/uploads\/2019\/08\/2209-1.jpg",1200,600,false],"2048x2048":["https:\/\/www.rgzelt.com\/wp-content\/uploads\/2019\/08\/2209-1.jpg",1200,600,false]},"post_excerpt_stackable_v2":"<p>Gynecomastia often leads to feelings of embarrassment in social environments where going without a shirt is the norm.<\/p>\n","category_list_v2":"","author_info_v2":{"name":"sitentry","url":"https:\/\/www.rgzelt.com\/fr\/author\/sitentry\/"},"comments_num_v2":"0 comments","yoast_head":"<!-- This site is optimized with the Yoast SEO plugin v27.5 - https:\/\/yoast.com\/product\/yoast-seo-wordpress\/ -->\n<title>Gyn\u00e9comastie Montr\u00e9al<\/title>\n<meta name=\"description\" content=\"Gyn\u00e9comastie Montr\u00e9al. L&#039;\u00e9largissement des seins chez l&#039;homme est une condition m\u00e9dicale nomm\u00e9e gyn\u00e9comastie.\" \/>\n<meta name=\"robots\" content=\"index, follow, max-snippet:-1, max-image-preview:large, max-video-preview:-1\" \/>\n<link rel=\"canonical\" href=\"https:\/\/www.rgzelt.com\/male-breast-reduction-gynecomastia\/\" \/>\n<meta property=\"og:locale\" content=\"fr_CA\" \/>\n<meta property=\"og:type\" content=\"article\" \/>\n<meta property=\"og:title\" content=\"Gyn\u00e9comastie Montr\u00e9al\" \/>\n<meta property=\"og:description\" content=\"Gyn\u00e9comastie Montr\u00e9al. L&#039;\u00e9largissement des seins chez l&#039;homme est une condition m\u00e9dicale nomm\u00e9e gyn\u00e9comastie.\" \/>\n<meta property=\"og:url\" content=\"https:\/\/www.rgzelt.com\/male-breast-reduction-gynecomastia\/\" \/>\n<meta property=\"og:site_name\" content=\"Plastic Surgeon Montreal - Breast - Body - Face - Surgery | Dr. R.G Zelt\" \/>\n<meta property=\"article:modified_time\" content=\"2019-08-26T16:07:40+00:00\" \/>\n<meta property=\"og:image\" content=\"https:\/\/www.rgzelt.com\/wp-content\/uploads\/2019\/08\/2209-1.jpg\" \/>\n\t<meta property=\"og:image:width\" content=\"1200\" \/>\n\t<meta property=\"og:image:height\" content=\"600\" \/>\n\t<meta property=\"og:image:type\" content=\"image\/jpeg\" \/>\n<meta name=\"twitter:card\" content=\"summary_large_image\" \/>\n<meta name=\"twitter:label1\" content=\"Estimation du temps de lecture\" \/>\n\t<meta name=\"twitter:data1\" content=\"4 minutes\" \/>\n<script type=\"application\/ld+json\" class=\"yoast-schema-graph\">{\"@context\":\"https:\\\/\\\/schema.org\",\"@graph\":[{\"@type\":\"WebPage\",\"@id\":\"https:\\\/\\\/www.rgzelt.com\\\/male-breast-reduction-gynecomastia\\\/\",\"url\":\"https:\\\/\\\/www.rgzelt.com\\\/male-breast-reduction-gynecomastia\\\/\",\"name\":\"Gyn\u00e9comastie Montr\u00e9al\",\"isPartOf\":{\"@id\":\"https:\\\/\\\/www.rgzelt.com\\\/#website\"},\"primaryImageOfPage\":{\"@id\":\"https:\\\/\\\/www.rgzelt.com\\\/male-breast-reduction-gynecomastia\\\/#primaryimage\"},\"image\":{\"@id\":\"https:\\\/\\\/www.rgzelt.com\\\/male-breast-reduction-gynecomastia\\\/#primaryimage\"},\"thumbnailUrl\":\"https:\\\/\\\/www.rgzelt.com\\\/wp-content\\\/uploads\\\/2019\\\/08\\\/2209-1.jpg\",\"datePublished\":\"2019-08-05T18:35:15+00:00\",\"dateModified\":\"2019-08-26T16:07:40+00:00\",\"description\":\"Gyn\u00e9comastie Montr\u00e9al. L'\u00e9largissement des seins chez l'homme est une condition m\u00e9dicale nomm\u00e9e gyn\u00e9comastie.\",\"breadcrumb\":{\"@id\":\"https:\\\/\\\/www.rgzelt.com\\\/male-breast-reduction-gynecomastia\\\/#breadcrumb\"},\"inLanguage\":\"fr-CA\",\"potentialAction\":[{\"@type\":\"ReadAction\",\"target\":[\"https:\\\/\\\/www.rgzelt.com\\\/male-breast-reduction-gynecomastia\\\/\"]}]},{\"@type\":\"ImageObject\",\"inLanguage\":\"fr-CA\",\"@id\":\"https:\\\/\\\/www.rgzelt.com\\\/male-breast-reduction-gynecomastia\\\/#primaryimage\",\"url\":\"https:\\\/\\\/www.rgzelt.com\\\/wp-content\\\/uploads\\\/2019\\\/08\\\/2209-1.jpg\",\"contentUrl\":\"https:\\\/\\\/www.rgzelt.com\\\/wp-content\\\/uploads\\\/2019\\\/08\\\/2209-1.jpg\",\"width\":1200,\"height\":600},{\"@type\":\"BreadcrumbList\",\"@id\":\"https:\\\/\\\/www.rgzelt.com\\\/male-breast-reduction-gynecomastia\\\/#breadcrumb\",\"itemListElement\":[{\"@type\":\"ListItem\",\"position\":1,\"name\":\"Home\",\"item\":\"https:\\\/\\\/www.rgzelt.com\\\/fr\\\/\"},{\"@type\":\"ListItem\",\"position\":2,\"name\":\"R\u00e9duction mammaire pour hommes (Gyn\u00e9comastie)\"}]},{\"@type\":\"WebSite\",\"@id\":\"https:\\\/\\\/www.rgzelt.com\\\/#website\",\"url\":\"https:\\\/\\\/www.rgzelt.com\\\/\",\"name\":\"Plastic Surgeon Montreal - Breast - Body - Face - Surgery | Dr. R.G Zelt\",\"description\":\"\",\"potentialAction\":[{\"@type\":\"SearchAction\",\"target\":{\"@type\":\"EntryPoint\",\"urlTemplate\":\"https:\\\/\\\/www.rgzelt.com\\\/?s={search_term_string}\"},\"query-input\":{\"@type\":\"PropertyValueSpecification\",\"valueRequired\":true,\"valueName\":\"search_term_string\"}}],\"inLanguage\":\"fr-CA\"}]}<\/script>\n<!-- \/ Yoast SEO plugin. -->","yoast_head_json":{"title":"Gyn\u00e9comastie Montr\u00e9al","description":"Gyn\u00e9comastie Montr\u00e9al. L'\u00e9largissement des seins chez l'homme est une condition m\u00e9dicale nomm\u00e9e gyn\u00e9comastie.","robots":{"index":"index","follow":"follow","max-snippet":"max-snippet:-1","max-image-preview":"max-image-preview:large","max-video-preview":"max-video-preview:-1"},"canonical":"https:\/\/www.rgzelt.com\/male-breast-reduction-gynecomastia\/","og_locale":"fr_CA","og_type":"article","og_title":"Gyn\u00e9comastie Montr\u00e9al","og_description":"Gyn\u00e9comastie Montr\u00e9al. L'\u00e9largissement des seins chez l'homme est une condition m\u00e9dicale nomm\u00e9e gyn\u00e9comastie.","og_url":"https:\/\/www.rgzelt.com\/male-breast-reduction-gynecomastia\/","og_site_name":"Plastic Surgeon Montreal - Breast - Body - Face - Surgery | Dr. R.G Zelt","article_modified_time":"2019-08-26T16:07:40+00:00","og_image":[{"width":1200,"height":600,"url":"https:\/\/www.rgzelt.com\/wp-content\/uploads\/2019\/08\/2209-1.jpg","type":"image\/jpeg"}],"twitter_card":"summary_large_image","twitter_misc":{"Estimation du temps de lecture":"4 minutes"},"schema":{"@context":"https:\/\/schema.org","@graph":[{"@type":"WebPage","@id":"https:\/\/www.rgzelt.com\/male-breast-reduction-gynecomastia\/","url":"https:\/\/www.rgzelt.com\/male-breast-reduction-gynecomastia\/","name":"Gyn\u00e9comastie Montr\u00e9al","isPartOf":{"@id":"https:\/\/www.rgzelt.com\/#website"},"primaryImageOfPage":{"@id":"https:\/\/www.rgzelt.com\/male-breast-reduction-gynecomastia\/#primaryimage"},"image":{"@id":"https:\/\/www.rgzelt.com\/male-breast-reduction-gynecomastia\/#primaryimage"},"thumbnailUrl":"https:\/\/www.rgzelt.com\/wp-content\/uploads\/2019\/08\/2209-1.jpg","datePublished":"2019-08-05T18:35:15+00:00","dateModified":"2019-08-26T16:07:40+00:00","description":"Gyn\u00e9comastie Montr\u00e9al. L'\u00e9largissement des seins chez l'homme est une condition m\u00e9dicale nomm\u00e9e gyn\u00e9comastie.","breadcrumb":{"@id":"https:\/\/www.rgzelt.com\/male-breast-reduction-gynecomastia\/#breadcrumb"},"inLanguage":"fr-CA","potentialAction":[{"@type":"ReadAction","target":["https:\/\/www.rgzelt.com\/male-breast-reduction-gynecomastia\/"]}]},{"@type":"ImageObject","inLanguage":"fr-CA","@id":"https:\/\/www.rgzelt.com\/male-breast-reduction-gynecomastia\/#primaryimage","url":"https:\/\/www.rgzelt.com\/wp-content\/uploads\/2019\/08\/2209-1.jpg","contentUrl":"https:\/\/www.rgzelt.com\/wp-content\/uploads\/2019\/08\/2209-1.jpg","width":1200,"height":600},{"@type":"BreadcrumbList","@id":"https:\/\/www.rgzelt.com\/male-breast-reduction-gynecomastia\/#breadcrumb","itemListElement":[{"@type":"ListItem","position":1,"name":"Home","item":"https:\/\/www.rgzelt.com\/fr\/"},{"@type":"ListItem","position":2,"name":"R\u00e9duction mammaire pour hommes (Gyn\u00e9comastie)"}]},{"@type":"WebSite","@id":"https:\/\/www.rgzelt.com\/#website","url":"https:\/\/www.rgzelt.com\/","name":"Plastic Surgeon Montreal - Breast - Body - Face - Surgery | Dr. R.G Zelt","description":"","potentialAction":[{"@type":"SearchAction","target":{"@type":"EntryPoint","urlTemplate":"https:\/\/www.rgzelt.com\/?s={search_term_string}"},"query-input":{"@type":"PropertyValueSpecification","valueRequired":true,"valueName":"search_term_string"}}],"inLanguage":"fr-CA"}]}},"uagb_featured_image_src":{"full":["https:\/\/www.rgzelt.com\/wp-content\/uploads\/2019\/08\/2209-1.jpg",1200,600,false],"thumbnail":["https:\/\/www.rgzelt.com\/wp-content\/uploads\/2019\/08\/2209-1-300x300.jpg",300,300,true],"medium":["https:\/\/www.rgzelt.com\/wp-content\/uploads\/2019\/08\/2209-1-300x150.jpg",300,150,true],"medium_large":["https:\/\/www.rgzelt.com\/wp-content\/uploads\/2019\/08\/2209-1-768x384.jpg",768,384,true],"large":["https:\/\/www.rgzelt.com\/wp-content\/uploads\/2019\/08\/2209-1-1024x512.jpg",1024,512,true],"1536x1536":["https:\/\/www.rgzelt.com\/wp-content\/uploads\/2019\/08\/2209-1.jpg",1200,600,false],"2048x2048":["https:\/\/www.rgzelt.com\/wp-content\/uploads\/2019\/08\/2209-1.jpg",1200,600,false]},"uagb_author_info":{"display_name":"sitentry","author_link":"https:\/\/www.rgzelt.com\/fr\/author\/sitentry\/"},"uagb_comment_info":0,"uagb_excerpt":"Gynecomastia often leads to feelings of embarrassment in social environments where going without a shirt is the norm.","_links":{"self":[{"href":"https:\/\/www.rgzelt.com\/fr\/wp-json\/wp\/v2\/pages\/754","targetHints":{"allow":["GET"]}}],"collection":[{"href":"https:\/\/www.rgzelt.com\/fr\/wp-json\/wp\/v2\/pages"}],"about":[{"href":"https:\/\/www.rgzelt.com\/fr\/wp-json\/wp\/v2\/types\/page"}],"author":[{"embeddable":true,"href":"https:\/\/www.rgzelt.com\/fr\/wp-json\/wp\/v2\/users\/1"}],"replies":[{"embeddable":true,"href":"https:\/\/www.rgzelt.com\/fr\/wp-json\/wp\/v2\/comments?post=754"}],"version-history":[{"count":0,"href":"https:\/\/www.rgzelt.com\/fr\/wp-json\/wp\/v2\/pages\/754\/revisions"}],"wp:featuredmedia":[{"embeddable":true,"href":"https:\/\/www.rgzelt.com\/fr\/wp-json\/wp\/v2\/media\/331"}],"wp:attachment":[{"href":"https:\/\/www.rgzelt.com\/fr\/wp-json\/wp\/v2\/media?parent=754"}],"wp:term":[{"taxonomy":"procedure","embeddable":true,"href":"https:\/\/www.rgzelt.com\/fr\/wp-json\/wp\/v2\/procedure?post=754"}],"curies":[{"name":"wp","href":"https:\/\/api.w.org\/{rel}","templated":true}]}}