{"id":755,"date":"2019-08-05T18:34:42","date_gmt":"2019-08-05T18:34:42","guid":{"rendered":"http:\/\/104.152.168.27\/~bestsurgeon5\/fat-grating-to-the-breast\/"},"modified":"2019-08-26T16:05:54","modified_gmt":"2019-08-26T16:05:54","slug":"greffe-de-graisse-pour-les-seins","status":"publish","type":"page","link":"https:\/\/www.rgzelt.com\/fr\/greffe-de-graisse-pour-les-seins\/","title":{"rendered":"Greffe de graisse pour les seins"},"content":{"rendered":"\n<p>Des difformit\u00e9s ou des irr\u00e9gularit\u00e9s mineures du galbe qui se sont produites naturellement ou comme r\u00e9sultat \u00e0 la suite d\u2019une op\u00e9ration mammaire peuvent souvent \u00eatre corrig\u00e9es gr\u00e2ce \u00e0 l\u2019injection de graisse (lipo-infiltration). L\u2019injection de graisse a consid\u00e9rablement \u00e9volu\u00e9 au cours des derni\u00e8res ann\u00e9es et est devenue une technique courante de la chirurgie plastique et esth\u00e9tique. Les cellules graisseuses sont pr\u00e9lev\u00e9es soigneusement d\u2019une partie du donneur pendant la consultation en clinique et sont r\u00e9inject\u00e9es en utilisant une technique pr\u00e9cise \u00e0 l\u2019aide de canules courtes au diam\u00e8tre \u00e9troit pas plus grandes que l\u2019aiguille utilis\u00e9e pour des analyses de sang. En suivant des consignes op\u00e9ratoires ad\u00e9quates, environ 75 % de la graisse greff\u00e9e \u00ab\u2009prend\u2009\u00bb et devient permanente. La graisse nouvellement transf\u00e9r\u00e9e cro\u00eet et vit comme de la graisse normale dans votre corps.<\/p>\n\n\n\n<h2 class=\"wp-block-heading\"><strong>Combien de temps prend l\u2019op\u00e9ration\u2009?<\/strong><\/h2>\n\n\n\n<p>Les interventions mineures sous anesth\u00e9sie locale prennent normalement de 30 \u00e0 60 minutes.<\/p>\n\n\n\n<h2 class=\"wp-block-heading\"><strong>Quel type d\u2019anesth\u00e9sie sera requis?<\/strong><\/h2>\n\n\n\n<p>L\u2019anesth\u00e9sie locale est la m\u00e9thode d\u2019anesth\u00e9sie pr\u00e9f\u00e9r\u00e9e pour les corrections mineures et l\u2019anesth\u00e9sie g\u00e9n\u00e9rale est r\u00e9serv\u00e9e aux cas plus complexes o\u00f9 l\u2019injection de graisse est combin\u00e9e \u00e0 d\u2019autres interventions mammaires.<\/p>\n\n\n\n<figure class=\"wp-block-image\"><img loading=\"lazy\" decoding=\"async\" width=\"1024\" height=\"512\" src=\"http:\/\/www.rgzelt.com\/wp-content\/uploads\/2019\/08\/graft-1024x512.jpg\" alt=\"\" class=\"wp-image-643\" srcset=\"https:\/\/www.rgzelt.com\/wp-content\/uploads\/2019\/08\/graft-1024x512.jpg 1024w, https:\/\/www.rgzelt.com\/wp-content\/uploads\/2019\/08\/graft-300x150.jpg 300w, https:\/\/www.rgzelt.com\/wp-content\/uploads\/2019\/08\/graft-768x384.jpg 768w, https:\/\/www.rgzelt.com\/wp-content\/uploads\/2019\/08\/graft.jpg 1200w\" sizes=\"auto, (max-width: 1024px) 100vw, 1024px\" \/><\/figure>\n\n\n\n<h2 class=\"wp-block-heading\"><strong>De quoi mes seins auront-ils l\u2019air apr\u00e8s l\u2019op\u00e9ration?<\/strong><\/h2>\n\n\n\n<p>Apr\u00e8s l\u2019op\u00e9ration, beaucoup de patientes remarqueront que leurs seins sont enfl\u00e9s dans la r\u00e9gion o\u00f9 la graisse a \u00e9t\u00e9 inject\u00e9e. Cela se r\u00e9sorbera avec le temps et se transformera pour adopter la forme harmonieuse d\u00e9sir\u00e9e au cours des semaines suivant l\u2019op\u00e9ration.<\/p>\n\n\n\n<h2 class=\"wp-block-heading\"><strong>Quand puis-je reprendre mes activit\u00e9s normales?<\/strong><\/h2>\n\n\n\n<p>La plupart des patientes peuvent reprendre une l\u00e9g\u00e8re activit\u00e9 et travailler quelques jours apr\u00e8s l\u2019op\u00e9ration. Un retour aux activit\u00e9s physiques normales, y compris les sports, est permis apr\u00e8s 4 semaines.<\/p>\n\n\n\n<h2 class=\"wp-block-heading\"><strong>Existe-t-il des risques \u00e0 l\u2019intervention d\u2019injection de graisse?<\/strong><\/h2>\n\n\n\n<p>G\u00e9n\u00e9ralement, l\u2019injection de graisse dans le sein est tr\u00e8s s\u00e9curitaire et fiable. Pendant la consultation en clinique, Dr Zelt discutera avec vous des complications et des risques associ\u00e9s. Heureusement, la plupart sont tr\u00e8s rares et la grande majorit\u00e9 des patientes connaissent une op\u00e9ration et une p\u00e9riode de gu\u00e9rison sans histoire.<\/p>\n\n\n\n<p>Pour plus de renseignements sur l\u2019injection de graisse dans les seins, pri\u00e8re de communiquer avec notre pratique pour\u00a0<a href=\"http:\/\/www.rgzelt.com\/fr\/contact\/\">fixer un rendez-vous<\/a>.<\/p>\n","protected":false},"excerpt":{"rendered":"<p>Minor deformities or irregularities occurring naturally or from previous surgery can often be corrected with fat injection.<\/p>\n","protected":false},"author":1,"featured_media":329,"parent":0,"menu_order":5,"comment_status":"closed","ping_status":"closed","template":"","meta":{"_uag_custom_page_level_css":"","footnotes":""},"procedure":[14],"class_list":["post-755","page","type-page","status-publish","has-post-thumbnail","hentry","procedure-seins"],"featured_image_urls_v2":{"full":["https:\/\/www.rgzelt.com\/wp-content\/uploads\/2019\/08\/2203-3.jpg",1200,600,false],"thumbnail":["https:\/\/www.rgzelt.com\/wp-content\/uploads\/2019\/08\/2203-3-300x300.jpg",300,300,true],"medium":["https:\/\/www.rgzelt.com\/wp-content\/uploads\/2019\/08\/2203-3-300x150.jpg",300,150,true],"medium_large":["https:\/\/www.rgzelt.com\/wp-content\/uploads\/2019\/08\/2203-3-768x384.jpg",768,384,true],"large":["https:\/\/www.rgzelt.com\/wp-content\/uploads\/2019\/08\/2203-3-1024x512.jpg",1024,512,true],"1536x1536":["https:\/\/www.rgzelt.com\/wp-content\/uploads\/2019\/08\/2203-3.jpg",1200,600,false],"2048x2048":["https:\/\/www.rgzelt.com\/wp-content\/uploads\/2019\/08\/2203-3.jpg",1200,600,false]},"post_excerpt_stackable_v2":"<p>Minor deformities or irregularities occurring naturally or from previous surgery can often be corrected with fat injection.<\/p>\n","category_list_v2":"","author_info_v2":{"name":"sitentry","url":"https:\/\/www.rgzelt.com\/fr\/author\/sitentry\/"},"comments_num_v2":"0 comments","yoast_head":"<!-- This site is optimized with the Yoast SEO plugin v27.4 - https:\/\/yoast.com\/product\/yoast-seo-wordpress\/ -->\n<title>Greffe de graisse pour les seins Montr\u00e9al<\/title>\n<meta name=\"description\" content=\"Greffe de graisse pour les seins Montr\u00e9al.\" \/>\n<meta name=\"robots\" content=\"index, follow, max-snippet:-1, max-image-preview:large, max-video-preview:-1\" \/>\n<link rel=\"canonical\" href=\"https:\/\/www.rgzelt.com\/fat-grating-to-the-breast\/\" \/>\n<meta property=\"og:locale\" content=\"fr_CA\" \/>\n<meta property=\"og:type\" content=\"article\" \/>\n<meta property=\"og:title\" content=\"Greffe de graisse pour les seins Montr\u00e9al\" \/>\n<meta property=\"og:description\" content=\"Greffe de graisse pour les seins Montr\u00e9al.\" \/>\n<meta property=\"og:url\" content=\"https:\/\/www.rgzelt.com\/fat-grating-to-the-breast\/\" \/>\n<meta property=\"og:site_name\" content=\"Plastic Surgeon Montreal - Breast - Body - Face - Surgery | Dr. R.G Zelt\" \/>\n<meta property=\"article:modified_time\" content=\"2019-08-26T16:05:54+00:00\" \/>\n<meta property=\"og:image\" content=\"https:\/\/www.rgzelt.com\/wp-content\/uploads\/2019\/08\/2203-3.jpg\" \/>\n\t<meta property=\"og:image:width\" content=\"1200\" \/>\n\t<meta property=\"og:image:height\" content=\"600\" \/>\n\t<meta property=\"og:image:type\" content=\"image\/jpeg\" \/>\n<meta name=\"twitter:card\" content=\"summary_large_image\" \/>\n<meta name=\"twitter:label1\" content=\"Estimation du temps de lecture\" \/>\n\t<meta name=\"twitter:data1\" content=\"2 minutes\" \/>\n<script type=\"application\/ld+json\" class=\"yoast-schema-graph\">{\"@context\":\"https:\\\/\\\/schema.org\",\"@graph\":[{\"@type\":\"WebPage\",\"@id\":\"https:\\\/\\\/www.rgzelt.com\\\/fat-grating-to-the-breast\\\/\",\"url\":\"https:\\\/\\\/www.rgzelt.com\\\/fat-grating-to-the-breast\\\/\",\"name\":\"Greffe de graisse pour les seins Montr\u00e9al\",\"isPartOf\":{\"@id\":\"https:\\\/\\\/www.rgzelt.com\\\/#website\"},\"primaryImageOfPage\":{\"@id\":\"https:\\\/\\\/www.rgzelt.com\\\/fat-grating-to-the-breast\\\/#primaryimage\"},\"image\":{\"@id\":\"https:\\\/\\\/www.rgzelt.com\\\/fat-grating-to-the-breast\\\/#primaryimage\"},\"thumbnailUrl\":\"https:\\\/\\\/www.rgzelt.com\\\/wp-content\\\/uploads\\\/2019\\\/08\\\/2203-3.jpg\",\"datePublished\":\"2019-08-05T18:34:42+00:00\",\"dateModified\":\"2019-08-26T16:05:54+00:00\",\"description\":\"Greffe de graisse pour les seins Montr\u00e9al.\",\"breadcrumb\":{\"@id\":\"https:\\\/\\\/www.rgzelt.com\\\/fat-grating-to-the-breast\\\/#breadcrumb\"},\"inLanguage\":\"fr-CA\",\"potentialAction\":[{\"@type\":\"ReadAction\",\"target\":[\"https:\\\/\\\/www.rgzelt.com\\\/fat-grating-to-the-breast\\\/\"]}]},{\"@type\":\"ImageObject\",\"inLanguage\":\"fr-CA\",\"@id\":\"https:\\\/\\\/www.rgzelt.com\\\/fat-grating-to-the-breast\\\/#primaryimage\",\"url\":\"https:\\\/\\\/www.rgzelt.com\\\/wp-content\\\/uploads\\\/2019\\\/08\\\/2203-3.jpg\",\"contentUrl\":\"https:\\\/\\\/www.rgzelt.com\\\/wp-content\\\/uploads\\\/2019\\\/08\\\/2203-3.jpg\",\"width\":1200,\"height\":600},{\"@type\":\"BreadcrumbList\",\"@id\":\"https:\\\/\\\/www.rgzelt.com\\\/fat-grating-to-the-breast\\\/#breadcrumb\",\"itemListElement\":[{\"@type\":\"ListItem\",\"position\":1,\"name\":\"Home\",\"item\":\"https:\\\/\\\/www.rgzelt.com\\\/fr\\\/\"},{\"@type\":\"ListItem\",\"position\":2,\"name\":\"Greffe de graisse pour les seins\"}]},{\"@type\":\"WebSite\",\"@id\":\"https:\\\/\\\/www.rgzelt.com\\\/#website\",\"url\":\"https:\\\/\\\/www.rgzelt.com\\\/\",\"name\":\"Plastic Surgeon Montreal - Breast - Body - Face - Surgery | Dr. R.G Zelt\",\"description\":\"\",\"potentialAction\":[{\"@type\":\"SearchAction\",\"target\":{\"@type\":\"EntryPoint\",\"urlTemplate\":\"https:\\\/\\\/www.rgzelt.com\\\/?s={search_term_string}\"},\"query-input\":{\"@type\":\"PropertyValueSpecification\",\"valueRequired\":true,\"valueName\":\"search_term_string\"}}],\"inLanguage\":\"fr-CA\"}]}<\/script>\n<!-- \/ Yoast SEO plugin. -->","yoast_head_json":{"title":"Greffe de graisse pour les seins Montr\u00e9al","description":"Greffe de graisse pour les seins Montr\u00e9al.","robots":{"index":"index","follow":"follow","max-snippet":"max-snippet:-1","max-image-preview":"max-image-preview:large","max-video-preview":"max-video-preview:-1"},"canonical":"https:\/\/www.rgzelt.com\/fat-grating-to-the-breast\/","og_locale":"fr_CA","og_type":"article","og_title":"Greffe de graisse pour les seins Montr\u00e9al","og_description":"Greffe de graisse pour les seins Montr\u00e9al.","og_url":"https:\/\/www.rgzelt.com\/fat-grating-to-the-breast\/","og_site_name":"Plastic Surgeon Montreal - Breast - Body - Face - Surgery | Dr. R.G Zelt","article_modified_time":"2019-08-26T16:05:54+00:00","og_image":[{"width":1200,"height":600,"url":"https:\/\/www.rgzelt.com\/wp-content\/uploads\/2019\/08\/2203-3.jpg","type":"image\/jpeg"}],"twitter_card":"summary_large_image","twitter_misc":{"Estimation du temps de lecture":"2 minutes"},"schema":{"@context":"https:\/\/schema.org","@graph":[{"@type":"WebPage","@id":"https:\/\/www.rgzelt.com\/fat-grating-to-the-breast\/","url":"https:\/\/www.rgzelt.com\/fat-grating-to-the-breast\/","name":"Greffe de graisse pour les seins Montr\u00e9al","isPartOf":{"@id":"https:\/\/www.rgzelt.com\/#website"},"primaryImageOfPage":{"@id":"https:\/\/www.rgzelt.com\/fat-grating-to-the-breast\/#primaryimage"},"image":{"@id":"https:\/\/www.rgzelt.com\/fat-grating-to-the-breast\/#primaryimage"},"thumbnailUrl":"https:\/\/www.rgzelt.com\/wp-content\/uploads\/2019\/08\/2203-3.jpg","datePublished":"2019-08-05T18:34:42+00:00","dateModified":"2019-08-26T16:05:54+00:00","description":"Greffe de graisse pour les seins Montr\u00e9al.","breadcrumb":{"@id":"https:\/\/www.rgzelt.com\/fat-grating-to-the-breast\/#breadcrumb"},"inLanguage":"fr-CA","potentialAction":[{"@type":"ReadAction","target":["https:\/\/www.rgzelt.com\/fat-grating-to-the-breast\/"]}]},{"@type":"ImageObject","inLanguage":"fr-CA","@id":"https:\/\/www.rgzelt.com\/fat-grating-to-the-breast\/#primaryimage","url":"https:\/\/www.rgzelt.com\/wp-content\/uploads\/2019\/08\/2203-3.jpg","contentUrl":"https:\/\/www.rgzelt.com\/wp-content\/uploads\/2019\/08\/2203-3.jpg","width":1200,"height":600},{"@type":"BreadcrumbList","@id":"https:\/\/www.rgzelt.com\/fat-grating-to-the-breast\/#breadcrumb","itemListElement":[{"@type":"ListItem","position":1,"name":"Home","item":"https:\/\/www.rgzelt.com\/fr\/"},{"@type":"ListItem","position":2,"name":"Greffe de graisse pour les seins"}]},{"@type":"WebSite","@id":"https:\/\/www.rgzelt.com\/#website","url":"https:\/\/www.rgzelt.com\/","name":"Plastic Surgeon Montreal - Breast - Body - Face - Surgery | Dr. R.G Zelt","description":"","potentialAction":[{"@type":"SearchAction","target":{"@type":"EntryPoint","urlTemplate":"https:\/\/www.rgzelt.com\/?s={search_term_string}"},"query-input":{"@type":"PropertyValueSpecification","valueRequired":true,"valueName":"search_term_string"}}],"inLanguage":"fr-CA"}]}},"uagb_featured_image_src":{"full":["https:\/\/www.rgzelt.com\/wp-content\/uploads\/2019\/08\/2203-3.jpg",1200,600,false],"thumbnail":["https:\/\/www.rgzelt.com\/wp-content\/uploads\/2019\/08\/2203-3-300x300.jpg",300,300,true],"medium":["https:\/\/www.rgzelt.com\/wp-content\/uploads\/2019\/08\/2203-3-300x150.jpg",300,150,true],"medium_large":["https:\/\/www.rgzelt.com\/wp-content\/uploads\/2019\/08\/2203-3-768x384.jpg",768,384,true],"large":["https:\/\/www.rgzelt.com\/wp-content\/uploads\/2019\/08\/2203-3-1024x512.jpg",1024,512,true],"1536x1536":["https:\/\/www.rgzelt.com\/wp-content\/uploads\/2019\/08\/2203-3.jpg",1200,600,false],"2048x2048":["https:\/\/www.rgzelt.com\/wp-content\/uploads\/2019\/08\/2203-3.jpg",1200,600,false]},"uagb_author_info":{"display_name":"sitentry","author_link":"https:\/\/www.rgzelt.com\/fr\/author\/sitentry\/"},"uagb_comment_info":0,"uagb_excerpt":"Minor deformities or irregularities occurring naturally or from previous surgery can often be corrected with fat injection.","_links":{"self":[{"href":"https:\/\/www.rgzelt.com\/fr\/wp-json\/wp\/v2\/pages\/755","targetHints":{"allow":["GET"]}}],"collection":[{"href":"https:\/\/www.rgzelt.com\/fr\/wp-json\/wp\/v2\/pages"}],"about":[{"href":"https:\/\/www.rgzelt.com\/fr\/wp-json\/wp\/v2\/types\/page"}],"author":[{"embeddable":true,"href":"https:\/\/www.rgzelt.com\/fr\/wp-json\/wp\/v2\/users\/1"}],"replies":[{"embeddable":true,"href":"https:\/\/www.rgzelt.com\/fr\/wp-json\/wp\/v2\/comments?post=755"}],"version-history":[{"count":0,"href":"https:\/\/www.rgzelt.com\/fr\/wp-json\/wp\/v2\/pages\/755\/revisions"}],"wp:featuredmedia":[{"embeddable":true,"href":"https:\/\/www.rgzelt.com\/fr\/wp-json\/wp\/v2\/media\/329"}],"wp:attachment":[{"href":"https:\/\/www.rgzelt.com\/fr\/wp-json\/wp\/v2\/media?parent=755"}],"wp:term":[{"taxonomy":"procedure","embeddable":true,"href":"https:\/\/www.rgzelt.com\/fr\/wp-json\/wp\/v2\/procedure?post=755"}],"curies":[{"name":"wp","href":"https:\/\/api.w.org\/{rel}","templated":true}]}}