{"id":756,"date":"2019-08-05T18:34:26","date_gmt":"2019-08-05T18:34:26","guid":{"rendered":"http:\/\/104.152.168.27\/~bestsurgeon5\/breast-reduction\/"},"modified":"2022-01-25T23:46:33","modified_gmt":"2022-01-25T23:46:33","slug":"reduction-mammaire","status":"publish","type":"page","link":"https:\/\/www.rgzelt.com\/fr\/reduction-mammaire\/","title":{"rendered":"R\u00e9duction mammaire"},"content":{"rendered":"\n<p>Dr Zelt est l\u2019un des chirurgiens plasticiens montr\u00e9alais, chef de file en mati\u00e8re de r\u00e9duction mammaire. Dans la province de Qu\u00e9bec, les r\u00e9ductions mammaires sont couvertes par la&nbsp;<em>R\u00e9gie de l\u2019assurance maladie du Qu\u00e9bec (RAMQ)<\/em>&nbsp;lorsque la quantit\u00e9 retir\u00e9e de tissus mammaires est sup\u00e9rieure \u00e0 250 grammes de tissus par sein.<\/p>\n\n\n\n<p>Les femmes avec de gros seins lourds peuvent souffrir de nombreux probl\u00e8mes de sant\u00e9, y compris des douleurs aux \u00e9paules, au dos et au cou, une mauvaise posture et une capacit\u00e9 limit\u00e9e \u00e0 faire de l\u2019exercice physique. La r\u00e9duction mammaire peut grandement r\u00e9duire ou \u00e9liminer ces sympt\u00f4mes. L\u2019op\u00e9ration r\u00e9duit le volume des seins et les soul\u00e8ve vers une position plus jeune et plus plaisante sur la poitrine. Les techniques op\u00e9ratoires utilis\u00e9es pour r\u00e9duire les seins des femmes sont identiques \u00e0 celles utilis\u00e9es pour le redrapage mammaire.<\/p>\n\n\n\n<h2 class=\"wp-block-heading\"><strong>Que peut m\u2019apporter une r\u00e9duction mammaire\u2009?<\/strong><\/h2>\n\n\n\n<p>Chaque femme qui consid\u00e8re la r\u00e9duction mammaire a ses raisons personnelles. La plus fr\u00e9quente est de simplement se sentir mieux dans sa peau et de soulager les sympt\u00f4mes ind\u00e9sirables dans le cou, les \u00e9paules et la douleur dorsale. La r\u00e9duction mammaire peut grandement augmenter la capacit\u00e9 de participer \u00e0 des activit\u00e9s physiques et sportives. On pense que celles qui ont subi une r\u00e9duction mammaire sont les patientes les plus heureuses de toutes celles ayant subi des chirurgies plastiques et qu\u2019elles peuvent obtenir un niveau de satisfaction qui change leur vie. Elles nous disent souvent que la satisfaction d\u00e9coulant de l\u2019op\u00e9ration d\u00e9passe toutes leurs attentes pr\u00e9op\u00e9ratoires!<\/p>\n\n\n\n<h2 class=\"wp-block-heading\"><strong>Comment r\u00e9duit-on les seins\u2009?<\/strong><\/h2>\n\n\n\n<p>La r\u00e9duction mammaire est personnalis\u00e9e pour convenir aux besoins de chaque patiente et d\u00e9pend de la taille de ses seins et du r\u00e9sultat escompt\u00e9. Du volume est retir\u00e9 de chaque sein pour obtenir une forme \u00e9quilibr\u00e9e naturelle et une taille proportionnelle \u00e0 la grandeur et au poids de la patiente. Le mamelon et l\u2019ar\u00e9ole sont soulev\u00e9s vers une position beaucoup plus haute sur la poitrine. L\u2019exc\u00e8s de tissus mammaires est retir\u00e9 et les incisions sont ferm\u00e9es avec des sutures enfouissantes cach\u00e9es qui se r\u00e9sorberont d\u2019elles-m\u00eames. Les patientes partent pour la maison avec un l\u00e9ger pansement en place seulement que Dr Zelt retirera lors de la premi\u00e8re visite postop\u00e9ratoire quelques jours plus tard.<\/p>\n\n\n\n<h2 class=\"wp-block-heading\"><strong>O\u00f9 sera faite l\u2019op\u00e9ration?<\/strong><\/h2>\n\n\n\n<p>Les interventions de r\u00e9duction mammaire qui sont couvertes par le syst\u00e8me de soins de sant\u00e9 qu\u00e9b\u00e9cois (RAMQ) sont faites dans un h\u00f4pital sans hospitalisation; les patientes retournent \u00e0 la maison le jour de l\u2019op\u00e9ration. Dr Zelt op\u00e8re \u00e0 l\u2019H\u00f4pital du Sacr\u00e9-C\u0153ur de Montr\u00e9al, \u00e0 l\u2019H\u00f4pital Fleury et au Centre hospitalier de St.Mary de Montr\u00e9al.<\/p>\n\n\n\n<figure class=\"wp-block-image\"><img loading=\"lazy\" decoding=\"async\" width=\"1024\" height=\"512\" src=\"http:\/\/www.rgzelt.com\/wp-content\/uploads\/2019\/08\/reduction-1024x512.jpg\" alt=\"\" class=\"wp-image-639\" srcset=\"https:\/\/www.rgzelt.com\/wp-content\/uploads\/2019\/08\/reduction-1024x512.jpg 1024w, https:\/\/www.rgzelt.com\/wp-content\/uploads\/2019\/08\/reduction-300x150.jpg 300w, https:\/\/www.rgzelt.com\/wp-content\/uploads\/2019\/08\/reduction-768x384.jpg 768w, https:\/\/www.rgzelt.com\/wp-content\/uploads\/2019\/08\/reduction.jpg 1200w\" sizes=\"auto, (max-width: 1024px) 100vw, 1024px\" \/><\/figure>\n\n\n\n<h2 class=\"wp-block-heading\"><strong>Combien de temps prend l\u2019op\u00e9ration\u2009?<\/strong><\/h2>\n\n\n\n<p>Elle prend dans la plupart des cas de 1 h \u00e0 1 h 30.<\/p>\n\n\n\n<h2 class=\"wp-block-heading\"><strong>Quel type d\u2019anesth\u00e9sie sera requis\u2009?<\/strong><\/h2>\n\n\n\n<p>L\u2019anesth\u00e9sie g\u00e9n\u00e9rale est la m\u00e9thode d\u2019anesth\u00e9sie pr\u00e9f\u00e9r\u00e9e.<\/p>\n\n\n\n<h2 class=\"wp-block-heading\"><strong>Est-ce qu\u2019une augmentation mammaire peut \u00eatre faite en m\u00eame temps?<\/strong><\/h2>\n\n\n\n<p>Bien que cela semble \u00e9trange \u00e9tant donn\u00e9 que les patientes viennent pour une r\u00e9duction du volume de leurs seins, certaines ont des seins qui pendent tr\u00e8s bas (affaissement) et la portion sup\u00e9rieure de leurs seins est plate. Les seins de ces patientes semblent parfois d\u00e9gonfl\u00e9s ou ont une apparence de \u00ab\u2009sac vide\u2009\u00bb. Apr\u00e8s la r\u00e9duction mammaire, les portions sup\u00e9rieures plates de leurs seins restent parfois les m\u00eames et elles peuvent alors opter pour une augmentation mammaire au m\u00eame moment pour am\u00e9liorer la rondeur et la projection de leurs seins.&nbsp;<a href=\"http:\/\/www.rgzelt.com\/fr\/augmentation-mammaire\">L\u2019augmentation mammaire<\/a>&nbsp;ajoutera environ de 30 \u00e0 45 minutes \u00e0 l\u2019op\u00e9ration de redrapage mammaire et ne peut \u00eatre combin\u00e9e \u00e0 l\u2019op\u00e9ration de redrapage mammaire assum\u00e9e par le gouvernement (RAMQ). Ces op\u00e9rations seraient r\u00e9alis\u00e9es en priv\u00e9 comme une op\u00e9ration de redrapage mammaire et d\u2019augmentation mammaire.<\/p>\n\n\n\n<h2 class=\"wp-block-heading\"><strong>De quoi mes seins auront-ils l\u2019air apr\u00e8s l\u2019op\u00e9ration?<\/strong><\/h2>\n\n\n\n<p>Apr\u00e8s une r\u00e9duction mammaire, beaucoup de patientes remarqueront que leurs seins sont l\u00e9g\u00e8rement plus hauts et qu\u2019ils pointent plus bas que pr\u00e9vu. Cela est normal et ils prendront une position plus normale et se transformeront pour adopter la forme harmonieuse d\u00e9sir\u00e9e dans les semaines apr\u00e8s l\u2019op\u00e9ration.<\/p>\n\n\n\n<h2 class=\"wp-block-heading\"><strong>Quand puis-je reprendre mes activit\u00e9s normales?<\/strong><\/h2>\n\n\n\n<p>La plupart des patientes peuvent reprendre une l\u00e9g\u00e8re activit\u00e9 et travailler quelques jours apr\u00e8s l\u2019op\u00e9ration. Un retour aux activit\u00e9s physiques normales, y compris les sports, est permis apr\u00e8s 4 semaines.<\/p>\n\n\n\n<h2 class=\"wp-block-heading\"><strong>Est-ce que la r\u00e9duction mammaire comporte des risques?<\/strong><\/h2>\n\n\n\n<p>De fa\u00e7on g\u00e9n\u00e9rale, ce type d\u2019intervention est tr\u00e8s s\u00e9curitaire et fiable. Pendant la consultation en clinique, Dr Zelt discutera avec vous des complications et des risques associ\u00e9s. Heureusement, la plupart sont tr\u00e8s rares et la grande majorit\u00e9 des patientes connaissent une op\u00e9ration et une p\u00e9riode de gu\u00e9rison sans histoire. Les patientes qui continuent de fumer ne peuvent subir une r\u00e9duction mammaire en raison des risques \u00e9lev\u00e9s de complications vasculaires. Heureusement, celles qui ont arr\u00eat\u00e9 de fumer de 3 \u00e0 4 mois avant l\u2019op\u00e9ration peuvent \u00eatre op\u00e9r\u00e9es de mani\u00e8re s\u00e9curitaire.<\/p>\n\n\n\n<p>Pri\u00e8re de nous&nbsp;<a href=\"http:\/\/www.rgzelt.com\/fr\/contact\/\">contacter pour toutes questions ou pr\u00e9occupations<\/a>.<\/p>\n","protected":false},"excerpt":{"rendered":"<p>This surgery reduces the volume of the breasts and lifts them into a more youthful, pleasing position on the chest.<\/p>\n","protected":false},"author":1,"featured_media":327,"parent":0,"menu_order":4,"comment_status":"closed","ping_status":"closed","template":"","meta":{"_uag_custom_page_level_css":"","footnotes":""},"procedure":[14],"class_list":["post-756","page","type-page","status-publish","has-post-thumbnail","hentry","procedure-seins"],"featured_image_urls_v2":{"full":["https:\/\/www.rgzelt.com\/wp-content\/uploads\/2019\/08\/2196.jpg",1200,600,false],"thumbnail":["https:\/\/www.rgzelt.com\/wp-content\/uploads\/2019\/08\/2196-300x300.jpg",300,300,true],"medium":["https:\/\/www.rgzelt.com\/wp-content\/uploads\/2019\/08\/2196-300x150.jpg",300,150,true],"medium_large":["https:\/\/www.rgzelt.com\/wp-content\/uploads\/2019\/08\/2196-768x384.jpg",768,384,true],"large":["https:\/\/www.rgzelt.com\/wp-content\/uploads\/2019\/08\/2196-1024x512.jpg",1024,512,true],"1536x1536":["https:\/\/www.rgzelt.com\/wp-content\/uploads\/2019\/08\/2196.jpg",1200,600,false],"2048x2048":["https:\/\/www.rgzelt.com\/wp-content\/uploads\/2019\/08\/2196.jpg",1200,600,false]},"post_excerpt_stackable_v2":"<p>This surgery reduces the volume of the breasts and lifts them into a more youthful, pleasing position on the chest.<\/p>\n","category_list_v2":"","author_info_v2":{"name":"sitentry","url":"https:\/\/www.rgzelt.com\/fr\/author\/sitentry\/"},"comments_num_v2":"0 comments","yoast_head":"<!-- This site is optimized with the Yoast SEO plugin v27.4 - https:\/\/yoast.com\/product\/yoast-seo-wordpress\/ -->\n<title>R\u00e9duction Mammaire \u00e0 Montr\u00e9al<\/title>\n<meta name=\"description\" content=\"Dr Zelt est un sp\u00e9cialiste en chirurgie plastique et esth\u00e9tique. Il offre des services de r\u00e9duction mammaire \u00e0 Montr\u00e9al.\" \/>\n<meta name=\"robots\" content=\"index, follow, max-snippet:-1, max-image-preview:large, max-video-preview:-1\" \/>\n<link rel=\"canonical\" href=\"https:\/\/www.rgzelt.com\/fr\/reduction-mammaire\/\" \/>\n<meta property=\"og:locale\" content=\"fr_CA\" \/>\n<meta property=\"og:type\" content=\"article\" \/>\n<meta property=\"og:title\" content=\"R\u00e9duction Mammaire \u00e0 Montr\u00e9al\" \/>\n<meta property=\"og:description\" content=\"Dr Zelt est un sp\u00e9cialiste en chirurgie plastique et esth\u00e9tique. Il offre des services de r\u00e9duction mammaire \u00e0 Montr\u00e9al.\" \/>\n<meta property=\"og:url\" content=\"https:\/\/www.rgzelt.com\/fr\/reduction-mammaire\/\" \/>\n<meta property=\"og:site_name\" content=\"Plastic Surgeon Montreal - Breast - Body - Face - Surgery | Dr. R.G Zelt\" \/>\n<meta property=\"article:modified_time\" content=\"2022-01-25T23:46:33+00:00\" \/>\n<meta property=\"og:image\" content=\"https:\/\/www.rgzelt.com\/wp-content\/uploads\/2019\/08\/2196.jpg\" \/>\n\t<meta property=\"og:image:width\" content=\"1200\" \/>\n\t<meta property=\"og:image:height\" content=\"600\" \/>\n\t<meta property=\"og:image:type\" content=\"image\/jpeg\" \/>\n<meta name=\"twitter:card\" content=\"summary_large_image\" \/>\n<meta name=\"twitter:label1\" content=\"Estimation du temps de lecture\" \/>\n\t<meta name=\"twitter:data1\" content=\"4 minutes\" \/>\n<script type=\"application\/ld+json\" class=\"yoast-schema-graph\">{\"@context\":\"https:\\\/\\\/schema.org\",\"@graph\":[{\"@type\":\"WebPage\",\"@id\":\"https:\\\/\\\/www.rgzelt.com\\\/fr\\\/reduction-mammaire\\\/\",\"url\":\"https:\\\/\\\/www.rgzelt.com\\\/fr\\\/reduction-mammaire\\\/\",\"name\":\"R\u00e9duction Mammaire \u00e0 Montr\u00e9al\",\"isPartOf\":{\"@id\":\"https:\\\/\\\/www.rgzelt.com\\\/#website\"},\"primaryImageOfPage\":{\"@id\":\"https:\\\/\\\/www.rgzelt.com\\\/fr\\\/reduction-mammaire\\\/#primaryimage\"},\"image\":{\"@id\":\"https:\\\/\\\/www.rgzelt.com\\\/fr\\\/reduction-mammaire\\\/#primaryimage\"},\"thumbnailUrl\":\"https:\\\/\\\/www.rgzelt.com\\\/wp-content\\\/uploads\\\/2019\\\/08\\\/2196.jpg\",\"datePublished\":\"2019-08-05T18:34:26+00:00\",\"dateModified\":\"2022-01-25T23:46:33+00:00\",\"description\":\"Dr Zelt est un sp\u00e9cialiste en chirurgie plastique et esth\u00e9tique. Il offre des services de r\u00e9duction mammaire \u00e0 Montr\u00e9al.\",\"breadcrumb\":{\"@id\":\"https:\\\/\\\/www.rgzelt.com\\\/fr\\\/reduction-mammaire\\\/#breadcrumb\"},\"inLanguage\":\"fr-CA\",\"potentialAction\":[{\"@type\":\"ReadAction\",\"target\":[\"https:\\\/\\\/www.rgzelt.com\\\/fr\\\/reduction-mammaire\\\/\"]}]},{\"@type\":\"ImageObject\",\"inLanguage\":\"fr-CA\",\"@id\":\"https:\\\/\\\/www.rgzelt.com\\\/fr\\\/reduction-mammaire\\\/#primaryimage\",\"url\":\"https:\\\/\\\/www.rgzelt.com\\\/wp-content\\\/uploads\\\/2019\\\/08\\\/2196.jpg\",\"contentUrl\":\"https:\\\/\\\/www.rgzelt.com\\\/wp-content\\\/uploads\\\/2019\\\/08\\\/2196.jpg\",\"width\":1200,\"height\":600},{\"@type\":\"BreadcrumbList\",\"@id\":\"https:\\\/\\\/www.rgzelt.com\\\/fr\\\/reduction-mammaire\\\/#breadcrumb\",\"itemListElement\":[{\"@type\":\"ListItem\",\"position\":1,\"name\":\"Home\",\"item\":\"https:\\\/\\\/www.rgzelt.com\\\/fr\\\/\"},{\"@type\":\"ListItem\",\"position\":2,\"name\":\"R\u00e9duction mammaire\"}]},{\"@type\":\"WebSite\",\"@id\":\"https:\\\/\\\/www.rgzelt.com\\\/#website\",\"url\":\"https:\\\/\\\/www.rgzelt.com\\\/\",\"name\":\"Plastic Surgeon Montreal - Breast - Body - Face - Surgery | Dr. R.G Zelt\",\"description\":\"\",\"potentialAction\":[{\"@type\":\"SearchAction\",\"target\":{\"@type\":\"EntryPoint\",\"urlTemplate\":\"https:\\\/\\\/www.rgzelt.com\\\/?s={search_term_string}\"},\"query-input\":{\"@type\":\"PropertyValueSpecification\",\"valueRequired\":true,\"valueName\":\"search_term_string\"}}],\"inLanguage\":\"fr-CA\"}]}<\/script>\n<!-- \/ Yoast SEO plugin. -->","yoast_head_json":{"title":"R\u00e9duction Mammaire \u00e0 Montr\u00e9al","description":"Dr Zelt est un sp\u00e9cialiste en chirurgie plastique et esth\u00e9tique. Il offre des services de r\u00e9duction mammaire \u00e0 Montr\u00e9al.","robots":{"index":"index","follow":"follow","max-snippet":"max-snippet:-1","max-image-preview":"max-image-preview:large","max-video-preview":"max-video-preview:-1"},"canonical":"https:\/\/www.rgzelt.com\/fr\/reduction-mammaire\/","og_locale":"fr_CA","og_type":"article","og_title":"R\u00e9duction Mammaire \u00e0 Montr\u00e9al","og_description":"Dr Zelt est un sp\u00e9cialiste en chirurgie plastique et esth\u00e9tique. Il offre des services de r\u00e9duction mammaire \u00e0 Montr\u00e9al.","og_url":"https:\/\/www.rgzelt.com\/fr\/reduction-mammaire\/","og_site_name":"Plastic Surgeon Montreal - Breast - Body - Face - Surgery | Dr. R.G Zelt","article_modified_time":"2022-01-25T23:46:33+00:00","og_image":[{"width":1200,"height":600,"url":"https:\/\/www.rgzelt.com\/wp-content\/uploads\/2019\/08\/2196.jpg","type":"image\/jpeg"}],"twitter_card":"summary_large_image","twitter_misc":{"Estimation du temps de lecture":"4 minutes"},"schema":{"@context":"https:\/\/schema.org","@graph":[{"@type":"WebPage","@id":"https:\/\/www.rgzelt.com\/fr\/reduction-mammaire\/","url":"https:\/\/www.rgzelt.com\/fr\/reduction-mammaire\/","name":"R\u00e9duction Mammaire \u00e0 Montr\u00e9al","isPartOf":{"@id":"https:\/\/www.rgzelt.com\/#website"},"primaryImageOfPage":{"@id":"https:\/\/www.rgzelt.com\/fr\/reduction-mammaire\/#primaryimage"},"image":{"@id":"https:\/\/www.rgzelt.com\/fr\/reduction-mammaire\/#primaryimage"},"thumbnailUrl":"https:\/\/www.rgzelt.com\/wp-content\/uploads\/2019\/08\/2196.jpg","datePublished":"2019-08-05T18:34:26+00:00","dateModified":"2022-01-25T23:46:33+00:00","description":"Dr Zelt est un sp\u00e9cialiste en chirurgie plastique et esth\u00e9tique. Il offre des services de r\u00e9duction mammaire \u00e0 Montr\u00e9al.","breadcrumb":{"@id":"https:\/\/www.rgzelt.com\/fr\/reduction-mammaire\/#breadcrumb"},"inLanguage":"fr-CA","potentialAction":[{"@type":"ReadAction","target":["https:\/\/www.rgzelt.com\/fr\/reduction-mammaire\/"]}]},{"@type":"ImageObject","inLanguage":"fr-CA","@id":"https:\/\/www.rgzelt.com\/fr\/reduction-mammaire\/#primaryimage","url":"https:\/\/www.rgzelt.com\/wp-content\/uploads\/2019\/08\/2196.jpg","contentUrl":"https:\/\/www.rgzelt.com\/wp-content\/uploads\/2019\/08\/2196.jpg","width":1200,"height":600},{"@type":"BreadcrumbList","@id":"https:\/\/www.rgzelt.com\/fr\/reduction-mammaire\/#breadcrumb","itemListElement":[{"@type":"ListItem","position":1,"name":"Home","item":"https:\/\/www.rgzelt.com\/fr\/"},{"@type":"ListItem","position":2,"name":"R\u00e9duction mammaire"}]},{"@type":"WebSite","@id":"https:\/\/www.rgzelt.com\/#website","url":"https:\/\/www.rgzelt.com\/","name":"Plastic Surgeon Montreal - Breast - Body - Face - Surgery | Dr. R.G Zelt","description":"","potentialAction":[{"@type":"SearchAction","target":{"@type":"EntryPoint","urlTemplate":"https:\/\/www.rgzelt.com\/?s={search_term_string}"},"query-input":{"@type":"PropertyValueSpecification","valueRequired":true,"valueName":"search_term_string"}}],"inLanguage":"fr-CA"}]}},"uagb_featured_image_src":{"full":["https:\/\/www.rgzelt.com\/wp-content\/uploads\/2019\/08\/2196.jpg",1200,600,false],"thumbnail":["https:\/\/www.rgzelt.com\/wp-content\/uploads\/2019\/08\/2196-300x300.jpg",300,300,true],"medium":["https:\/\/www.rgzelt.com\/wp-content\/uploads\/2019\/08\/2196-300x150.jpg",300,150,true],"medium_large":["https:\/\/www.rgzelt.com\/wp-content\/uploads\/2019\/08\/2196-768x384.jpg",768,384,true],"large":["https:\/\/www.rgzelt.com\/wp-content\/uploads\/2019\/08\/2196-1024x512.jpg",1024,512,true],"1536x1536":["https:\/\/www.rgzelt.com\/wp-content\/uploads\/2019\/08\/2196.jpg",1200,600,false],"2048x2048":["https:\/\/www.rgzelt.com\/wp-content\/uploads\/2019\/08\/2196.jpg",1200,600,false]},"uagb_author_info":{"display_name":"sitentry","author_link":"https:\/\/www.rgzelt.com\/fr\/author\/sitentry\/"},"uagb_comment_info":0,"uagb_excerpt":"This surgery reduces the volume of the breasts and lifts them into a more youthful, pleasing position on the chest.","_links":{"self":[{"href":"https:\/\/www.rgzelt.com\/fr\/wp-json\/wp\/v2\/pages\/756","targetHints":{"allow":["GET"]}}],"collection":[{"href":"https:\/\/www.rgzelt.com\/fr\/wp-json\/wp\/v2\/pages"}],"about":[{"href":"https:\/\/www.rgzelt.com\/fr\/wp-json\/wp\/v2\/types\/page"}],"author":[{"embeddable":true,"href":"https:\/\/www.rgzelt.com\/fr\/wp-json\/wp\/v2\/users\/1"}],"replies":[{"embeddable":true,"href":"https:\/\/www.rgzelt.com\/fr\/wp-json\/wp\/v2\/comments?post=756"}],"version-history":[{"count":2,"href":"https:\/\/www.rgzelt.com\/fr\/wp-json\/wp\/v2\/pages\/756\/revisions"}],"predecessor-version":[{"id":2499,"href":"https:\/\/www.rgzelt.com\/fr\/wp-json\/wp\/v2\/pages\/756\/revisions\/2499"}],"wp:featuredmedia":[{"embeddable":true,"href":"https:\/\/www.rgzelt.com\/fr\/wp-json\/wp\/v2\/media\/327"}],"wp:attachment":[{"href":"https:\/\/www.rgzelt.com\/fr\/wp-json\/wp\/v2\/media?parent=756"}],"wp:term":[{"taxonomy":"procedure","embeddable":true,"href":"https:\/\/www.rgzelt.com\/fr\/wp-json\/wp\/v2\/procedure?post=756"}],"curies":[{"name":"wp","href":"https:\/\/api.w.org\/{rel}","templated":true}]}}