{"id":757,"date":"2019-08-05T18:34:14","date_gmt":"2019-08-05T18:34:14","guid":{"rendered":"http:\/\/104.152.168.27\/~bestsurgeon5\/breast-lift-mastopexy\/"},"modified":"2019-08-26T15:51:14","modified_gmt":"2019-08-26T15:51:14","slug":"redrapage-mammaire-mastopexie","status":"publish","type":"page","link":"https:\/\/www.rgzelt.com\/fr\/redrapage-mammaire-mastopexie\/","title":{"rendered":"Redrapage mammaire (Mastopexie)"},"content":{"rendered":"\n<p>Les femmes avec une perte de volume et un affaissement des seins sont des candidates id\u00e9ales pour une op\u00e9ration de redrapage mammaire. Ces changements se produisent dans le cadre d\u2019un processus normal de vieillissement et sont aussi fr\u00e9quents apr\u00e8s une perte de poids. En utilisant des incisions discr\u00e8tes, les seins et les mamelons sont soulev\u00e9s pour atteindre une position plus jeune sur votre poitrine. Cette op\u00e9ration est fr\u00e9quemment combin\u00e9e \u00e0 une augmentation pour obtenir des seins de plus grand volume et l\u2019am\u00e9lioration de leur projection apr\u00e8s une op\u00e9ration de redrapage. Un redrapage mammaire est g\u00e9n\u00e9ralement fait sous une anesth\u00e9sie g\u00e9n\u00e9rale l\u00e9g\u00e8re sans hospitalisation. L\u2019op\u00e9ration dure habituellement de 1 h \u00e0 1 h 30 et les patientes partent de l\u2019\u00e9tablissement chirurgical priv\u00e9 avec seulement un bandage l\u00e9ger sur chaque sein. Une convalescence rapide et sans histoire apr\u00e8s le redrapage mammaire permet \u00e0 la plupart des patientes de reprendre le travail en quelques jours apr\u00e8s l\u2019op\u00e9ration.<\/p>\n\n\n\n<h2 class=\"wp-block-heading\"><strong>Que peut m\u2019apporter un redrapage mammaire?<\/strong><\/h2>\n\n\n\n<p>Chaque femme qui consid\u00e8re le redrapage mammaire a ses raisons personnelles. La plus fr\u00e9quente est de simplement se sentir mieux dans sa peau et plus f\u00e9minine et pour sa satisfaction personnelle. Ces sentiments sont v\u00e9cus chaque jour rapidement apr\u00e8s un redrapage mammaire, et ce, d\u00e8s le matin en se regardant dans le miroir de la salle de bain et ils continuent tout au long de la journ\u00e9e en voyant et ressentant comment l\u2019on se sent dans les v\u00eatements et les maillots de bain.<\/p>\n\n\n\n<h2 class=\"wp-block-heading\"><strong>Comment fait-on un redrapage des seins?<\/strong><\/h2>\n\n\n\n<p>Le redrapage mammaire est personnalis\u00e9 selon les besoins de chaque patiente. Certaines n\u2019ont besoin que d\u2019un replacement mineur des mamelons tandis que les seins de certaines doivent \u00eatre lift\u00e9s et leur volume doit \u00eatre r\u00e9duit. Les incisions sont situ\u00e9es autour de l\u2019ar\u00e9ole et seulement dans la partie inf\u00e9rieure du sein. Le type et la position des incisions sont personnalis\u00e9s pour r\u00e9pondre aux besoins et aux objectifs de chaque patiente. Dans la plupart des cas, les mamelons sont soulev\u00e9s pour \u00eatre plac\u00e9s dans une position plus jeune sur le sein et l\u2019exc\u00e8s de peau et de tissus mammaires est retir\u00e9. Toutes les incisions sont ferm\u00e9es \u00e0 l\u2019aide de sutures qui sont enfouies, et qui se r\u00e9sorbent d\u2019elles-m\u00eames et sont invisibles pour la patiente. Les patientes partent pour la maison avec un l\u00e9ger pansement en place seulement que Dr Zelt retirera lors de la premi\u00e8re visite postop\u00e9ratoire quelques jours plus tard.<\/p>\n\n\n\n<h2 class=\"wp-block-heading\"><strong>O\u00f9 sera faite l\u2019op\u00e9ration\u2009?<\/strong><\/h2>\n\n\n\n<p>Les&nbsp;redrapages mammaires sont faits dans l\u2019un des deux \u00e9tablissements chirurgicaux priv\u00e9s agr\u00e9\u00e9s.<br>Cette op\u00e9ration est rarement faite dans une salle d\u2019op\u00e9ration \u00e0 l\u2019h\u00f4pital et peut demander un s\u00e9jour d\u2019une nuit.<\/p>\n\n\n\n<figure class=\"wp-block-image\"><img loading=\"lazy\" decoding=\"async\" width=\"1024\" height=\"512\" src=\"http:\/\/www.rgzelt.com\/wp-content\/uploads\/2019\/08\/5-1-1024x512.jpg\" alt=\"\" class=\"wp-image-636\" srcset=\"https:\/\/www.rgzelt.com\/wp-content\/uploads\/2019\/08\/5-1-1024x512.jpg 1024w, https:\/\/www.rgzelt.com\/wp-content\/uploads\/2019\/08\/5-1-300x150.jpg 300w, https:\/\/www.rgzelt.com\/wp-content\/uploads\/2019\/08\/5-1-768x384.jpg 768w, https:\/\/www.rgzelt.com\/wp-content\/uploads\/2019\/08\/5-1.jpg 1200w\" sizes=\"auto, (max-width: 1024px) 100vw, 1024px\" \/><\/figure>\n\n\n\n<h2 class=\"wp-block-heading\"><strong>Combien de temps prend l\u2019op\u00e9ration\u2009?<\/strong><\/h2>\n\n\n\n<p>Dans la plupart des cas, l\u2019intervention prend de 1 h \u00e0 2 h selon la complexit\u00e9 du plan op\u00e9ratoire.<\/p>\n\n\n\n<h2 class=\"wp-block-heading\"><strong>Quel type d\u2019anesth\u00e9sie sera requis?<\/strong><\/h2>\n\n\n\n<p>L\u2019anesth\u00e9sie g\u00e9n\u00e9rale est la m\u00e9thode d\u2019anesth\u00e9sie pr\u00e9f\u00e9r\u00e9e.<\/p>\n\n\n\n<h2 class=\"wp-block-heading\"><strong>Est-ce qu\u2019une augmentation mammaire peut \u00eatre faite en m\u00eame temps?<\/strong><\/h2>\n\n\n\n<p>Oui, les patientes ont souvent choisi de combiner les interventions de redrapage mammaire et d\u2019augmentation mammaire. L\u2019augmentation mammaire ajoutera environ 30 \u00e0 45 minutes \u00e0 l\u2019op\u00e9ration de redrapage mammaire.<\/p>\n\n\n\n<h2 class=\"wp-block-heading\"><strong>De quoi mes seins auront-ils l\u2019air apr\u00e8s l\u2019op\u00e9ration?<\/strong><\/h2>\n\n\n\n<p>Apr\u00e8s un redrapage mammaire, beaucoup de patientes remarqueront que leurs seins sont l\u00e9g\u00e8rement plus hauts et qu\u2019ils pointent plus bas que pr\u00e9vu. Cela est normal et ils prendront une position plus normale et se transformeront pour adopter la forme harmonieuse d\u00e9sir\u00e9e dans les semaines apr\u00e8s l\u2019op\u00e9ration.<\/p>\n\n\n\n<h2 class=\"wp-block-heading\"><strong>Quand puis-je reprendre mes activit\u00e9s normales?<\/strong><\/h2>\n\n\n\n<p>La plupart des patientes peuvent reprendre une l\u00e9g\u00e8re activit\u00e9 et travailler quelques jours apr\u00e8s l\u2019op\u00e9ration. Un retour aux activit\u00e9s physiques normales, y compris les sports, est permis apr\u00e8s 4 semaines.<\/p>\n\n\n\n<h2 class=\"wp-block-heading\"><strong>Est-ce que le redrapage mammaire comporte des risques?<\/strong><\/h2>\n\n\n\n<p>De fa\u00e7on g\u00e9n\u00e9rale, ce type d\u2019intervention est tr\u00e8s s\u00e9curitaire et fiable. Pendant la consultation en clinique, Dr Zelt discutera avec vous des complications et des risques associ\u00e9s. Heureusement, la plupart sont tr\u00e8s rares et la grande majorit\u00e9 des patientes connaissent une op\u00e9ration et une p\u00e9riode de gu\u00e9rison sans histoire.<\/p>\n\n\n\n<p>Pri\u00e8re de nous\u00a0<a href=\"http:\/\/www.rgzelt.com\/fr\/contact\/\">contacter pour toutes questions ou pr\u00e9occupations<\/a>.<\/p>\n","protected":false},"excerpt":{"rendered":"<p>Women who experience loss of volume and sagging of their breasts are ideal candidates for a breast lift procedure.<\/p>\n","protected":false},"author":1,"featured_media":325,"parent":0,"menu_order":3,"comment_status":"closed","ping_status":"closed","template":"","meta":{"_uag_custom_page_level_css":"","footnotes":""},"procedure":[14],"class_list":["post-757","page","type-page","status-publish","has-post-thumbnail","hentry","procedure-seins"],"featured_image_urls_v2":{"full":["https:\/\/www.rgzelt.com\/wp-content\/uploads\/2019\/08\/2191-2.jpg",1200,600,false],"thumbnail":["https:\/\/www.rgzelt.com\/wp-content\/uploads\/2019\/08\/2191-2-300x300.jpg",300,300,true],"medium":["https:\/\/www.rgzelt.com\/wp-content\/uploads\/2019\/08\/2191-2-300x150.jpg",300,150,true],"medium_large":["https:\/\/www.rgzelt.com\/wp-content\/uploads\/2019\/08\/2191-2-768x384.jpg",768,384,true],"large":["https:\/\/www.rgzelt.com\/wp-content\/uploads\/2019\/08\/2191-2-1024x512.jpg",1024,512,true],"1536x1536":["https:\/\/www.rgzelt.com\/wp-content\/uploads\/2019\/08\/2191-2.jpg",1200,600,false],"2048x2048":["https:\/\/www.rgzelt.com\/wp-content\/uploads\/2019\/08\/2191-2.jpg",1200,600,false]},"post_excerpt_stackable_v2":"<p>Women who experience loss of volume and sagging of their breasts are ideal candidates for a breast lift procedure.<\/p>\n","category_list_v2":"","author_info_v2":{"name":"sitentry","url":"https:\/\/www.rgzelt.com\/fr\/author\/sitentry\/"},"comments_num_v2":"0 comments","yoast_head":"<!-- This site is optimized with the Yoast SEO plugin v27.6 - https:\/\/yoast.com\/product\/yoast-seo-wordpress\/ -->\n<title>Redrapage Mammaire Montr\u00e9al<\/title>\n<meta name=\"description\" content=\"Redrapage mammaire Montr\u00e9al par Dr. Zelt.\" \/>\n<meta name=\"robots\" content=\"index, follow, max-snippet:-1, max-image-preview:large, max-video-preview:-1\" \/>\n<link rel=\"canonical\" href=\"https:\/\/www.rgzelt.com\/fr\/redrapage-mammaire-mastopexie\/\" \/>\n<meta property=\"og:locale\" content=\"fr_CA\" \/>\n<meta property=\"og:type\" content=\"article\" \/>\n<meta property=\"og:title\" content=\"Redrapage Mammaire Montr\u00e9al\" \/>\n<meta property=\"og:description\" content=\"Redrapage mammaire Montr\u00e9al par Dr. Zelt.\" \/>\n<meta property=\"og:url\" content=\"https:\/\/www.rgzelt.com\/fr\/redrapage-mammaire-mastopexie\/\" \/>\n<meta property=\"og:site_name\" content=\"Plastic Surgeon Montreal - Breast - Body - Face - Surgery | Dr. R.G Zelt\" \/>\n<meta property=\"article:modified_time\" content=\"2019-08-26T15:51:14+00:00\" \/>\n<meta property=\"og:image\" content=\"https:\/\/www.rgzelt.com\/wp-content\/uploads\/2019\/08\/2191-2.jpg\" \/>\n\t<meta property=\"og:image:width\" content=\"1200\" \/>\n\t<meta property=\"og:image:height\" content=\"600\" \/>\n\t<meta property=\"og:image:type\" content=\"image\/jpeg\" \/>\n<meta name=\"twitter:card\" content=\"summary_large_image\" \/>\n<meta name=\"twitter:label1\" content=\"Estimation du temps de lecture\" \/>\n\t<meta name=\"twitter:data1\" content=\"4 minutes\" \/>\n<script type=\"application\/ld+json\" class=\"yoast-schema-graph\">{\"@context\":\"https:\\\/\\\/schema.org\",\"@graph\":[{\"@type\":\"WebPage\",\"@id\":\"https:\\\/\\\/www.rgzelt.com\\\/fr\\\/redrapage-mammaire-mastopexie\\\/\",\"url\":\"https:\\\/\\\/www.rgzelt.com\\\/fr\\\/redrapage-mammaire-mastopexie\\\/\",\"name\":\"Redrapage Mammaire Montr\u00e9al\",\"isPartOf\":{\"@id\":\"https:\\\/\\\/www.rgzelt.com\\\/#website\"},\"primaryImageOfPage\":{\"@id\":\"https:\\\/\\\/www.rgzelt.com\\\/fr\\\/redrapage-mammaire-mastopexie\\\/#primaryimage\"},\"image\":{\"@id\":\"https:\\\/\\\/www.rgzelt.com\\\/fr\\\/redrapage-mammaire-mastopexie\\\/#primaryimage\"},\"thumbnailUrl\":\"https:\\\/\\\/www.rgzelt.com\\\/wp-content\\\/uploads\\\/2019\\\/08\\\/2191-2.jpg\",\"datePublished\":\"2019-08-05T18:34:14+00:00\",\"dateModified\":\"2019-08-26T15:51:14+00:00\",\"description\":\"Redrapage mammaire Montr\u00e9al par Dr. Zelt.\",\"breadcrumb\":{\"@id\":\"https:\\\/\\\/www.rgzelt.com\\\/fr\\\/redrapage-mammaire-mastopexie\\\/#breadcrumb\"},\"inLanguage\":\"fr-CA\",\"potentialAction\":[{\"@type\":\"ReadAction\",\"target\":[\"https:\\\/\\\/www.rgzelt.com\\\/fr\\\/redrapage-mammaire-mastopexie\\\/\"]}]},{\"@type\":\"ImageObject\",\"inLanguage\":\"fr-CA\",\"@id\":\"https:\\\/\\\/www.rgzelt.com\\\/fr\\\/redrapage-mammaire-mastopexie\\\/#primaryimage\",\"url\":\"https:\\\/\\\/www.rgzelt.com\\\/wp-content\\\/uploads\\\/2019\\\/08\\\/2191-2.jpg\",\"contentUrl\":\"https:\\\/\\\/www.rgzelt.com\\\/wp-content\\\/uploads\\\/2019\\\/08\\\/2191-2.jpg\",\"width\":1200,\"height\":600},{\"@type\":\"BreadcrumbList\",\"@id\":\"https:\\\/\\\/www.rgzelt.com\\\/fr\\\/redrapage-mammaire-mastopexie\\\/#breadcrumb\",\"itemListElement\":[{\"@type\":\"ListItem\",\"position\":1,\"name\":\"Home\",\"item\":\"https:\\\/\\\/www.rgzelt.com\\\/fr\\\/\"},{\"@type\":\"ListItem\",\"position\":2,\"name\":\"Redrapage mammaire (Mastopexie)\"}]},{\"@type\":\"WebSite\",\"@id\":\"https:\\\/\\\/www.rgzelt.com\\\/#website\",\"url\":\"https:\\\/\\\/www.rgzelt.com\\\/\",\"name\":\"Plastic Surgeon Montreal - Breast - Body - Face - Surgery | Dr. R.G Zelt\",\"description\":\"\",\"potentialAction\":[{\"@type\":\"SearchAction\",\"target\":{\"@type\":\"EntryPoint\",\"urlTemplate\":\"https:\\\/\\\/www.rgzelt.com\\\/?s={search_term_string}\"},\"query-input\":{\"@type\":\"PropertyValueSpecification\",\"valueRequired\":true,\"valueName\":\"search_term_string\"}}],\"inLanguage\":\"fr-CA\"}]}<\/script>\n<!-- \/ Yoast SEO plugin. -->","yoast_head_json":{"title":"Redrapage Mammaire Montr\u00e9al","description":"Redrapage mammaire Montr\u00e9al par Dr. Zelt.","robots":{"index":"index","follow":"follow","max-snippet":"max-snippet:-1","max-image-preview":"max-image-preview:large","max-video-preview":"max-video-preview:-1"},"canonical":"https:\/\/www.rgzelt.com\/fr\/redrapage-mammaire-mastopexie\/","og_locale":"fr_CA","og_type":"article","og_title":"Redrapage Mammaire Montr\u00e9al","og_description":"Redrapage mammaire Montr\u00e9al par Dr. Zelt.","og_url":"https:\/\/www.rgzelt.com\/fr\/redrapage-mammaire-mastopexie\/","og_site_name":"Plastic Surgeon Montreal - Breast - Body - Face - Surgery | Dr. R.G Zelt","article_modified_time":"2019-08-26T15:51:14+00:00","og_image":[{"width":1200,"height":600,"url":"https:\/\/www.rgzelt.com\/wp-content\/uploads\/2019\/08\/2191-2.jpg","type":"image\/jpeg"}],"twitter_card":"summary_large_image","twitter_misc":{"Estimation du temps de lecture":"4 minutes"},"schema":{"@context":"https:\/\/schema.org","@graph":[{"@type":"WebPage","@id":"https:\/\/www.rgzelt.com\/fr\/redrapage-mammaire-mastopexie\/","url":"https:\/\/www.rgzelt.com\/fr\/redrapage-mammaire-mastopexie\/","name":"Redrapage Mammaire Montr\u00e9al","isPartOf":{"@id":"https:\/\/www.rgzelt.com\/#website"},"primaryImageOfPage":{"@id":"https:\/\/www.rgzelt.com\/fr\/redrapage-mammaire-mastopexie\/#primaryimage"},"image":{"@id":"https:\/\/www.rgzelt.com\/fr\/redrapage-mammaire-mastopexie\/#primaryimage"},"thumbnailUrl":"https:\/\/www.rgzelt.com\/wp-content\/uploads\/2019\/08\/2191-2.jpg","datePublished":"2019-08-05T18:34:14+00:00","dateModified":"2019-08-26T15:51:14+00:00","description":"Redrapage mammaire Montr\u00e9al par Dr. Zelt.","breadcrumb":{"@id":"https:\/\/www.rgzelt.com\/fr\/redrapage-mammaire-mastopexie\/#breadcrumb"},"inLanguage":"fr-CA","potentialAction":[{"@type":"ReadAction","target":["https:\/\/www.rgzelt.com\/fr\/redrapage-mammaire-mastopexie\/"]}]},{"@type":"ImageObject","inLanguage":"fr-CA","@id":"https:\/\/www.rgzelt.com\/fr\/redrapage-mammaire-mastopexie\/#primaryimage","url":"https:\/\/www.rgzelt.com\/wp-content\/uploads\/2019\/08\/2191-2.jpg","contentUrl":"https:\/\/www.rgzelt.com\/wp-content\/uploads\/2019\/08\/2191-2.jpg","width":1200,"height":600},{"@type":"BreadcrumbList","@id":"https:\/\/www.rgzelt.com\/fr\/redrapage-mammaire-mastopexie\/#breadcrumb","itemListElement":[{"@type":"ListItem","position":1,"name":"Home","item":"https:\/\/www.rgzelt.com\/fr\/"},{"@type":"ListItem","position":2,"name":"Redrapage mammaire (Mastopexie)"}]},{"@type":"WebSite","@id":"https:\/\/www.rgzelt.com\/#website","url":"https:\/\/www.rgzelt.com\/","name":"Plastic Surgeon Montreal - Breast - Body - Face - Surgery | Dr. R.G Zelt","description":"","potentialAction":[{"@type":"SearchAction","target":{"@type":"EntryPoint","urlTemplate":"https:\/\/www.rgzelt.com\/?s={search_term_string}"},"query-input":{"@type":"PropertyValueSpecification","valueRequired":true,"valueName":"search_term_string"}}],"inLanguage":"fr-CA"}]}},"uagb_featured_image_src":{"full":["https:\/\/www.rgzelt.com\/wp-content\/uploads\/2019\/08\/2191-2.jpg",1200,600,false],"thumbnail":["https:\/\/www.rgzelt.com\/wp-content\/uploads\/2019\/08\/2191-2-300x300.jpg",300,300,true],"medium":["https:\/\/www.rgzelt.com\/wp-content\/uploads\/2019\/08\/2191-2-300x150.jpg",300,150,true],"medium_large":["https:\/\/www.rgzelt.com\/wp-content\/uploads\/2019\/08\/2191-2-768x384.jpg",768,384,true],"large":["https:\/\/www.rgzelt.com\/wp-content\/uploads\/2019\/08\/2191-2-1024x512.jpg",1024,512,true],"1536x1536":["https:\/\/www.rgzelt.com\/wp-content\/uploads\/2019\/08\/2191-2.jpg",1200,600,false],"2048x2048":["https:\/\/www.rgzelt.com\/wp-content\/uploads\/2019\/08\/2191-2.jpg",1200,600,false]},"uagb_author_info":{"display_name":"sitentry","author_link":"https:\/\/www.rgzelt.com\/fr\/author\/sitentry\/"},"uagb_comment_info":0,"uagb_excerpt":"Women who experience loss of volume and sagging of their breasts are ideal candidates for a breast lift procedure.","_links":{"self":[{"href":"https:\/\/www.rgzelt.com\/fr\/wp-json\/wp\/v2\/pages\/757","targetHints":{"allow":["GET"]}}],"collection":[{"href":"https:\/\/www.rgzelt.com\/fr\/wp-json\/wp\/v2\/pages"}],"about":[{"href":"https:\/\/www.rgzelt.com\/fr\/wp-json\/wp\/v2\/types\/page"}],"author":[{"embeddable":true,"href":"https:\/\/www.rgzelt.com\/fr\/wp-json\/wp\/v2\/users\/1"}],"replies":[{"embeddable":true,"href":"https:\/\/www.rgzelt.com\/fr\/wp-json\/wp\/v2\/comments?post=757"}],"version-history":[{"count":0,"href":"https:\/\/www.rgzelt.com\/fr\/wp-json\/wp\/v2\/pages\/757\/revisions"}],"wp:featuredmedia":[{"embeddable":true,"href":"https:\/\/www.rgzelt.com\/fr\/wp-json\/wp\/v2\/media\/325"}],"wp:attachment":[{"href":"https:\/\/www.rgzelt.com\/fr\/wp-json\/wp\/v2\/media?parent=757"}],"wp:term":[{"taxonomy":"procedure","embeddable":true,"href":"https:\/\/www.rgzelt.com\/fr\/wp-json\/wp\/v2\/procedure?post=757"}],"curies":[{"name":"wp","href":"https:\/\/api.w.org\/{rel}","templated":true}]}}