{"id":759,"date":"2019-08-05T18:33:43","date_gmt":"2019-08-05T18:33:43","guid":{"rendered":"http:\/\/104.152.168.27\/~bestsurgeon5\/breast-augmentation\/"},"modified":"2019-08-26T15:46:35","modified_gmt":"2019-08-26T15:46:35","slug":"augmentation-mammaire","status":"publish","type":"page","link":"https:\/\/www.rgzelt.com\/fr\/augmentation-mammaire\/","title":{"rendered":"Augmentation mammaire"},"content":{"rendered":"\n<p>Dr Ronald G. Zelt est un chirurgien plasticien dipl\u00f4m\u00e9 prim\u00e9 comptant 25 ans d\u2019expertise dans le domaine de la chirurgie mammaire et dans celui du remodelage corporel. Ses talents en chirurgie n\u2019ont d\u2019\u00e9gal que sa gentillesse, son esprit terre-\u00e0-terre et sa personnalit\u00e9 facile d\u2019approche. Il \u00e9coute attentivement pour comprendre les besoins, les d\u00e9sirs et les pr\u00e9occupations de chaque personne, aidant ainsi ses patients \u00e0 atteindre leurs objectifs esth\u00e9tiques avec des attentes r\u00e9alistes.<\/p>\n\n\n\n<ul class=\"wp-block-list\"><li>Le d\u00e9sir d\u2019augmenter simplement la taille et la projection des seins<\/li><li>Grossir les seins pour avoir un corps plus proportionnel<\/li><li>Corriger la forme et la taille des seins apr\u00e8s l\u2019allaitement<\/li><li>Am\u00e9liorer l\u2019\u00e9quilibre entre des seins de tailles diff\u00e9rentes<\/li><\/ul>\n\n\n\n<p>L\u2019augmentation mammaire est g\u00e9n\u00e9ralement faite sous une anesth\u00e9sie g\u00e9n\u00e9rale l\u00e9g\u00e8re sans hospitalisation. L\u2019op\u00e9ration dure habituellement de 1 h \u00e0 1 h 30 et les patientes partent de l\u2019\u00e9tablissement chirurgical priv\u00e9 avec seulement un bandage l\u00e9ger sur chaque sein. Une convalescence rapide et sans histoire apr\u00e8s l\u2019augmentation mammaire permet \u00e0 la plupart des patientes de reprendre le travail en quelques jours apr\u00e8s l\u2019op\u00e9ration.<\/p>\n\n\n\n<h2 class=\"wp-block-heading\"><strong>Que peut m\u2019apporter une augmentation mammaire\u2009?<\/strong><\/h2>\n\n\n\n<p>Chaque femme qui consid\u00e8re l\u2019augmentation mammaire a ses raisons personnelles. La plus fr\u00e9quente est de simplement se sentir mieux dans sa peau et plus f\u00e9minine et pour sa satisfaction personnelle. Ces sentiments sont v\u00e9cus chaque jour rapidement apr\u00e8s l\u2019augmentation mammaire, et ce, d\u00e8s le matin en se regardant dans le miroir de la salle de bain et continuent tout au long de la journ\u00e9e en voyant et ressentant \u00e0 quel point les v\u00eatements et les maillots de bain sont mieux combl\u00e9s.<\/p>\n\n\n\n<h2 class=\"wp-block-heading\"><strong>Comment augmente-t-on les seins\u2009?<\/strong><\/h2>\n\n\n\n<p>L\u2019augmentation mammaire est faite par le biais de petites incisions sur les seins. Apr\u00e8s avoir cr\u00e9\u00e9 un espace ou \u00ab\u2009poche\u2009\u00bb, un implant est rempli, soit de silicone ou d\u2019eau saline, pour ensuite \u00eatre ins\u00e9r\u00e9. L\u2019implant ne fait pas qu\u2019augmenter la taille ou le volume du sein, mais il aide aussi \u00e0 am\u00e9liorer sa forme et sa projection esth\u00e9tiques.<\/p>\n\n\n\n<h2 class=\"wp-block-heading\"><strong>O\u00f9 sera faite l\u2019op\u00e9ration?<\/strong><\/h2>\n\n\n\n<p>Les augmentations mammaires sont faites dans l\u2019un des deux \u00e9tablissements chirurgicaux priv\u00e9s agr\u00e9\u00e9s.<\/p>\n\n\n\n<h2 class=\"wp-block-heading\"><strong>Combien de temps l\u2019op\u00e9ration dure-t-elle\u2009?<\/strong><\/h2>\n\n\n\n<p>Elle dure dans la plupart des cas de 1 h \u00e0 1 h 30. Apr\u00e8s une courte p\u00e9riode pass\u00e9e dans la salle de r\u00e9veil, les patientes retournent \u00e0 la maison le m\u00eame jour.<\/p>\n\n\n\n<h2 class=\"wp-block-heading\"><strong>Quel type d\u2019anesth\u00e9sie sera requis\u2009?<\/strong><\/h2>\n\n\n\n<p>L\u2019anesth\u00e9sie g\u00e9n\u00e9rale est la m\u00e9thode d\u2019anesth\u00e9sie pr\u00e9f\u00e9r\u00e9e.<\/p>\n\n\n\n<div class=\"wp-block-image\"><figure class=\"aligncenter\"><img loading=\"lazy\" decoding=\"async\" width=\"1024\" height=\"512\" src=\"http:\/\/www.rgzelt.com\/wp-content\/uploads\/2019\/08\/2-1-1024x512.jpg\" alt=\"\" class=\"wp-image-629\" srcset=\"https:\/\/www.rgzelt.com\/wp-content\/uploads\/2019\/08\/2-1-1024x512.jpg 1024w, https:\/\/www.rgzelt.com\/wp-content\/uploads\/2019\/08\/2-1-300x150.jpg 300w, https:\/\/www.rgzelt.com\/wp-content\/uploads\/2019\/08\/2-1-768x384.jpg 768w, https:\/\/www.rgzelt.com\/wp-content\/uploads\/2019\/08\/2-1.jpg 1200w\" sizes=\"auto, (max-width: 1024px) 100vw, 1024px\" \/><\/figure><\/div>\n\n\n\n<h2 class=\"wp-block-heading\"><strong>O\u00f9 seront situ\u00e9es les incisions\u2009?<\/strong><\/h2>\n\n\n\n<p>Les patientes auront le choix de l\u2019emplacement des incisions.<\/p>\n\n\n\n<p><strong>Inframammaire<\/strong>\u00a0\u2013 C\u2019est de loin l\u2019incision la plus populaire, elle est situ\u00e9e dans un pli sous le sein. Mesurant habituellement de 3 \u00e0 4 cm de longueur, elle est rarement visible en position debout apr\u00e8s l\u2019augmentation.<br><strong>P\u00e9riar\u00e9olaire<\/strong>\u00a0\u2013 Cette incision est situ\u00e9e sur le pourtour ext\u00e9rieur de l\u2019ar\u00e9ole et certains pensent qu\u2019elle est la mieux dissimul\u00e9e des trois choix. Compar\u00e9 aux autres incisions, cet emplacement est plus souvent li\u00e9 \u00e0 des probl\u00e8mes d\u2019allaitement.<br><strong>Transaxillaire<\/strong>\u00a0\u2013 Cette incision est situ\u00e9e dans la r\u00e9gion de l\u2019aisselle. Placer les implants \u00e0 travers ces incisions est un peu plus difficile, en particulier en utilisant ceux en silicone. La plupart des implants ins\u00e9r\u00e9s par ces incisions sont remplis de solution saline.<\/p>\n\n\n\n<h2 class=\"wp-block-heading\"><strong>\u00c0 quel endroit dans le sein les implants seront-ils plac\u00e9s\u2009?<\/strong><\/h2>\n\n\n\n<p>Les patientes ont encore une fois des choix \u00e0 faire. Il existe deux espaces o\u00f9 les implants peuvent \u00eatre plac\u00e9s : sous les tissus mammaires (sous-glandulaire) ou sous le muscle majeur de la poitrine, le muscle grand pectoral (sous-musculaire).<\/p>\n\n\n\n<p><strong>Sous-glandulaire<\/strong>&nbsp;\u2013 Il s\u2019agit de l\u2019emplacement le plus fr\u00e9quent demandant une dissection moindre en comparaison de l\u2019emplacement sous-musculaire, ce qui permet de r\u00e9duire le malaise postop\u00e9ratoire et procure une convalescence plus rapide. L\u2019augmentation mammaire r\u00e9alis\u00e9e de cette mani\u00e8re \u00e0 tendance \u00e0 \u00eatre plus mobile et plus naturelle.<br><strong>Sous-musculaire<\/strong>&nbsp;\u2013 Cette technique exige une op\u00e9ration l\u00e9g\u00e8rement plus longue que la m\u00e9thode sous-glandulaire. Elle est souvent utilis\u00e9e chez les patientes pr\u00e9sentant des tissus mous tr\u00e8s minces ou de petites quantit\u00e9s de tissus mammaires. L\u2019emplacement sous-musculaire est l\u00e9g\u00e8rement plus douloureux et le retour au fonctionnement normal prend un peu plus de temps.<\/p>\n\n\n\n<p>La d\u00e9cision de placer l\u2019implant dans ces deux r\u00e9gions est prise apr\u00e8s avoir examin\u00e9 avec soin un bon nombre de facteurs tels que la qualit\u00e9 des tissus mous et de la graisse de la patiente, la taille et la forme des seins, le niveau d\u2019activit\u00e9 et plusieurs autres. Tout cela sera discut\u00e9 pendant la consultation en clinique.<\/p>\n\n\n\n<h2 class=\"wp-block-heading\"><strong>Quels seront les effets postop\u00e9ratoires sur mes seins\u2009?<\/strong><\/h2>\n\n\n\n<p>Apr\u00e8s l\u2019augmentation des seins, certaines patientes sentiront que leur peau est l\u00e9g\u00e8rement plus ferme ou plus tendue. Cela est habituel et retournera \u00e0 la normale une fois que les seins se seront adapt\u00e9s \u00e0 leur nouvelle taille.<\/p>\n\n\n\n<h2 class=\"wp-block-heading\"><strong>Quand puis-je reprendre mes activit\u00e9s normales\u2009?<\/strong><\/h2>\n\n\n\n<p>La plupart des patientes peuvent reprendre une l\u00e9g\u00e8re activit\u00e9 et travailler quelques jours apr\u00e8s l\u2019op\u00e9ration. Un retour aux activit\u00e9s physiques normales, y compris les sports, est permis apr\u00e8s 4 semaines.<\/p>\n\n\n\n<h2 class=\"wp-block-heading\"><strong>Est-ce que l\u2019augmentation mammaire comporte des risques\u2009?<\/strong><\/h2>\n\n\n\n<p>De fa\u00e7on g\u00e9n\u00e9rale, ce type d\u2019intervention est tr\u00e8s s\u00e9curitaire et fiable. Pendant la consultation en clinique, Dr Zelt discutera avec vous des complications et des risques associ\u00e9s. Heureusement, la plupart sont rares et la grande majorit\u00e9 des patientes connaissent une op\u00e9ration et une p\u00e9riode de gu\u00e9rison sans histoire.<\/p>\n\n\n\n<h2 class=\"wp-block-heading\"><strong>Quel type d\u2019implants utilisez-vous\u2009?<\/strong><\/h2>\n\n\n\n<p>Allergan est le fournisseur exclusif d\u2019implants mammaires de notre clinique.<\/p>\n\n\n\n<p>Pour de plus amples questions concernant l\u2019augmentation mammaire ou si vous souhaitez fixer un rendez-vous pour une consultation, pri\u00e8re de\u00a0<a href=\"http:\/\/www.rgzelt.com\/fr\/contact\/\">communiquer avec nous<\/a>.<\/p>\n","protected":false},"excerpt":{"rendered":"<p>Breast augmentation is not only about changing the way you look but about how you feel about yourself and your body.<\/p>\n","protected":false},"author":1,"featured_media":321,"parent":0,"menu_order":1,"comment_status":"closed","ping_status":"closed","template":"","meta":{"_uag_custom_page_level_css":"","footnotes":""},"procedure":[14],"class_list":["post-759","page","type-page","status-publish","has-post-thumbnail","hentry","procedure-seins"],"featured_image_urls_v2":{"full":["https:\/\/www.rgzelt.com\/wp-content\/uploads\/2019\/08\/2180.jpg",1200,600,false],"thumbnail":["https:\/\/www.rgzelt.com\/wp-content\/uploads\/2019\/08\/2180-300x300.jpg",300,300,true],"medium":["https:\/\/www.rgzelt.com\/wp-content\/uploads\/2019\/08\/2180-300x150.jpg",300,150,true],"medium_large":["https:\/\/www.rgzelt.com\/wp-content\/uploads\/2019\/08\/2180-768x384.jpg",768,384,true],"large":["https:\/\/www.rgzelt.com\/wp-content\/uploads\/2019\/08\/2180-1024x512.jpg",1024,512,true],"1536x1536":["https:\/\/www.rgzelt.com\/wp-content\/uploads\/2019\/08\/2180.jpg",1200,600,false],"2048x2048":["https:\/\/www.rgzelt.com\/wp-content\/uploads\/2019\/08\/2180.jpg",1200,600,false]},"post_excerpt_stackable_v2":"<p>Breast augmentation is not only about changing the way you look but about how you feel about yourself and your body.<\/p>\n","category_list_v2":"","author_info_v2":{"name":"sitentry","url":"https:\/\/www.rgzelt.com\/fr\/author\/sitentry\/"},"comments_num_v2":"0 comments","yoast_head":"<!-- This site is optimized with the Yoast SEO plugin v27.4 - https:\/\/yoast.com\/product\/yoast-seo-wordpress\/ -->\n<title>Augmentation Mammaire Montr\u00e9al<\/title>\n<meta name=\"description\" content=\"Augmentation mammaire Montr\u00e9al.\" \/>\n<meta name=\"robots\" content=\"index, follow, max-snippet:-1, max-image-preview:large, max-video-preview:-1\" \/>\n<link rel=\"canonical\" href=\"https:\/\/www.rgzelt.com\/breast-augmentation\/\" \/>\n<meta property=\"og:locale\" content=\"fr_CA\" \/>\n<meta property=\"og:type\" content=\"article\" \/>\n<meta property=\"og:title\" content=\"Augmentation Mammaire Montr\u00e9al\" \/>\n<meta property=\"og:description\" content=\"Augmentation mammaire Montr\u00e9al.\" \/>\n<meta property=\"og:url\" content=\"https:\/\/www.rgzelt.com\/breast-augmentation\/\" \/>\n<meta property=\"og:site_name\" content=\"Plastic Surgeon Montreal - Breast - Body - Face - Surgery | Dr. R.G Zelt\" \/>\n<meta property=\"article:modified_time\" content=\"2019-08-26T15:46:35+00:00\" \/>\n<meta property=\"og:image\" content=\"https:\/\/www.rgzelt.com\/wp-content\/uploads\/2019\/08\/2180.jpg\" \/>\n\t<meta property=\"og:image:width\" content=\"1200\" \/>\n\t<meta property=\"og:image:height\" content=\"600\" \/>\n\t<meta property=\"og:image:type\" content=\"image\/jpeg\" \/>\n<meta name=\"twitter:card\" content=\"summary_large_image\" \/>\n<meta name=\"twitter:label1\" content=\"Estimation du temps de lecture\" \/>\n\t<meta name=\"twitter:data1\" content=\"5 minutes\" \/>\n<script type=\"application\/ld+json\" class=\"yoast-schema-graph\">{\"@context\":\"https:\\\/\\\/schema.org\",\"@graph\":[{\"@type\":\"WebPage\",\"@id\":\"https:\\\/\\\/www.rgzelt.com\\\/breast-augmentation\\\/\",\"url\":\"https:\\\/\\\/www.rgzelt.com\\\/breast-augmentation\\\/\",\"name\":\"Augmentation Mammaire Montr\u00e9al\",\"isPartOf\":{\"@id\":\"https:\\\/\\\/www.rgzelt.com\\\/#website\"},\"primaryImageOfPage\":{\"@id\":\"https:\\\/\\\/www.rgzelt.com\\\/breast-augmentation\\\/#primaryimage\"},\"image\":{\"@id\":\"https:\\\/\\\/www.rgzelt.com\\\/breast-augmentation\\\/#primaryimage\"},\"thumbnailUrl\":\"https:\\\/\\\/www.rgzelt.com\\\/wp-content\\\/uploads\\\/2019\\\/08\\\/2180.jpg\",\"datePublished\":\"2019-08-05T18:33:43+00:00\",\"dateModified\":\"2019-08-26T15:46:35+00:00\",\"description\":\"Augmentation mammaire Montr\u00e9al.\",\"breadcrumb\":{\"@id\":\"https:\\\/\\\/www.rgzelt.com\\\/breast-augmentation\\\/#breadcrumb\"},\"inLanguage\":\"fr-CA\",\"potentialAction\":[{\"@type\":\"ReadAction\",\"target\":[\"https:\\\/\\\/www.rgzelt.com\\\/breast-augmentation\\\/\"]}]},{\"@type\":\"ImageObject\",\"inLanguage\":\"fr-CA\",\"@id\":\"https:\\\/\\\/www.rgzelt.com\\\/breast-augmentation\\\/#primaryimage\",\"url\":\"https:\\\/\\\/www.rgzelt.com\\\/wp-content\\\/uploads\\\/2019\\\/08\\\/2180.jpg\",\"contentUrl\":\"https:\\\/\\\/www.rgzelt.com\\\/wp-content\\\/uploads\\\/2019\\\/08\\\/2180.jpg\",\"width\":1200,\"height\":600},{\"@type\":\"BreadcrumbList\",\"@id\":\"https:\\\/\\\/www.rgzelt.com\\\/breast-augmentation\\\/#breadcrumb\",\"itemListElement\":[{\"@type\":\"ListItem\",\"position\":1,\"name\":\"Home\",\"item\":\"https:\\\/\\\/www.rgzelt.com\\\/fr\\\/\"},{\"@type\":\"ListItem\",\"position\":2,\"name\":\"Augmentation mammaire\"}]},{\"@type\":\"WebSite\",\"@id\":\"https:\\\/\\\/www.rgzelt.com\\\/#website\",\"url\":\"https:\\\/\\\/www.rgzelt.com\\\/\",\"name\":\"Plastic Surgeon Montreal - Breast - Body - Face - Surgery | Dr. R.G Zelt\",\"description\":\"\",\"potentialAction\":[{\"@type\":\"SearchAction\",\"target\":{\"@type\":\"EntryPoint\",\"urlTemplate\":\"https:\\\/\\\/www.rgzelt.com\\\/?s={search_term_string}\"},\"query-input\":{\"@type\":\"PropertyValueSpecification\",\"valueRequired\":true,\"valueName\":\"search_term_string\"}}],\"inLanguage\":\"fr-CA\"}]}<\/script>\n<!-- \/ Yoast SEO plugin. -->","yoast_head_json":{"title":"Augmentation Mammaire Montr\u00e9al","description":"Augmentation mammaire Montr\u00e9al.","robots":{"index":"index","follow":"follow","max-snippet":"max-snippet:-1","max-image-preview":"max-image-preview:large","max-video-preview":"max-video-preview:-1"},"canonical":"https:\/\/www.rgzelt.com\/breast-augmentation\/","og_locale":"fr_CA","og_type":"article","og_title":"Augmentation Mammaire Montr\u00e9al","og_description":"Augmentation mammaire Montr\u00e9al.","og_url":"https:\/\/www.rgzelt.com\/breast-augmentation\/","og_site_name":"Plastic Surgeon Montreal - Breast - Body - Face - Surgery | Dr. R.G Zelt","article_modified_time":"2019-08-26T15:46:35+00:00","og_image":[{"width":1200,"height":600,"url":"https:\/\/www.rgzelt.com\/wp-content\/uploads\/2019\/08\/2180.jpg","type":"image\/jpeg"}],"twitter_card":"summary_large_image","twitter_misc":{"Estimation du temps de lecture":"5 minutes"},"schema":{"@context":"https:\/\/schema.org","@graph":[{"@type":"WebPage","@id":"https:\/\/www.rgzelt.com\/breast-augmentation\/","url":"https:\/\/www.rgzelt.com\/breast-augmentation\/","name":"Augmentation Mammaire Montr\u00e9al","isPartOf":{"@id":"https:\/\/www.rgzelt.com\/#website"},"primaryImageOfPage":{"@id":"https:\/\/www.rgzelt.com\/breast-augmentation\/#primaryimage"},"image":{"@id":"https:\/\/www.rgzelt.com\/breast-augmentation\/#primaryimage"},"thumbnailUrl":"https:\/\/www.rgzelt.com\/wp-content\/uploads\/2019\/08\/2180.jpg","datePublished":"2019-08-05T18:33:43+00:00","dateModified":"2019-08-26T15:46:35+00:00","description":"Augmentation mammaire Montr\u00e9al.","breadcrumb":{"@id":"https:\/\/www.rgzelt.com\/breast-augmentation\/#breadcrumb"},"inLanguage":"fr-CA","potentialAction":[{"@type":"ReadAction","target":["https:\/\/www.rgzelt.com\/breast-augmentation\/"]}]},{"@type":"ImageObject","inLanguage":"fr-CA","@id":"https:\/\/www.rgzelt.com\/breast-augmentation\/#primaryimage","url":"https:\/\/www.rgzelt.com\/wp-content\/uploads\/2019\/08\/2180.jpg","contentUrl":"https:\/\/www.rgzelt.com\/wp-content\/uploads\/2019\/08\/2180.jpg","width":1200,"height":600},{"@type":"BreadcrumbList","@id":"https:\/\/www.rgzelt.com\/breast-augmentation\/#breadcrumb","itemListElement":[{"@type":"ListItem","position":1,"name":"Home","item":"https:\/\/www.rgzelt.com\/fr\/"},{"@type":"ListItem","position":2,"name":"Augmentation mammaire"}]},{"@type":"WebSite","@id":"https:\/\/www.rgzelt.com\/#website","url":"https:\/\/www.rgzelt.com\/","name":"Plastic Surgeon Montreal - Breast - Body - Face - Surgery | Dr. R.G Zelt","description":"","potentialAction":[{"@type":"SearchAction","target":{"@type":"EntryPoint","urlTemplate":"https:\/\/www.rgzelt.com\/?s={search_term_string}"},"query-input":{"@type":"PropertyValueSpecification","valueRequired":true,"valueName":"search_term_string"}}],"inLanguage":"fr-CA"}]}},"uagb_featured_image_src":{"full":["https:\/\/www.rgzelt.com\/wp-content\/uploads\/2019\/08\/2180.jpg",1200,600,false],"thumbnail":["https:\/\/www.rgzelt.com\/wp-content\/uploads\/2019\/08\/2180-300x300.jpg",300,300,true],"medium":["https:\/\/www.rgzelt.com\/wp-content\/uploads\/2019\/08\/2180-300x150.jpg",300,150,true],"medium_large":["https:\/\/www.rgzelt.com\/wp-content\/uploads\/2019\/08\/2180-768x384.jpg",768,384,true],"large":["https:\/\/www.rgzelt.com\/wp-content\/uploads\/2019\/08\/2180-1024x512.jpg",1024,512,true],"1536x1536":["https:\/\/www.rgzelt.com\/wp-content\/uploads\/2019\/08\/2180.jpg",1200,600,false],"2048x2048":["https:\/\/www.rgzelt.com\/wp-content\/uploads\/2019\/08\/2180.jpg",1200,600,false]},"uagb_author_info":{"display_name":"sitentry","author_link":"https:\/\/www.rgzelt.com\/fr\/author\/sitentry\/"},"uagb_comment_info":0,"uagb_excerpt":"Breast augmentation is not only about changing the way you look but about how you feel about yourself and your body.","_links":{"self":[{"href":"https:\/\/www.rgzelt.com\/fr\/wp-json\/wp\/v2\/pages\/759","targetHints":{"allow":["GET"]}}],"collection":[{"href":"https:\/\/www.rgzelt.com\/fr\/wp-json\/wp\/v2\/pages"}],"about":[{"href":"https:\/\/www.rgzelt.com\/fr\/wp-json\/wp\/v2\/types\/page"}],"author":[{"embeddable":true,"href":"https:\/\/www.rgzelt.com\/fr\/wp-json\/wp\/v2\/users\/1"}],"replies":[{"embeddable":true,"href":"https:\/\/www.rgzelt.com\/fr\/wp-json\/wp\/v2\/comments?post=759"}],"version-history":[{"count":0,"href":"https:\/\/www.rgzelt.com\/fr\/wp-json\/wp\/v2\/pages\/759\/revisions"}],"wp:featuredmedia":[{"embeddable":true,"href":"https:\/\/www.rgzelt.com\/fr\/wp-json\/wp\/v2\/media\/321"}],"wp:attachment":[{"href":"https:\/\/www.rgzelt.com\/fr\/wp-json\/wp\/v2\/media?parent=759"}],"wp:term":[{"taxonomy":"procedure","embeddable":true,"href":"https:\/\/www.rgzelt.com\/fr\/wp-json\/wp\/v2\/procedure?post=759"}],"curies":[{"name":"wp","href":"https:\/\/api.w.org\/{rel}","templated":true}]}}