{"id":762,"date":"2019-08-05T18:33:02","date_gmt":"2019-08-05T18:33:02","guid":{"rendered":"http:\/\/104.152.168.27\/~bestsurgeon5\/office-privacy-policy\/"},"modified":"2019-08-26T15:43:32","modified_gmt":"2019-08-26T15:43:32","slug":"politique-de-confidentialite-du-bureau","status":"publish","type":"page","link":"https:\/\/www.rgzelt.com\/fr\/politique-de-confidentialite-du-bureau\/","title":{"rendered":"Politique de confidentialit\u00e9 du bureau"},"content":{"rendered":"\n<p>Dr Zelt sait que la technologie change la fa\u00e7on dont les m\u00e9decins et les patients communiquent. Bien que la communication \u00e9lectronique puisse am\u00e9liorer les soins aux patients ainsi que leur engagement envers leurs soins, elle peut aussi pr\u00e9senter des d\u00e9fis uniques pour la confidentialit\u00e9 et le respect de la vie priv\u00e9e du patient.<\/p>\n\n\n\n<p>Le t\u00e9l\u00e9phone est un mode de communication qu\u2019aiment nos patients, mais ils appr\u00e9cient aussi les courriels, les textos et, dans le cas de ceux de l\u2019ext\u00e9rieur de la ville, les vid\u00e9oconf\u00e9rences (Skype, Facetime). Un nombre d\u2019appareils diff\u00e9rents tels les t\u00e9l\u00e9phones intelligents, les tablettes et les ordinateurs, permettent d\u2019acc\u00e9der \u00e0 ces m\u00e9thodes de communication.<\/p>\n\n\n\n<p>Malgr\u00e9 la commodit\u00e9 des courriels et des textos, vous devez savoir qu\u2019ils sont souvent les moyens les moins s\u00e9curitaires de communiquer avec notre pratique. Par exemple, imaginez envoyer un courriel contenant des renseignements personnels \u00e0 la mauvaise personne\u2009! Le courriel ne rebondit pas, mais il appara\u00eet plut\u00f4t dans la bo\u00eete aux lettres de quelqu\u2019un d\u2019autre.<\/p>\n\n\n\n<p>Notre pratique utilise Facebook ([facebook.com\/ronzeltMD] pour le partage d\u2019information avec nos patients et \u00e0 des fins \u00e9ducatives. Nous ne communiquons pas de renseignements m\u00e9dicaux de patient que l\u2019on peut identifier sur les r\u00e9seaux sociaux. Soyez conscient que ce qui est communiqu\u00e9 sur les m\u00e9dias sociaux est non prot\u00e9g\u00e9 et accessible au public. Malgr\u00e9 l\u2019utilisation prudente de param\u00e8tres de confidentialit\u00e9, les renseignements partag\u00e9s sur les sites des m\u00e9dias sociaux doivent \u00eatre consid\u00e9r\u00e9s comme publics pour toujours.<\/p>\n\n\n\n<p>La vid\u00e9oconf\u00e9rence est \u00e0 l\u2019occasion utilis\u00e9e par notre pratique pour communiquer avant et apr\u00e8s l\u2019op\u00e9ration avec nos patients en provenance de l\u2019ext\u00e9rieur. Elle ne remplace pas la consultation initiale, mais elle est utilis\u00e9e avec nos patients pour r\u00e9viser et r\u00e9sumer les renseignements ou pour acc\u00e9der \u00e0 la gu\u00e9rison postop\u00e9ratoire de fa\u00e7on g\u00e9n\u00e9rale.<\/p>\n\n\n\n<h2 class=\"wp-block-heading\">Politique de communication de la pratique<\/h2>\n\n\n\n<p>Pendant les heures de travail et pour toutes les communications non urgentes, les patients communiqueront par t\u00e9l\u00e9phone et parleront \u00e0 Natalie Gordon (gestionnaire de pratique) en composant le 514 933-3449. Si des situations non urgentes se produisent hors des heures normales de travail, les patients sont invit\u00e9s \u00e0 appeler \u00e0 nos bureaux et \u00e0 laisser un message d\u00e9taill\u00e9. Natalie sera heureuse de rappeler d\u00e8s les premi\u00e8res heures du jour suivant. Des exemples de points non urgents comprennent : fixer des rendez-vous, s\u2019informer sur des questions postop\u00e9ratoires li\u00e9es \u00e0 la gu\u00e9rison.<\/p>\n\n\n\n<p>Les patients ont l\u2019occasion de communiquer avec Dr Zelt par texto et cellulaire pour des situations m\u00e9dicales urgentes seulement se produisant apr\u00e8s les heures normales de travail.<\/p>\n\n\n\n<p><strong>H\u00f4pital Fleury<\/strong>&nbsp;<a href=\"tel:5143842000\">514-384-2000<\/a><br><strong>H\u00f4pital du Sacr\u00e9-C\u0153ur&nbsp;<\/strong>&nbsp;<a href=\"tel:5143382222\">514-338-2222<\/a><br><strong>Centre hospitalier de St.Mary&nbsp;<\/strong>&nbsp;<a href=\"tel:5143453511\">514-345-3511<\/a><\/p>\n\n\n\n<h2 class=\"wp-block-heading\">Consentement pour l\u2019utilisation de communications \u00e9lectroniques<\/h2>\n\n\n\n<p>Lors de la premi\u00e8re consultation avec Dr Zelt, on vous remettra un formulaire de consentement pour l\u2019usage de communication \u00e9lectronique pour la p\u00e9riode o\u00f9 vous serez sous la responsabilit\u00e9 de notre pratique. Il s\u2019agit d\u2019un document important \u00e0 lire et \u00e0 comprendre. Si vous souhaitez communiquer avec nous par courriel, texto et\/ou vid\u00e9oconf\u00e9rence (Skype), tous les nouveaux patients doivent signer ce formulaire de consentement avant de quitter la pratique. C\u2019est important\u2009!<\/p>\n","protected":false},"excerpt":{"rendered":"<p>Dr Zelt sait que la technologie change la fa\u00e7on dont les m\u00e9decins et les patients communiquent. Bien que la communication \u00e9lectronique puisse am\u00e9liorer les soins aux patients ainsi que leur engagement envers leurs soins, elle peut aussi pr\u00e9senter des d\u00e9fis uniques pour la confidentialit\u00e9 et le respect de la vie priv\u00e9e du patient. Le t\u00e9l\u00e9phone [&hellip;]<\/p>\n","protected":false},"author":1,"featured_media":306,"parent":0,"menu_order":0,"comment_status":"closed","ping_status":"closed","template":"","meta":{"_uag_custom_page_level_css":"","footnotes":""},"procedure":[],"class_list":["post-762","page","type-page","status-publish","has-post-thumbnail","hentry"],"featured_image_urls_v2":{"full":["https:\/\/www.rgzelt.com\/wp-content\/uploads\/2019\/08\/banner-privacy.jpg",1200,600,false],"thumbnail":["https:\/\/www.rgzelt.com\/wp-content\/uploads\/2019\/08\/banner-privacy-300x300.jpg",300,300,true],"medium":["https:\/\/www.rgzelt.com\/wp-content\/uploads\/2019\/08\/banner-privacy-300x150.jpg",300,150,true],"medium_large":["https:\/\/www.rgzelt.com\/wp-content\/uploads\/2019\/08\/banner-privacy-768x384.jpg",768,384,true],"large":["https:\/\/www.rgzelt.com\/wp-content\/uploads\/2019\/08\/banner-privacy-1024x512.jpg",1024,512,true],"1536x1536":["https:\/\/www.rgzelt.com\/wp-content\/uploads\/2019\/08\/banner-privacy.jpg",1200,600,false],"2048x2048":["https:\/\/www.rgzelt.com\/wp-content\/uploads\/2019\/08\/banner-privacy.jpg",1200,600,false]},"post_excerpt_stackable_v2":"<p>Dr Zelt sait que la technologie change la fa\u00e7on dont les m\u00e9decins et les patients communiquent. Bien que la communication \u00e9lectronique puisse am\u00e9liorer les soins aux patients ainsi que leur engagement envers leurs soins, elle peut aussi pr\u00e9senter des d\u00e9fis uniques pour la confidentialit\u00e9 et le respect de la vie priv\u00e9e du patient. Le t\u00e9l\u00e9phone est un mode de communication qu\u2019aiment nos patients, mais ils appr\u00e9cient aussi les courriels, les textos et, dans le cas de ceux de l\u2019ext\u00e9rieur de la ville, les vid\u00e9oconf\u00e9rences (Skype, Facetime). Un nombre d\u2019appareils diff\u00e9rents tels les t\u00e9l\u00e9phones intelligents, les tablettes et les ordinateurs, permettent&hellip;<\/p>\n","category_list_v2":"","author_info_v2":{"name":"sitentry","url":"https:\/\/www.rgzelt.com\/fr\/author\/sitentry\/"},"comments_num_v2":"0 comments","yoast_head":"<!-- This site is optimized with the Yoast SEO plugin v27.6 - https:\/\/yoast.com\/product\/yoast-seo-wordpress\/ -->\n<title>Politique de confidentialit\u00e9 du bureau<\/title>\n<meta name=\"description\" content=\"Politique de confidentialit\u00e9 du bureau.\" \/>\n<meta name=\"robots\" content=\"index, follow, max-snippet:-1, max-image-preview:large, max-video-preview:-1\" \/>\n<link rel=\"canonical\" href=\"https:\/\/www.rgzelt.com\/office-privacy-policy\/\" \/>\n<meta property=\"og:locale\" content=\"fr_CA\" \/>\n<meta property=\"og:type\" content=\"article\" \/>\n<meta property=\"og:title\" content=\"Politique de confidentialit\u00e9 du bureau\" \/>\n<meta property=\"og:description\" content=\"Politique de confidentialit\u00e9 du bureau.\" \/>\n<meta property=\"og:url\" content=\"https:\/\/www.rgzelt.com\/office-privacy-policy\/\" \/>\n<meta property=\"og:site_name\" content=\"Plastic Surgeon Montreal - Breast - Body - Face - Surgery | Dr. R.G Zelt\" \/>\n<meta property=\"article:modified_time\" content=\"2019-08-26T15:43:32+00:00\" \/>\n<meta property=\"og:image\" content=\"https:\/\/www.rgzelt.com\/wp-content\/uploads\/2019\/08\/banner-privacy.jpg\" \/>\n\t<meta property=\"og:image:width\" content=\"1200\" \/>\n\t<meta property=\"og:image:height\" content=\"600\" \/>\n\t<meta property=\"og:image:type\" content=\"image\/jpeg\" \/>\n<meta name=\"twitter:card\" content=\"summary_large_image\" \/>\n<meta name=\"twitter:label1\" content=\"Estimation du temps de lecture\" \/>\n\t<meta name=\"twitter:data1\" content=\"3 minutes\" \/>\n<script type=\"application\/ld+json\" class=\"yoast-schema-graph\">{\"@context\":\"https:\\\/\\\/schema.org\",\"@graph\":[{\"@type\":\"WebPage\",\"@id\":\"https:\\\/\\\/www.rgzelt.com\\\/office-privacy-policy\\\/\",\"url\":\"https:\\\/\\\/www.rgzelt.com\\\/office-privacy-policy\\\/\",\"name\":\"Politique de confidentialit\u00e9 du bureau\",\"isPartOf\":{\"@id\":\"https:\\\/\\\/www.rgzelt.com\\\/#website\"},\"primaryImageOfPage\":{\"@id\":\"https:\\\/\\\/www.rgzelt.com\\\/office-privacy-policy\\\/#primaryimage\"},\"image\":{\"@id\":\"https:\\\/\\\/www.rgzelt.com\\\/office-privacy-policy\\\/#primaryimage\"},\"thumbnailUrl\":\"https:\\\/\\\/www.rgzelt.com\\\/wp-content\\\/uploads\\\/2019\\\/08\\\/banner-privacy.jpg\",\"datePublished\":\"2019-08-05T18:33:02+00:00\",\"dateModified\":\"2019-08-26T15:43:32+00:00\",\"description\":\"Politique de confidentialit\u00e9 du bureau.\",\"breadcrumb\":{\"@id\":\"https:\\\/\\\/www.rgzelt.com\\\/office-privacy-policy\\\/#breadcrumb\"},\"inLanguage\":\"fr-CA\",\"potentialAction\":[{\"@type\":\"ReadAction\",\"target\":[\"https:\\\/\\\/www.rgzelt.com\\\/office-privacy-policy\\\/\"]}]},{\"@type\":\"ImageObject\",\"inLanguage\":\"fr-CA\",\"@id\":\"https:\\\/\\\/www.rgzelt.com\\\/office-privacy-policy\\\/#primaryimage\",\"url\":\"https:\\\/\\\/www.rgzelt.com\\\/wp-content\\\/uploads\\\/2019\\\/08\\\/banner-privacy.jpg\",\"contentUrl\":\"https:\\\/\\\/www.rgzelt.com\\\/wp-content\\\/uploads\\\/2019\\\/08\\\/banner-privacy.jpg\",\"width\":1200,\"height\":600},{\"@type\":\"BreadcrumbList\",\"@id\":\"https:\\\/\\\/www.rgzelt.com\\\/office-privacy-policy\\\/#breadcrumb\",\"itemListElement\":[{\"@type\":\"ListItem\",\"position\":1,\"name\":\"Home\",\"item\":\"https:\\\/\\\/www.rgzelt.com\\\/fr\\\/\"},{\"@type\":\"ListItem\",\"position\":2,\"name\":\"Politique de confidentialit\u00e9 du bureau\"}]},{\"@type\":\"WebSite\",\"@id\":\"https:\\\/\\\/www.rgzelt.com\\\/#website\",\"url\":\"https:\\\/\\\/www.rgzelt.com\\\/\",\"name\":\"Plastic Surgeon Montreal - Breast - Body - Face - Surgery | Dr. R.G Zelt\",\"description\":\"\",\"potentialAction\":[{\"@type\":\"SearchAction\",\"target\":{\"@type\":\"EntryPoint\",\"urlTemplate\":\"https:\\\/\\\/www.rgzelt.com\\\/?s={search_term_string}\"},\"query-input\":{\"@type\":\"PropertyValueSpecification\",\"valueRequired\":true,\"valueName\":\"search_term_string\"}}],\"inLanguage\":\"fr-CA\"}]}<\/script>\n<!-- \/ Yoast SEO plugin. -->","yoast_head_json":{"title":"Politique de confidentialit\u00e9 du bureau","description":"Politique de confidentialit\u00e9 du bureau.","robots":{"index":"index","follow":"follow","max-snippet":"max-snippet:-1","max-image-preview":"max-image-preview:large","max-video-preview":"max-video-preview:-1"},"canonical":"https:\/\/www.rgzelt.com\/office-privacy-policy\/","og_locale":"fr_CA","og_type":"article","og_title":"Politique de confidentialit\u00e9 du bureau","og_description":"Politique de confidentialit\u00e9 du bureau.","og_url":"https:\/\/www.rgzelt.com\/office-privacy-policy\/","og_site_name":"Plastic Surgeon Montreal - Breast - Body - Face - Surgery | Dr. R.G Zelt","article_modified_time":"2019-08-26T15:43:32+00:00","og_image":[{"width":1200,"height":600,"url":"https:\/\/www.rgzelt.com\/wp-content\/uploads\/2019\/08\/banner-privacy.jpg","type":"image\/jpeg"}],"twitter_card":"summary_large_image","twitter_misc":{"Estimation du temps de lecture":"3 minutes"},"schema":{"@context":"https:\/\/schema.org","@graph":[{"@type":"WebPage","@id":"https:\/\/www.rgzelt.com\/office-privacy-policy\/","url":"https:\/\/www.rgzelt.com\/office-privacy-policy\/","name":"Politique de confidentialit\u00e9 du bureau","isPartOf":{"@id":"https:\/\/www.rgzelt.com\/#website"},"primaryImageOfPage":{"@id":"https:\/\/www.rgzelt.com\/office-privacy-policy\/#primaryimage"},"image":{"@id":"https:\/\/www.rgzelt.com\/office-privacy-policy\/#primaryimage"},"thumbnailUrl":"https:\/\/www.rgzelt.com\/wp-content\/uploads\/2019\/08\/banner-privacy.jpg","datePublished":"2019-08-05T18:33:02+00:00","dateModified":"2019-08-26T15:43:32+00:00","description":"Politique de confidentialit\u00e9 du bureau.","breadcrumb":{"@id":"https:\/\/www.rgzelt.com\/office-privacy-policy\/#breadcrumb"},"inLanguage":"fr-CA","potentialAction":[{"@type":"ReadAction","target":["https:\/\/www.rgzelt.com\/office-privacy-policy\/"]}]},{"@type":"ImageObject","inLanguage":"fr-CA","@id":"https:\/\/www.rgzelt.com\/office-privacy-policy\/#primaryimage","url":"https:\/\/www.rgzelt.com\/wp-content\/uploads\/2019\/08\/banner-privacy.jpg","contentUrl":"https:\/\/www.rgzelt.com\/wp-content\/uploads\/2019\/08\/banner-privacy.jpg","width":1200,"height":600},{"@type":"BreadcrumbList","@id":"https:\/\/www.rgzelt.com\/office-privacy-policy\/#breadcrumb","itemListElement":[{"@type":"ListItem","position":1,"name":"Home","item":"https:\/\/www.rgzelt.com\/fr\/"},{"@type":"ListItem","position":2,"name":"Politique de confidentialit\u00e9 du bureau"}]},{"@type":"WebSite","@id":"https:\/\/www.rgzelt.com\/#website","url":"https:\/\/www.rgzelt.com\/","name":"Plastic Surgeon Montreal - Breast - Body - Face - Surgery | Dr. R.G Zelt","description":"","potentialAction":[{"@type":"SearchAction","target":{"@type":"EntryPoint","urlTemplate":"https:\/\/www.rgzelt.com\/?s={search_term_string}"},"query-input":{"@type":"PropertyValueSpecification","valueRequired":true,"valueName":"search_term_string"}}],"inLanguage":"fr-CA"}]}},"uagb_featured_image_src":{"full":["https:\/\/www.rgzelt.com\/wp-content\/uploads\/2019\/08\/banner-privacy.jpg",1200,600,false],"thumbnail":["https:\/\/www.rgzelt.com\/wp-content\/uploads\/2019\/08\/banner-privacy-300x300.jpg",300,300,true],"medium":["https:\/\/www.rgzelt.com\/wp-content\/uploads\/2019\/08\/banner-privacy-300x150.jpg",300,150,true],"medium_large":["https:\/\/www.rgzelt.com\/wp-content\/uploads\/2019\/08\/banner-privacy-768x384.jpg",768,384,true],"large":["https:\/\/www.rgzelt.com\/wp-content\/uploads\/2019\/08\/banner-privacy-1024x512.jpg",1024,512,true],"1536x1536":["https:\/\/www.rgzelt.com\/wp-content\/uploads\/2019\/08\/banner-privacy.jpg",1200,600,false],"2048x2048":["https:\/\/www.rgzelt.com\/wp-content\/uploads\/2019\/08\/banner-privacy.jpg",1200,600,false]},"uagb_author_info":{"display_name":"sitentry","author_link":"https:\/\/www.rgzelt.com\/fr\/author\/sitentry\/"},"uagb_comment_info":0,"uagb_excerpt":"Dr Zelt sait que la technologie change la fa\u00e7on dont les m\u00e9decins et les patients communiquent. Bien que la communication \u00e9lectronique puisse am\u00e9liorer les soins aux patients ainsi que leur engagement envers leurs soins, elle peut aussi pr\u00e9senter des d\u00e9fis uniques pour la confidentialit\u00e9 et le respect de la vie priv\u00e9e du patient. Le t\u00e9l\u00e9phone&hellip;","_links":{"self":[{"href":"https:\/\/www.rgzelt.com\/fr\/wp-json\/wp\/v2\/pages\/762","targetHints":{"allow":["GET"]}}],"collection":[{"href":"https:\/\/www.rgzelt.com\/fr\/wp-json\/wp\/v2\/pages"}],"about":[{"href":"https:\/\/www.rgzelt.com\/fr\/wp-json\/wp\/v2\/types\/page"}],"author":[{"embeddable":true,"href":"https:\/\/www.rgzelt.com\/fr\/wp-json\/wp\/v2\/users\/1"}],"replies":[{"embeddable":true,"href":"https:\/\/www.rgzelt.com\/fr\/wp-json\/wp\/v2\/comments?post=762"}],"version-history":[{"count":0,"href":"https:\/\/www.rgzelt.com\/fr\/wp-json\/wp\/v2\/pages\/762\/revisions"}],"wp:featuredmedia":[{"embeddable":true,"href":"https:\/\/www.rgzelt.com\/fr\/wp-json\/wp\/v2\/media\/306"}],"wp:attachment":[{"href":"https:\/\/www.rgzelt.com\/fr\/wp-json\/wp\/v2\/media?parent=762"}],"wp:term":[{"taxonomy":"procedure","embeddable":true,"href":"https:\/\/www.rgzelt.com\/fr\/wp-json\/wp\/v2\/procedure?post=762"}],"curies":[{"name":"wp","href":"https:\/\/api.w.org\/{rel}","templated":true}]}}