{"id":763,"date":"2019-08-05T18:32:44","date_gmt":"2019-08-05T18:32:44","guid":{"rendered":"http:\/\/104.152.168.27\/~bestsurgeon5\/about-our-team\/"},"modified":"2023-09-06T19:04:59","modified_gmt":"2023-09-06T19:04:59","slug":"notre-equipe","status":"publish","type":"page","link":"https:\/\/www.rgzelt.com\/fr\/notre-equipe\/","title":{"rendered":"\u00c0 propos de notre \u00e9quipe"},"content":{"rendered":"\n<p><strong>Nous ne serions rien sans notre \u00e9quipe compos\u00e9e d\u2019un personnel professionnel, amical et comp\u00e9tent. Notre niveau de soins au patient nous distingue des autres. Chaque membre de notre \u00e9quipe de soutien se d\u00e9voue \u00e0 rendre votre exp\u00e9rience formidable.<\/strong><\/p>\n\n\n\n<blockquote class=\"wp-block-quote is-layout-flow wp-block-quote-is-layout-flow\">\n<p><em>\u00ab&nbsp;Le personnel est super accueillant et comp\u00e9tent. La disponibilit\u00e9 de chacun pour nous rencontrer ou r\u00e9pondre \u00e0 nos questions est sans faille. Le r\u00e9sultat de l\u2019op\u00e9ration est incroyable\u2009!<\/em> \u00bb<\/p>\n<\/blockquote>\n\n\n\n<div style=\"height:30px\" aria-hidden=\"true\" class=\"wp-block-spacer\"><\/div>\n\n\n\n<div class=\"wp-block-ugb-feature ugb-feature ugb-0e8fe08 ugb-feature--v2 ugb-feature--design-plain ugb-feature--invert ugb-main-block\"><style>.ugb-0e8fe08 .ugb-button{border-radius:4px !important}.ugb-0e8fe08 .ugb-button:before{border-radius:4px !important}.ugb-0e8fe08 .ugb-inner-block{text-align:left}@media screen and (min-width:768px){.ugb-0e8fe08 .ugb-img{width:300px;height:auto !important}}<\/style><div class=\"ugb-inner-block\"><div class=\"ugb-block-content\"><div class=\"ugb-feature__item\"><div class=\"ugb-feature__content\"><h2 class=\"ugb-feature__title\">Natalie Gordon<\/h2><p class=\"ugb-feature__description\"><strong>Gestionnaire de pratique<\/strong><br><br>Natalie travaille comme gestionnaire de pratique au bureau de Dr Zelt depuis plus de 17 ans. Elle g\u00e8re autant les activit\u00e9s quotidiennes de la pratique qu\u2019elle aide les patients tout au long du processus chirurgical.<br><br>Du premier coup de t\u00e9l\u00e9phone jusqu\u2019\u00e0 la derni\u00e8re visite postop\u00e9ratoire, elle est votre liaison chirurgicale. Natalie est fi\u00e8re de travailler au sein d\u2019une pratique qui a rendu tellement de gens heureux. Elle adore voir la vie des gens changer et se transformer.<br><br>Natalie se d\u00e9voue vraiment \u00e0 offrir les normes de soin les plus \u00e9lev\u00e9es \u00e0 tous les patients. Elle met toujours nos patients au premier plan, leur offrant des soins excellents et constants tout au long de leur exp\u00e9rience chirurgicale.<br><br><em>\u201cNatalie, there are no words to express how wonderful you are and how you made me feel. Thank you for always caring and giving me peace of mind.\u201d<\/em><br><br><em>\u00ab&nbsp;Mme Natalie Gordon, l\u2019assistante est souriante, tr\u00e8s gentille, fait preuve d\u2019une grande patience et disponibilit\u00e9 ainsi que d\u2019une efficacit\u00e9 remarquable.<\/em> \u00bb<br><br><em>\u00ab&nbsp;Natalie, vous avez eu un immense impact sur ma vie. La mani\u00e8re accueillante et le professionnalisme dont vous avez fait preuve m\u2019ont permis de finalement choisir de me faire op\u00e9rer par le Dr Zelt et je tiens \u00e0 vous dire merci.<\/em> \u00bb<br><br><em>\u00ab&nbsp;Natalie, son assistante, est extraordinaire! Elle a \u00e9t\u00e9 adorable en r\u00e9pondant \u00e0 toutes mes nombreuses questions apr\u00e8s la chirurgie. Mes inqui\u00e9tudes ont rapidement cess\u00e9 \u00e9galement gr\u00e2ce \u00e0 elle!<\/em> \u00bb<\/p><\/div><div class=\"ugb-feature__image-side\"><img loading=\"lazy\" decoding=\"async\" width=\"570\" height=\"841\" class=\"ugb-feature__image ugb-img wp-image-285\" src=\"http:\/\/www.rgzelt.com\/wp-content\/uploads\/2019\/08\/profile-natalie-gordon.jpg\" alt=\"\" title=\"\" srcset=\"https:\/\/www.rgzelt.com\/wp-content\/uploads\/2019\/08\/profile-natalie-gordon.jpg 570w, https:\/\/www.rgzelt.com\/wp-content\/uploads\/2019\/08\/profile-natalie-gordon-203x300.jpg 203w\" sizes=\"auto, (max-width: 570px) 100vw, 570px\" \/><\/div><\/div><\/div><\/div><\/div>\n\n\n\n<hr class=\"wp-block-separator has-css-opacity\"\/>\n\n\n\n<div class=\"wp-block-ugb-feature ugb-feature ugb-65f10ee ugb-feature--v2 ugb-feature--design-plain ugb-main-block\"><style>.ugb-65f10ee .ugb-button{border-radius:4px !important}.ugb-65f10ee .ugb-button:before{border-radius:4px !important}.ugb-65f10ee .ugb-inner-block{text-align:left}@media screen and (min-width:768px){.ugb-65f10ee .ugb-img{width:300px;height:auto !important}}<\/style><div class=\"ugb-inner-block\"><div class=\"ugb-block-content\"><div class=\"ugb-feature__item\"><div class=\"ugb-feature__content\"><h2 class=\"ugb-feature__title\">Katherine Fitz O\u2019Neil<\/h2><p class=\"ugb-feature__description\"><strong>RN, CANS \u2013 Infirmi\u00e8re et sp\u00e9cialiste en injection esth\u00e9tique<\/strong><br><br>Katherine est l\u2019une des injectrices esth\u00e9tiques, chefs de file de Montr\u00e9al, poss\u00e9dant plus de 12 ans de formation sp\u00e9cialis\u00e9e en rajeunissement du visage. Son service \u00e0 la client\u00e8le exceptionnel et ses aptitudes \u00e0 communiquer la rendent unique dans son domaine, les patients adorent leurs visites presque autant que leurs r\u00e9sultats\u2009! Travaillant avec un soin et une pr\u00e9cision d\u2019expert, Katherine tire une grande fiert\u00e9 de vous aider \u00e0 conserver une apparence naturelle et rafra\u00eechie.<br><br><em>\u00ab&nbsp;Katherine est une injectrice incroyablement gentille et comp\u00e9tente. C\u2019est une artiste passionn\u00e9e pas son travail.<\/em>  \u00bb<br><br>Cr\u00e9er un plan de traitement parfait et personnalis\u00e9 est la sp\u00e9cialit\u00e9 de Katherine. Elle a un don pour atteindre des r\u00e9sultats remarquables. Sa grande connaissance de l\u2019anatomie faciale, des produits injectables et des techniques d\u2019injection les plus s\u00e9curitaires et les plus r\u00e9cents garantissent que vous \u00eates entre bonnes mains. Katherine trouvera pour vous des solutions efficaces, quels que soient vos pr\u00e9occupations et votre budget.<br><br>Katherine est une infirmi\u00e8re dipl\u00f4m\u00e9e du C\u00c9GEP Vanier et elle est titulaire d\u2019un baccalaur\u00e9at en psychologie de l\u2019Universit\u00e9 Trent en Ontario. Elle d\u00e9buta sa carri\u00e8re d\u2019infirmi\u00e8re en 1988 \u00e0 l\u2019H\u00f4pital g\u00e9n\u00e9ral de Montr\u00e9al et \u00e0 l\u2019H\u00f4pital Catherine Booth.<br><br><em>\u00ab&nbsp;On ne m\u2019a jamais fait autant de compliments sur mon apparence\u2009! Elle est formidable. Je n\u2019ai jamais paru aussi bien \u00e0 50 ans.&nbsp;\u00bb<\/em><br><br>Katherine s\u2019est rapidement fait un nom gr\u00e2ce \u00e0 sa touche artistique en douceur. Elle a re\u00e7u une formation consid\u00e9rable sur les injections esth\u00e9tiques et sur les traitements m\u00e9dicaux esth\u00e9tiques au laser avec beaucoup d\u2019injecteurs et sp\u00e9cialistes de pointe du domaine. Elle a \u00e9t\u00e9 form\u00e9e lors de conf\u00e9rences exclusives r\u00e9serv\u00e9es aux professionnels du domaine de l\u2019esth\u00e9tique m\u00e9dicale.<br><br>Elle continue d\u2019\u00eatre conf\u00e9renci\u00e8re \u00e0 de nombreuses r\u00e9unions esth\u00e9tiques internationales de grande r\u00e9putation. Son d\u00e9vouement envers l\u2019excellence implique une participation aux plus importantes r\u00e9unions de l\u2019industrie o\u00f9 elle \u00e9tudie les tendances toujours \u00e9volutives et recherche les techniques, les produits et les \u00e9quipements les plus nouveaux.<br><br>Comme tous les membres de la pratique de Dr Zelt, Katherine poss\u00e8de une passion la poussant \u00e0 aider les gens \u00e0 se sentir et \u00e0 para\u00eetre de leur mieux. D\u00e9vou\u00e9e \u00e0 100 % \u00e0 ses patients, elle tire une fiert\u00e9 d\u2019offrir de superbes soins et des exp\u00e9riences m\u00e9morables.<\/p><\/div><div class=\"ugb-feature__image-side\"><img loading=\"lazy\" decoding=\"async\" width=\"570\" height=\"841\" class=\"ugb-feature__image ugb-img wp-image-298\" src=\"http:\/\/www.rgzelt.com\/wp-content\/uploads\/2019\/08\/profile-katherine-fitz-oneil.jpg\" alt=\"\" title=\"\" srcset=\"https:\/\/www.rgzelt.com\/wp-content\/uploads\/2019\/08\/profile-katherine-fitz-oneil.jpg 570w, https:\/\/www.rgzelt.com\/wp-content\/uploads\/2019\/08\/profile-katherine-fitz-oneil-203x300.jpg 203w\" sizes=\"auto, (max-width: 570px) 100vw, 570px\" \/><\/div><\/div><\/div><\/div><\/div>\n\n\n\n<hr class=\"wp-block-separator has-css-opacity\"\/>\n\n\n\n<div class=\"wp-block-ugb-feature ugb-feature ugb-503ad53 ugb-feature--v2 ugb-feature--design-plain ugb-feature--invert ugb-main-block\"><style>.ugb-503ad53 .ugb-button{border-radius:4px !important}.ugb-503ad53 .ugb-button:before{border-radius:4px !important}.ugb-503ad53 .ugb-inner-block{text-align:left}@media screen and (min-width:768px){.ugb-503ad53 .ugb-img{width:300px;height:auto !important}}<\/style><div class=\"ugb-inner-block\"><div class=\"ugb-block-content\"><div class=\"ugb-feature__item\"><div class=\"ugb-feature__content\"><h2 class=\"ugb-feature__title\">Maria Tsvetailo<\/h2><p class=\"ugb-feature__description\"><strong>R\u00e9ceptionniste<\/strong><br><br>Maria est la membre la plus r\u00e9cente de notre \u00e9quipe. Elle s\u2019assure que nos patients se sentent bien accueillis d\u00e8s qu\u2019ils franchissent le pas de la porte. En plus de r\u00e9pondre aux appels tout au long de la journ\u00e9e, elle fixe les rendez-vous de consultation des patients et maintient \u00e0 jour tous les renseignements. Son objectif principal est de vous garantir une excellente exp\u00e9rience et de vous prodiguer les meilleurs soins possibles. Maria est gentille, pleine de compassion et professionnelle. Elle aime vraiment rencontrer tous les patients et les voir heureux.<\/p><\/div><div class=\"ugb-feature__image-side\"><img loading=\"lazy\" decoding=\"async\" width=\"570\" height=\"841\" class=\"ugb-feature__image ugb-img wp-image-296\" src=\"http:\/\/www.rgzelt.com\/wp-content\/uploads\/2019\/08\/profile-maria-tsvetailo.jpg\" alt=\"\" title=\"\" srcset=\"https:\/\/www.rgzelt.com\/wp-content\/uploads\/2019\/08\/profile-maria-tsvetailo.jpg 570w, https:\/\/www.rgzelt.com\/wp-content\/uploads\/2019\/08\/profile-maria-tsvetailo-203x300.jpg 203w\" sizes=\"auto, (max-width: 570px) 100vw, 570px\" \/><\/div><\/div><\/div><\/div><\/div>\n\n\n\n<p><\/p>\n","protected":false},"excerpt":{"rendered":"<p>Nous ne serions rien sans notre \u00e9quipe compos\u00e9e d\u2019un personnel professionnel, amical et comp\u00e9tent. Notre niveau de soins au patient nous distingue des autres. Chaque membre de notre \u00e9quipe de soutien se d\u00e9voue \u00e0 rendre votre exp\u00e9rience formidable. \u00ab&nbsp;Le personnel est super accueillant et comp\u00e9tent. La disponibilit\u00e9 de chacun pour nous rencontrer ou r\u00e9pondre \u00e0 [&hellip;]<\/p>\n","protected":false},"author":1,"featured_media":721,"parent":0,"menu_order":0,"comment_status":"closed","ping_status":"closed","template":"","meta":{"_uag_custom_page_level_css":"","footnotes":""},"procedure":[],"class_list":["post-763","page","type-page","status-publish","has-post-thumbnail","hentry"],"featured_image_urls_v2":{"full":["https:\/\/www.rgzelt.com\/wp-content\/uploads\/2019\/08\/banner-about-dr-zelt.jpg",1980,1317,false],"thumbnail":["https:\/\/www.rgzelt.com\/wp-content\/uploads\/2019\/08\/banner-about-dr-zelt-300x300.jpg",300,300,true],"medium":["https:\/\/www.rgzelt.com\/wp-content\/uploads\/2019\/08\/banner-about-dr-zelt-300x200.jpg",300,200,true],"medium_large":["https:\/\/www.rgzelt.com\/wp-content\/uploads\/2019\/08\/banner-about-dr-zelt-768x511.jpg",768,511,true],"large":["https:\/\/www.rgzelt.com\/wp-content\/uploads\/2019\/08\/banner-about-dr-zelt-1024x681.jpg",1024,681,true],"1536x1536":["https:\/\/www.rgzelt.com\/wp-content\/uploads\/2019\/08\/banner-about-dr-zelt.jpg",1536,1022,false],"2048x2048":["https:\/\/www.rgzelt.com\/wp-content\/uploads\/2019\/08\/banner-about-dr-zelt.jpg",1980,1317,false]},"post_excerpt_stackable_v2":"<p>Nous ne serions rien sans notre \u00e9quipe compos\u00e9e d\u2019un personnel professionnel, amical et comp\u00e9tent. Notre niveau de soins au patient nous distingue des autres. Chaque membre de notre \u00e9quipe de soutien se d\u00e9voue \u00e0 rendre votre exp\u00e9rience formidable. \u00ab&nbsp;Le personnel est super accueillant et comp\u00e9tent. La disponibilit\u00e9 de chacun pour nous rencontrer ou r\u00e9pondre \u00e0 nos questions est sans faille. Le r\u00e9sultat de l\u2019op\u00e9ration est incroyable\u2009! \u00bb Natalie GordonGestionnaire de pratiqueNatalie travaille comme gestionnaire de pratique au bureau de Dr Zelt depuis plus de 17 ans. Elle g\u00e8re autant les activit\u00e9s quotidiennes de la pratique qu\u2019elle aide les patients tout&hellip;<\/p>\n","category_list_v2":"","author_info_v2":{"name":"sitentry","url":"https:\/\/www.rgzelt.com\/fr\/author\/sitentry\/"},"comments_num_v2":"0 comments","yoast_head":"<!-- This site is optimized with the Yoast SEO plugin v27.5 - https:\/\/yoast.com\/product\/yoast-seo-wordpress\/ -->\n<title>\u00c0 propos de notre \u00e9quipe<\/title>\n<meta name=\"description\" content=\"\u00c0 propos de notre \u00e9quipe.\" \/>\n<meta name=\"robots\" content=\"index, follow, max-snippet:-1, max-image-preview:large, max-video-preview:-1\" \/>\n<link rel=\"canonical\" href=\"https:\/\/www.rgzelt.com\/about-our-team\/\" \/>\n<meta property=\"og:locale\" content=\"fr_CA\" \/>\n<meta property=\"og:type\" content=\"article\" \/>\n<meta property=\"og:title\" content=\"\u00c0 propos de notre \u00e9quipe\" \/>\n<meta property=\"og:description\" content=\"\u00c0 propos de notre \u00e9quipe.\" \/>\n<meta property=\"og:url\" content=\"https:\/\/www.rgzelt.com\/about-our-team\/\" \/>\n<meta property=\"og:site_name\" content=\"Plastic Surgeon Montreal - Breast - Body - Face - Surgery | Dr. R.G Zelt\" \/>\n<meta property=\"article:modified_time\" content=\"2023-09-06T19:04:59+00:00\" \/>\n<meta property=\"og:image\" content=\"https:\/\/www.rgzelt.com\/wp-content\/uploads\/2019\/08\/banner-about-dr-zelt.jpg\" \/>\n\t<meta property=\"og:image:width\" content=\"1980\" \/>\n\t<meta property=\"og:image:height\" content=\"1317\" \/>\n\t<meta property=\"og:image:type\" content=\"image\/jpeg\" \/>\n<meta name=\"twitter:card\" content=\"summary_large_image\" \/>\n<meta name=\"twitter:label1\" content=\"Estimation du temps de lecture\" \/>\n\t<meta name=\"twitter:data1\" content=\"4 minutes\" \/>\n<script type=\"application\/ld+json\" class=\"yoast-schema-graph\">{\"@context\":\"https:\\\/\\\/schema.org\",\"@graph\":[{\"@type\":\"WebPage\",\"@id\":\"https:\\\/\\\/www.rgzelt.com\\\/about-our-team\\\/\",\"url\":\"https:\\\/\\\/www.rgzelt.com\\\/about-our-team\\\/\",\"name\":\"\u00c0 propos de notre \u00e9quipe\",\"isPartOf\":{\"@id\":\"https:\\\/\\\/www.rgzelt.com\\\/#website\"},\"primaryImageOfPage\":{\"@id\":\"https:\\\/\\\/www.rgzelt.com\\\/about-our-team\\\/#primaryimage\"},\"image\":{\"@id\":\"https:\\\/\\\/www.rgzelt.com\\\/about-our-team\\\/#primaryimage\"},\"thumbnailUrl\":\"https:\\\/\\\/www.rgzelt.com\\\/wp-content\\\/uploads\\\/2019\\\/08\\\/banner-about-dr-zelt.jpg\",\"datePublished\":\"2019-08-05T18:32:44+00:00\",\"dateModified\":\"2023-09-06T19:04:59+00:00\",\"description\":\"\u00c0 propos de notre \u00e9quipe.\",\"breadcrumb\":{\"@id\":\"https:\\\/\\\/www.rgzelt.com\\\/about-our-team\\\/#breadcrumb\"},\"inLanguage\":\"fr-CA\",\"potentialAction\":[{\"@type\":\"ReadAction\",\"target\":[\"https:\\\/\\\/www.rgzelt.com\\\/about-our-team\\\/\"]}]},{\"@type\":\"ImageObject\",\"inLanguage\":\"fr-CA\",\"@id\":\"https:\\\/\\\/www.rgzelt.com\\\/about-our-team\\\/#primaryimage\",\"url\":\"https:\\\/\\\/www.rgzelt.com\\\/wp-content\\\/uploads\\\/2019\\\/08\\\/banner-about-dr-zelt.jpg\",\"contentUrl\":\"https:\\\/\\\/www.rgzelt.com\\\/wp-content\\\/uploads\\\/2019\\\/08\\\/banner-about-dr-zelt.jpg\",\"width\":1980,\"height\":1317},{\"@type\":\"BreadcrumbList\",\"@id\":\"https:\\\/\\\/www.rgzelt.com\\\/about-our-team\\\/#breadcrumb\",\"itemListElement\":[{\"@type\":\"ListItem\",\"position\":1,\"name\":\"Home\",\"item\":\"https:\\\/\\\/www.rgzelt.com\\\/fr\\\/\"},{\"@type\":\"ListItem\",\"position\":2,\"name\":\"\u00c0 propos de notre \u00e9quipe\"}]},{\"@type\":\"WebSite\",\"@id\":\"https:\\\/\\\/www.rgzelt.com\\\/#website\",\"url\":\"https:\\\/\\\/www.rgzelt.com\\\/\",\"name\":\"Plastic Surgeon Montreal - Breast - Body - Face - Surgery | Dr. R.G Zelt\",\"description\":\"\",\"potentialAction\":[{\"@type\":\"SearchAction\",\"target\":{\"@type\":\"EntryPoint\",\"urlTemplate\":\"https:\\\/\\\/www.rgzelt.com\\\/?s={search_term_string}\"},\"query-input\":{\"@type\":\"PropertyValueSpecification\",\"valueRequired\":true,\"valueName\":\"search_term_string\"}}],\"inLanguage\":\"fr-CA\"}]}<\/script>\n<!-- \/ Yoast SEO plugin. -->","yoast_head_json":{"title":"\u00c0 propos de notre \u00e9quipe","description":"\u00c0 propos de notre \u00e9quipe.","robots":{"index":"index","follow":"follow","max-snippet":"max-snippet:-1","max-image-preview":"max-image-preview:large","max-video-preview":"max-video-preview:-1"},"canonical":"https:\/\/www.rgzelt.com\/about-our-team\/","og_locale":"fr_CA","og_type":"article","og_title":"\u00c0 propos de notre \u00e9quipe","og_description":"\u00c0 propos de notre \u00e9quipe.","og_url":"https:\/\/www.rgzelt.com\/about-our-team\/","og_site_name":"Plastic Surgeon Montreal - Breast - Body - Face - Surgery | Dr. R.G Zelt","article_modified_time":"2023-09-06T19:04:59+00:00","og_image":[{"width":1980,"height":1317,"url":"https:\/\/www.rgzelt.com\/wp-content\/uploads\/2019\/08\/banner-about-dr-zelt.jpg","type":"image\/jpeg"}],"twitter_card":"summary_large_image","twitter_misc":{"Estimation du temps de lecture":"4 minutes"},"schema":{"@context":"https:\/\/schema.org","@graph":[{"@type":"WebPage","@id":"https:\/\/www.rgzelt.com\/about-our-team\/","url":"https:\/\/www.rgzelt.com\/about-our-team\/","name":"\u00c0 propos de notre \u00e9quipe","isPartOf":{"@id":"https:\/\/www.rgzelt.com\/#website"},"primaryImageOfPage":{"@id":"https:\/\/www.rgzelt.com\/about-our-team\/#primaryimage"},"image":{"@id":"https:\/\/www.rgzelt.com\/about-our-team\/#primaryimage"},"thumbnailUrl":"https:\/\/www.rgzelt.com\/wp-content\/uploads\/2019\/08\/banner-about-dr-zelt.jpg","datePublished":"2019-08-05T18:32:44+00:00","dateModified":"2023-09-06T19:04:59+00:00","description":"\u00c0 propos de notre \u00e9quipe.","breadcrumb":{"@id":"https:\/\/www.rgzelt.com\/about-our-team\/#breadcrumb"},"inLanguage":"fr-CA","potentialAction":[{"@type":"ReadAction","target":["https:\/\/www.rgzelt.com\/about-our-team\/"]}]},{"@type":"ImageObject","inLanguage":"fr-CA","@id":"https:\/\/www.rgzelt.com\/about-our-team\/#primaryimage","url":"https:\/\/www.rgzelt.com\/wp-content\/uploads\/2019\/08\/banner-about-dr-zelt.jpg","contentUrl":"https:\/\/www.rgzelt.com\/wp-content\/uploads\/2019\/08\/banner-about-dr-zelt.jpg","width":1980,"height":1317},{"@type":"BreadcrumbList","@id":"https:\/\/www.rgzelt.com\/about-our-team\/#breadcrumb","itemListElement":[{"@type":"ListItem","position":1,"name":"Home","item":"https:\/\/www.rgzelt.com\/fr\/"},{"@type":"ListItem","position":2,"name":"\u00c0 propos de notre \u00e9quipe"}]},{"@type":"WebSite","@id":"https:\/\/www.rgzelt.com\/#website","url":"https:\/\/www.rgzelt.com\/","name":"Plastic Surgeon Montreal - Breast - Body - Face - Surgery | Dr. R.G Zelt","description":"","potentialAction":[{"@type":"SearchAction","target":{"@type":"EntryPoint","urlTemplate":"https:\/\/www.rgzelt.com\/?s={search_term_string}"},"query-input":{"@type":"PropertyValueSpecification","valueRequired":true,"valueName":"search_term_string"}}],"inLanguage":"fr-CA"}]}},"uagb_featured_image_src":{"full":["https:\/\/www.rgzelt.com\/wp-content\/uploads\/2019\/08\/banner-about-dr-zelt.jpg",1980,1317,false],"thumbnail":["https:\/\/www.rgzelt.com\/wp-content\/uploads\/2019\/08\/banner-about-dr-zelt-300x300.jpg",300,300,true],"medium":["https:\/\/www.rgzelt.com\/wp-content\/uploads\/2019\/08\/banner-about-dr-zelt-300x200.jpg",300,200,true],"medium_large":["https:\/\/www.rgzelt.com\/wp-content\/uploads\/2019\/08\/banner-about-dr-zelt-768x511.jpg",768,511,true],"large":["https:\/\/www.rgzelt.com\/wp-content\/uploads\/2019\/08\/banner-about-dr-zelt-1024x681.jpg",1024,681,true],"1536x1536":["https:\/\/www.rgzelt.com\/wp-content\/uploads\/2019\/08\/banner-about-dr-zelt.jpg",1536,1022,false],"2048x2048":["https:\/\/www.rgzelt.com\/wp-content\/uploads\/2019\/08\/banner-about-dr-zelt.jpg",1980,1317,false]},"uagb_author_info":{"display_name":"sitentry","author_link":"https:\/\/www.rgzelt.com\/fr\/author\/sitentry\/"},"uagb_comment_info":0,"uagb_excerpt":"Nous ne serions rien sans notre \u00e9quipe compos\u00e9e d\u2019un personnel professionnel, amical et comp\u00e9tent. Notre niveau de soins au patient nous distingue des autres. Chaque membre de notre \u00e9quipe de soutien se d\u00e9voue \u00e0 rendre votre exp\u00e9rience formidable. \u00ab&nbsp;Le personnel est super accueillant et comp\u00e9tent. La disponibilit\u00e9 de chacun pour nous rencontrer ou r\u00e9pondre \u00e0&hellip;","_links":{"self":[{"href":"https:\/\/www.rgzelt.com\/fr\/wp-json\/wp\/v2\/pages\/763","targetHints":{"allow":["GET"]}}],"collection":[{"href":"https:\/\/www.rgzelt.com\/fr\/wp-json\/wp\/v2\/pages"}],"about":[{"href":"https:\/\/www.rgzelt.com\/fr\/wp-json\/wp\/v2\/types\/page"}],"author":[{"embeddable":true,"href":"https:\/\/www.rgzelt.com\/fr\/wp-json\/wp\/v2\/users\/1"}],"replies":[{"embeddable":true,"href":"https:\/\/www.rgzelt.com\/fr\/wp-json\/wp\/v2\/comments?post=763"}],"version-history":[{"count":2,"href":"https:\/\/www.rgzelt.com\/fr\/wp-json\/wp\/v2\/pages\/763\/revisions"}],"predecessor-version":[{"id":3250,"href":"https:\/\/www.rgzelt.com\/fr\/wp-json\/wp\/v2\/pages\/763\/revisions\/3250"}],"wp:featuredmedia":[{"embeddable":true,"href":"https:\/\/www.rgzelt.com\/fr\/wp-json\/wp\/v2\/media\/721"}],"wp:attachment":[{"href":"https:\/\/www.rgzelt.com\/fr\/wp-json\/wp\/v2\/media?parent=763"}],"wp:term":[{"taxonomy":"procedure","embeddable":true,"href":"https:\/\/www.rgzelt.com\/fr\/wp-json\/wp\/v2\/procedure?post=763"}],"curies":[{"name":"wp","href":"https:\/\/api.w.org\/{rel}","templated":true}]}}